{"id":55199,"date":"2026-03-19T02:44:40","date_gmt":"2026-03-19T02:44:40","guid":{"rendered":"https:\/\/soydeaqui.ddns.net\/pachuca\/index.php\/producto\/modulo-de-reemplazo-para-torreta-x75-color-azul\/"},"modified":"2026-03-19T02:44:47","modified_gmt":"2026-03-19T02:44:47","slug":"modulo-de-reemplazo-para-torreta-x75-color-azul","status":"publish","type":"product","link":"https:\/\/soydeaqui.ddns.net\/pachuca\/index.php\/producto\/modulo-de-reemplazo-para-torreta-x75-color-azul\/","title":{"rendered":"M\u00f3dulo de reemplazo para torreta X75, Color Azul"},"content":{"rendered":"<div style='width: 100%; max-width: 1200px; margin: 0 auto; font-family: sans-serif; line-height: 1.6; color: inherit; background-color: transparent;'> <!-- Secci\u00f3n de caracter\u00edsticas principales --> <\/p>\n<div style='display: flex; flex-wrap: wrap; gap: 30px; margin-bottom: 30px;'>\n<div style='flex: 1 1 300px; min-width: 280px;'>\n<h3 style='font-size: 22px; border-bottom: 2px solid currentColor; padding-bottom: 5px; margin-top: 0; color: inherit; opacity: 0.8;'>Caracter\u00edsticas Principales<\/h3>\n<ul style='padding-left: 20px; font-size: 15px; color: inherit;'>\n<li style='margin-bottom: 5px;'>M\u00f3dulo de reemplazo para barras X75<\/li>\n<li style='margin-bottom: 5px;'>Incluye 6 LEDs para mayor brillo<\/li>\n<li style='margin-bottom: 5px;'>Color azul para efectos visuales atractivos<\/li>\n<li style='margin-bottom: 5px;'>Alta compatibilidad con modelos X75<\/li>\n<li style='margin-bottom: 5px;'>F\u00e1cil instalaci\u00f3n sin herramientas adicionales<\/li>\n<\/ul><\/div>\n<\/p><\/div>\n<p> <!-- Secci\u00f3n de especificaciones t\u00e9cnicas --> <\/p>\n<div style='display: flex; flex-wrap: wrap; gap: 20px; margin-bottom: 30px;'>\n<div style='flex: 1 1 250px; border: 1px solid rgba(150&comma; 150&comma; 150&comma; 0.4); border-radius: 8px; overflow: hidden; display: flex; flex-direction: column;'>\n<div style='padding: 15px; border-bottom: 1px solid rgba(150&comma; 150&comma; 150&comma; 0.2); font-weight: bold; font-size: 18px; color: inherit;'>Especificaciones T\u00e9cnicas<\/div>\n<div style='padding: 15px; color: inherit;'>\n<ul style='padding-left: 20px; margin: 0; font-size: 14px; list-style-type: disc;'>\n<li style='margin-bottom: 5px;'><strong>Voltaje de operaci\u00f3n:<\/strong> 10 &#8211; 16 Vcd<\/li>\n<li style='margin-bottom: 5px;'><strong>Dimensiones:<\/strong> 45.8\u201d L x 13.1\u201d W x 4.3\u201d H (1163mm L x 334mm W x 33mm H)<\/li>\n<li style='margin-bottom: 5px;'><strong>Peso:<\/strong> 11 kg (con soportes)<\/li>\n<li style='margin-bottom: 5px;'><strong>Patrones de destello:<\/strong> 45 patrones<\/li>\n<li style='margin-bottom: 5px;'><strong>Certificados:<\/strong> SAEJ845 &#038; J595&comma; ECE R65&comma; ISO 9001-2015<\/li>\n<\/ul><\/div>\n<\/p><\/div>\n<p> <!-- Secci\u00f3n de caracter\u00edsticas t\u00e9cnicas --> <\/p>\n<div style='flex: 1 1 250px; border: 1px solid rgba(150&comma; 150&comma; 150&comma; 0.4); border-radius: 8px; overflow: hidden; display: flex; flex-direction: column;'>\n<div style='padding: 15px; border-bottom: 1px solid rgba(150&comma; 150&comma; 150&comma; 0.2); font-weight: bold; font-size: 18px; color: inherit;'>Caracter\u00edsticas T\u00e9cnicas<\/div>\n<div style='padding: 15px; color: inherit;'>\n<ul style='padding-left: 20px; margin: 0; font-size: 14px; list-style-type: disc;'>\n<li style='margin-bottom: 5px;'><strong>Configuraciones:<\/strong> Ambar&comma; Azul&comma; Verde&comma; Claro&comma; Ambar-Azul&comma; Ambar-Verde&comma; Ambar-Rojo&comma; Ambar-Claro&comma; Azul-Claro&comma; Roja-Azul&comma; Roja Claro<\/li>\n<li style='margin-bottom: 5px;'><strong>Dise\u00f1o:<\/strong> Grosor reducido al m\u00e1ximo con 33 mm<\/li>\n<li style='margin-bottom: 5px;'><strong>Impermeabilidad:<\/strong> IP67<\/li>\n<li style='margin-bottom: 5px;'><strong>Combinaci\u00f3n:<\/strong> Seguro y bien combinado con otros veh\u00edculos<\/li>\n<li style='margin-bottom: 5px;'><strong>Material:<\/strong> Aleaci\u00f3n de aluminio<\/li>\n<\/ul><\/div>\n<\/p><\/div>\n<\/p><\/div>\n<p> <!-- Secci\u00f3n de configuraciones --> <\/p>\n<div style='display: flex; flex-wrap: wrap; gap: 20px; margin-bottom: 30px;'>\n<div style='flex: 1 1 250px; border: 1px solid rgba(150&comma; 150&comma; 150&comma; 0.4); border-radius: 8px; overflow: hidden; display: flex; flex-direction: column;'>\n<div style='padding: 15px; border-bottom: 1px solid rgba(150&comma; 150&comma; 150&comma; 0.2); font-weight: bold; font-size: 18px; color: inherit;'>Configuraciones Disponibles<\/div>\n<div style='padding: 15px; color: inherit;'>\n<ul style='padding-left: 20px; margin: 0; font-size: 14px; list-style-type: disc;'>\n<li style='margin-bottom: 5px;'>Ambar<\/li>\n<li style='margin-bottom: 5px;'>Azul<\/li>\n<li style='margin-bottom: 5px;'>Verde<\/li>\n<li style='margin-bottom: 5px;'>Claro<\/li>\n<li style='margin-bottom: 5px;'>Ambar-Azul<\/li>\n<li style='margin-bottom: 5px;'>Ambar-Verde<\/li>\n<li style='margin-bottom: 5px;'>Ambar-Rojo<\/li>\n<li style='margin-bottom: 5px;'>Ambar-Claro<\/li>\n<li style='margin-bottom: 5px;'>Azul-Claro<\/li>\n<li style='margin-bottom: 5px;'>Roja-Azul<\/li>\n<li style='margin-bottom: 5px;'>Roja Claro<\/li>\n<\/ul><\/div>\n<\/p><\/div>\n<p> <!-- Secci\u00f3n de opciones disponibles --> <\/p>\n<div style='flex: 1 1 250px; border: 1px solid rgba(150&comma; 150&comma; 150&comma; 0.4); border-radius: 8px; overflow: hidden; display: flex; flex-direction: column;'>\n<div style='padding: 15px; border-bottom: 1px solid rgba(150&comma; 150&comma; 150&comma; 0.2); font-weight: bold; font-size: 18px; color: inherit;'>Opciones Disponibles<\/div>\n<div style='padding: 15px; color: inherit;'>\n<ul style='padding-left: 20px; margin: 0; font-size: 14px; list-style-type: disc;'>\n<li style='margin-bottom: 5px;'><strong>Longitudes:<\/strong> 18&#8217;&comma; 36.3&#8217;&comma; 45.8&#8217;&comma; 55.2&#8217;&comma; 64.7&#8242;<\/li>\n<li style='margin-bottom: 5px;'><strong>Cantidad de LEDs:<\/strong> 60&comma; 108\/216\/324\/432&comma; 132\/264\/396\/528&comma; 156\/312\/468\/624&comma; 180\/360\/540\/720 piezas<\/li>\n<\/ul><\/div>\n<\/p><\/div>\n<\/p><\/div>\n<p> <!-- Secci\u00f3n de detalles --> <\/p>\n<div style='display: flex; flex-wrap: wrap; gap: 30px; margin-bottom: 30px;'>\n<div style='flex: 1 1 300px; min-width: 280px;'>\n<h3 style='font-size: 22px; border-bottom: 2px solid currentColor; padding-bottom: 5px; margin-top: 0; color: inherit; opacity: 0.8;'>Detalles<\/h3>\n<ul style='padding-left: 20px; font-size: 15px; color: inherit;'>\n<li style='margin-bottom: 5px;'>Lente roja&comma; azul&comma; \u00e1mbar y clara para opci\u00f3n (opcional)<\/li>\n<li style='margin-bottom: 5px;'>Altavoces de sirena y soporte incorporados de 100 W (opcional)<\/li>\n<li style='margin-bottom: 5px;'>Controlador integrado para luz y sirena<\/li>\n<li style='margin-bottom: 5px;'>Dise\u00f1o impermeable \u00fanico&comma; l\u00e1mpara a prueba de agua a IP67<\/li>\n<li style='margin-bottom: 5px;'>33mm de espesor&comma; la barra de luz m\u00e1s delgada del mercado<\/li>\n<\/ul><\/div>\n<\/p><\/div>\n<p> <!-- Secci\u00f3n de especificaciones de sonido --> <\/p>\n<div style='display: flex; flex-wrap: wrap; gap: 20px; margin-bottom: 30px;'>\n<div style='flex: 1 1 250px; border: 1px solid rgba(150&comma; 150&comma; 150&comma; 0.4); border-radius: 8px; overflow: hidden; display: flex; flex-direction: column;'>\n<div style='padding: 15px; border-bottom: 1px solid rgba(150&comma; 150&comma; 150&comma; 0.2); font-weight: bold; font-size: 18px; color: inherit;'>Especificaciones de Sonido<\/div>\n<div style='padding: 15px; color: inherit;'>\n<ul style='padding-left: 20px; margin: 0; font-size: 14px; list-style-type: disc;'>\n<li style='margin-bottom: 5px;'><strong>Potencia nominal:<\/strong> Sirena 100W. Altavoz de 50W cada uno<\/li>\n<li style='margin-bottom: 5px;'><strong>Impedancia nominal:<\/strong> Sirena 8 ohms&comma; altavoz 16 ohms cada uno<\/li>\n<li style='margin-bottom: 5px;'><strong>Frecuencia de sonido:<\/strong> 200-5000Hz<\/li>\n<li style='margin-bottom: 5px;'><strong>Direccionalidad:<\/strong> 5dB<\/li>\n<li style='margin-bottom: 5px;'><strong>Distorsi\u00f3n:<\/strong> 5%<\/li>\n<li style='margin-bottom: 5px;'><strong>Compresi\u00f3n de sonido:<\/strong> \u2265 118dB<\/li>\n<\/ul><\/div>\n<\/p><\/div>\n<p> <!-- Secci\u00f3n de controladores --> <\/p>\n<div style='flex: 1 1 250px; border: 1px solid rgba(150&comma; 150&comma; 150&comma; 0.4); border-radius: 8px; overflow: hidden; display: flex; flex-direction: column;'>\n<div style='padding: 15px; border-bottom: 1px solid rgba(150&comma; 150&comma; 150&comma; 0.2); font-weight: bold; font-size: 18px; color: inherit;'>Controladores<\/div>\n<div style='padding: 15px; color: inherit;'>\n<ul style='padding-left: 20px; margin: 0; font-size: 14px; list-style-type: disc;'>\n<li style='margin-bottom: 5px;'><strong>XDKQ11:<\/strong> 4.9&#215;2.5&#8217;&comma; 9 botones para luces y director de tr\u00e1fico&comma; 3 botones para tonos de sirena<\/li>\n<li style='margin-bottom: 5px;'><strong>XDKQ70:<\/strong> 2.6&#215;5.00&#8217;&comma; 9 botones para luces&comma; 7 botones para tonos de sirena<\/li>\n<li style='margin-bottom: 5px;'><strong>XDKQ59:<\/strong> 6.00&#215;3.20&#8217;&comma; 10 botones para luces&comma; 7 botones para tonos de sirena<\/li>\n<\/ul><\/div>\n<\/p><\/div>\n<\/p><\/div>\n<p> <!-- Separador --> <\/p>\n<hr style='border: 0; border-top: 1px solid rgba(150&comma; 150&comma; 150&comma; 0.3); margin: 30px 0;'> <\/div>\n","protected":false},"excerpt":{"rendered":"<p>M\u00f3dulo de reemplazo para torreta X75, Color Azul<\/p>\n","protected":false},"featured_media":55198,"comment_status":"open","ping_status":"closed","template":"","meta":[],"product_brand":[],"product_cat":[1355],"product_tag":[1357,1356,1237],"class_list":{"0":"post-55199","1":"product","2":"type-product","3":"status-publish","4":"has-post-thumbnail","6":"product_cat-accesorios-refacciones","7":"product_tag-accesorios-refacciones","8":"product_tag-barras-de-luz-torretas-vehiculares","9":"product_tag-epcom-industrial-signaling","11":"first","12":"instock","13":"sale","14":"shipping-taxable","15":"purchasable","16":"product-type-simple"},"_links":{"self":[{"href":"https:\/\/soydeaqui.ddns.net\/pachuca\/index.php\/wp-json\/wp\/v2\/product\/55199","targetHints":{"allow":["GET"]}}],"collection":[{"href":"https:\/\/soydeaqui.ddns.net\/pachuca\/index.php\/wp-json\/wp\/v2\/product"}],"about":[{"href":"https:\/\/soydeaqui.ddns.net\/pachuca\/index.php\/wp-json\/wp\/v2\/types\/product"}],"replies":[{"embeddable":true,"href":"https:\/\/soydeaqui.ddns.net\/pachuca\/index.php\/wp-json\/wp\/v2\/comments?post=55199"}],"wp:featuredmedia":[{"embeddable":true,"href":"https:\/\/soydeaqui.ddns.net\/pachuca\/index.php\/wp-json\/wp\/v2\/media\/55198"}],"wp:attachment":[{"href":"https:\/\/soydeaqui.ddns.net\/pachuca\/index.php\/wp-json\/wp\/v2\/media?parent=55199"}],"wp:term":[{"taxonomy":"product_brand","embeddable":true,"href":"https:\/\/soydeaqui.ddns.net\/pachuca\/index.php\/wp-json\/wp\/v2\/product_brand?post=55199"},{"taxonomy":"product_cat","embeddable":true,"href":"https:\/\/soydeaqui.ddns.net\/pachuca\/index.php\/wp-json\/wp\/v2\/product_cat?post=55199"},{"taxonomy":"product_tag","embeddable":true,"href":"https:\/\/soydeaqui.ddns.net\/pachuca\/index.php\/wp-json\/wp\/v2\/product_tag?post=55199"}],"curies":[{"name":"wp","href":"https:\/\/api.w.org\/{rel}","templated":true}]}}