{"id":55194,"date":"2026-03-19T02:44:29","date_gmt":"2026-03-19T02:44:29","guid":{"rendered":"https:\/\/soydeaqui.ddns.net\/pachuca\/index.php\/producto\/modulo-de-reemplazo-para-torreta-x75-color-rojo\/"},"modified":"2026-03-19T02:44:36","modified_gmt":"2026-03-19T02:44:36","slug":"modulo-de-reemplazo-para-torreta-x75-color-rojo","status":"publish","type":"product","link":"https:\/\/soydeaqui.ddns.net\/pachuca\/index.php\/producto\/modulo-de-reemplazo-para-torreta-x75-color-rojo\/","title":{"rendered":"M\u00f3dulo de reemplazo para torreta X75, Color Rojo"},"content":{"rendered":"<div style='width: 100%; max-width: 1200px; margin: 0 auto; font-family: sans-serif; line-height: 1.6; color: inherit; background-color: transparent;'>\n<div style='display: flex; flex-wrap: wrap; gap: 30px; margin-bottom: 30px;'>\n<div style='flex: 1 1 300px; min-width: 280px;'>\n<h3 style='font-size: 22px; border-bottom: 2px solid currentColor; padding-bottom: 5px; margin-top: 0; color: inherit; opacity: 0.8;'>Caracter\u00edsticas Principales<\/h3>\n<ul style='padding-left: 20px; font-size: 15px; color: inherit;'>\n<li style='margin-bottom: 5px;'>6 LEDs de alta eficiencia color rojo<\/li>\n<li style='margin-bottom: 5px;'>Compatibilidad perfecta con m\u00f3dulos X75<\/li>\n<li style='margin-bottom: 5px;'>F\u00e1cil instalaci\u00f3n plug-and-play<\/li>\n<li style='margin-bottom: 5px;'>Bajo consumo energ\u00e9tico para mayor ahorro<\/li>\n<li style='margin-bottom: 5px;'>Luz intensa&comma; ideal para se\u00f1alizaci\u00f3n<\/li>\n<\/ul><\/div>\n<div style='flex: 1 1 300px; min-width: 280px;'>\n<h3 style='font-size: 22px; border-bottom: 2px solid currentColor; padding-bottom: 5px; margin-top: 0; color: inherit; opacity: 0.8;'>Caracter\u00edsticas Generales<\/h3>\n<ul style='padding-left: 20px; font-size: 15px; color: inherit;'>\n<li style='margin-bottom: 5px;'>Dise\u00f1o especial para satisfacer requisitos de gama alta<\/li>\n<li style='margin-bottom: 5px;'>Dise\u00f1o de grosor reducido (33 mm)&comma; barra m\u00e1s delgada del mercado<\/li>\n<li style='margin-bottom: 5px;'>Cumple con est\u00e1ndares ECE R65&comma; SAE clase I&comma; ISO9001-2015&comma; IP67<\/li>\n<li style='margin-bottom: 5px;'>Construcci\u00f3n en aleaci\u00f3n de aluminio para durabilidad<\/li>\n<li style='margin-bottom: 5px;'>Dise\u00f1o impermeable \u00fanico con protecci\u00f3n IP67<\/li>\n<\/ul><\/div>\n<\/p><\/div>\n<div style='display: flex; flex-wrap: wrap; gap: 20px; margin-bottom: 30px;'>\n<div style='flex: 1 1 250px; border: 1px solid rgba(150&comma; 150&comma; 150&comma; 0.4); border-radius: 8px; overflow: hidden; display: flex; flex-direction: column;'>\n<div style='padding: 15px; border-bottom: 1px solid rgba(150&comma; 150&comma; 150&comma; 0.2); font-weight: bold; font-size: 18px; color: inherit;'>Especificaciones T\u00e9cnicas<\/div>\n<div style='padding: 15px; color: inherit;'>\n<ul style='padding-left: 20px; margin: 0; font-size: 14px; list-style-type: disc;'>\n<li style='margin-bottom: 5px;'><strong>Voltaje:<\/strong> 10 &#8211; 16 Vcd<\/li>\n<li style='margin-bottom: 5px;'><strong>Dimensiones:<\/strong> 45.8\u201d L x 13.1\u201d W x 4.3\u201d H (1163mm L x 334mm W x 33mm H)<\/li>\n<li style='margin-bottom: 5px;'><strong>Peso:<\/strong> 11 kg (con soportes)<\/li>\n<li style='margin-bottom: 5px;'><strong>Patrones de destello:<\/strong> 45 patrones<\/li>\n<li style='margin-bottom: 5px;'><strong>Configuraciones:<\/strong> Ambar&comma; Azul&comma; Verde&comma; Claro&comma; Ambar-Azul&comma; Ambar-Verde&comma; Ambar-Rojo&comma; Ambar-Claro&comma; Azul-Claro&comma; Roja-Azul&comma; Roja Claro<\/li>\n<li style='margin-bottom: 5px;'><strong>Certificados:<\/strong> SAEJ845 &#038; J595&comma; ECE R65&comma; ISO 9001-2015<\/li>\n<\/ul><\/div>\n<\/p><\/div>\n<div style='flex: 1 1 250px; border: 1px solid rgba(150&comma; 150&comma; 150&comma; 0.4); border-radius: 8px; overflow: hidden; display: flex; flex-direction: column;'>\n<div style='padding: 15px; border-bottom: 1px solid rgba(150&comma; 150&comma; 150&comma; 0.2); font-weight: bold; font-size: 18px; color: inherit;'>Opciones Disponibles<\/div>\n<div style='padding: 15px; color: inherit;'>\n<ul style='padding-left: 20px; margin: 0; font-size: 14px; list-style-type: disc;'>\n<li style='margin-bottom: 5px;'>Longitudes: 18\u201d (458 mm)&comma; 36.3\u201d (923 mm)&comma; 45.8\u201d (1163 mm)&comma; 55.2\u201d (1403 mm)&comma; 64.7\u201d (1643 mm)<\/li>\n<li style='margin-bottom: 5px;'>Configuraciones de LEDs: 60&comma; 108\/216\/324\/432&comma; 132\/264\/396\/528&comma; 156\/312\/468\/624&comma; 180\/360\/540\/720<\/li>\n<\/ul><\/div>\n<\/p><\/div>\n<div style='flex: 1 1 250px; border: 1px solid rgba(150&comma; 150&comma; 150&comma; 0.4); border-radius: 8px; overflow: hidden; display: flex; flex-direction: column;'>\n<div style='padding: 15px; border-bottom: 1px solid rgba(150&comma; 150&comma; 150&comma; 0.2); font-weight: bold; font-size: 18px; color: inherit;'>Sistema de Sonido<\/div>\n<div style='padding: 15px; color: inherit;'>\n<ul style='padding-left: 20px; margin: 0; font-size: 14px; list-style-type: disc;'>\n<li style='margin-bottom: 5px;'><strong>Potencia:<\/strong> Sirena 100W&comma; altavoces 50W cada uno<\/li>\n<li style='margin-bottom: 5px;'><strong>Impedancia:<\/strong> Sirena 8 ohms&comma; altavoces 16 ohms<\/li>\n<li style='margin-bottom: 5px;'><strong>Frecuencia:<\/strong> 200-5000Hz<\/li>\n<li style='margin-bottom: 5px;'><strong>Nivel sonoro:<\/strong> \u2265 118dB<\/li>\n<li style='margin-bottom: 5px;'><strong>Tonos:<\/strong> HORN&comma; HI-LO&comma; WAIL&comma; YELP&comma; PRIORITY&comma; MAN&comma; RAD<\/li>\n<\/ul><\/div>\n<\/p><\/div>\n<\/p><\/div>\n<div style='display: flex; flex-wrap: wrap; gap: 20px; margin-bottom: 30px;'>\n<div style='flex: 1 1 250px; border: 1px solid rgba(150&comma; 150&comma; 150&comma; 0.4); border-radius: 8px; overflow: hidden; display: flex; flex-direction: column;'>\n<div style='padding: 15px; border-bottom: 1px solid rgba(150&comma; 150&comma; 150&comma; 0.2); font-weight: bold; font-size: 18px; color: inherit;'>Controladores<\/div>\n<div style='padding: 15px; color: inherit;'>\n<ul style='padding-left: 20px; margin: 0; font-size: 14px; list-style-type: disc;'>\n<li style='margin-bottom: 5px;'>XDKQ11: 4.9&#215;2.5&#8217;&comma; 9 botones para luces y director de tr\u00e1fico&comma; 3 botones para tonos de sirena<\/li>\n<li style='margin-bottom: 5px;'>XDKQ70: 2.6&#215;5.00&#8217;&comma; 9 botones para luces&comma; 7 botones para tonos de sirena<\/li>\n<li style='margin-bottom: 5px;'>XDKQ59: 6.00&#215;3.20&#8217;&comma; 10 botones para luces&comma; 7 botones para tonos de sirena<\/li>\n<\/ul><\/div>\n<\/p><\/div>\n<div style='flex: 1 1 250px; border: 1px solid rgba(150&comma; 150&comma; 150&comma; 0.4); border-radius: 8px; overflow: hidden; display: flex; flex-direction: column;'>\n<div style='padding: 15px; border-bottom: 1px solid rgba(150&comma; 150&comma; 150&comma; 0.2); font-weight: bold; font-size: 18px; color: inherit;'>Compatibilidad<\/div>\n<div style='padding: 15px; color: inherit;'>\n<ul style='padding-left: 20px; margin: 0; font-size: 14px; list-style-type: disc;'>\n<li style='margin-bottom: 5px;'>Disponible para todos los modelos X75<\/li>\n<li style='margin-bottom: 5px;'>Director de tr\u00e1fico disponible<\/li>\n<li style='margin-bottom: 5px;'>Transmisiones PA disponibles<\/li>\n<\/ul><\/div>\n<\/p><\/div>\n<\/p><\/div>\n<hr style='border: 0; border-top: 1px solid rgba(150&comma; 150&comma; 150&comma; 0.3); margin: 30px 0;'> <\/div>\n","protected":false},"excerpt":{"rendered":"<p>M\u00f3dulo de reemplazo para torreta X75, Color Rojo<\/p>\n","protected":false},"featured_media":55193,"comment_status":"open","ping_status":"closed","template":"","meta":[],"product_brand":[],"product_cat":[1355],"product_tag":[1357,1356,1237],"class_list":{"0":"post-55194","1":"product","2":"type-product","3":"status-publish","4":"has-post-thumbnail","6":"product_cat-accesorios-refacciones","7":"product_tag-accesorios-refacciones","8":"product_tag-barras-de-luz-torretas-vehiculares","9":"product_tag-epcom-industrial-signaling","11":"first","12":"instock","13":"sale","14":"shipping-taxable","15":"purchasable","16":"product-type-simple"},"_links":{"self":[{"href":"https:\/\/soydeaqui.ddns.net\/pachuca\/index.php\/wp-json\/wp\/v2\/product\/55194","targetHints":{"allow":["GET"]}}],"collection":[{"href":"https:\/\/soydeaqui.ddns.net\/pachuca\/index.php\/wp-json\/wp\/v2\/product"}],"about":[{"href":"https:\/\/soydeaqui.ddns.net\/pachuca\/index.php\/wp-json\/wp\/v2\/types\/product"}],"replies":[{"embeddable":true,"href":"https:\/\/soydeaqui.ddns.net\/pachuca\/index.php\/wp-json\/wp\/v2\/comments?post=55194"}],"wp:featuredmedia":[{"embeddable":true,"href":"https:\/\/soydeaqui.ddns.net\/pachuca\/index.php\/wp-json\/wp\/v2\/media\/55193"}],"wp:attachment":[{"href":"https:\/\/soydeaqui.ddns.net\/pachuca\/index.php\/wp-json\/wp\/v2\/media?parent=55194"}],"wp:term":[{"taxonomy":"product_brand","embeddable":true,"href":"https:\/\/soydeaqui.ddns.net\/pachuca\/index.php\/wp-json\/wp\/v2\/product_brand?post=55194"},{"taxonomy":"product_cat","embeddable":true,"href":"https:\/\/soydeaqui.ddns.net\/pachuca\/index.php\/wp-json\/wp\/v2\/product_cat?post=55194"},{"taxonomy":"product_tag","embeddable":true,"href":"https:\/\/soydeaqui.ddns.net\/pachuca\/index.php\/wp-json\/wp\/v2\/product_tag?post=55194"}],"curies":[{"name":"wp","href":"https:\/\/api.w.org\/{rel}","templated":true}]}}