{"id":55169,"date":"2026-03-19T02:43:49","date_gmt":"2026-03-19T02:43:49","guid":{"rendered":"https:\/\/soydeaqui.ddns.net\/pachuca\/index.php\/producto\/luz-direccional-de-esquina-12-led12-24-vcc-lente-transparente-ambar-blanco\/"},"modified":"2026-03-19T02:43:50","modified_gmt":"2026-03-19T02:43:50","slug":"luz-direccional-de-esquina-12-led12-24-vcc-lente-transparente-ambar-blanco","status":"publish","type":"product","link":"https:\/\/soydeaqui.ddns.net\/pachuca\/index.php\/producto\/luz-direccional-de-esquina-12-led12-24-vcc-lente-transparente-ambar-blanco\/","title":{"rendered":"Luz direccional de esquina, 12 Led,12-24 Vcc, Lente transparente, \u00e1mbar\/blanco"},"content":{"rendered":"<div style='width: 100%; max-width: 1200px; margin: 0 auto; font-family: sans-serif; line-height: 1.6; color: inherit; background-color: transparent;'>\n<div style='display: flex; flex-wrap: wrap; gap: 30px; margin-bottom: 30px;'>\n<div style='flex: 1 1 300px; min-width: 280px;'>\n<h3 style='font-size: 22px; border-bottom: 2px solid currentColor; padding-bottom: 5px; margin-top: 0; color: inherit; opacity: 0.8;'>Descripci\u00f3n<\/h3>\n<p style='font-size: 15px; color: inherit; margin-top: 0; margin-bottom: 15px;'>El LED de esquina de la serie ED5101 de ECCO presenta un dise\u00f1o en \u00e1ngulo \u00fanico que brinda 270\u00b0 de advertencia \u00e1mbar desde una sola luz. El soporte de montaje en superficie universal permite una variedad de aplicaciones de montaje en la parte delantera&comma; lateral y trasera de cualquier cami\u00f3n de trabajo&comma; gr\u00faa&comma; veh\u00edculo utilitario&comma; cami\u00f3n de basura o veh\u00edculo comercial. Cuando se monta en la parte delantera y trasera&comma; la luz LED de esquina ofrece 360\u00b0 de advertencia. El ED5101 ofrece 69 patrones de destello para elegir&comma; opciones de dos colores como \u00e1mbar\/blanco&comma; carcasa de disipador t\u00e9rmico de aluminio y lentes de policarbonato de grado industrial para una m\u00e1xima durabilidad.<\/p>\n<\/p><\/div>\n<\/p><\/div>\n<div style='display: flex; flex-wrap: wrap; gap: 20px; margin-bottom: 30px;'>\n<div style='flex: 1 1 250px; border: 1px solid rgba(150&comma; 150&comma; 150&comma; 0.4); border-radius: 8px; overflow: hidden; display: flex; flex-direction: column;'>\n<div style='padding: 15px; border-bottom: 1px solid rgba(150&comma; 150&comma; 150&comma; 0.2); font-weight: bold; font-size: 18px; color: inherit;'>Especificaciones<\/div>\n<div style='padding: 15px; color: inherit;'>\n<ul style='padding-left: 20px; margin: 0; font-size: 14px; list-style-type: disc;'>\n<li style='margin-bottom: 5px;'><strong>AMPS:<\/strong> 0.98A<\/li>\n<li style='margin-bottom: 5px;'><strong>CERTIFICACIONES:<\/strong> SAE CLASS 1&comma; R10&comma; IP69K&comma; CA T13<\/li>\n<li style='margin-bottom: 5px;'><strong>COLOR:<\/strong> AMBER \/ WHITE<\/li>\n<li style='margin-bottom: 5px;'><strong>PROFUNDIDAD:<\/strong> 3&#8242;<\/li>\n<li style='margin-bottom: 5px;'><strong>ALTURA:<\/strong> 1.8&#8242;<\/li>\n<li style='margin-bottom: 5px;'><strong>VOLTAJE:<\/strong> 12-24 V<\/li>\n<li style='margin-bottom: 5px;'><strong>GARANTIA:<\/strong> 5 YEAR<\/li>\n<li style='margin-bottom: 5px;'><strong>ANCHO:<\/strong> 6.7&#8242;<\/li>\n<\/ul><\/div>\n<\/p><\/div>\n<\/p><\/div>\n<\/p><\/div>\n","protected":false},"excerpt":{"rendered":"<p>Luz direccional de esquina, 12 Led,12-24 Vcc, Lente transparente, \u00e1mbar\/blanco<\/p>\n","protected":false},"featured_media":55168,"comment_status":"open","ping_status":"closed","template":"","meta":[],"product_brand":[],"product_cat":[1378],"product_tag":[502,1371,1359],"class_list":{"0":"post-55169","1":"product","2":"type-product","3":"status-publish","4":"has-post-thumbnail","6":"product_cat-rojo-azul-luces-auxiliares-vehiculares","7":"product_tag-ecco","8":"product_tag-luces-auxiliares-vehiculares","9":"product_tag-rojo-azul","11":"first","12":"instock","13":"sale","14":"shipping-taxable","15":"purchasable","16":"product-type-simple"},"_links":{"self":[{"href":"https:\/\/soydeaqui.ddns.net\/pachuca\/index.php\/wp-json\/wp\/v2\/product\/55169","targetHints":{"allow":["GET"]}}],"collection":[{"href":"https:\/\/soydeaqui.ddns.net\/pachuca\/index.php\/wp-json\/wp\/v2\/product"}],"about":[{"href":"https:\/\/soydeaqui.ddns.net\/pachuca\/index.php\/wp-json\/wp\/v2\/types\/product"}],"replies":[{"embeddable":true,"href":"https:\/\/soydeaqui.ddns.net\/pachuca\/index.php\/wp-json\/wp\/v2\/comments?post=55169"}],"wp:featuredmedia":[{"embeddable":true,"href":"https:\/\/soydeaqui.ddns.net\/pachuca\/index.php\/wp-json\/wp\/v2\/media\/55168"}],"wp:attachment":[{"href":"https:\/\/soydeaqui.ddns.net\/pachuca\/index.php\/wp-json\/wp\/v2\/media?parent=55169"}],"wp:term":[{"taxonomy":"product_brand","embeddable":true,"href":"https:\/\/soydeaqui.ddns.net\/pachuca\/index.php\/wp-json\/wp\/v2\/product_brand?post=55169"},{"taxonomy":"product_cat","embeddable":true,"href":"https:\/\/soydeaqui.ddns.net\/pachuca\/index.php\/wp-json\/wp\/v2\/product_cat?post=55169"},{"taxonomy":"product_tag","embeddable":true,"href":"https:\/\/soydeaqui.ddns.net\/pachuca\/index.php\/wp-json\/wp\/v2\/product_tag?post=55169"}],"curies":[{"name":"wp","href":"https:\/\/api.w.org\/{rel}","templated":true}]}}