{"id":55162,"date":"2026-03-19T02:43:37","date_gmt":"2026-03-19T02:43:37","guid":{"rendered":"https:\/\/soydeaqui.ddns.net\/pachuca\/index.php\/producto\/luz-perimetral-12-led-ultra-brillantes-dual-color-ambar-claro\/"},"modified":"2026-03-19T02:43:44","modified_gmt":"2026-03-19T02:43:44","slug":"luz-perimetral-12-led-ultra-brillantes-dual-color-ambar-claro","status":"publish","type":"product","link":"https:\/\/soydeaqui.ddns.net\/pachuca\/index.php\/producto\/luz-perimetral-12-led-ultra-brillantes-dual-color-ambar-claro\/","title":{"rendered":"Luz perimetral , 12 LED Ultra Brillantes, Dual Color Ambar \/ Claro"},"content":{"rendered":"<div style='width: 100%; max-width: 1200px; margin: 0 auto; font-family: sans-serif; line-height: 1.6; color: inherit; background-color: transparent;'> <!-- Secci\u00f3n de descripci\u00f3n principal --> <\/p>\n<div style='margin-bottom: 30px;'>\n<h2 style='font-size: 22px; margin-top: 0; margin-bottom: 15px; color: inherit; opacity: 0.8; border-bottom: 2px solid currentColor; padding-bottom: 5px;'>Luz LED flexible de dos colores<\/h2>\n<p style='font-size: 15px; margin-bottom: 20px; color: inherit;'> UltraFlex\u2122 de ECCO es una luz de advertencia direccional vers\u00e1til que se puede montar en superficies planas o curvas de hasta 120\u00b0 (el producto no se puede doblar en posici\u00f3n hacia adelante) con cinta autoadhesiva de muy alta adherencia. Sus 12 LED de dos colores brindan una salida excepcional con combinaciones de colores \u00e1mbar&comma; blanco&comma; azul y rojo disponibles. Los cabezales de luz est\u00e1n protegidos en una carcasa de silicona transparente que puede flexionarse mientras resiste el amarillamiento y la deformaci\u00f3n. Tambi\u00e9n se incluye un bisel de dos pernos para una f\u00e1cil instalaci\u00f3n en superficies planas. Patente pendiente <\/p>\n<\/p><\/div>\n<p> <!-- Secci\u00f3n de especificaciones --> <\/p>\n<div style='display: flex; flex-wrap: wrap; gap: 20px; margin-bottom: 30px;'>\n<div style='flex: 1 1 250px; border: 1px solid rgba(150&comma; 150&comma; 150&comma; 0.4); border-radius: 8px; overflow: hidden; display: flex; flex-direction: column;'>\n<div style='padding: 15px; border-bottom: 1px solid rgba(150&comma; 150&comma; 150&comma; 0.2); font-weight: bold; font-size: 18px; color: inherit;'>Especificaciones<\/div>\n<div style='padding: 15px; color: inherit;'>\n<ul style='padding-left: 20px; margin: 0; font-size: 14px; list-style-type: disc;'>\n<li style='margin-bottom: 8px;'><strong style='color: inherit;'>AMPS:<\/strong> 0.8A<\/li>\n<li style='margin-bottom: 8px;'><strong style='color: inherit;'>CERTIFICACIONES:<\/strong> SAE CLASS I (J595)&comma; SAE CLASS II (J845)&comma; CA T13&comma; R10&comma; R65&comma; IP69K&comma; IP67<\/li>\n<li style='margin-bottom: 8px;'><strong style='color: inherit;'>PROFUNDIDAD:<\/strong> 0.6&#8242;<\/li>\n<li style='margin-bottom: 8px;'><strong style='color: inherit;'>PATRONES DE DESTELLO:<\/strong> 69<\/li>\n<li style='margin-bottom: 8px;'><strong style='color: inherit;'>ALTURA:<\/strong> 1.1&#8242;<\/li>\n<li style='margin-bottom: 8px;'><strong style='color: inherit;'>VOLTAJE:<\/strong> 12-24 V<\/li>\n<li style='margin-bottom: 8px;'><strong style='color: inherit;'>GARANTIA:<\/strong> 5 YEAR<\/li>\n<li style='margin-bottom: 8px;'><strong style='color: inherit;'>ANCHO:<\/strong> 4.4&#8242;<\/li>\n<\/ul><\/div>\n<\/p><\/div>\n<\/p><\/div>\n<p> <!-- Separador --> <\/p>\n<hr style='border: 0; border-top: 1px solid rgba(150&comma; 150&comma; 150&comma; 0.3); margin: 30px 0;'> <\/div>\n","protected":false},"excerpt":{"rendered":"<p>Luz perimetral , 12 LED Ultra Brillantes, Dual Color Ambar \/ Claro<\/p>\n","protected":false},"featured_media":55161,"comment_status":"open","ping_status":"closed","template":"","meta":[],"product_brand":[],"product_cat":[1378],"product_tag":[502,1371,1359],"class_list":{"0":"post-55162","1":"product","2":"type-product","3":"status-publish","4":"has-post-thumbnail","6":"product_cat-rojo-azul-luces-auxiliares-vehiculares","7":"product_tag-ecco","8":"product_tag-luces-auxiliares-vehiculares","9":"product_tag-rojo-azul","11":"first","12":"instock","13":"sale","14":"shipping-taxable","15":"purchasable","16":"product-type-simple"},"_links":{"self":[{"href":"https:\/\/soydeaqui.ddns.net\/pachuca\/index.php\/wp-json\/wp\/v2\/product\/55162","targetHints":{"allow":["GET"]}}],"collection":[{"href":"https:\/\/soydeaqui.ddns.net\/pachuca\/index.php\/wp-json\/wp\/v2\/product"}],"about":[{"href":"https:\/\/soydeaqui.ddns.net\/pachuca\/index.php\/wp-json\/wp\/v2\/types\/product"}],"replies":[{"embeddable":true,"href":"https:\/\/soydeaqui.ddns.net\/pachuca\/index.php\/wp-json\/wp\/v2\/comments?post=55162"}],"wp:featuredmedia":[{"embeddable":true,"href":"https:\/\/soydeaqui.ddns.net\/pachuca\/index.php\/wp-json\/wp\/v2\/media\/55161"}],"wp:attachment":[{"href":"https:\/\/soydeaqui.ddns.net\/pachuca\/index.php\/wp-json\/wp\/v2\/media?parent=55162"}],"wp:term":[{"taxonomy":"product_brand","embeddable":true,"href":"https:\/\/soydeaqui.ddns.net\/pachuca\/index.php\/wp-json\/wp\/v2\/product_brand?post=55162"},{"taxonomy":"product_cat","embeddable":true,"href":"https:\/\/soydeaqui.ddns.net\/pachuca\/index.php\/wp-json\/wp\/v2\/product_cat?post=55162"},{"taxonomy":"product_tag","embeddable":true,"href":"https:\/\/soydeaqui.ddns.net\/pachuca\/index.php\/wp-json\/wp\/v2\/product_tag?post=55162"}],"curies":[{"name":"wp","href":"https:\/\/api.w.org\/{rel}","templated":true}]}}