{"id":55150,"date":"2026-03-19T02:43:11","date_gmt":"2026-03-19T02:43:11","guid":{"rendered":"https:\/\/soydeaqui.ddns.net\/pachuca\/index.php\/producto\/lampara-de-trabajo-de-9-led-montaje-giratorio-magnetico-12-24-vcc-1300-lumenes\/"},"modified":"2026-03-19T02:43:21","modified_gmt":"2026-03-19T02:43:21","slug":"lampara-de-trabajo-de-9-led-montaje-giratorio-magnetico-12-24-vcc-1300-lumenes","status":"publish","type":"product","link":"https:\/\/soydeaqui.ddns.net\/pachuca\/index.php\/producto\/lampara-de-trabajo-de-9-led-montaje-giratorio-magnetico-12-24-vcc-1300-lumenes\/","title":{"rendered":"L\u00e1mpara de trabajo de 9 led, montaje giratorio magn\u00e9tico, 12-24 Vcc, 1300 Lumenes"},"content":{"rendered":"<div style='width: 100%; max-width: 1200px; margin: 0 auto; font-family: sans-serif; line-height: 1.6; color: inherit; background-color: transparent;'> <!-- Secci\u00f3n de descripci\u00f3n --> <\/p>\n<div style='margin-bottom: 30px;'>\n<p style='font-size: 16px; margin-bottom: 20px; color: inherit;'> La luz de trabajo de la serie EW2450 no solo ofrece la opci\u00f3n de iluminaci\u00f3n puntual o de inundaci\u00f3n&comma; sino que tambi\u00e9n ofrece la \u00faltima tecnolog\u00eda y la luz blanca m\u00e1s brillante para su aplicaci\u00f3n. Este modelo de LED ofrece m\u00e1s de 80&comma;000 horas de vida \u00fatil sin mantenimiento junto con un consumo de amperaje extremadamente bajo. <\/p>\n<\/p><\/div>\n<p> <!-- Secci\u00f3n de especificaciones --> <\/p>\n<div style='display: flex; flex-wrap: wrap; gap: 20px; margin-bottom: 30px;'>\n<div style='flex: 1 1 250px; border: 1px solid rgba(150&comma; 150&comma; 150&comma; 0.4); border-radius: 8px; overflow: hidden; display: flex; flex-direction: column;'>\n<div style='padding: 15px; border-bottom: 1px solid rgba(150&comma; 150&comma; 150&comma; 0.2); font-weight: bold; font-size: 18px; color: inherit;'>Especificaciones<\/div>\n<div style='padding: 15px; color: inherit;'>\n<ul style='padding-left: 20px; margin: 0; font-size: 14px; list-style-type: disc;'>\n<li style='margin-bottom: 5px;'><strong>Amperaje:<\/strong> 2.2 A<\/li>\n<li style='margin-bottom: 5px;'><strong>Certificaciones:<\/strong> CE&comma; IP67<\/li>\n<li style='margin-bottom: 5px;'><strong>Color:<\/strong> Claro<\/li>\n<li style='margin-bottom: 5px;'><strong>Profundidad:<\/strong> 3.3&#8242;<\/li>\n<li style='margin-bottom: 5px;'><strong>Altura:<\/strong> 5.2&#8242;<\/li>\n<li style='margin-bottom: 5px;'><strong>L\u00famenes:<\/strong> 1300<\/li>\n<li style='margin-bottom: 5px;'><strong>Montaje:<\/strong> Magn\u00e9tico<\/li>\n<li style='margin-bottom: 5px;'><strong>Voltaje:<\/strong> 12-24 V<\/li>\n<li style='margin-bottom: 5px;'><strong>Garant\u00eda:<\/strong> 5 a\u00f1os<\/li>\n<li style='margin-bottom: 5px;'><strong>Ancho:<\/strong> 4.3&#8242;<\/li>\n<\/ul><\/div>\n<\/p><\/div>\n<\/p><\/div>\n<p> <!-- Separador --> <\/p>\n<hr style='border: 0; border-top: 1px solid rgba(150&comma; 150&comma; 150&comma; 0.3); margin: 30px 0;'> <\/div>\n","protected":false},"excerpt":{"rendered":"<p>L\u00e1mpara de trabajo de 9 led, montaje giratorio magn\u00e9tico, 12-24 Vcc, 1300 Lumenes<\/p>\n","protected":false},"featured_media":55149,"comment_status":"open","ping_status":"closed","template":"","meta":[],"product_brand":[],"product_cat":[1386],"product_tag":[1387,502,1371],"class_list":{"0":"post-55150","1":"product","2":"type-product","3":"status-publish","4":"has-post-thumbnail","6":"product_cat-claro","7":"product_tag-claro","8":"product_tag-ecco","9":"product_tag-luces-auxiliares-vehiculares","11":"first","12":"outofstock","13":"sale","14":"shipping-taxable","15":"purchasable","16":"product-type-simple"},"_links":{"self":[{"href":"https:\/\/soydeaqui.ddns.net\/pachuca\/index.php\/wp-json\/wp\/v2\/product\/55150","targetHints":{"allow":["GET"]}}],"collection":[{"href":"https:\/\/soydeaqui.ddns.net\/pachuca\/index.php\/wp-json\/wp\/v2\/product"}],"about":[{"href":"https:\/\/soydeaqui.ddns.net\/pachuca\/index.php\/wp-json\/wp\/v2\/types\/product"}],"replies":[{"embeddable":true,"href":"https:\/\/soydeaqui.ddns.net\/pachuca\/index.php\/wp-json\/wp\/v2\/comments?post=55150"}],"wp:featuredmedia":[{"embeddable":true,"href":"https:\/\/soydeaqui.ddns.net\/pachuca\/index.php\/wp-json\/wp\/v2\/media\/55149"}],"wp:attachment":[{"href":"https:\/\/soydeaqui.ddns.net\/pachuca\/index.php\/wp-json\/wp\/v2\/media?parent=55150"}],"wp:term":[{"taxonomy":"product_brand","embeddable":true,"href":"https:\/\/soydeaqui.ddns.net\/pachuca\/index.php\/wp-json\/wp\/v2\/product_brand?post=55150"},{"taxonomy":"product_cat","embeddable":true,"href":"https:\/\/soydeaqui.ddns.net\/pachuca\/index.php\/wp-json\/wp\/v2\/product_cat?post=55150"},{"taxonomy":"product_tag","embeddable":true,"href":"https:\/\/soydeaqui.ddns.net\/pachuca\/index.php\/wp-json\/wp\/v2\/product_tag?post=55150"}],"curies":[{"name":"wp","href":"https:\/\/api.w.org\/{rel}","templated":true}]}}