{"id":55139,"date":"2026-03-19T02:42:55","date_gmt":"2026-03-19T02:42:55","guid":{"rendered":"https:\/\/soydeaqui.ddns.net\/pachuca\/index.php\/producto\/burbuja-brillante-de-larga-vida-util-con-8-leds-color-verde-domo-verde-12vcd\/"},"modified":"2026-03-19T02:43:01","modified_gmt":"2026-03-19T02:43:01","slug":"burbuja-brillante-de-larga-vida-util-con-8-leds-color-verde-domo-verde-12vcd","status":"publish","type":"product","link":"https:\/\/soydeaqui.ddns.net\/pachuca\/index.php\/producto\/burbuja-brillante-de-larga-vida-util-con-8-leds-color-verde-domo-verde-12vcd\/","title":{"rendered":"Burbuja Brillante de Larga Vida \u00datil, con 8 LEDs Color Verde, Domo Verde, 12Vcd"},"content":{"rendered":"<div style='width: 100%; max-width: 1200px; margin: 0 auto; font-family: sans-serif; line-height: 1.6; color: inherit; background-color: transparent;'> <!-- Secci\u00f3n de descripci\u00f3n --> <\/p>\n<div style='margin-bottom: 30px;'>\n<h3 style='font-size: 22px; border-bottom: 2px solid currentColor; padding-bottom: 5px; margin-top: 0; color: inherit; opacity: 0.8;'>Mini Burbuja Serie X126<\/h3>\n<p style='font-size: 15px; margin-bottom: 15px; color: inherit;'>La burbuja brillante Serie X126 ofrece LED de alta potencia Gen III (Generaci\u00f3n III) como fuentes de luz&comma; una estructura compacta&comma; operaci\u00f3n conveniente y varios patrones de destello.<\/p>\n<p style='font-size: 15px; margin-bottom: 15px; color: inherit;'>Con su novedoso dise\u00f1o&comma; sus caracter\u00edsticas son de alta luminosidad&comma; bajo consumo de corriente&comma; f\u00e1cil instalaci\u00f3n y tiempo de servicio largo.<\/p>\n<p style='font-size: 15px; margin-bottom: 15px; color: inherit;'>El equipo est\u00e1 especialmente dise\u00f1ado para instalarse en cualquier tipo de veh\u00edculo de emergencia. Los usuarios pueden de manera f\u00e1cil definir el modo de destello.<\/p>\n<\/p><\/div>\n<p> <!-- Secci\u00f3n de caracter\u00edsticas --> <\/p>\n<div style='display: flex; flex-wrap: wrap; gap: 30px; margin-bottom: 30px;'>\n<div style='flex: 1 1 300px; min-width: 280px;'>\n<h3 style='font-size: 22px; border-bottom: 2px solid currentColor; padding-bottom: 5px; margin-top: 0; color: inherit; opacity: 0.8;'>Caracter\u00edsticas<\/h3>\n<ul style='padding-left: 20px; font-size: 15px; color: inherit;'>\n<li style='margin-bottom: 5px;'>F\u00e1cil Instalaci\u00f3n<\/li>\n<li style='margin-bottom: 5px;'>Larga vida \u00fatil<\/li>\n<li style='margin-bottom: 5px;'><strong>Voltaje:<\/strong> 10 Vcc &#8211; 110 Vcc<\/li>\n<li style='margin-bottom: 5px;'>Consumo de 1 A m\u00e1x<\/li>\n<li style='margin-bottom: 5px;'>8 Led Gen III<\/li>\n<li style='margin-bottom: 5px;'><strong>2 Patrones de destello<\/strong> (Fijo y destellante)<\/li>\n<li style='margin-bottom: 5px;'>Montaje Permanente<\/li>\n<li style='margin-bottom: 5px;'><strong>Potencia:<\/strong> 4 W<\/li>\n<li style='margin-bottom: 5px;'><strong>Luminosidad:<\/strong> 340 Lumenes<\/li>\n<\/ul><\/div>\n<p> <!-- Secci\u00f3n de dimensiones --> <\/p>\n<div style='flex: 1 1 300px; min-width: 280px;'>\n<h3 style='font-size: 22px; border-bottom: 2px solid currentColor; padding-bottom: 5px; margin-top: 0; color: inherit; opacity: 0.8;'>Dimensiones<\/h3>\n<ul style='padding-left: 20px; font-size: 15px; color: inherit;'>\n<li style='margin-bottom: 5px;'><strong>Dimensiones:<\/strong> 12.8 x 9.18 cm<\/li>\n<\/ul><\/div>\n<\/p><\/div>\n<p> <!-- Separador --> <\/p>\n<hr style='border: 0; border-top: 1px solid rgba(150&comma; 150&comma; 150&comma; 0.3); margin: 30px 0;'> <\/div>\n","protected":false},"excerpt":{"rendered":"<p>Burbuja Brillante de Larga Vida \u00datil, con 8 LEDs Color Verde, Domo Verde, 12Vcd<\/p>\n","protected":false},"featured_media":55138,"comment_status":"open","ping_status":"closed","template":"","meta":[],"product_brand":[],"product_cat":[499],"product_tag":[1237,500,501],"class_list":{"0":"post-55139","1":"product","2":"type-product","3":"status-publish","4":"has-post-thumbnail","6":"product_cat-rojo-azul-verde","7":"product_tag-epcom-industrial-signaling","8":"product_tag-estrobos-burbujas-vehiculares","9":"product_tag-rojo-azul-verde","11":"first","12":"instock","13":"sale","14":"shipping-taxable","15":"purchasable","16":"product-type-simple"},"_links":{"self":[{"href":"https:\/\/soydeaqui.ddns.net\/pachuca\/index.php\/wp-json\/wp\/v2\/product\/55139","targetHints":{"allow":["GET"]}}],"collection":[{"href":"https:\/\/soydeaqui.ddns.net\/pachuca\/index.php\/wp-json\/wp\/v2\/product"}],"about":[{"href":"https:\/\/soydeaqui.ddns.net\/pachuca\/index.php\/wp-json\/wp\/v2\/types\/product"}],"replies":[{"embeddable":true,"href":"https:\/\/soydeaqui.ddns.net\/pachuca\/index.php\/wp-json\/wp\/v2\/comments?post=55139"}],"wp:featuredmedia":[{"embeddable":true,"href":"https:\/\/soydeaqui.ddns.net\/pachuca\/index.php\/wp-json\/wp\/v2\/media\/55138"}],"wp:attachment":[{"href":"https:\/\/soydeaqui.ddns.net\/pachuca\/index.php\/wp-json\/wp\/v2\/media?parent=55139"}],"wp:term":[{"taxonomy":"product_brand","embeddable":true,"href":"https:\/\/soydeaqui.ddns.net\/pachuca\/index.php\/wp-json\/wp\/v2\/product_brand?post=55139"},{"taxonomy":"product_cat","embeddable":true,"href":"https:\/\/soydeaqui.ddns.net\/pachuca\/index.php\/wp-json\/wp\/v2\/product_cat?post=55139"},{"taxonomy":"product_tag","embeddable":true,"href":"https:\/\/soydeaqui.ddns.net\/pachuca\/index.php\/wp-json\/wp\/v2\/product_tag?post=55139"}],"curies":[{"name":"wp","href":"https:\/\/api.w.org\/{rel}","templated":true}]}}