{"id":5511,"date":"2026-03-18T06:32:17","date_gmt":"2026-03-18T06:32:17","guid":{"rendered":"https:\/\/soydeaqui.ddns.net\/pachuca\/index.php\/producto\/ra2-select-repetidora-inalambrica-para-controlador-principal-agregue-hasta-4-al-receptor-principal-rrselrep2bl\/"},"modified":"2026-03-18T06:32:21","modified_gmt":"2026-03-18T06:32:21","slug":"ra2-select-repetidora-inalambrica-para-controlador-principal-agregue-hasta-4-al-receptor-principal-rrselrep2bl","status":"publish","type":"product","link":"https:\/\/soydeaqui.ddns.net\/pachuca\/index.php\/producto\/ra2-select-repetidora-inalambrica-para-controlador-principal-agregue-hasta-4-al-receptor-principal-rrselrep2bl\/","title":{"rendered":"(RA2 Select) Repetidora inal\u00e1mbrica para controlador principal, agregue hasta 4 al receptor principal RRSELREP2BL."},"content":{"rendered":"<div style='width: 100%; max-width: 1200px; margin: 0 auto; font-family: sans-serif; line-height: 1.6; color: inherit; background-color: transparent;'> <!-- Secci\u00f3n de caracter\u00edsticas principales --> <\/p>\n<div style='display: flex; flex-wrap: wrap; gap: 30px; margin-bottom: 30px;'>\n<div style='flex: 1 1 300px; min-width: 280px;'>\n<h3 style='font-size: 22px; border-bottom: 2px solid currentColor; padding-bottom: 5px; margin-top: 0; color: inherit; opacity: 0.8;'>Caracter\u00edsticas principales<\/h3>\n<ul style='padding-left: 20px; font-size: 15px; color: inherit;'>\n<li style='margin-bottom: 5px;'>Compatible con controlador principal RRSELREP2BL<\/li>\n<li style='margin-bottom: 5px;'>Soporta hasta 4 unidades conectadas en cadena<\/li>\n<li style='margin-bottom: 5px;'>Actualizable a sistema RadioRA2 completo<\/li>\n<li style='margin-bottom: 5px;'>Operaci\u00f3n inal\u00e1mbrica para instalaci\u00f3n flexible<\/li>\n<li style='margin-bottom: 5px;'>Integra soluciones de l\u00ednea RA2 Select<\/li>\n<\/ul><\/div>\n<\/p><\/div>\n<p> <!-- Secci\u00f3n de especificaciones t\u00e9cnicas --> <\/p>\n<div style='display: flex; flex-wrap: wrap; gap: 20px; margin-bottom: 30px;'>\n<div style='flex: 1 1 250px; border: 1px solid rgba(150&comma; 150&comma; 150&comma; 0.4); border-radius: 8px; overflow: hidden; display: flex; flex-direction: column;'>\n<div style='padding: 15px; border-bottom: 1px solid rgba(150&comma; 150&comma; 150&comma; 0.2); font-weight: bold; font-size: 18px; color: inherit;'>Especificaciones t\u00e9cnicas<\/div>\n<div style='padding: 15px; color: inherit;'>\n<ul style='padding-left: 20px; margin: 0; font-size: 14px; list-style-type: disc;'>\n<li style='margin-bottom: 5px;'><strong>Rango RF:<\/strong> 30 ft (9 m)<\/li>\n<li style='margin-bottom: 5px;'><strong>\u00c1rea de cobertura:<\/strong> 2500 ft\u00b2 (232 m\u00b2)<\/li>\n<li style='margin-bottom: 5px;'><strong>Conexi\u00f3n:<\/strong> USB (solo alimentaci\u00f3n)<\/li>\n<li style='margin-bottom: 5px;'><strong>Consumo t\u00edpico:<\/strong> 0.45 W<\/li>\n<li style='margin-bottom: 5px;'><strong>Temperatura operaci\u00f3n:<\/strong> 32\u00b0F a 104\u00b0F (0\u00b0C a 40\u00b0C)<\/li>\n<li style='margin-bottom: 5px;'><strong>Humedad:<\/strong> 0% a 90% sin condensaci\u00f3n<\/li>\n<li style='margin-bottom: 5px;'><strong>Alimentaci\u00f3n:<\/strong> 5 V &#8211; 100 mA<\/li>\n<\/ul><\/div>\n<\/p><\/div>\n<p> <!-- Secci\u00f3n de compatibilidad --> <\/p>\n<div style='flex: 1 1 250px; border: 1px solid rgba(150&comma; 150&comma; 150&comma; 0.4); border-radius: 8px; overflow: hidden; display: flex; flex-direction: column;'>\n<div style='padding: 15px; border-bottom: 1px solid rgba(150&comma; 150&comma; 150&comma; 0.2); font-weight: bold; font-size: 18px; color: inherit;'>Compatibilidad<\/div>\n<div style='padding: 15px; color: inherit;'>\n<ul style='padding-left: 20px; margin: 0; font-size: 14px; list-style-type: disc;'>\n<li style='margin-bottom: 5px;'>RA2 Select<\/li>\n<li style='margin-bottom: 5px;'>RadioRA 2<\/li>\n<li style='margin-bottom: 5px;'>iOS 8.0 o posterior<\/li>\n<li style='margin-bottom: 5px;'>Android 4.1 o posterior<\/li>\n<\/ul><\/div>\n<\/p><\/div>\n<p> <!-- Secci\u00f3n de certificaciones --> <\/p>\n<div style='flex: 1 1 250px; border: 1px solid rgba(150&comma; 150&comma; 150&comma; 0.4); border-radius: 8px; overflow: hidden; display: flex; flex-direction: column;'>\n<div style='padding: 15px; border-bottom: 1px solid rgba(150&comma; 150&comma; 150&comma; 0.2); font-weight: bold; font-size: 18px; color: inherit;'>Certificaciones<\/div>\n<div style='padding: 15px; color: inherit;'>\n<ul style='padding-left: 20px; margin: 0; font-size: 14px; list-style-type: disc;'>\n<li style='margin-bottom: 5px;'>cULus Listed<\/li>\n<li style='margin-bottom: 5px;'>FCC aprobado<\/li>\n<li style='margin-bottom: 5px;'>IC certificado<\/li>\n<li style='margin-bottom: 5px;'>COFETEL certificado (Q3 2017)<\/li>\n<\/ul><\/div>\n<\/p><\/div>\n<p> <!-- Secci\u00f3n de dimensiones --> <\/p>\n<div style='flex: 1 1 250px; border: 1px solid rgba(150&comma; 150&comma; 150&comma; 0.4); border-radius: 8px; overflow: hidden; display: flex; flex-direction: column;'>\n<div style='padding: 15px; border-bottom: 1px solid rgba(150&comma; 150&comma; 150&comma; 0.2); font-weight: bold; font-size: 18px; color: inherit;'>Dimensiones<\/div>\n<div style='padding: 15px; color: inherit;'>\n<ul style='padding-left: 20px; margin: 0; font-size: 14px; list-style-type: disc;'>\n<li style='margin-bottom: 5px;'><strong>Altura:<\/strong> 2.75 in (69.9 mm)<\/li>\n<li style='margin-bottom: 5px;'><strong>Ancho:<\/strong> 2.75 in (69.9 mm)<\/li>\n<li style='margin-bottom: 5px;'><strong>Profundidad:<\/strong> 1.19 in (30.2 mm)<\/li>\n<\/ul><\/div>\n<\/p><\/div>\n<\/p><\/div>\n<p> <!-- Secci\u00f3n de aplicaci\u00f3n --> <\/p>\n<div style='display: flex; flex-wrap: wrap; gap: 30px; margin-bottom: 30px;'>\n<div style='flex: 1 1 300px; min-width: 280px;'>\n<h3 style='font-size: 22px; border-bottom: 2px solid currentColor; padding-bottom: 5px; margin-top: 0; color: inherit; opacity: 0.8;'>Aplicaci\u00f3n<\/h3>\n<ul style='padding-left: 20px; font-size: 15px; color: inherit;'>\n<li style='margin-bottom: 5px;'>Expande el rango RF de los sistemas de control de iluminaci\u00f3n Lutron<\/li>\n<li style='margin-bottom: 5px;'>Ideal para sistemas grandes que requieren cobertura total<\/li>\n<li style='margin-bottom: 5px;'>Instalaci\u00f3n flexible sin necesidad de cableado adicional<\/li>\n<li style='margin-bottom: 5px;'>Funciona como puente entre dispositivos y el controlador principal<\/li>\n<\/ul><\/div>\n<\/p><\/div>\n<p> <!-- Imagen del producto --> <\/p>\n<div style='display: flex; flex-wrap: wrap; gap: 30px; margin-bottom: 30px;'>\n<div style='flex: 1 1 300px; min-width: 280px;'>\n<h3 style='font-size: 22px; border-bottom: 2px solid currentColor; padding-bottom: 5px; margin-top: 0; color: inherit; opacity: 0.8;'>Imagen del producto<\/h3>\n<p> <img style='width: 100%; height: auto; border: 1px solid rgba(150&comma;150&comma;150&comma;0.3); border-radius: 8px;' src='https:\/\/ftp3.syscom.mx\/usuarios\/fotos\/LREPPROBL\/151830-ra2selec.png' alt='Repetidora inal\u00e1mbrica RA2 Select LREPPROBL'> <\/div>\n<\/p><\/div>\n<p> <!-- Separador --> <\/p>\n<hr style='border: 0; border-top: 1px solid rgba(150&comma; 150&comma; 150&comma; 0.3); margin: 30px 0;'> <\/div>\n","protected":false},"excerpt":{"rendered":"<p>(RA2 Select) Repetidora inal\u00e1mbrica para controlador principal, agregue hasta 4 al receptor principal RRSELREP2BL.<\/p>\n","protected":false},"featured_media":5510,"comment_status":"open","ping_status":"closed","template":"","meta":[],"product_brand":[],"product_cat":[34],"product_tag":[30,35,36],"class_list":{"0":"post-5511","1":"product","2":"type-product","3":"status-publish","4":"has-post-thumbnail","6":"product_cat-lutron","7":"product_tag-automatizacion-casa-inteligente","8":"product_tag-lutron","9":"product_tag-lutron-electronics","11":"first","12":"instock","13":"sale","14":"shipping-taxable","15":"purchasable","16":"product-type-simple"},"_links":{"self":[{"href":"https:\/\/soydeaqui.ddns.net\/pachuca\/index.php\/wp-json\/wp\/v2\/product\/5511","targetHints":{"allow":["GET"]}}],"collection":[{"href":"https:\/\/soydeaqui.ddns.net\/pachuca\/index.php\/wp-json\/wp\/v2\/product"}],"about":[{"href":"https:\/\/soydeaqui.ddns.net\/pachuca\/index.php\/wp-json\/wp\/v2\/types\/product"}],"replies":[{"embeddable":true,"href":"https:\/\/soydeaqui.ddns.net\/pachuca\/index.php\/wp-json\/wp\/v2\/comments?post=5511"}],"wp:featuredmedia":[{"embeddable":true,"href":"https:\/\/soydeaqui.ddns.net\/pachuca\/index.php\/wp-json\/wp\/v2\/media\/5510"}],"wp:attachment":[{"href":"https:\/\/soydeaqui.ddns.net\/pachuca\/index.php\/wp-json\/wp\/v2\/media?parent=5511"}],"wp:term":[{"taxonomy":"product_brand","embeddable":true,"href":"https:\/\/soydeaqui.ddns.net\/pachuca\/index.php\/wp-json\/wp\/v2\/product_brand?post=5511"},{"taxonomy":"product_cat","embeddable":true,"href":"https:\/\/soydeaqui.ddns.net\/pachuca\/index.php\/wp-json\/wp\/v2\/product_cat?post=5511"},{"taxonomy":"product_tag","embeddable":true,"href":"https:\/\/soydeaqui.ddns.net\/pachuca\/index.php\/wp-json\/wp\/v2\/product_tag?post=5511"}],"curies":[{"name":"wp","href":"https:\/\/api.w.org\/{rel}","templated":true}]}}