{"id":55109,"date":"2026-03-19T02:41:55","date_gmt":"2026-03-19T02:41:55","guid":{"rendered":"https:\/\/soydeaqui.ddns.net\/pachuca\/index.php\/producto\/luz-de-trabajo-de-6-led-12-24-vcc-2800-lumenes\/"},"modified":"2026-03-19T02:42:04","modified_gmt":"2026-03-19T02:42:04","slug":"luz-de-trabajo-de-6-led-12-24-vcc-2800-lumenes","status":"publish","type":"product","link":"https:\/\/soydeaqui.ddns.net\/pachuca\/index.php\/producto\/luz-de-trabajo-de-6-led-12-24-vcc-2800-lumenes\/","title":{"rendered":"Luz de trabajo de 6 LED, 12-24 Vcc, 2800 lumenes"},"content":{"rendered":"<div style='width: 100%; max-width: 1200px; margin: 0 auto; font-family: sans-serif; line-height: 1.6; color: inherit; background-color: transparent;'> <!-- Secci\u00f3n de descripci\u00f3n --> <\/p>\n<div style='margin-bottom: 30px;'>\n<p style='font-size: 16px; color: inherit; margin: 0 0 20px;'>La luz de trabajo EW2520 ofrece la \u00faltima tecnolog\u00eda y la luz blanca m\u00e1s brillante para su aplicaci\u00f3n. La compatibilidad con EMC con luz extremadamente brillante en un dise\u00f1o compacto hace que esta luz de trabajo sea perfecta para una variedad de aplicaciones. Este modelo de LED ofrece m\u00e1s de 50 000 horas de vida \u00fatil sin mantenimiento&comma; junto con un bajo consumo de amperaje y una ventilaci\u00f3n integrada para evitar el empa\u00f1amiento.<\/p>\n<\/p><\/div>\n<p> <!-- Secci\u00f3n de especificaciones --> <\/p>\n<div style='display: flex; flex-wrap: wrap; gap: 20px; margin-bottom: 30px;'>\n<div style='flex: 1 1 250px; border: 1px solid rgba(150&comma; 150&comma; 150&comma; 0.4); border-radius: 8px; overflow: hidden; display: flex; flex-direction: column;'>\n<div style='padding: 15px; border-bottom: 1px solid rgba(150&comma; 150&comma; 150&comma; 0.2); font-weight: bold; font-size: 18px; color: inherit;'>Especificaciones<\/div>\n<div style='padding: 15px; color: inherit;'>\n<ul style='padding-left: 20px; margin: 0; font-size: 14px; list-style-type: disc;'>\n<li style='margin-bottom: 5px;'><strong>AMPS:<\/strong> 1.8 A<\/li>\n<li style='margin-bottom: 5px;'><strong>CERTIFICACIONES:<\/strong> CE&comma; R10&comma; IP67&comma; IP69K&comma; ROHS<\/li>\n<li style='margin-bottom: 5px;'><strong>PROFUNDIDAD:<\/strong> 1.9&#8242;<\/li>\n<li style='margin-bottom: 5px;'><strong>ALTURA:<\/strong> 5.1&#8242;<\/li>\n<li style='margin-bottom: 5px;'><strong>LUMENES:<\/strong> 2&comma;800 RAW<\/li>\n<li style='margin-bottom: 5px;'><strong>VOLTAJE:<\/strong> 12-24 V<\/li>\n<li style='margin-bottom: 5px;'><strong>GARANTIA:<\/strong> 5 YEAR<\/li>\n<li style='margin-bottom: 5px;'><strong>ANCHO:<\/strong> 4.2&#8242;<\/li>\n<\/ul><\/div>\n<\/p><\/div>\n<\/p><\/div>\n<p> <!-- Separador --> <\/p>\n<hr style='border: 0; border-top: 1px solid rgba(150&comma; 150&comma; 150&comma; 0.3); margin: 30px 0;'> <\/div>\n","protected":false},"excerpt":{"rendered":"<p>Luz de trabajo de 6 LED, 12-24 Vcc, 2800 lumenes<\/p>\n","protected":false},"featured_media":55108,"comment_status":"open","ping_status":"closed","template":"","meta":[],"product_brand":[],"product_cat":[1386],"product_tag":[1387,502,1371],"class_list":{"0":"post-55109","1":"product","2":"type-product","3":"status-publish","4":"has-post-thumbnail","6":"product_cat-claro","7":"product_tag-claro","8":"product_tag-ecco","9":"product_tag-luces-auxiliares-vehiculares","11":"first","12":"instock","13":"sale","14":"shipping-taxable","15":"purchasable","16":"product-type-simple"},"_links":{"self":[{"href":"https:\/\/soydeaqui.ddns.net\/pachuca\/index.php\/wp-json\/wp\/v2\/product\/55109","targetHints":{"allow":["GET"]}}],"collection":[{"href":"https:\/\/soydeaqui.ddns.net\/pachuca\/index.php\/wp-json\/wp\/v2\/product"}],"about":[{"href":"https:\/\/soydeaqui.ddns.net\/pachuca\/index.php\/wp-json\/wp\/v2\/types\/product"}],"replies":[{"embeddable":true,"href":"https:\/\/soydeaqui.ddns.net\/pachuca\/index.php\/wp-json\/wp\/v2\/comments?post=55109"}],"wp:featuredmedia":[{"embeddable":true,"href":"https:\/\/soydeaqui.ddns.net\/pachuca\/index.php\/wp-json\/wp\/v2\/media\/55108"}],"wp:attachment":[{"href":"https:\/\/soydeaqui.ddns.net\/pachuca\/index.php\/wp-json\/wp\/v2\/media?parent=55109"}],"wp:term":[{"taxonomy":"product_brand","embeddable":true,"href":"https:\/\/soydeaqui.ddns.net\/pachuca\/index.php\/wp-json\/wp\/v2\/product_brand?post=55109"},{"taxonomy":"product_cat","embeddable":true,"href":"https:\/\/soydeaqui.ddns.net\/pachuca\/index.php\/wp-json\/wp\/v2\/product_cat?post=55109"},{"taxonomy":"product_tag","embeddable":true,"href":"https:\/\/soydeaqui.ddns.net\/pachuca\/index.php\/wp-json\/wp\/v2\/product_tag?post=55109"}],"curies":[{"name":"wp","href":"https:\/\/api.w.org\/{rel}","templated":true}]}}