{"id":55082,"date":"2026-03-19T02:40:57","date_gmt":"2026-03-19T02:40:57","guid":{"rendered":"https:\/\/soydeaqui.ddns.net\/pachuca\/index.php\/producto\/luz-de-trabajo-de-40-led-5600-lumenes-ip67-66-watts-10-30-vcc\/"},"modified":"2026-03-19T02:41:18","modified_gmt":"2026-03-19T02:41:18","slug":"luz-de-trabajo-de-40-led-5600-lumenes-ip67-66-watts-10-30-vcc","status":"publish","type":"product","link":"https:\/\/soydeaqui.ddns.net\/pachuca\/index.php\/producto\/luz-de-trabajo-de-40-led-5600-lumenes-ip67-66-watts-10-30-vcc\/","title":{"rendered":"Luz de Trabajo de 40 LED, 5600 L\u00famenes, IP67, 66 Watts, 10-30 Vcc"},"content":{"rendered":"<div style='width: 100%; max-width: 1200px; margin: 0 auto; font-family: sans-serif; line-height: 1.6; color: inherit; background-color: transparent;'> <!-- Secci\u00f3n de descripci\u00f3n --> <\/p>\n<div style='margin-bottom: 30px;'>\n<p style='margin: 0 0 15px; font-size: 15px; color: inherit;'> Las luces de trabajo convierten la noche en d\u00eda y ayudan iluminar tareas importantes. Su dise\u00f1o compacto y robusto en conjunto con un precio competitivo&comma; la \u00fanica opci\u00f3n para iluminar el camino. <\/p>\n<\/p><\/div>\n<p> <!-- Secci\u00f3n de caracter\u00edsticas --> <\/p>\n<div style='display: flex; flex-wrap: wrap; gap: 30px; margin-bottom: 30px;'>\n<div style='flex: 1 1 300px; min-width: 280px;'>\n<h3 style='font-size: 22px; border-bottom: 2px solid currentColor; padding-bottom: 5px; margin-top: 0; color: inherit; opacity: 0.8;'>Caracter\u00edsticas<\/h3>\n<ul style='padding-left: 20px; font-size: 15px; color: inherit;'>\n<li style='margin-bottom: 5px;'><strong>Luz de trabajo:<\/strong> 40 Led redondo<\/li>\n<li style='margin-bottom: 5px;'><strong>Protecci\u00f3n:<\/strong> IP67<\/li>\n<li style='margin-bottom: 5px;'><strong>N\u00famero de LEDs:<\/strong> 40<\/li>\n<li style='margin-bottom: 5px;'><strong>Potencia:<\/strong> 66 watts<\/li>\n<li style='margin-bottom: 5px;'><strong>Luminosidad:<\/strong> 5600 Lumenes<\/li>\n<li style='margin-bottom: 5px;'><strong>Patrones de destello:<\/strong> 2<\/li>\n<li style='margin-bottom: 5px;'><strong>Funci\u00f3n:<\/strong> Destello<\/li>\n<li style='margin-bottom: 5px;'><strong>Luz central:<\/strong> \u00c1mbar<\/li>\n<li style='margin-bottom: 5px;'><strong>Vida \u00fatil:<\/strong> 30.000 horas<\/li>\n<li style='margin-bottom: 5px;'><strong>Tensi\u00f3n:<\/strong> 10-30 Vcc<\/li>\n<li style='margin-bottom: 5px;'><strong>Consumo el\u00e9ctrico:<\/strong> 12V 2.42A \/ 24V 1.11A<\/li>\n<li style='margin-bottom: 5px;'><strong>Dimensiones:<\/strong> 4.3&#8242;<\/li>\n<li style='margin-bottom: 5px;'><strong>Material:<\/strong> Caja disipadora t\u00e9rmica de aluminio<\/li>\n<li style='margin-bottom: 5px;'><strong>Lente:<\/strong> Policarbonato<\/li>\n<li style='margin-bottom: 5px;'><strong>Dise\u00f1o:<\/strong> Super compacto<\/li>\n<li style='margin-bottom: 5px;'><strong>Soporte:<\/strong> Montaje de acero<\/li>\n<\/ul><\/div>\n<\/p><\/div>\n<p> <!-- Secci\u00f3n de controladores recomendados --> <\/p>\n<div style='display: flex; flex-wrap: wrap; gap: 30px; margin-bottom: 30px;'>\n<div style='flex: 1 1 300px; min-width: 280px;'>\n<h3 style='font-size: 22px; border-bottom: 2px solid currentColor; padding-bottom: 5px; margin-top: 0; color: inherit; opacity: 0.8;'>Controladores recomendados<\/h3>\n<ul style='padding-left: 20px; font-size: 15px; color: inherit;'>\n<li style='margin-bottom: 5px;'>SW99<\/li>\n<li style='margin-bottom: 5px;'>XDKQH01<\/li>\n<li style='margin-bottom: 5px;'>XDKQH02<\/li>\n<\/ul><\/div>\n<\/p><\/div>\n<\/p><\/div>\n","protected":false},"excerpt":{"rendered":"<p>Luz de Trabajo de 40 LED, 5600 L\u00famenes, IP67, 66 Watts, 10-30 Vcc<\/p>\n","protected":false},"featured_media":55081,"comment_status":"open","ping_status":"closed","template":"","meta":[],"product_brand":[],"product_cat":[1386],"product_tag":[1387,1237,1371],"class_list":{"0":"post-55082","1":"product","2":"type-product","3":"status-publish","4":"has-post-thumbnail","6":"product_cat-claro","7":"product_tag-claro","8":"product_tag-epcom-industrial-signaling","9":"product_tag-luces-auxiliares-vehiculares","11":"first","12":"instock","13":"sale","14":"shipping-taxable","15":"purchasable","16":"product-type-simple"},"_links":{"self":[{"href":"https:\/\/soydeaqui.ddns.net\/pachuca\/index.php\/wp-json\/wp\/v2\/product\/55082","targetHints":{"allow":["GET"]}}],"collection":[{"href":"https:\/\/soydeaqui.ddns.net\/pachuca\/index.php\/wp-json\/wp\/v2\/product"}],"about":[{"href":"https:\/\/soydeaqui.ddns.net\/pachuca\/index.php\/wp-json\/wp\/v2\/types\/product"}],"replies":[{"embeddable":true,"href":"https:\/\/soydeaqui.ddns.net\/pachuca\/index.php\/wp-json\/wp\/v2\/comments?post=55082"}],"wp:featuredmedia":[{"embeddable":true,"href":"https:\/\/soydeaqui.ddns.net\/pachuca\/index.php\/wp-json\/wp\/v2\/media\/55081"}],"wp:attachment":[{"href":"https:\/\/soydeaqui.ddns.net\/pachuca\/index.php\/wp-json\/wp\/v2\/media?parent=55082"}],"wp:term":[{"taxonomy":"product_brand","embeddable":true,"href":"https:\/\/soydeaqui.ddns.net\/pachuca\/index.php\/wp-json\/wp\/v2\/product_brand?post=55082"},{"taxonomy":"product_cat","embeddable":true,"href":"https:\/\/soydeaqui.ddns.net\/pachuca\/index.php\/wp-json\/wp\/v2\/product_cat?post=55082"},{"taxonomy":"product_tag","embeddable":true,"href":"https:\/\/soydeaqui.ddns.net\/pachuca\/index.php\/wp-json\/wp\/v2\/product_tag?post=55082"}],"curies":[{"name":"wp","href":"https:\/\/api.w.org\/{rel}","templated":true}]}}