{"id":55069,"date":"2026-03-19T02:40:30","date_gmt":"2026-03-19T02:40:30","guid":{"rendered":"https:\/\/soydeaqui.ddns.net\/pachuca\/index.php\/producto\/eficiente-rastreador-vehicular-4g-lte-cat-m1-obd-ii\/"},"modified":"2026-03-19T02:40:33","modified_gmt":"2026-03-19T02:40:33","slug":"eficiente-rastreador-vehicular-4g-lte-cat-m1-obd-ii","status":"publish","type":"product","link":"https:\/\/soydeaqui.ddns.net\/pachuca\/index.php\/producto\/eficiente-rastreador-vehicular-4g-lte-cat-m1-obd-ii\/","title":{"rendered":"Eficiente rastreador vehicular 4G LTE CAT M1 OBD II"},"content":{"rendered":"<div style='width: 100%; max-width: 1200px; margin: 0 auto; font-family: sans-serif; line-height: 1.6; color: inherit; background-color: transparent;'>\n<div style='display: flex; flex-wrap: wrap; gap: 30px; margin-bottom: 30px;'>\n<div style='flex: 1 1 300px; min-width: 280px;'>\n<h3 style='font-size: 22px; border-bottom: 2px solid currentColor; padding-bottom: 5px; margin-top: 0; color: inherit; opacity: 0.8;'>Descripci\u00f3n general<\/h3>\n<p style='font-size: 15px; color: inherit; margin-bottom: 15px;'>Este es el primer dispositivo OBD CAT M1 LTE Plug and Track con conectividad GNSS y Bluetooth.<\/p>\n<p style='font-size: 15px; color: inherit; margin-bottom: 15px;'>Este es el rastreador perfecto para una amplia gama de aplicaciones: gesti\u00f3n de flotas de veh\u00edculos comerciales ligeros&comma; alquiler y arrendamiento de autom\u00f3viles. El dispositivo es compatible con varios sensores&comma; balizas&comma; firmware y actualizaci\u00f3n de configuraci\u00f3n de Bluetooth de baja energ\u00eda a trav\u00e9s de Bluetooth.<\/p>\n<\/p><\/div>\n<\/p><\/div>\n<div style='display: flex; flex-wrap: wrap; gap: 20px; margin-bottom: 30px;'>\n<div style='flex: 1 1 250px; border: 1px solid rgba(150&comma; 150&comma; 150&comma; 0.4); border-radius: 8px; overflow: hidden; display: flex; flex-direction: column;'>\n<div style='padding: 15px; border-bottom: 1px solid rgba(150&comma; 150&comma; 150&comma; 0.2); font-weight: bold; font-size: 18px; color: inherit;'>Caracter\u00edsticas<\/div>\n<div style='padding: 15px; color: inherit;'>\n<ul style='padding-left: 20px; margin: 0; font-size: 14px; list-style-type: disc;'>\n<li style='margin-bottom: 5px;'><span style='font-weight: normal;'>Tecnolog\u00eda: 4G CAT M1 con respaldo hasta 2G<\/span><\/li>\n<li style='margin-bottom: 5px;'><span style='font-weight: normal;'>Conectividad Bluetooth<\/span><\/li>\n<li style='margin-bottom: 5px;'><span style='font-weight: normal;'>Conexi\u00f3n por OBD II \u00a1F\u00e1cil instalaci\u00f3n!<\/span><\/li>\n<li style='margin-bottom: 5px;'><span style='font-weight: normal;'>Requiere uso de Micro-SIM<\/span><\/li>\n<li style='margin-bottom: 5px;'><span style='font-weight: normal;'>Protocolo IP41<\/span><\/li>\n<li style='margin-bottom: 5px;'><span style='font-weight: normal;'>Aceler\u00f3metros&comma; detecci\u00f3n de velocidad&comma; geocercas internas<\/span><\/li>\n<li style='margin-bottom: 5px;'><span style='font-weight: normal;'>Detecci\u00f3n de choque&comma; detecci\u00f3n de remolque&comma; detecci\u00f3n de desconexi\u00f3n<\/span><\/li>\n<li style='margin-bottom: 5px;'><span style='font-weight: normal;'>Conducci\u00f3n ecol\u00f3gica&comma; medidor de combustible GNSS<\/span><\/li>\n<\/ul><\/div>\n<\/p><\/div>\n<\/p><\/div>\n<hr style='border: 0; border-top: 1px solid rgba(150&comma; 150&comma; 150&comma; 0.3); margin: 30px 0;'> <\/div>\n","protected":false},"excerpt":{"rendered":"<p>Eficiente rastreador vehicular 4G LTE CAT M1 OBD II<\/p>\n","protected":false},"featured_media":55068,"comment_status":"open","ping_status":"closed","template":"","meta":[],"product_brand":[],"product_cat":[1346,1388],"product_tag":[1350,1349,1430,1389],"class_list":{"0":"post-55069","1":"product","2":"type-product","3":"status-publish","4":"has-post-thumbnail","6":"product_cat-iot","7":"product_cat-trackers-gps","8":"product_tag-gps-y-telematica","9":"product_tag-iot","10":"product_tag-teltonika","11":"product_tag-trackers-gps","13":"first","14":"outofstock","15":"sale","16":"shipping-taxable","17":"purchasable","18":"product-type-simple"},"_links":{"self":[{"href":"https:\/\/soydeaqui.ddns.net\/pachuca\/index.php\/wp-json\/wp\/v2\/product\/55069","targetHints":{"allow":["GET"]}}],"collection":[{"href":"https:\/\/soydeaqui.ddns.net\/pachuca\/index.php\/wp-json\/wp\/v2\/product"}],"about":[{"href":"https:\/\/soydeaqui.ddns.net\/pachuca\/index.php\/wp-json\/wp\/v2\/types\/product"}],"replies":[{"embeddable":true,"href":"https:\/\/soydeaqui.ddns.net\/pachuca\/index.php\/wp-json\/wp\/v2\/comments?post=55069"}],"wp:featuredmedia":[{"embeddable":true,"href":"https:\/\/soydeaqui.ddns.net\/pachuca\/index.php\/wp-json\/wp\/v2\/media\/55068"}],"wp:attachment":[{"href":"https:\/\/soydeaqui.ddns.net\/pachuca\/index.php\/wp-json\/wp\/v2\/media?parent=55069"}],"wp:term":[{"taxonomy":"product_brand","embeddable":true,"href":"https:\/\/soydeaqui.ddns.net\/pachuca\/index.php\/wp-json\/wp\/v2\/product_brand?post=55069"},{"taxonomy":"product_cat","embeddable":true,"href":"https:\/\/soydeaqui.ddns.net\/pachuca\/index.php\/wp-json\/wp\/v2\/product_cat?post=55069"},{"taxonomy":"product_tag","embeddable":true,"href":"https:\/\/soydeaqui.ddns.net\/pachuca\/index.php\/wp-json\/wp\/v2\/product_tag?post=55069"}],"curies":[{"name":"wp","href":"https:\/\/api.w.org\/{rel}","templated":true}]}}