{"id":55051,"date":"2026-03-19T02:39:58","date_gmt":"2026-03-19T02:39:58","guid":{"rendered":"https:\/\/soydeaqui.ddns.net\/pachuca\/index.php\/producto\/luz-de-trabajo-de-16-led-4000-lumenes-48-watts-10-30-vcc-ip67\/"},"modified":"2026-03-19T02:40:08","modified_gmt":"2026-03-19T02:40:08","slug":"luz-de-trabajo-de-16-led-4000-lumenes-48-watts-10-30-vcc-ip67","status":"publish","type":"product","link":"https:\/\/soydeaqui.ddns.net\/pachuca\/index.php\/producto\/luz-de-trabajo-de-16-led-4000-lumenes-48-watts-10-30-vcc-ip67\/","title":{"rendered":"Luz de trabajo de 16 LED, 4000 Lumenes, 48 Watts, 10-30 Vcc, IP67"},"content":{"rendered":"<div style='width: 100%; max-width: 1200px; margin: 0 auto; font-family: sans-serif; line-height: 1.6; color: inherit; background-color: transparent;'>\n<div style='display: flex; flex-wrap: wrap; gap: 30px; margin-bottom: 30px;'>\n<div style='flex: 1 1 300px; min-width: 280px;'>\n<h3 style='font-size: 22px; border-bottom: 2px solid currentColor; padding-bottom: 5px; margin-top: 0; color: inherit; opacity: 0.8;'>Descripci\u00f3n<\/h3>\n<p style='font-size: 15px; color: inherit; margin-top: 0;'>Las luces de trabajo convierten la noche en d\u00eda y ayudan iluminar tareas importantes. Su dise\u00f1o compacto y robusto en conjunto con un precio competitivo&comma; la \u00fanica opci\u00f3n para iluminar el camino.<\/p>\n<\/p><\/div>\n<\/p><\/div>\n<div style='display: flex; flex-wrap: wrap; gap: 20px; margin-bottom: 30px;'>\n<div style='flex: 1 1 250px; border: 1px solid rgba(150&comma; 150&comma; 150&comma; 0.4); border-radius: 8px; overflow: hidden; display: flex; flex-direction: column;'>\n<div style='padding: 15px; border-bottom: 1px solid rgba(150&comma; 150&comma; 150&comma; 0.2); font-weight: bold; font-size: 18px; color: inherit;'>Caracter\u00edsticas<\/div>\n<div style='padding: 15px; color: inherit;'>\n<ul style='padding-left: 20px; margin: 0; font-size: 14px; list-style-type: disc; color: inherit;'>\n<li style='margin-bottom: 5px;'>Luz de trabajo de 16 Led Cuadrado<\/li>\n<li style='margin-bottom: 5px;'>IP67<\/li>\n<li style='margin-bottom: 5px;'>16 LED<\/li>\n<li style='margin-bottom: 5px;'>48 watts<\/li>\n<li style='margin-bottom: 5px;'>4000 Lumenes<\/li>\n<li style='margin-bottom: 5px;'>5 patrones de destello<\/li>\n<li style='margin-bottom: 5px;'>Vida \u00fatil de la l\u00e1mpara: 30.000 horas<\/li>\n<li style='margin-bottom: 5px;'>10-30 Vcc<\/li>\n<li style='margin-bottom: 5px;'>Dimensiones: 4.3&#8242;<\/li>\n<li style='margin-bottom: 5px;'>Caja disipadora t\u00e9rmica de aluminio<\/li>\n<li style='margin-bottom: 5px;'>Lente de policarbonato<\/li>\n<li style='margin-bottom: 5px;'>Dise\u00f1o super compacto<\/li>\n<li style='margin-bottom: 5px;'>Soporte de montaje de acero<\/li>\n<\/ul><\/div>\n<\/p><\/div>\n<div style='flex: 1 1 250px; border: 1px solid rgba(150&comma; 150&comma; 150&comma; 0.4); border-radius: 8px; overflow: hidden; display: flex; flex-direction: column;'>\n<div style='padding: 15px; border-bottom: 1px solid rgba(150&comma; 150&comma; 150&comma; 0.2); font-weight: bold; font-size: 18px; color: inherit;'>Consumo El\u00e9ctrico<\/div>\n<div style='padding: 15px; color: inherit;'>\n<ul style='padding-left: 20px; margin: 0; font-size: 14px; list-style-type: disc; color: inherit;'>\n<li style='margin-bottom: 5px;'>12V 2.57A<\/li>\n<li style='margin-bottom: 5px;'>24V 1.21A<\/li>\n<\/ul><\/div>\n<\/p><\/div>\n<div style='flex: 1 1 250px; border: 1px solid rgba(150&comma; 150&comma; 150&comma; 0.4); border-radius: 8px; overflow: hidden; display: flex; flex-direction: column;'>\n<div style='padding: 15px; border-bottom: 1px solid rgba(150&comma; 150&comma; 150&comma; 0.2); font-weight: bold; font-size: 18px; color: inherit;'>Controladores recomendados<\/div>\n<div style='padding: 15px; color: inherit;'>\n<ul style='padding-left: 20px; margin: 0; font-size: 14px; list-style-type: disc; color: inherit;'>\n<li style='margin-bottom: 5px;'>SW99<\/li>\n<li style='margin-bottom: 5px;'>XDKQH01<\/li>\n<li style='margin-bottom: 5px;'>XDKQH02<\/li>\n<\/ul><\/div>\n<\/p><\/div>\n<\/p><\/div>\n<\/p><\/div>\n","protected":false},"excerpt":{"rendered":"<p>Luz de trabajo de 16 LED, 4000 Lumenes, 48 Watts, 10-30 Vcc, IP67<\/p>\n","protected":false},"featured_media":55050,"comment_status":"open","ping_status":"closed","template":"","meta":[],"product_brand":[],"product_cat":[1386],"product_tag":[1387,1237,1371],"class_list":{"0":"post-55051","1":"product","2":"type-product","3":"status-publish","4":"has-post-thumbnail","6":"product_cat-claro","7":"product_tag-claro","8":"product_tag-epcom-industrial-signaling","9":"product_tag-luces-auxiliares-vehiculares","11":"first","12":"instock","13":"sale","14":"shipping-taxable","15":"purchasable","16":"product-type-simple"},"_links":{"self":[{"href":"https:\/\/soydeaqui.ddns.net\/pachuca\/index.php\/wp-json\/wp\/v2\/product\/55051","targetHints":{"allow":["GET"]}}],"collection":[{"href":"https:\/\/soydeaqui.ddns.net\/pachuca\/index.php\/wp-json\/wp\/v2\/product"}],"about":[{"href":"https:\/\/soydeaqui.ddns.net\/pachuca\/index.php\/wp-json\/wp\/v2\/types\/product"}],"replies":[{"embeddable":true,"href":"https:\/\/soydeaqui.ddns.net\/pachuca\/index.php\/wp-json\/wp\/v2\/comments?post=55051"}],"wp:featuredmedia":[{"embeddable":true,"href":"https:\/\/soydeaqui.ddns.net\/pachuca\/index.php\/wp-json\/wp\/v2\/media\/55050"}],"wp:attachment":[{"href":"https:\/\/soydeaqui.ddns.net\/pachuca\/index.php\/wp-json\/wp\/v2\/media?parent=55051"}],"wp:term":[{"taxonomy":"product_brand","embeddable":true,"href":"https:\/\/soydeaqui.ddns.net\/pachuca\/index.php\/wp-json\/wp\/v2\/product_brand?post=55051"},{"taxonomy":"product_cat","embeddable":true,"href":"https:\/\/soydeaqui.ddns.net\/pachuca\/index.php\/wp-json\/wp\/v2\/product_cat?post=55051"},{"taxonomy":"product_tag","embeddable":true,"href":"https:\/\/soydeaqui.ddns.net\/pachuca\/index.php\/wp-json\/wp\/v2\/product_tag?post=55051"}],"curies":[{"name":"wp","href":"https:\/\/api.w.org\/{rel}","templated":true}]}}