{"id":55029,"date":"2026-03-19T02:39:13","date_gmt":"2026-03-19T02:39:13","guid":{"rendered":"https:\/\/soydeaqui.ddns.net\/pachuca\/index.php\/producto\/barra-de-luz-de-40-led-ip67-40-6-17000-lumenes-200-watts-10-30-vcc\/"},"modified":"2026-03-19T02:39:21","modified_gmt":"2026-03-19T02:39:21","slug":"barra-de-luz-de-40-led-ip67-40-6-17000-lumenes-200-watts-10-30-vcc","status":"publish","type":"product","link":"https:\/\/soydeaqui.ddns.net\/pachuca\/index.php\/producto\/barra-de-luz-de-40-led-ip67-40-6-17000-lumenes-200-watts-10-30-vcc\/","title":{"rendered":"Barra de luz de 40 LED , IP67, 40.6&#8243;, 17000 L\u00famenes, 200 Watts, 10-30 Vcc"},"content":{"rendered":"<div style='width: 100%; max-width: 1200px; margin: 0 auto; font-family: sans-serif; line-height: 1.6; color: inherit; background-color: transparent;'> <!-- Descripci\u00f3n principal --> <\/p>\n<div style='margin-bottom: 30px;'>\n<h3 style='font-size: 22px; border-bottom: 2px solid currentColor; padding-bottom: 5px; margin-top: 0; color: inherit; opacity: 0.8;'>Barras de Luces de trabajo<\/h3>\n<p style='font-size: 15px; margin-top: 15px; color: inherit;'>Las luces de trabajo convierten la noche en d\u00eda y ayudan iluminar tareas importantes. Su dise\u00f1o compacto y robusto en conjunto con un precio competitivo&comma; la \u00fanica opci\u00f3n para iluminar el camino.<\/p>\n<\/p><\/div>\n<p> <!-- Especificaciones --> <\/p>\n<div style='display: flex; flex-wrap: wrap; gap: 30px; margin-bottom: 30px;'>\n<div style='flex: 1 1 300px; min-width: 280px;'>\n<h3 style='font-size: 22px; border-bottom: 2px solid currentColor; padding-bottom: 5px; margin-top: 0; color: inherit; opacity: 0.8;'>Especificaciones<\/h3>\n<ul style='padding-left: 20px; font-size: 15px; color: inherit;'>\n<li style='margin-bottom: 5px;'><strong>Modelo:<\/strong> XD200F<\/li>\n<li style='margin-bottom: 5px;'><strong>Barra de trabajo:<\/strong> 40 Led Cuadrado<\/li>\n<li style='margin-bottom: 5px;'><strong>Grado de protecci\u00f3n:<\/strong> IP67<\/li>\n<li style='margin-bottom: 5px;'><strong>N\u00famero de LED:<\/strong> 40<\/li>\n<li style='margin-bottom: 5px;'><strong>Potencia:<\/strong> 200 Watts<\/li>\n<li style='margin-bottom: 5px;'><strong>Luminosidad:<\/strong> 17000 Lumenes<\/li>\n<li style='margin-bottom: 5px;'><strong>Modo de operaci\u00f3n:<\/strong> 1 Patron de destello (Modo Fijo)<\/li>\n<li style='margin-bottom: 5px;'><strong>Vida \u00fatil:<\/strong> 30.000 horas<\/li>\n<li style='margin-bottom: 5px;'><strong>Voltaje:<\/strong> 10-30 Vcc<\/li>\n<li style='margin-bottom: 5px;'><strong>Dimensiones:<\/strong> 40.6 pulgadas<\/li>\n<li style='margin-bottom: 5px;'><strong>Material:<\/strong> Caja disipadora t\u00e9rmica de aluminio<\/li>\n<li style='margin-bottom: 5px;'><strong>Lente:<\/strong> Policarbonato<\/li>\n<li style='margin-bottom: 5px;'><strong>Dise\u00f1o:<\/strong> Super compacto<\/li>\n<li style='margin-bottom: 5px;'><strong>Soporte:<\/strong> Montaje de acero<\/li>\n<\/ul><\/div>\n<p> <!-- Consumo el\u00e9ctrico --> <\/p>\n<div style='flex: 1 1 300px; min-width: 280px;'>\n<h3 style='font-size: 22px; border-bottom: 2px solid currentColor; padding-bottom: 5px; margin-top: 0; color: inherit; opacity: 0.8;'>Consumo El\u00e9ctrico<\/h3>\n<ul style='padding-left: 20px; font-size: 15px; color: inherit;'>\n<li style='margin-bottom: 5px;'>12V 3.96A<\/li>\n<li style='margin-bottom: 5px;'>24V 4.51A<\/li>\n<\/ul><\/div>\n<p> <!-- Controladores recomendados --> <\/p>\n<div style='flex: 1 1 300px; min-width: 280px;'>\n<h3 style='font-size: 22px; border-bottom: 2px solid currentColor; padding-bottom: 5px; margin-top: 0; color: inherit; opacity: 0.8;'>Controladores recomendados<\/h3>\n<ul style='padding-left: 20px; font-size: 15px; color: inherit;'>\n<li style='margin-bottom: 5px;'>SW99<\/li>\n<li style='margin-bottom: 5px;'>XDKQH01<\/li>\n<li style='margin-bottom: 5px;'>XDKQH02<\/li>\n<\/ul><\/div>\n<\/p><\/div>\n<p> <!-- Separador --> <\/p>\n<hr style='border: 0; border-top: 1px solid rgba(150&comma; 150&comma; 150&comma; 0.3); margin: 30px 0;'> <\/div>\n","protected":false},"excerpt":{"rendered":"<p>Barra de luz de 40 LED , IP67, 40.6&#8243;, 17000 L\u00famenes, 200 Watts, 10-30 Vcc<\/p>\n","protected":false},"featured_media":55028,"comment_status":"open","ping_status":"closed","template":"","meta":[],"product_brand":[],"product_cat":[1386],"product_tag":[1387,1237,1371],"class_list":{"0":"post-55029","1":"product","2":"type-product","3":"status-publish","4":"has-post-thumbnail","6":"product_cat-claro","7":"product_tag-claro","8":"product_tag-epcom-industrial-signaling","9":"product_tag-luces-auxiliares-vehiculares","11":"first","12":"instock","13":"sale","14":"shipping-taxable","15":"purchasable","16":"product-type-simple"},"_links":{"self":[{"href":"https:\/\/soydeaqui.ddns.net\/pachuca\/index.php\/wp-json\/wp\/v2\/product\/55029","targetHints":{"allow":["GET"]}}],"collection":[{"href":"https:\/\/soydeaqui.ddns.net\/pachuca\/index.php\/wp-json\/wp\/v2\/product"}],"about":[{"href":"https:\/\/soydeaqui.ddns.net\/pachuca\/index.php\/wp-json\/wp\/v2\/types\/product"}],"replies":[{"embeddable":true,"href":"https:\/\/soydeaqui.ddns.net\/pachuca\/index.php\/wp-json\/wp\/v2\/comments?post=55029"}],"wp:featuredmedia":[{"embeddable":true,"href":"https:\/\/soydeaqui.ddns.net\/pachuca\/index.php\/wp-json\/wp\/v2\/media\/55028"}],"wp:attachment":[{"href":"https:\/\/soydeaqui.ddns.net\/pachuca\/index.php\/wp-json\/wp\/v2\/media?parent=55029"}],"wp:term":[{"taxonomy":"product_brand","embeddable":true,"href":"https:\/\/soydeaqui.ddns.net\/pachuca\/index.php\/wp-json\/wp\/v2\/product_brand?post=55029"},{"taxonomy":"product_cat","embeddable":true,"href":"https:\/\/soydeaqui.ddns.net\/pachuca\/index.php\/wp-json\/wp\/v2\/product_cat?post=55029"},{"taxonomy":"product_tag","embeddable":true,"href":"https:\/\/soydeaqui.ddns.net\/pachuca\/index.php\/wp-json\/wp\/v2\/product_tag?post=55029"}],"curies":[{"name":"wp","href":"https:\/\/api.w.org\/{rel}","templated":true}]}}