{"id":54995,"date":"2026-03-19T02:38:06","date_gmt":"2026-03-19T02:38:06","guid":{"rendered":"https:\/\/soydeaqui.ddns.net\/pachuca\/index.php\/producto\/rastreador-satelital-personal-con-conexion-a-bluetooth-y-gnss\/"},"modified":"2026-03-19T02:38:20","modified_gmt":"2026-03-19T02:38:20","slug":"rastreador-satelital-personal-con-conexion-a-bluetooth-y-gnss","status":"publish","type":"product","link":"https:\/\/soydeaqui.ddns.net\/pachuca\/index.php\/producto\/rastreador-satelital-personal-con-conexion-a-bluetooth-y-gnss\/","title":{"rendered":"Rastreador Satelital Personal con Conexion a Bluetooth y GNSS"},"content":{"rendered":"<div style='width: 100%; max-width: 1200px; margin: 0 auto; font-family: sans-serif; line-height: 1.6; color: inherit; background-color: transparent;'> <!-- Imagen principal --> <\/p>\n<div style='width: 100%; margin-bottom: 30px;'> <img style='width: 100%; height: auto; border: 1px solid rgba(150&comma;150&comma;150&comma;0.3); border-radius: 8px;' src='https:\/\/ftp3.syscom.mx\/usuarios\/fotos\/GH5200\/208444-teltonika-mobility.com_product_worker-badge-plus__(2).png' alt='Rastreador Satelital Personal GH5200'> <\/div>\n<p> <!-- Descripci\u00f3n general --> <\/p>\n<div style='margin-bottom: 30px;'>\n<h2 style='font-size: 24px; font-weight: bold; text-align: center; margin-top: 0; color: inherit; opacity: 0.9;'> Avanzado Rastreador Personal LTE con Bluetooth&comma; Llamadas en dos v\u00edas y 5 Botones Configurables. <\/h2>\n<p style='font-size: 15px; color: inherit; text-align: justify; margin-top: 20px;'> El Worker BadgePLUS (GH5200) es el dispositivo de rastreo personal m\u00e1s vendido en su tipo. Este rastreador est\u00e1 dise\u00f1ado para quienes tienen actividades en solitario o que requieren ser supervisados de manera indirecta&comma; por ejemplo&comma; empleados de la salud&comma; mantenimiento&comma; trabajadores sociales o sin un horario definido. Este equipo act\u00faa como una soluci\u00f3n para asegurar el distanciamiento social mientras recolecta informaci\u00f3n de los trabajadores y sus labores realizadas. Cuenta con bater\u00eda de larga duraci\u00f3n&comma; comunicaci\u00f3n de voz en dos v\u00edas y en alta calidad para emergencias&comma; cinco botones programables&comma; alertas por hombre ca\u00eddo o con largos periodos de inactividad. <\/p>\n<p style='font-size: 14px; color: inherit; text-align: center; margin-top: 20px; opacity: 0.8;'> <strong>El tiempo de respaldo de la bater\u00eda var\u00eda dependiendo de la programaci\u00f3n.<\/strong> <\/p>\n<\/p><\/div>\n<p> <!-- Secci\u00f3n de caracter\u00edsticas --> <\/p>\n<div style='display: flex; flex-wrap: wrap; gap: 30px; margin-bottom: 30px;'>\n<div style='flex: 1 1 300px; min-width: 280px;'>\n<div style='border: 1px solid rgba(150&comma;150&comma;150&comma;0.3); border-radius: 8px; padding: 15px; margin-bottom: 20px;'>\n<h3 style='font-size: 18px; border-bottom: 2px solid currentColor; padding-bottom: 5px; margin-top: 0; color: inherit; opacity: 0.8;'>Caracter\u00edsticas Principales<\/h3>\n<ul style='padding-left: 20px; font-size: 14px; color: inherit; margin-top: 10px;'>\n<li style='margin-bottom: 8px;'>Antenas GNSS y GSM internas<\/li>\n<li style='margin-bottom: 8px;'>Aceler\u00f3metro<\/li>\n<li style='margin-bottom: 8px;'>Compatible con GPS y GLONASS<\/li>\n<li style='margin-bottom: 8px;'>Bluetooth 4.0 + LE<\/li>\n<li style='margin-bottom: 8px;'>Compatible con EpcomGPS<\/li>\n<li style='margin-bottom: 8px;'>Reporte por tiempo&comma; distancia y giro<\/li>\n<li style='margin-bottom: 8px;'>Configuraci\u00f3n por SMS<\/li>\n<li style='margin-bottom: 8px;'>5 Botones configurables<\/li>\n<li style='margin-bottom: 8px;'>Eventos personalizables<\/li>\n<li style='margin-bottom: 8px;'>Dimensiones: 95 x 64 x 11 mm<\/li>\n<\/ul><\/div>\n<\/p><\/div>\n<div style='flex: 1 1 300px; min-width: 280px;'>\n<div style='border: 1px solid rgba(150&comma;150&comma;150&comma;0.3); border-radius: 8px; padding: 15px; margin-bottom: 20px;'>\n<h3 style='font-size: 18px; border-bottom: 2px solid currentColor; padding-bottom: 5px; margin-top: 0; color: inherit; opacity: 0.8;'>Especificaciones Ambientales<\/h3>\n<ul style='padding-left: 20px; font-size: 14px; color: inherit; margin-top: 10px;'>\n<li style='margin-bottom: 8px;'>Temperatura de operaci\u00f3n: -20 a +60 \u00b0C<\/li>\n<li style='margin-bottom: 8px;'>Temperatura de almacenamiento: -20 a +60 \u00b0C<\/li>\n<li style='margin-bottom: 8px;'>Humedad relativa: 80 % sin condensaci\u00f3n<\/li>\n<\/ul><\/div>\n<div style='border: 1px solid rgba(150&comma;150&comma;150&comma;0.3); border-radius: 8px; padding: 15px;'>\n<h3 style='font-size: 18px; border-bottom: 2px solid currentColor; padding-bottom: 5px; margin-top: 0; color: inherit; opacity: 0.8;'>Especificaciones El\u00e9ctricas<\/h3>\n<ul style='padding-left: 20px; font-size: 14px; color: inherit; margin-top: 10px;'>\n<li style='margin-bottom: 8px;'>Voltaje de carga: 5V CD<\/li>\n<li style='margin-bottom: 8px;'>Bater\u00eda interna: Li-Ion 1050 mAh<\/li>\n<\/ul><\/div>\n<\/p><\/div>\n<\/p><\/div>\n<p> <!-- Separador final --> <\/p>\n<hr style='border: 0; border-top: 1px solid rgba(150&comma;150&comma;150&comma;0.3); margin: 30px 0;'> <\/div>\n","protected":false},"excerpt":{"rendered":"<p>Rastreador Satelital Personal con Conexion a Bluetooth y GNSS<\/p>\n","protected":false},"featured_media":54994,"comment_status":"open","ping_status":"closed","template":"","meta":[],"product_brand":[],"product_cat":[1346,1388],"product_tag":[1350,1349,1430,1389],"class_list":{"0":"post-54995","1":"product","2":"type-product","3":"status-publish","4":"has-post-thumbnail","6":"product_cat-iot","7":"product_cat-trackers-gps","8":"product_tag-gps-y-telematica","9":"product_tag-iot","10":"product_tag-teltonika","11":"product_tag-trackers-gps","13":"first","14":"outofstock","15":"sale","16":"shipping-taxable","17":"purchasable","18":"product-type-simple"},"_links":{"self":[{"href":"https:\/\/soydeaqui.ddns.net\/pachuca\/index.php\/wp-json\/wp\/v2\/product\/54995","targetHints":{"allow":["GET"]}}],"collection":[{"href":"https:\/\/soydeaqui.ddns.net\/pachuca\/index.php\/wp-json\/wp\/v2\/product"}],"about":[{"href":"https:\/\/soydeaqui.ddns.net\/pachuca\/index.php\/wp-json\/wp\/v2\/types\/product"}],"replies":[{"embeddable":true,"href":"https:\/\/soydeaqui.ddns.net\/pachuca\/index.php\/wp-json\/wp\/v2\/comments?post=54995"}],"wp:featuredmedia":[{"embeddable":true,"href":"https:\/\/soydeaqui.ddns.net\/pachuca\/index.php\/wp-json\/wp\/v2\/media\/54994"}],"wp:attachment":[{"href":"https:\/\/soydeaqui.ddns.net\/pachuca\/index.php\/wp-json\/wp\/v2\/media?parent=54995"}],"wp:term":[{"taxonomy":"product_brand","embeddable":true,"href":"https:\/\/soydeaqui.ddns.net\/pachuca\/index.php\/wp-json\/wp\/v2\/product_brand?post=54995"},{"taxonomy":"product_cat","embeddable":true,"href":"https:\/\/soydeaqui.ddns.net\/pachuca\/index.php\/wp-json\/wp\/v2\/product_cat?post=54995"},{"taxonomy":"product_tag","embeddable":true,"href":"https:\/\/soydeaqui.ddns.net\/pachuca\/index.php\/wp-json\/wp\/v2\/product_tag?post=54995"}],"curies":[{"name":"wp","href":"https:\/\/api.w.org\/{rel}","templated":true}]}}