{"id":54990,"date":"2026-03-19T02:37:54","date_gmt":"2026-03-19T02:37:54","guid":{"rendered":"https:\/\/soydeaqui.ddns.net\/pachuca\/index.php\/producto\/localizador-4g-con-carga-solar-semiautonomo-rastreo-de-contenedores-cajas-de-trailer-alarma-de-sabotaje-audible\/"},"modified":"2026-03-19T02:38:01","modified_gmt":"2026-03-19T02:38:01","slug":"localizador-4g-con-carga-solar-semiautonomo-rastreo-de-contenedores-cajas-de-trailer-alarma-de-sabotaje-audible","status":"publish","type":"product","link":"https:\/\/soydeaqui.ddns.net\/pachuca\/index.php\/producto\/localizador-4g-con-carga-solar-semiautonomo-rastreo-de-contenedores-cajas-de-trailer-alarma-de-sabotaje-audible\/","title":{"rendered":"Localizador 4G con carga solar \/ Semiaut\u00f3nomo \/ Rastreo de contenedores \/ Cajas de tr\u00e1iler \/ Alarma de sabotaje audible"},"content":{"rendered":"<div style='width: 100%; max-width: 1200px; margin: 0 auto; font-family: sans-serif; line-height: 1.6; color: inherit; background-color: transparent;'>\n<div style='display: flex; flex-wrap: wrap; gap: 30px; margin-bottom: 30px;'>\n<div style='flex: 1 1 300px; min-width: 280px;'>\n<h3 style='font-size: 22px; border-bottom: 2px solid currentColor; padding-bottom: 5px; margin-top: 0; color: inherit; opacity: 0.8;'>Descripci\u00f3n<\/h3>\n<ul style='padding-left: 20px; font-size: 15px; color: inherit;'>\n<li style='margin-bottom: 5px;'>El LL303 es un rastreador de energ\u00eda solar 4G dise\u00f1ado para la gesti\u00f3n de veh\u00edculos y embarcaciones de construcci\u00f3n.<\/li>\n<li style='margin-bottom: 5px;'>Con el panel solar&comma; el cargador magn\u00e9tico y la clasificaci\u00f3n de impermeabilidad IP67&comma; este dispositivo es ideal para una variedad de implementaciones que requieren un tiempo de espera prolongado y un rendimiento \u00f3ptimo continuo.<\/li>\n<li style='margin-bottom: 5px;'>La comunicaci\u00f3n LTE con respaldo GSM (2G) garantiza una conexi\u00f3n s\u00f3lida en casi todos los casos.<\/li>\n<li style='margin-bottom: 5px;'>Los m\u00faltiples modos de trabajo&comma; los diversos accesorios perif\u00e9ricos y el conjunto de alertas activadas por eventos har\u00e1n del LL303 una parte valiosa de su estrategia de gesti\u00f3n de flotas.<\/li>\n<\/ul><\/div>\n<\/p><\/div>\n<div style='display: flex; flex-wrap: wrap; gap: 30px; margin-bottom: 30px;'>\n<div style='flex: 1 1 300px; min-width: 280px;'>\n<h3 style='font-size: 22px; border-bottom: 2px solid currentColor; padding-bottom: 5px; margin-top: 0; color: inherit; opacity: 0.8;'>Caracter\u00edsticas<\/h3>\n<ul style='padding-left: 20px; font-size: 15px; color: inherit;'>\n<li style='margin-bottom: 5px;'>Solar<\/li>\n<li style='margin-bottom: 5px;'>Bater\u00eda de litio de larga duraci\u00f3n<\/li>\n<li style='margin-bottom: 5px;'>Alerta por manipulaci\u00f3n<\/li>\n<li style='margin-bottom: 5px;'>IP67<\/li>\n<\/ul><\/div>\n<div style='flex: 1 1 300px; min-width: 280px;'>\n<h3 style='font-size: 22px; border-bottom: 2px solid currentColor; padding-bottom: 5px; margin-top: 0; color: inherit; opacity: 0.8;'>Especificaciones<\/h3>\n<ul style='padding-left: 20px; font-size: 15px; color: inherit;'>\n<li style='margin-bottom: 5px;'>Bater\u00eda de pol\u00edmero de litio 10000 mAh \/ 3.7V<\/li>\n<li style='margin-bottom: 5px;'>Dimensiones: 200.0 x 90.0 x 25 mm (Sin la base)<\/li>\n<li style='margin-bottom: 5px;'>Peso: 480g (Sin la base)<\/li>\n<\/ul><\/div>\n<div style='flex: 1 1 300px; min-width: 280px;'>\n<h3 style='font-size: 22px; border-bottom: 2px solid currentColor; padding-bottom: 5px; margin-top: 0; color: inherit; opacity: 0.8;'>Conexi\u00f3n<\/h3>\n<ul style='padding-left: 20px; font-size: 15px; color: inherit;'>\n<li style='margin-bottom: 5px;'><strong>TRACKSOLID<\/strong><\/li>\n<li style='margin-bottom: 5px;'>IP: 47.89.58.215<\/li>\n<li style='margin-bottom: 5px;'>Puerto: 21102<\/li>\n<li style='margin-bottom: 5px;'><strong>EPCOMGPS<\/strong><\/li>\n<li style='margin-bottom: 5px;'>IP: 193.193.165.165<\/li>\n<li style='margin-bottom: 5px;'>Puerto: 22280<\/li>\n<\/ul><\/div>\n<\/p><\/div>\n<div style='display: flex; flex-wrap: wrap; gap: 30px; margin-bottom: 30px;'>\n<div style='flex: 1 1 300px; min-width: 280px;'>\n<h3 style='font-size: 22px; border-bottom: 2px solid currentColor; padding-bottom: 5px; margin-top: 0; color: inherit; opacity: 0.8;'>Notas<\/h3>\n<ul style='padding-left: 20px; font-size: 15px; color: inherit;'>\n<li style='margin-bottom: 5px;'><strong>Nota:<\/strong> Esta versi\u00f3n a\u00fan no cuenta con conexi\u00f3n v\u00eda Bluetooth para accesorios adicionales.<\/li>\n<li style='margin-bottom: 5px;'>Compatible con el NANSIM25GPS<\/li>\n<li style='margin-bottom: 5px;'><strong>NOTA:<\/strong> Para productos Concox no se recomienda el SIM30M2M&comma; MICSIM30M2M<\/li>\n<\/ul><\/div>\n<\/p><\/div>\n<div style='display: flex; flex-wrap: wrap; gap: 30px; margin-bottom: 30px;'>\n<div style='flex: 1 1 300px; min-width: 280px;'>\n<h3 style='font-size: 22px; border-bottom: 2px solid currentColor; padding-bottom: 5px; margin-top: 0; color: inherit; opacity: 0.8;'>Documentaci\u00f3n<\/h3>\n<ul style='padding-left: 20px; font-size: 15px; color: inherit;'>\n<li style='margin-bottom: 5px;'><a href='https:\/\/www.syscom.mx\/singlepage\/concox' style='color: #0070c0; text-decoration: none; font-weight: bold;'>Pagina de ayuda Concox (Dar clic aqui)<\/a><\/li>\n<\/ul><\/div>\n<\/p><\/div>\n<\/p><\/div>\n","protected":false},"excerpt":{"rendered":"<p>Localizador 4G con carga solar \/ Semiaut\u00f3nomo \/ Rastreo de contenedores \/ Cajas de tr\u00e1iler \/ Alarma de sabotaje audible<\/p>\n","protected":false},"featured_media":54989,"comment_status":"open","ping_status":"closed","template":"","meta":[],"product_brand":[],"product_cat":[1346,1388],"product_tag":[1350,1349,1420,1389],"class_list":{"0":"post-54990","1":"product","2":"type-product","3":"status-publish","4":"has-post-thumbnail","6":"product_cat-iot","7":"product_cat-trackers-gps","8":"product_tag-gps-y-telematica","9":"product_tag-iot","10":"product_tag-jimiiot","11":"product_tag-trackers-gps","13":"first","14":"instock","15":"sale","16":"shipping-taxable","17":"purchasable","18":"product-type-simple"},"_links":{"self":[{"href":"https:\/\/soydeaqui.ddns.net\/pachuca\/index.php\/wp-json\/wp\/v2\/product\/54990","targetHints":{"allow":["GET"]}}],"collection":[{"href":"https:\/\/soydeaqui.ddns.net\/pachuca\/index.php\/wp-json\/wp\/v2\/product"}],"about":[{"href":"https:\/\/soydeaqui.ddns.net\/pachuca\/index.php\/wp-json\/wp\/v2\/types\/product"}],"replies":[{"embeddable":true,"href":"https:\/\/soydeaqui.ddns.net\/pachuca\/index.php\/wp-json\/wp\/v2\/comments?post=54990"}],"wp:featuredmedia":[{"embeddable":true,"href":"https:\/\/soydeaqui.ddns.net\/pachuca\/index.php\/wp-json\/wp\/v2\/media\/54989"}],"wp:attachment":[{"href":"https:\/\/soydeaqui.ddns.net\/pachuca\/index.php\/wp-json\/wp\/v2\/media?parent=54990"}],"wp:term":[{"taxonomy":"product_brand","embeddable":true,"href":"https:\/\/soydeaqui.ddns.net\/pachuca\/index.php\/wp-json\/wp\/v2\/product_brand?post=54990"},{"taxonomy":"product_cat","embeddable":true,"href":"https:\/\/soydeaqui.ddns.net\/pachuca\/index.php\/wp-json\/wp\/v2\/product_cat?post=54990"},{"taxonomy":"product_tag","embeddable":true,"href":"https:\/\/soydeaqui.ddns.net\/pachuca\/index.php\/wp-json\/wp\/v2\/product_tag?post=54990"}],"curies":[{"name":"wp","href":"https:\/\/api.w.org\/{rel}","templated":true}]}}