{"id":5495,"date":"2026-03-18T06:32:04","date_gmt":"2026-03-18T06:32:04","guid":{"rendered":"https:\/\/soydeaqui.ddns.net\/pachuca\/index.php\/producto\/bobina-de-152-metros-500-pies-cable-audacious-premium-2-x-14-awg-riser-libre-de-oxigeno-aplicaciones-de-audio-profesional\/"},"modified":"2026-03-18T06:32:06","modified_gmt":"2026-03-18T06:32:06","slug":"bobina-de-152-metros-500-pies-cable-audacious-premium-2-x-14-awg-riser-libre-de-oxigeno-aplicaciones-de-audio-profesional","status":"publish","type":"product","link":"https:\/\/soydeaqui.ddns.net\/pachuca\/index.php\/producto\/bobina-de-152-metros-500-pies-cable-audacious-premium-2-x-14-awg-riser-libre-de-oxigeno-aplicaciones-de-audio-profesional\/","title":{"rendered":"Bobina de 152 Metros (500 Pies) \/ Cable Audacious \/ Premium 2 x 14 AWG \/ Riser \/ Libre de Oxigeno \/ Aplicaciones de Audio Profesional"},"content":{"rendered":"<div style='width: 100%; max-width: 1200px; margin: 0 auto; font-family: sans-serif; line-height: 1.6; color: inherit;'>\n<h2 style='font-size: 24px; margin-top: 0; color: inherit;'><strong>AUDACIOUS\u00ae Premium Audio<\/strong><\/h2>\n<div style='display: flex; flex-wrap: wrap; gap: 30px; margin-bottom: 30px;'>\n<div style='flex: 1 1 300px; min-width: 280px;'>\n<div style='border-left: 5px solid #F52207; border-radius: 5px; padding: 15px; background-color: rgba(245&comma; 34&comma; 7&comma; 0.05);'>\n<h3 style='font-size: 20px; margin-top: 0; margin-bottom: 15px; color: inherit;'><strong>Caracter\u00edsticas:<\/strong><\/h3>\n<ul style='padding-left: 20px; margin: 0; color: inherit;'>\n<li style='margin-bottom: 8px;'>Cable para aplicaciones de audio profesional<\/li>\n<\/ul><\/div>\n<\/p><\/div>\n<div style='flex: 1 1 300px; min-width: 280px;'>\n<div style='border-left: 5px solid #F52207; border-radius: 5px; padding: 15px; background-color: rgba(245&comma; 34&comma; 7&comma; 0.05);'>\n<h3 style='font-size: 20px; margin-top: 0; margin-bottom: 15px; color: inherit;'><strong>Caracter\u00edsticas f\u00edsicas y el\u00e9ctricas:<\/strong><\/h3>\n<ul style='padding-left: 20px; margin: 0; color: inherit;'>\n<li style='margin-bottom: 8px;'><strong>Tipo:<\/strong> Cable (1 par)<\/li>\n<li style='margin-bottom: 8px;'><strong>Conductor:<\/strong> Cobre libre de Ox\u00edgeno<\/li>\n<li style='margin-bottom: 8px;'>Calibre: 14 AWG<\/li>\n<li style='margin-bottom: 8px;'>Di\u00e1metro Exterior: 0.262&#8242;<\/li>\n<li style='margin-bottom: 8px;'>Color interior: Negro&comma; Rojo.<\/li>\n<li style='margin-bottom: 8px;'>Color exterior: Blanco.<\/li>\n<li style='margin-bottom: 8px;'><strong>Temperatura de operaci\u00f3n:<\/strong> -20\u00b0C a 75\u00b0C<\/li>\n<\/ul><\/div>\n<\/p><\/div>\n<div style='flex: 1 1 300px; min-width: 280px;'>\n<div style='border-left: 5px solid #F52207; border-radius: 5px; padding: 15px; background-color: rgba(245&comma; 34&comma; 7&comma; 0.05);'>\n<h3 style='font-size: 20px; margin-top: 0; margin-bottom: 15px; color: inherit;'><strong>Est\u00e1ndares:<\/strong><\/h3>\n<ul style='padding-left: 20px; margin: 0; color: inherit;'>\n<li style='margin-bottom: 8px;'>Clasificaci\u00f3n de llama UL 1666 (Riser)<\/li>\n<li style='margin-bottom: 8px;'>CSA C22.2 N\u00ba 2556 (FT4)<\/li>\n<\/ul><\/div>\n<\/p><\/div>\n<\/p><\/div>\n<div style='margin-top: 20px; color: inherit;'>\n<p style='font-weight: bold; margin: 0; color: inherit;'><span style='line-height: 20.8px;'>* Precio por bobina de 152 metros.<\/span><\/p>\n<\/p><\/div>\n<\/p><\/div>\n","protected":false},"excerpt":{"rendered":"<p>Bobina de 152 Metros (500 Pies) \/ Cable Audacious \/ Premium 2 x 14 AWG \/ Riser \/ Libre de Oxigeno \/ Aplicaciones de Audio Profesional<\/p>\n","protected":false},"featured_media":5494,"comment_status":"open","ping_status":"closed","template":"","meta":[],"product_brand":[],"product_cat":[137],"product_tag":[138,139,62],"class_list":{"0":"post-5495","1":"product","2":"type-product","3":"status-publish","4":"has-post-thumbnail","6":"product_cat-todos-cables","7":"product_tag-cables","8":"product_tag-genesis","9":"product_tag-todos","11":"first","12":"instock","13":"sale","14":"shipping-taxable","15":"purchasable","16":"product-type-simple"},"_links":{"self":[{"href":"https:\/\/soydeaqui.ddns.net\/pachuca\/index.php\/wp-json\/wp\/v2\/product\/5495","targetHints":{"allow":["GET"]}}],"collection":[{"href":"https:\/\/soydeaqui.ddns.net\/pachuca\/index.php\/wp-json\/wp\/v2\/product"}],"about":[{"href":"https:\/\/soydeaqui.ddns.net\/pachuca\/index.php\/wp-json\/wp\/v2\/types\/product"}],"replies":[{"embeddable":true,"href":"https:\/\/soydeaqui.ddns.net\/pachuca\/index.php\/wp-json\/wp\/v2\/comments?post=5495"}],"wp:featuredmedia":[{"embeddable":true,"href":"https:\/\/soydeaqui.ddns.net\/pachuca\/index.php\/wp-json\/wp\/v2\/media\/5494"}],"wp:attachment":[{"href":"https:\/\/soydeaqui.ddns.net\/pachuca\/index.php\/wp-json\/wp\/v2\/media?parent=5495"}],"wp:term":[{"taxonomy":"product_brand","embeddable":true,"href":"https:\/\/soydeaqui.ddns.net\/pachuca\/index.php\/wp-json\/wp\/v2\/product_brand?post=5495"},{"taxonomy":"product_cat","embeddable":true,"href":"https:\/\/soydeaqui.ddns.net\/pachuca\/index.php\/wp-json\/wp\/v2\/product_cat?post=5495"},{"taxonomy":"product_tag","embeddable":true,"href":"https:\/\/soydeaqui.ddns.net\/pachuca\/index.php\/wp-json\/wp\/v2\/product_tag?post=5495"}],"curies":[{"name":"wp","href":"https:\/\/api.w.org\/{rel}","templated":true}]}}