{"id":54886,"date":"2026-03-19T02:34:30","date_gmt":"2026-03-19T02:34:30","guid":{"rendered":"https:\/\/soydeaqui.ddns.net\/pachuca\/index.php\/producto\/rastreador-gps-4g-lte-cat-1-de-super-facil-instalacion-lectura-de-datos-obd-oem-y-conectividad-bluetooth\/"},"modified":"2026-03-19T02:34:30","modified_gmt":"2026-03-19T02:34:30","slug":"rastreador-gps-4g-lte-cat-1-de-super-facil-instalacion-lectura-de-datos-obd-oem-y-conectividad-bluetooth","status":"publish","type":"product","link":"https:\/\/soydeaqui.ddns.net\/pachuca\/index.php\/producto\/rastreador-gps-4g-lte-cat-1-de-super-facil-instalacion-lectura-de-datos-obd-oem-y-conectividad-bluetooth\/","title":{"rendered":"Rastreador (GPS) 4G LTE Cat 1 De Super F\u00e1cil Instalaci\u00f3n, Lectura de Datos OBD OEM y Conectividad Bluetooth"},"content":{"rendered":"<div style='width: 100%; max-width: 1200px; margin: 0 auto; font-family: sans-serif; line-height: 1.6; color: inherit; background-color: transparent;'> <!-- Imagen principal --> <\/p>\n<div style='margin-bottom: 30px;'> <img style='width: 100%; height: auto; border: 1px solid rgba(150&comma;150&comma;150&comma;0.3); border-radius: 8px;' src='https:\/\/ftp3.syscom.mx\/usuarios\/fotos\/FMC003\/207967-translated_image_es_(1).png' alt=''> <\/div>\n<p> <!-- Descripci\u00f3n general --> <\/p>\n<div style='margin-bottom: 30px;'>\n<p style='font-size: 18px; margin-bottom: 15px; color: inherit; opacity: 0.95;'>FMC003 es un peque\u00f1o dispositivo plug and play con cobertura de red 4G LTE CAT 1 que incluye compatibilidad alternativa 2G (GSM).<\/p>\n<p style='font-size: 18px; margin-bottom: 15px; color: inherit; opacity: 0.95;'>La caracter\u00edstica principal de FMC003 es su posibilidad de leer par\u00e1metros OEM (PID) a trav\u00e9s del puerto OBD. Con este dispositivo podr\u00e1s leer datos del od\u00f3metro real y del nivel de combustible real. M\u00e1s a\u00fan&comma; el dispositivo viene con veh\u00edculos compatibles y una lista de datos&comma; por lo que no necesitas adivinar m\u00e1s&comma; ahora sabes qu\u00e9 datos se pueden leer de un veh\u00edculo espec\u00edfico. Es un rastreador perfecto para una amplia gama de casos de uso&comma; incluida la gesti\u00f3n de flotas de veh\u00edculos comerciales ligeros&comma; libro de registro del conductor&comma; seguros telem\u00e1tica (UBI)&comma; alquiler y arrendamiento de veh\u00edculos y otros.<\/p>\n<p style='font-size: 18px; margin-bottom: 15px; color: inherit; opacity: 0.95;'>El dispositivo admite varias funciones de Bluetooth\u00ae LE 4.0&comma; incluidos sensores&comma; balizas&comma; firmware y actualizaci\u00f3n de configuraci\u00f3n a trav\u00e9s de Bluetooth\u00ae que ampl\u00eda su ya rico conjunto de funciones.<\/p>\n<\/p><\/div>\n<p> <!-- Especificaciones t\u00e9cnicas --> <\/p>\n<div style='margin-bottom: 30px;'>\n<h3 style='font-size: 22px; border-bottom: 2px solid currentColor; padding-bottom: 5px; margin-top: 0; color: inherit; opacity: 0.8;'>Especificaciones T\u00e9cnicas<\/h3>\n<p> <!-- Secci\u00f3n Conectividad --> <\/p>\n<div style='margin-top: 20px;'>\n<h4 style='font-size: 18px; color: inherit; margin-top: 15px; margin-bottom: 10px; opacity: 0.85;'>Conectividad<\/h4>\n<ul style='padding-left: 20px; font-size: 15px; color: inherit;'>\n<li style='margin-bottom: 5px;'><strong>Tecnolog\u00eda Celular:<\/strong> LTE Cat 1&comma; 2G (GSM\/GPRS)<\/li>\n<li style='margin-bottom: 5px;'><strong>Bandas 2G:<\/strong> B2\/B3\/B5\/B8<\/li>\n<li style='margin-bottom: 5px;'><strong>Bandas 4G:<\/strong> B1\/B3\/B7\/B8\/B20\/B28&comma; LTE-TDD: B38\/B40\/B41<\/li>\n<\/ul><\/div>\n<p> <!-- Secci\u00f3n Datos y Transferencia --> <\/p>\n<div style='margin-top: 20px;'>\n<h4 style='font-size: 18px; color: inherit; margin-top: 15px; margin-bottom: 10px; opacity: 0.85;'>Datos y Transferencia<\/h4>\n<ul style='padding-left: 20px; font-size: 15px; color: inherit;'>\n<li style='margin-bottom: 5px;'><strong>Transferencia de Datos LTE:<\/strong><\/li>\n<ul style='padding-left: 30px; margin-top: 5px; margin-bottom: 5px;'>\n<li style='margin-bottom: 5px;'>FDD: Max 10Mbps (Descarga)&comma; Max 5Mbps (Carga)<\/li>\n<li style='margin-bottom: 5px;'>TDD: Max 8Mbps (Descarga)&comma; Max 2Mbps (Carga)<\/li>\n<\/ul>\n<li style='margin-bottom: 5px;'><strong>Transferencia de Datos GSM:<\/strong><\/li>\n<ul style='padding-left: 30px; margin-top: 5px; margin-bottom: 5px;'>\n<li style='margin-bottom: 5px;'>GPRS: Max 85.6Kbps (Descarga\/Carga)<\/li>\n<\/ul>\n<li style='margin-bottom: 5px;'><strong>Soporte de Mensajes:<\/strong> SMS (texto\/datos)<\/li>\n<\/ul><\/div>\n<p> <!-- Secci\u00f3n GPS y Localizaci\u00f3n --> <\/p>\n<div style='margin-top: 20px;'>\n<h4 style='font-size: 18px; color: inherit; margin-top: 15px; margin-bottom: 10px; opacity: 0.85;'>GPS y Localizaci\u00f3n<\/h4>\n<ul style='padding-left: 20px; font-size: 15px; color: inherit;'>\n<li style='margin-bottom: 5px;'><strong>Tecnolog\u00eda GNSS:<\/strong> GPS&comma; GLONASS&comma; GALILEO&comma; BEIDOU&comma; SBAS&comma; QZSS&comma; DGPS&comma; AGPS<\/li>\n<li style='margin-bottom: 5px;'><strong>Sensibilidad de Seguimiento:<\/strong> -165 dBM<\/li>\n<li style='margin-bottom: 5px;'><strong>Precisi\u00f3n:<\/strong> < 3 m<\/li>\n<li style='margin-bottom: 5px;'><strong>Tiempos de Inicio:<\/strong><\/li>\n<ul style='padding-left: 30px; margin-top: 5px; margin-bottom: 5px;'>\n<li style='margin-bottom: 5px;'>R\u00e1pido: < 1 s<\/li>\n<li style='margin-bottom: 5px;'>Caliente: < 25 s<\/li>\n<li style='margin-bottom: 5px;'>Fr\u00edo: < 35 s<\/li>\n<\/ul>\n<\/ul><\/div>\n<p> <!-- Secci\u00f3n Alimentaci\u00f3n y Consumo de Energ\u00eda --> <\/p>\n<div style='margin-top: 20px;'>\n<h4 style='font-size: 18px; color: inherit; margin-top: 15px; margin-bottom: 10px; opacity: 0.85;'>Alimentaci\u00f3n y Consumo de Energ\u00eda<\/h4>\n<ul style='padding-left: 20px; font-size: 15px; color: inherit;'>\n<li style='margin-bottom: 5px;'><strong>Voltaje de Entrada:<\/strong> 10 &#8211; 30 V DC con protecci\u00f3n contra sobretensiones<\/li>\n<li style='margin-bottom: 5px;'><strong>Bater\u00eda de Respaldo:<\/strong> 170 mAh Li-Ion&comma; 3.7 V (0.63 Wh)<\/li>\n<li style='margin-bottom: 5px;'><strong>Consumo de Energ\u00eda:<\/strong><\/li>\n<ul style='padding-left: 30px; margin-top: 5px; margin-bottom: 5px;'>\n<li style='margin-bottom: 5px;'>< 3 mA en modo Ultra Deep Sleep<\/li>\n<li style='margin-bottom: 5px;'>< 5 mA en modo Deep Sleep<\/li>\n<li style='margin-bottom: 5px;'>< 16 mA en modo Online Deep Sleep<\/li>\n<li style='margin-bottom: 5px;'>< 18 mA en modo GPS Sleep<\/li>\n<li style='margin-bottom: 5px;'>< 33 mA en condiciones normales<\/li>\n<li style='margin-bottom: 5px;'>Hasta 2A m\u00e1ximo con carga completa<\/li>\n<\/ul>\n<\/ul><\/div>\n<p> <!-- Secci\u00f3n Interfaz y Conectividad --> <\/p>\n<div style='margin-top: 20px;'>\n<h4 style='font-size: 18px; color: inherit; margin-top: 15px; margin-bottom: 10px; opacity: 0.85;'>Interfaz y Conectividad<\/h4>\n<ul style='padding-left: 20px; font-size: 15px; color: inherit;'>\n<li style='margin-bottom: 5px;'><strong>Conexi\u00f3n:<\/strong> OBDII<\/li>\n<li style='margin-bottom: 5px;'><strong>Antena GNSS:<\/strong> Interna de alta ganancia<\/li>\n<li style='margin-bottom: 5px;'><strong>Antena GSM:<\/strong> Interna de alta ganancia<\/li>\n<li style='margin-bottom: 5px;'><strong>Micro-USB:<\/strong> USB 2.0<\/li>\n<li style='margin-bottom: 5px;'><strong>SIM:<\/strong> Micro-SIM<\/li>\n<\/ul><\/div>\n<p> <!-- Secci\u00f3n Funcionalidades y Caracter\u00edsticas --> <\/p>\n<div style='margin-top: 20px;'>\n<h4 style='font-size: 18px; color: inherit; margin-top: 15px; margin-bottom: 10px; opacity: 0.85;'>Funcionalidades y Caracter\u00edsticas<\/h4>\n<ul style='padding-left: 20px; font-size: 15px; color: inherit;'>\n<li style='margin-bottom: 5px;'><strong>Lectura de Datos OBDII:<\/strong> Combustible&comma; od\u00f3metro y hasta 32 par\u00e1metros a bordo del veh\u00edculo.<\/li>\n<li style='margin-bottom: 5px;'><strong>Bluetooth\u00ae Tecnolog\u00eda:<\/strong> 4.0 + LE<\/li>\n<li style='margin-bottom: 5px;'><strong>Sensores Compatibles:<\/strong> Temperatura&comma; humedad&comma; esc\u00e1ner de c\u00f3digo de barras<\/li>\n<li style='margin-bottom: 5px;'><strong>Dimensiones:<\/strong> 67.2 x 49.6 x 25 mm<\/li>\n<li style='margin-bottom: 5px;'><strong>Protocolos:<\/strong> SAE J1850 PWM&comma; SAE J1850 VPW&comma; ISO 9141-2&comma; ISO 14230-4 KWP&comma; ISO 15765-4 CAN<\/li>\n<\/ul><\/div>\n<p> <!-- Secci\u00f3n Ambiente Operativo --> <\/p>\n<div style='margin-top: 20px;'>\n<h4 style='font-size: 18px; color: inherit; margin-top: 15px; margin-bottom: 10px; opacity: 0.85;'>Ambiente Operativo<\/h4>\n<ul style='padding-left: 20px; font-size: 15px; color: inherit;'>\n<li style='margin-bottom: 5px;'><strong>Temperatura de Operaci\u00f3n (sin bater\u00eda):<\/strong> -40 \u00b0C a +85 \u00b0C<\/li>\n<li style='margin-bottom: 5px;'><strong>Temperatura de Almacenamiento (sin bater\u00eda):<\/strong> -40 \u00b0C a +85 \u00b0C<\/li>\n<li style='margin-bottom: 5px;'><strong>Humedad de Operaci\u00f3n:<\/strong> 5% a 95% sin condensaci\u00f3n<\/li>\n<li style='margin-bottom: 5px;'><strong>Clasificaci\u00f3n IP:<\/strong> IP41<\/li>\n<li style='margin-bottom: 5px;'><strong>Rango de Temperatura de la Bater\u00eda:<\/strong><\/li>\n<ul style='padding-left: 30px; margin-top: 5px; margin-bottom: 5px;'>\n<li style='margin-bottom: 5px;'>Carga: +10 \u00b0C a +45 \u00b0C<\/li>\n<li style='margin-bottom: 5px;'>Descarga: -20 \u00b0C a +60 \u00b0C<\/li>\n<li style='margin-bottom: 5px;'>Almacenamiento: -20 \u00b0C a +45 \u00b0C por 1 mes&comma; -20 \u00b0C a +35 \u00b0C por 6 meses<\/li>\n<\/ul>\n<\/ul><\/div>\n<p> <!-- Secci\u00f3n Caracter\u00edsticas Adicionales --> <\/p>\n<div style='margin-top: 20px;'>\n<h4 style='font-size: 18px; color: inherit; margin-top: 15px; margin-bottom: 10px; opacity: 0.85;'>Caracter\u00edsticas Adicionales<\/h4>\n<ul style='padding-left: 20px; font-size: 15px; color: inherit;'>\n<li style='margin-bottom: 5px;'><strong>Detecci\u00f3n:<\/strong> Exceso de velocidad&comma; detecci\u00f3n de jammer&comma; detecci\u00f3n de arrastre&comma; geocerca&comma; etc.<\/li>\n<li style='margin-bottom: 5px;'><strong>Modos de Dormir:<\/strong> GPS Sleep&comma; Online Deep Sleep&comma; Deep Sleep&comma; Ultra Deep Sleep<\/li>\n<li style='margin-bottom: 5px;'><strong>Actualizaci\u00f3n de Firmware y Configuraci\u00f3n:<\/strong> FOTA Web&comma; USB&comma; Bluetooth\u00ae&comma; SMS<\/li>\n<\/ul><\/div>\n<p> <!-- Secci\u00f3n Accesorios no incluidos --> <\/p>\n<div style='margin-top: 20px;'>\n<h4 style='font-size: 18px; color: inherit; margin-top: 15px; margin-bottom: 10px; opacity: 0.85;'>Accesorios no incluidos<\/h4>\n<ul style='padding-left: 20px; font-size: 15px; color: inherit;'>\n<li style='margin-bottom: 5px;'>Cable de programaci\u00f3n (60146)<\/li>\n<\/ul><\/div>\n<p> <!-- Secci\u00f3n Requisitos de funcionamiento --> <\/p>\n<div style='margin-top: 20px;'>\n<h4 style='font-size: 18px; color: inherit; margin-top: 15px; margin-bottom: 10px; opacity: 0.85;'>\u00bfQu\u00e9 necesita para el funcionamiento?<\/h4>\n<ul style='padding-left: 20px; font-size: 15px; color: inherit;'>\n<li style='margin-bottom: 5px;'>Plataforma EPCOMGPSCODE o EPCOMGPS<\/li>\n<li style='margin-bottom: 5px;'>SIM500MB2Y&comma; SIM600MB1Y&comma; MICROSIM30M2M y MICSIM25GPS<\/li>\n<\/ul><\/div>\n<\/p><\/div>\n<p> <!-- Im\u00e1genes adicionales --> <\/p>\n<div style='display: flex; flex-wrap: wrap; gap: 20px; margin-top: 30px;'>\n<div style='flex: 1 1 300px; min-width: 280px;'> <img style='width: 100%; height: auto; border: 1px solid rgba(150&comma;150&comma;150&comma;0.3); border-radius: 8px;' src='https:\/\/ftp3.syscom.mx\/usuarios\/fotos\/FMC003\/207967-ghgffgfg.png' alt=''> <\/div>\n<div style='flex: 1 1 300px; min-width: 280px;'> <img style='width: 100%; height: auto; border: 1px solid rgba(150&comma;150&comma;150&comma;0.3); border-radius: 8px;' src='https:\/\/ftp3.syscom.mx\/usuarios\/fotos\/FMC003\/207967-vfvdfvdf.png' alt=''> <\/div>\n<div style='flex: 1 1 300px; min-width: 280px;'> <img style='width: 100%; height: auto; border: 1px solid rgba(150&comma;150&comma;150&comma;0.3); border-radius: 8px;' src='https:\/\/ftp3.syscom.mx\/usuarios\/fotos\/FMC003\/207967-dfdfvdf.png' alt=''> <\/div>\n<div style='flex: 1 1 300px; min-width: 280px;'> <img style='width: 100%; height: auto; border: 1px solid rgba(150&comma;150&comma;150&comma;0.3); border-radius: 8px;' src='https:\/\/ftp3.syscom.mx\/usuarios\/fotos\/FMC003\/207967-axasxsxcsd.png' alt=''> <\/div>\n<div style='flex: 1 1 300px; min-width: 280px;'> <img style='width: 100%; height: auto; border: 1px solid rgba(150&comma;150&comma;150&comma;0.3); border-radius: 8px;' src='https:\/\/ftp3.syscom.mx\/usuarios\/fotos\/FMC003\/207967-defdsds.png' alt=''> <\/div>\n<\/p><\/div>\n<p> <!-- Video --> <\/p>\n<div style='margin-top: 30px;'>\n<div style='position: relative; padding-bottom: 56.25%; height: 0; overflow: hidden; margin-bottom: 30px;'>   <\/div>\n<\/p><\/div>\n<p> <!-- Nota final --> <\/p>\n<div style='margin-top: 30px;'>\n<p style='font-size: 15px; color: inherit; opacity: 0.9;'>El FMC003 de Teltonika ofrece soluciones avanzadas y confiables para la gesti\u00f3n de flotas&comma; telem\u00e1tica de seguros y m\u00e1s. Con sus m\u00faltiples caracter\u00edsticas y f\u00e1cil instalaci\u00f3n&comma; es una opci\u00f3n l\u00edder en el mercado de rastreo vehicular.<\/p>\n<\/p><\/div>\n<\/p><\/div>\n","protected":false},"excerpt":{"rendered":"<p>Rastreador (GPS) 4G LTE Cat 1 De Super F\u00e1cil Instalaci\u00f3n, Lectura de Datos OBD OEM y Conectividad Bluetooth<\/p>\n","protected":false},"featured_media":54885,"comment_status":"open","ping_status":"closed","template":"","meta":[],"product_brand":[],"product_cat":[1346,1388],"product_tag":[1350,1349,1430,1389],"class_list":{"0":"post-54886","1":"product","2":"type-product","3":"status-publish","4":"has-post-thumbnail","6":"product_cat-iot","7":"product_cat-trackers-gps","8":"product_tag-gps-y-telematica","9":"product_tag-iot","10":"product_tag-teltonika","11":"product_tag-trackers-gps","13":"first","14":"instock","15":"sale","16":"shipping-taxable","17":"purchasable","18":"product-type-simple"},"_links":{"self":[{"href":"https:\/\/soydeaqui.ddns.net\/pachuca\/index.php\/wp-json\/wp\/v2\/product\/54886","targetHints":{"allow":["GET"]}}],"collection":[{"href":"https:\/\/soydeaqui.ddns.net\/pachuca\/index.php\/wp-json\/wp\/v2\/product"}],"about":[{"href":"https:\/\/soydeaqui.ddns.net\/pachuca\/index.php\/wp-json\/wp\/v2\/types\/product"}],"replies":[{"embeddable":true,"href":"https:\/\/soydeaqui.ddns.net\/pachuca\/index.php\/wp-json\/wp\/v2\/comments?post=54886"}],"wp:featuredmedia":[{"embeddable":true,"href":"https:\/\/soydeaqui.ddns.net\/pachuca\/index.php\/wp-json\/wp\/v2\/media\/54885"}],"wp:attachment":[{"href":"https:\/\/soydeaqui.ddns.net\/pachuca\/index.php\/wp-json\/wp\/v2\/media?parent=54886"}],"wp:term":[{"taxonomy":"product_brand","embeddable":true,"href":"https:\/\/soydeaqui.ddns.net\/pachuca\/index.php\/wp-json\/wp\/v2\/product_brand?post=54886"},{"taxonomy":"product_cat","embeddable":true,"href":"https:\/\/soydeaqui.ddns.net\/pachuca\/index.php\/wp-json\/wp\/v2\/product_cat?post=54886"},{"taxonomy":"product_tag","embeddable":true,"href":"https:\/\/soydeaqui.ddns.net\/pachuca\/index.php\/wp-json\/wp\/v2\/product_tag?post=54886"}],"curies":[{"name":"wp","href":"https:\/\/api.w.org\/{rel}","templated":true}]}}