{"id":54880,"date":"2026-03-19T02:34:20","date_gmt":"2026-03-19T02:34:20","guid":{"rendered":"https:\/\/soydeaqui.ddns.net\/pachuca\/index.php\/producto\/rastreador-gps-4g-lte-cat1-deteccion-de-manipulacion-bluetooth-le-bateria-2200mah-ip68\/"},"modified":"2026-03-19T02:34:21","modified_gmt":"2026-03-19T02:34:21","slug":"rastreador-gps-4g-lte-cat1-deteccion-de-manipulacion-bluetooth-le-bateria-2200mah-ip68","status":"publish","type":"product","link":"https:\/\/soydeaqui.ddns.net\/pachuca\/index.php\/producto\/rastreador-gps-4g-lte-cat1-deteccion-de-manipulacion-bluetooth-le-bateria-2200mah-ip68\/","title":{"rendered":"Rastreador GPS  \/ 4G LTE CAT1 \/ Detecci\u00f3n de Manipulaci\u00f3n \/ Bluetooth LE \/ Bater\u00eda 2200mAh \/ IP68 \/"},"content":{"rendered":"<div style='width: 100%; max-width: 1200px; margin: 0 auto; font-family: sans-serif; line-height: 1.6; color: inherit; background-color: transparent;'> <!-- Imagen principal --> <\/p>\n<div style='margin-bottom: 30px;'> <img style='width: 100%; height: auto; border: 1px solid rgba(150&comma;150&comma;150&comma;0.3); border-radius: 8px;' src='https:\/\/ftp3.syscom.mx\/usuarios\/fotos\/TAT240\/241658-ddd.png' alt='Rastreador GPS TAT240'> <\/div>\n<p> <!-- Descripci\u00f3n general --> <\/p>\n<div style='margin-bottom: 30px;'>\n<p style='font-size: 15px; color: inherit;'>El TAT240 es un rastreador de activos robusto y seguro&comma; dise\u00f1ado para proteger contenedores&comma; remolques y equipos valiosos contra robos. Con tecnolog\u00eda 4G LTE CAT1 y respaldo 3G\/2G&comma; ofrece conectividad confiable en cualquier lugar. Su funci\u00f3n de detecci\u00f3n de manipulaci\u00f3n y montaje magn\u00e9tico lo hacen ideal para aplicaciones en exteriores. Adem\u00e1s&comma; cuenta con GNSS multiconstelaci\u00f3n para un posicionamiento preciso y Bluetooth LE para la integraci\u00f3n con sensores externos.<\/p>\n<\/p><\/div>\n<p> <!-- Caracter\u00edsticas Principales --> <\/p>\n<div style='margin-bottom: 30px;'>\n<h3 style='font-size: 22px; border-bottom: 2px solid currentColor; padding-bottom: 5px; margin-top: 0; color: inherit; opacity: 0.8;'>Caracter\u00edsticas Principales<\/h3>\n<ul style='padding-left: 20px; font-size: 15px; color: inherit;'>\n<li style='margin-bottom: 5px;'>Detecci\u00f3n de manipulaci\u00f3n mediante tecnolog\u00eda magn\u00e9tica<\/li>\n<li style='margin-bottom: 5px;'>Conectividad 4G LTE CAT1 con respaldo 3G\/2G<\/li>\n<li style='margin-bottom: 5px;'>GNSS multiconstelaci\u00f3n (GPS&comma; GLONASS&comma; Galileo&comma; BeiDou)<\/li>\n<li style='margin-bottom: 5px;'>Bluetooth LE para integraci\u00f3n con sensores externos<\/li>\n<li style='margin-bottom: 5px;'>Bater\u00eda de 2200mAh no recargable con baja autodescarga<\/li>\n<li style='margin-bottom: 5px;'>Protecci\u00f3n IP68 contra agua y polvo<\/li>\n<li style='margin-bottom: 5px;'>Montaje magn\u00e9tico f\u00e1cil y seguro<\/li>\n<\/ul><\/div>\n<p> <!-- Especificaciones T\u00e9cnicas --> <\/p>\n<div style='display: flex; flex-wrap: wrap; gap: 20px; margin-bottom: 30px;'>\n<div style='flex: 1 1 250px; border: 1px solid rgba(150&comma; 150&comma; 150&comma; 0.4); border-radius: 8px; overflow: hidden; display: flex; flex-direction: column;'>\n<div style='padding: 15px; border-bottom: 1px solid rgba(150&comma; 150&comma; 150&comma; 0.2); font-weight: bold; font-size: 18px; color: inherit;'>Detalles T\u00e9cnicos<\/div>\n<div style='padding: 15px; color: inherit;'>\n<ul style='padding-left: 20px; margin: 0; font-size: 14px; list-style-type: disc;'>\n<li style='margin-bottom: 5px;'><strong>Dimensiones:<\/strong> 78 x 63 x 28 mm<\/li>\n<li style='margin-bottom: 5px;'><strong>Peso:<\/strong> 115g (con bater\u00eda)<\/li>\n<li style='margin-bottom: 5px;'><strong>Temperatura de operaci\u00f3n:<\/strong> -35\u00b0C a +75\u00b0C<\/li>\n<li style='margin-bottom: 5px;'><strong>Memoria interna:<\/strong> 128MB<\/li>\n<li style='margin-bottom: 5px;'><strong>Bater\u00eda:<\/strong> 2200mAh Li-SOCl2&comma; 7.2V<\/li>\n<\/ul><\/div>\n<\/p><\/div>\n<div style='flex: 1 1 250px; border: 1px solid rgba(150&comma; 150&comma; 150&comma; 0.4); border-radius: 8px; overflow: hidden; display: flex; flex-direction: column;'>\n<div style='padding: 15px; border-bottom: 1px solid rgba(150&comma; 150&comma; 150&comma; 0.2); font-weight: bold; font-size: 18px; color: inherit;'>Interfaces y Conectividad<\/div>\n<div style='padding: 15px; color: inherit;'>\n<ul style='padding-left: 20px; margin: 0; font-size: 14px; list-style-type: disc;'>\n<li style='margin-bottom: 5px;'><strong>GNSS:<\/strong> GPS&comma; GLONASS&comma; Galileo&comma; BeiDou<\/li>\n<li style='margin-bottom: 5px;'><strong>Bluetooth:<\/strong> 4.0 + LE<\/li>\n<li style='margin-bottom: 5px;'><strong>USB:<\/strong> Micro-USB 2.0<\/li>\n<li style='margin-bottom: 5px;'><strong>SIM:<\/strong> Micro-SIM<\/li>\n<li style='margin-bottom: 5px;'><strong>Protocolos:<\/strong> TCP&comma; UDP&comma; TLS&comma; EGTS&comma; MQTT<\/li>\n<\/ul><\/div>\n<\/p><\/div>\n<div style='flex: 1 1 250px; border: 1px solid rgba(150&comma; 150&comma; 150&comma; 0.4); border-radius: 8px; overflow: hidden; display: flex; flex-direction: column;'>\n<div style='padding: 15px; border-bottom: 1px solid rgba(150&comma; 150&comma; 150&comma; 0.2); font-weight: bold; font-size: 18px; color: inherit;'>Bandas Celulares<\/div>\n<div style='padding: 15px; color: inherit;'>\n<p style='margin-top: 0; margin-bottom: 10px; font-weight: bold;'>2G bands:<\/p>\n<ul style='padding-left: 20px; margin: 0 0 15px; font-size: 14px; list-style-type: disc;'>\n<li style='margin-bottom: 5px;'>TAT240-QJIB0: EG915U-EU GSM: B2\/B3\/B5\/B8<\/li>\n<li style='margin-bottom: 5px;'>TAT240-QKIB0: EG915U-LA GSM: B2\/B3\/B5\/B8<\/li>\n<\/ul>\n<p style='margin-top: 0; margin-bottom: 10px; font-weight: bold;'>4G LTE bands:<\/p>\n<ul style='padding-left: 20px; margin: 0; font-size: 14px; list-style-type: disc;'>\n<li style='margin-bottom: 5px;'>TAT240-QJIB0: EG915U-EU LTE-FDD: B1\/B3\/B5\/B7\/B8\/B20\/B28<\/li>\n<li style='margin-bottom: 5px;'>TAT240-QKIB0: EG915U-LA LTE-FDD: B2\/B3\/B4\/B5\/B7\/B8\/B28\/B66<\/li>\n<\/ul><\/div>\n<\/p><\/div>\n<\/p><\/div>\n<p> <!-- Im\u00e1genes adicionales --> <\/p>\n<div style='display: flex; flex-wrap: wrap; gap: 15px; margin-bottom: 30px;'>\n<div style='flex: 1 1 300px; min-width: 280px;'> <img style='width: 100%; height: auto; border: 1px solid rgba(150&comma;150&comma;150&comma;0.3); border-radius: 8px;' src='https:\/\/ftp3.syscom.mx\/usuarios\/fotos\/TAT240\/241658-captura_de_pantalla_2025-06-18_090625.png' alt='Captura de pantalla 1'> <\/div>\n<div style='flex: 1 1 300px; min-width: 280px;'> <img style='width: 100%; height: auto; border: 1px solid rgba(150&comma;150&comma;150&comma;0.3); border-radius: 8px;' src='https:\/\/ftp3.syscom.mx\/usuarios\/fotos\/TAT240\/241658-captura_de_pantalla_2025-06-18_090706.png' alt='Captura de pantalla 2'> <\/div>\n<div style='flex: 1 1 300px; min-width: 280px;'> <img style='width: 100%; height: auto; border: 1px solid rgba(150&comma;150&comma;150&comma;0.3); border-radius: 8px;' src='https:\/\/ftp3.syscom.mx\/usuarios\/fotos\/TAT240\/241658-captura_de_pantalla_2025-06-18_090654.png' alt='Captura de pantalla 3'> <\/div>\n<div style='flex: 1 1 300px; min-width: 280px;'> <img style='width: 100%; height: auto; border: 1px solid rgba(150&comma;150&comma;150&comma;0.3); border-radius: 8px;' src='https:\/\/ftp3.syscom.mx\/usuarios\/fotos\/TAT240\/241658-captura_de_pantalla_2025-06-18_090641.png' alt='Captura de pantalla 4'> <\/div>\n<\/p><\/div>\n<p> <!-- Video --> <\/p>\n<div style='margin-bottom: 30px;'>\n<div style='position: relative; padding-bottom: 56.25%; height: 0; overflow: hidden;'>   <\/div>\n<\/p><\/div>\n<\/p><\/div>\n","protected":false},"excerpt":{"rendered":"<p>Rastreador GPS  \/ 4G LTE CAT1 \/ Detecci\u00f3n de Manipulaci\u00f3n \/ Bluetooth LE \/ Bater\u00eda 2200mAh \/ IP68 \/<\/p>\n","protected":false},"featured_media":54879,"comment_status":"open","ping_status":"closed","template":"","meta":[],"product_brand":[],"product_cat":[1346,1388],"product_tag":[1350,1349,1430,1389],"class_list":{"0":"post-54880","1":"product","2":"type-product","3":"status-publish","4":"has-post-thumbnail","6":"product_cat-iot","7":"product_cat-trackers-gps","8":"product_tag-gps-y-telematica","9":"product_tag-iot","10":"product_tag-teltonika","11":"product_tag-trackers-gps","13":"first","14":"outofstock","15":"sale","16":"shipping-taxable","17":"purchasable","18":"product-type-simple"},"_links":{"self":[{"href":"https:\/\/soydeaqui.ddns.net\/pachuca\/index.php\/wp-json\/wp\/v2\/product\/54880","targetHints":{"allow":["GET"]}}],"collection":[{"href":"https:\/\/soydeaqui.ddns.net\/pachuca\/index.php\/wp-json\/wp\/v2\/product"}],"about":[{"href":"https:\/\/soydeaqui.ddns.net\/pachuca\/index.php\/wp-json\/wp\/v2\/types\/product"}],"replies":[{"embeddable":true,"href":"https:\/\/soydeaqui.ddns.net\/pachuca\/index.php\/wp-json\/wp\/v2\/comments?post=54880"}],"wp:featuredmedia":[{"embeddable":true,"href":"https:\/\/soydeaqui.ddns.net\/pachuca\/index.php\/wp-json\/wp\/v2\/media\/54879"}],"wp:attachment":[{"href":"https:\/\/soydeaqui.ddns.net\/pachuca\/index.php\/wp-json\/wp\/v2\/media?parent=54880"}],"wp:term":[{"taxonomy":"product_brand","embeddable":true,"href":"https:\/\/soydeaqui.ddns.net\/pachuca\/index.php\/wp-json\/wp\/v2\/product_brand?post=54880"},{"taxonomy":"product_cat","embeddable":true,"href":"https:\/\/soydeaqui.ddns.net\/pachuca\/index.php\/wp-json\/wp\/v2\/product_cat?post=54880"},{"taxonomy":"product_tag","embeddable":true,"href":"https:\/\/soydeaqui.ddns.net\/pachuca\/index.php\/wp-json\/wp\/v2\/product_tag?post=54880"}],"curies":[{"name":"wp","href":"https:\/\/api.w.org\/{rel}","templated":true}]}}