{"id":54878,"date":"2026-03-19T02:34:17","date_gmt":"2026-03-19T02:34:17","guid":{"rendered":"https:\/\/soydeaqui.ddns.net\/pachuca\/index.php\/producto\/rastreador-vehicular-gps-4g-lte-ideal-para-motocicletas-ip67-bloqueo-de-motor-remoto-salidas-y-entradas-digitales-sin-audio\/"},"modified":"2026-03-19T02:34:18","modified_gmt":"2026-03-19T02:34:18","slug":"rastreador-vehicular-gps-4g-lte-ideal-para-motocicletas-ip67-bloqueo-de-motor-remoto-salidas-y-entradas-digitales-sin-audio","status":"publish","type":"product","link":"https:\/\/soydeaqui.ddns.net\/pachuca\/index.php\/producto\/rastreador-vehicular-gps-4g-lte-ideal-para-motocicletas-ip67-bloqueo-de-motor-remoto-salidas-y-entradas-digitales-sin-audio\/","title":{"rendered":"Rastreador Vehicular (GPS) 4G LTE \/Ideal Para Motocicletas \/ IP67 \/ Bloqueo de Motor Remoto \/ Salidas y Entradas Digitales\/ Sin audio"},"content":{"rendered":"<div style='width: 100%; max-width: 1200px; margin: 0 auto; font-family: sans-serif; line-height: 1.6; color: inherit; background-color: transparent;'> <!-- Imagen principal --> <\/p>\n<div style='width: 100%; margin-bottom: 30px;'> <img style='width: 100%; height: auto; border: 1px solid rgba(150&comma;150&comma;150&comma;0.3); border-radius: 8px; display: block;' src='https:\/\/ftp3.syscom.mx\/usuarios\/fotos\/T399LSA\/241531-sin_audio.png' alt=''> <\/div>\n<p> <!-- Descripci\u00f3n principal --> <\/p>\n<div style='margin-bottom: 30px; font-size: 15px; color: inherit;'>\n<p>El <strong>T399L de Meitrack<\/strong> es el rastreador vehicular 4G LTE de mayor rendimiento&comma; dise\u00f1ado para ofrecer soluciones avanzadas de seguimiento en cualquier entorno. Con una carcasa robusta capaz de resistir las condiciones m\u00e1s adversas&comma; este rastreador vehicular aporta flexibilidad y precisi\u00f3n en la gesti\u00f3n de flotas y veh\u00edculos especiales&comma; tales como camiones de cadena de fr\u00edo&comma; veh\u00edculo todo terreno&comma; camiones de bomberos y yates.<\/p>\n<\/p><\/div>\n<p> <!-- Caracter\u00edsticas destacadas --> <\/p>\n<div style='margin-bottom: 30px;'>\n<h3 style='font-size: 22px; border-bottom: 2px solid currentColor; padding-bottom: 5px; margin-top: 0; color: inherit; opacity: 0.8;'>Caracter\u00edsticas Destacadas<\/h3>\n<ul style='padding-left: 20px; font-size: 15px; color: inherit;'>\n<li style='margin-bottom: 5px;'><strong>Alta Flexibilidad de Configuraci\u00f3n:<\/strong> Se adapta a una amplia variedad de requisitos operativos.<\/li>\n<li style='margin-bottom: 5px;'><strong>Detecci\u00f3n Avanzada del Comportamiento del Conductor:<\/strong> Monitorea fatiga&comma; ralent\u00ed&comma; aceleraciones y frenadas bruscas&comma; giros bruscos y colisiones.<\/li>\n<\/ul><\/div>\n<p> <!-- Especificaciones t\u00e9cnicas --> <\/p>\n<div style='margin-bottom: 30px;'>\n<h3 style='font-size: 22px; border-bottom: 2px solid currentColor; padding-bottom: 5px; margin-top: 0; color: inherit; opacity: 0.8;'>Especificaciones T\u00e9cnicas<\/h3>\n<p> <!-- Alimentaci\u00f3n --> <\/p>\n<div style='margin-bottom: 20px;'>\n<h4 style='font-size: 18px; margin-top: 15px; margin-bottom: 10px; color: inherit;'>Alimentaci\u00f3n<\/h4>\n<ul style='padding-left: 20px; font-size: 14px; color: inherit;'>\n<li style='margin-bottom: 5px;'><strong>Voltaje:<\/strong> DC 11.4\u201390V\/1.5 A<\/li>\n<li style='margin-bottom: 5px;'><strong>Bater\u00eda Interna:<\/strong> 400 mAh (resistencia normal: -20\u00b0C a 60\u00b0C)<\/li>\n<li style='margin-bottom: 5px;'><strong>Consumo de Corriente en Modo Reposo:<\/strong> 65 mA<\/li>\n<\/ul><\/div>\n<p> <!-- Entorno operativo y certificaciones --> <\/p>\n<div style='margin-bottom: 20px;'>\n<h4 style='font-size: 18px; margin-top: 15px; margin-bottom: 10px; color: inherit;'>Entorno Operativo y Certificaciones<\/h4>\n<ul style='padding-left: 20px; font-size: 14px; color: inherit;'>\n<li style='margin-bottom: 5px;'><strong>Rango de Temperatura:<\/strong> -35\u00b0C a 80\u00b0C (sin bater\u00eda)<\/li>\n<li style='margin-bottom: 5px;'><strong>Rango de Temperatura:<\/strong> -5\u00b0C a 75\u00b0C (con bater\u00eda resistente a altas temperaturas)<\/li>\n<li style='margin-bottom: 5px;'><strong>Humedad de Operaci\u00f3n:<\/strong> 5% a 95%<\/li>\n<\/ul><\/div>\n<p> <!-- Indicadores --> <\/p>\n<div style='margin-bottom: 20px;'>\n<h4 style='font-size: 18px; margin-top: 15px; margin-bottom: 10px; color: inherit;'>Indicadores<\/h4>\n<ul style='padding-left: 20px; font-size: 14px; color: inherit;'>\n<li style='margin-bottom: 5px;'><strong>Verde:<\/strong> Se\u00f1al de red<\/li>\n<li style='margin-bottom: 5px;'><strong>Azul:<\/strong> Se\u00f1al GPS<\/li>\n<\/ul><\/div>\n<p> <!-- Transferencia de datos --> <\/p>\n<div style='margin-bottom: 20px;'>\n<h4 style='font-size: 18px; margin-top: 15px; margin-bottom: 10px; color: inherit;'>Transferencia de Datos<\/h4>\n<ul style='padding-left: 20px; font-size: 14px; color: inherit;'>\n<li style='margin-bottom: 5px;'><strong>FDD_LTE:<\/strong> B1\/B2\/B3\/B4\/B5\/B7\/B8\/B12\/B13\/B18\/B19\/B20\/B25\/B26\/B28<\/li>\n<li style='margin-bottom: 5px;'><strong>TDD_LTE:<\/strong> B38\/B39\/B40\/B41<\/li>\n<li style='margin-bottom: 5px;'><strong>WCDMA:<\/strong> B1\/B2\/B4\/B5\/B6\/B8\/B19<\/li>\n<li style='margin-bottom: 5px;'><strong>GSM:<\/strong> 850\/900\/1800\/1900 MHz<\/li>\n<li style='margin-bottom: 5px;'><strong>Sensor:<\/strong> Aceler\u00f3metro de 3 ejes<\/li>\n<li style='margin-bottom: 5px;'><strong>Sensibilidad GPS:<\/strong> -167 dB<\/li>\n<li style='margin-bottom: 5px;'><strong>Precisi\u00f3n de Posicionamiento GNSS:<\/strong> 2.5m<\/li>\n<\/ul><\/div>\n<p> <!-- Interfaz y conectividad --> <\/p>\n<div style='margin-bottom: 20px;'>\n<h4 style='font-size: 18px; margin-top: 15px; margin-bottom: 10px; color: inherit;'>Interfaz y Conectividad<\/h4>\n<ul style='padding-left: 20px; font-size: 14px; color: inherit;'>\n<li style='margin-bottom: 5px;'><strong>Memoria:<\/strong> Buffer de 8 MB<\/li>\n<li style='margin-bottom: 5px;'><strong>Antena:<\/strong> GPS\/GSM Integrada<\/li>\n<li style='margin-bottom: 5px;'><strong>Peso:<\/strong> 100 g<\/li>\n<li style='margin-bottom: 5px;'><strong>Dimensiones:<\/strong> 80.5 mm x 60 mm x 23.5 mm<\/li>\n<li style='margin-bottom: 5px;'><strong>Longitud del Cable de Conexiones:<\/strong> 50 cm<\/li>\n<\/ul><\/div>\n<p> <!-- Botones --> <\/p>\n<div style='margin-bottom: 20px;'>\n<h4 style='font-size: 18px; margin-top: 15px; margin-bottom: 10px; color: inherit;'>Botones<\/h4>\n<ul style='padding-left: 20px; font-size: 14px; color: inherit;'>\n<li style='margin-bottom: 5px;'><strong>Bot\u00f3n de Actualizaci\u00f3n:<\/strong> Para actualizar el firmware manualmente<\/li>\n<li style='margin-bottom: 5px;'><strong>Bot\u00f3n de Encendido<\/strong><\/li>\n<\/ul><\/div>\n<p> <!-- SIM --> <\/p>\n<div style='margin-bottom: 20px;'>\n<h4 style='font-size: 18px; margin-top: 15px; margin-bottom: 10px; color: inherit;'>SIM<\/h4>\n<ul style='padding-left: 20px; font-size: 14px; color: inherit;'>\n<li style='margin-bottom: 5px;'><strong>Tama\u00f1o:<\/strong> Nano<\/li>\n<\/ul><\/div>\n<p> <!-- Accesorios --> <\/p>\n<div style='margin-bottom: 20px;'>\n<h4 style='font-size: 18px; margin-top: 15px; margin-bottom: 10px; color: inherit;'>Accesorios<\/h4>\n<div style='margin-left: 20px;'> <!-- Accesorios no incluidos --> <\/p>\n<div style='margin-bottom: 15px;'>\n<h5 style='font-size: 16px; margin-top: 10px; margin-bottom: 8px; color: inherit;'>No Incluidos<\/h5>\n<ul style='padding-left: 20px; font-size: 14px; color: inherit;'>\n<li style='margin-bottom: 5px;'>Cable de programaci\u00f3n (60146)<\/li>\n<li style='margin-bottom: 5px;'>Relevador para paro de motor (12vrelay)<\/li>\n<li style='margin-bottom: 5px;'>Bot\u00f3n de p\u00e1nico (GPSSOS)<\/li>\n<\/ul><\/div>\n<p> <!-- Accesorios incluidos --> <\/p>\n<div style='margin-bottom: 15px;'>\n<h5 style='font-size: 16px; margin-top: 10px; margin-bottom: 8px; color: inherit;'>Incluidos<\/h5>\n<ul style='padding-left: 20px; font-size: 14px; color: inherit;'>\n<li style='margin-bottom: 5px;'>Llave hexagonal<\/li>\n<li style='margin-bottom: 5px;'>Bater\u00eda resistente a altas temperaturas<\/li>\n<\/ul><\/div>\n<\/p><\/div>\n<\/p><\/div>\n<p> <!-- Requisitos de funcionamiento --> <\/p>\n<div style='margin-bottom: 20px;'>\n<h4 style='font-size: 18px; margin-top: 15px; margin-bottom: 10px; color: inherit;'>\u00bfQu\u00e9 necesita para el funcionamiento completo?<\/h4>\n<ul style='padding-left: 20px; font-size: 14px; color: inherit;'>\n<li style='margin-bottom: 5px;'>Plataforma EPCOMGPSCODE o EPCOMGPS<\/li>\n<li style='margin-bottom: 5px;'>SIM500MB2Y&comma; SIM600MB1Y&comma; NANSIM25GPS<\/li>\n<\/ul><\/div>\n<\/p><\/div>\n<p> <!-- Im\u00e1genes adicionales --> <\/p>\n<div style='display: flex; flex-wrap: wrap; gap: 20px; margin-bottom: 30px;'>\n<div style='flex: 1 1 300px; min-width: 280px;'> <img style='width: 100%; height: auto; border: 1px solid rgba(150&comma;150&comma;150&comma;0.3); border-radius: 8px;' src='https:\/\/ftp3.syscom.mx\/usuarios\/fotos\/T399LSA\/241531-sxsxsxsxs.png' alt=''> <\/div>\n<div style='flex: 1 1 300px; min-width: 280px;'> <img style='width: 100%; height: auto; border: 1px solid rgba(150&comma;150&comma;150&comma;0.3); border-radius: 8px;' src='https:\/\/ftp3.syscom.mx\/usuarios\/fotos\/T399LSA\/241531-ededeede.png' alt=''> <\/div>\n<div style='flex: 1 1 300px; min-width: 280px;'> <img style='width: 100%; height: auto; border: 1px solid rgba(150&comma;150&comma;150&comma;0.3); border-radius: 8px;' src='https:\/\/ftp3.syscom.mx\/usuarios\/fotos\/T399LSA\/241531-dvsdcsx_x.png' alt=''> <\/div>\n<div style='flex: 1 1 300px; min-width: 280px;'> <img style='width: 100%; height: auto; border: 1px solid rgba(150&comma;150&comma;150&comma;0.3); border-radius: 8px;' src='https:\/\/ftp3.syscom.mx\/usuarios\/fotos\/T399LSA\/241531-captura_de_pantalla_2025-05-16_085401.png' alt=''> <\/div>\n<\/p><\/div>\n<p> <!-- Separador final --> <\/p>\n<hr style='border: 0; border-top: 1px solid rgba(150&comma; 150&comma; 150&comma; 0.3); margin: 30px 0;'> <\/div>\n","protected":false},"excerpt":{"rendered":"<p>Rastreador Vehicular (GPS) 4G LTE \/Ideal Para Motocicletas \/ IP67 \/ Bloqueo de Motor Remoto \/ Salidas y Entradas Digitales\/ Sin audio<\/p>\n","protected":false},"featured_media":54877,"comment_status":"open","ping_status":"closed","template":"","meta":[],"product_brand":[],"product_cat":[1346,1388],"product_tag":[1350,1349,1390,1389],"class_list":{"0":"post-54878","1":"product","2":"type-product","3":"status-publish","4":"has-post-thumbnail","6":"product_cat-iot","7":"product_cat-trackers-gps","8":"product_tag-gps-y-telematica","9":"product_tag-iot","10":"product_tag-meitrack","11":"product_tag-trackers-gps","13":"first","14":"instock","15":"sale","16":"shipping-taxable","17":"purchasable","18":"product-type-simple"},"_links":{"self":[{"href":"https:\/\/soydeaqui.ddns.net\/pachuca\/index.php\/wp-json\/wp\/v2\/product\/54878","targetHints":{"allow":["GET"]}}],"collection":[{"href":"https:\/\/soydeaqui.ddns.net\/pachuca\/index.php\/wp-json\/wp\/v2\/product"}],"about":[{"href":"https:\/\/soydeaqui.ddns.net\/pachuca\/index.php\/wp-json\/wp\/v2\/types\/product"}],"replies":[{"embeddable":true,"href":"https:\/\/soydeaqui.ddns.net\/pachuca\/index.php\/wp-json\/wp\/v2\/comments?post=54878"}],"wp:featuredmedia":[{"embeddable":true,"href":"https:\/\/soydeaqui.ddns.net\/pachuca\/index.php\/wp-json\/wp\/v2\/media\/54877"}],"wp:attachment":[{"href":"https:\/\/soydeaqui.ddns.net\/pachuca\/index.php\/wp-json\/wp\/v2\/media?parent=54878"}],"wp:term":[{"taxonomy":"product_brand","embeddable":true,"href":"https:\/\/soydeaqui.ddns.net\/pachuca\/index.php\/wp-json\/wp\/v2\/product_brand?post=54878"},{"taxonomy":"product_cat","embeddable":true,"href":"https:\/\/soydeaqui.ddns.net\/pachuca\/index.php\/wp-json\/wp\/v2\/product_cat?post=54878"},{"taxonomy":"product_tag","embeddable":true,"href":"https:\/\/soydeaqui.ddns.net\/pachuca\/index.php\/wp-json\/wp\/v2\/product_tag?post=54878"}],"curies":[{"name":"wp","href":"https:\/\/api.w.org\/{rel}","templated":true}]}}