{"id":54865,"date":"2026-03-19T02:33:55","date_gmt":"2026-03-19T02:33:55","guid":{"rendered":"https:\/\/soydeaqui.ddns.net\/pachuca\/index.php\/producto\/kit-de-sirena-vehicular-h2-covert-bocina-ultradelgada-y-torreta-48-serie-12-con-130-led-dual-color-rojo-azul-claro-ambar-ideal-para-equipar-unidades-de-policia\/"},"modified":"2026-03-19T02:33:55","modified_gmt":"2026-03-19T02:33:55","slug":"kit-de-sirena-vehicular-h2-covert-bocina-ultradelgada-y-torreta-48-serie-12-con-130-led-dual-color-rojo-azul-claro-ambar-ideal-para-equipar-unidades-de-policia","status":"publish","type":"product","link":"https:\/\/soydeaqui.ddns.net\/pachuca\/index.php\/producto\/kit-de-sirena-vehicular-h2-covert-bocina-ultradelgada-y-torreta-48-serie-12-con-130-led-dual-color-rojo-azul-claro-ambar-ideal-para-equipar-unidades-de-policia\/","title":{"rendered":"Kit de Sirena Vehicular H2 Covert, Bocina ultradelgada y Torreta 48&#8243; Serie 12 con 130 LED, dual color rojo\/azul\/claro\/ambar, ideal para equipar unidades de policia"},"content":{"rendered":"<div style='width: 100%; max-width: 1200px; margin: 0 auto; font-family: sans-serif; line-height: 1.6; color: inherit; background-color: transparent;'>\n<div style='display: flex; flex-wrap: wrap; gap: 30px; margin-bottom: 30px;'>\n<div style='flex: 1 1 300px; min-width: 280px;'>\n<h3 style='font-size: 22px; border-bottom: 2px solid currentColor; padding-bottom: 5px; margin-top: 0; color: inherit; opacity: 0.8;'>Descripci\u00f3n General<\/h3>\n<p style='font-size: 15px; color: inherit; margin-top: 0;'>La barra de luces de la serie 12 proporciona una advertencia excepcional y un rendimiento amplio de \u00e1ngulo \u00f3ptico de luz LED de uno o dual color. Esta discreta barra de luces complementa la l\u00ednea del techo del veh\u00edculo al mismo tiempo que brinda una salida intensa con docenas de patrones de destellos. Dise\u00f1ada para una f\u00e1cil instalaci\u00f3n y personalizaci\u00f3n&comma; elija entre m\u00faltiples longitudes y configuraciones para cumplir con los requisitos de la flota.<\/p>\n<\/p><\/div>\n<\/p><\/div>\n<div style='display: flex; flex-wrap: wrap; gap: 20px; margin-bottom: 30px;'>\n<div style='flex: 1 1 250px; border: 1px solid rgba(150&comma; 150&comma; 150&comma; 0.4); border-radius: 8px; overflow: hidden; display: flex; flex-direction: column;'>\n<div style='padding: 15px; border-bottom: 1px solid rgba(150&comma; 150&comma; 150&comma; 0.2); font-weight: bold; font-size: 18px; color: inherit;'>Caracter\u00edsticas Principales<\/div>\n<div style='padding: 15px; color: inherit;'>\n<ul style='padding-left: 20px; margin: 0; font-size: 14px; list-style-type: disc;'>\n<li style='margin-bottom: 5px;'>48 patrones de destello<\/li>\n<li style='margin-bottom: 5px;'>M\u00f3dulos con tecnolog\u00eda ICE para mayor visibilidad de luz<\/li>\n<li style='margin-bottom: 5px;'>Completamente configurable<\/li>\n<li style='margin-bottom: 5px;'>Luces de Penetraci\u00f3n<\/li>\n<li style='margin-bottom: 5px;'>Luces Callejoneras<\/li>\n<li style='margin-bottom: 5px;'>Chasis de aluminio<\/li>\n<li style='margin-bottom: 5px;'>Domos y base de policarbonato<\/li>\n<li style='margin-bottom: 5px;'>130 LEDs \u00faltima generaci\u00f3n<\/li>\n<li style='margin-bottom: 5px;'>Dual Color<\/li>\n<li style='margin-bottom: 5px;'>Longitud 48&#8217;&comma; Altura 4.2\u201d y Ancho 11\u201d<\/li>\n<li style='margin-bottom: 5px;'>Rango de temperatura: -30 a 50 \u00b0C<\/li>\n<li style='margin-bottom: 5px;'>Montaje de gancho<\/li>\n<\/ul><\/div>\n<\/p><\/div>\n<div style='flex: 1 1 250px; border: 1px solid rgba(150&comma; 150&comma; 150&comma; 0.4); border-radius: 8px; overflow: hidden; display: flex; flex-direction: column;'>\n<div style='padding: 15px; border-bottom: 1px solid rgba(150&comma; 150&comma; 150&comma; 0.2); font-weight: bold; font-size: 18px; color: inherit;'>Opciones Disponibles<\/div>\n<div style='padding: 15px; color: inherit;'>\n<ul style='padding-left: 20px; margin: 0; font-size: 14px; list-style-type: disc;'>\n<li style='margin-bottom: 5px;'>Opciones de longitud: 18&#8217;&comma; 22&#8217;&comma; 36&#8217;&comma; 44&#8217;&comma; 47&#8217;&comma; 52&#8217;&comma; 58&#8217;&comma; 69&#8217;&comma; 80&#8242; y 91&#8242;<\/li>\n<li style='margin-bottom: 5px;'>Emisor 795H Opticom\u2122 o N-3<\/li>\n<li style='margin-bottom: 5px;'>Lentes superiores disponibles en rojo&comma; azul&comma; \u00e1mbar&comma; tintadas o negras<\/li>\n<li style='margin-bottom: 5px;'>Desconexi\u00f3n r\u00e1pida<\/li>\n<li style='margin-bottom: 5px;'>Lente inferior disponible en \u00e1mbar&comma; transparente o tintada para configuraciones espec\u00edficas<\/li>\n<\/ul><\/div>\n<\/p><\/div>\n<div style='flex: 1 1 250px; border: 1px solid rgba(150&comma; 150&comma; 150&comma; 0.4); border-radius: 8px; overflow: hidden; display: flex; flex-direction: column;'>\n<div style='padding: 15px; border-bottom: 1px solid rgba(150&comma; 150&comma; 150&comma; 0.2); font-weight: bold; font-size: 18px; color: inherit;'>Especificaciones T\u00e9cnicas<\/div>\n<div style='padding: 15px; color: inherit;'>\n<ul style='padding-left: 20px; margin: 0; font-size: 14px; list-style-type: disc;'>\n<li style='margin-bottom: 5px;'><strong>Voltaje:<\/strong> 12-24 Vcc<\/li>\n<li style='margin-bottom: 5px;'><strong>Consumo:<\/strong> 11 Amp<\/li>\n<li style='margin-bottom: 5px;'><strong>Dimensiones:<\/strong> 48&#8242; x 4.2&#8242; x 11&#8242; (Ancho x Altura x Profundidad)<\/li>\n<\/ul><\/div>\n<\/p><\/div>\n<\/p><\/div>\n<hr style='border: 0; border-top: 1px solid rgba(150&comma; 150&comma; 150&comma; 0.3); margin: 30px 0;'>\n<div style='display: flex; flex-wrap: wrap; gap: 30px; margin-bottom: 30px;'>\n<div style='flex: 1 1 300px; min-width: 280px;'>\n<h3 style='font-size: 22px; border-bottom: 2px solid currentColor; padding-bottom: 5px; margin-top: 0; color: inherit; opacity: 0.8;'>Bocina Compacta Serie C3900<\/h3>\n<p style='font-size: 15px; color: inherit; margin-top: 0;'>El altavoz de la serie C3900 ofrece tecnolog\u00eda l\u00edder en la industria en un dise\u00f1o de bajo perfil. Con una disminuci\u00f3n del 40% en la profundidad en comparaci\u00f3n con los principales competidores&comma; el C3900 permite al usuario montar en m\u00faltiples ubicaciones de veh\u00edculos sin comprometer los niveles de dB. Este altavoz ofrece una durabilidad sin compromisos junto con la presi\u00f3n de sonido m\u00e1s alta del mercado cuando se combina con cualquier sirena. El C3900 est\u00e1 dise\u00f1ado para caber f\u00e1cilmente detr\u00e1s de la rejilla de veh\u00edculos policiales bajo cubierta.<\/p>\n<\/p><\/div>\n<\/p><\/div>\n<div style='display: flex; flex-wrap: wrap; gap: 20px; margin-bottom: 30px;'>\n<div style='flex: 1 1 250px; border: 1px solid rgba(150&comma; 150&comma; 150&comma; 0.4); border-radius: 8px; overflow: hidden; display: flex; flex-direction: column;'>\n<div style='padding: 15px; border-bottom: 1px solid rgba(150&comma; 150&comma; 150&comma; 0.2); font-weight: bold; font-size: 18px; color: inherit;'>Especificaciones Bocina C3900<\/div>\n<div style='padding: 15px; color: inherit;'>\n<ul style='padding-left: 20px; margin: 0; font-size: 14px; list-style-type: disc;'>\n<li style='margin-bottom: 5px;'><strong>Certificaciones:<\/strong> SAE J1849&comma; CALIFORNIA TITLE 13<\/li>\n<li style='margin-bottom: 5px;'><strong>Profundidad:<\/strong> 40 mm<\/li>\n<li style='margin-bottom: 5px;'><strong>Anchura:<\/strong> 151 mm<\/li>\n<li style='margin-bottom: 5px;'><strong>Altura:<\/strong> 151 mm<\/li>\n<li style='margin-bottom: 5px;'><strong>Potencia:<\/strong> 100 Watts<\/li>\n<li style='margin-bottom: 5px;'><strong>Montaje:<\/strong> U BAIL BRACKET<\/li>\n<\/ul><\/div>\n<\/p><\/div>\n<div style='flex: 1 1 250px; border: 1px solid rgba(150&comma; 150&comma; 150&comma; 0.4); border-radius: 8px; overflow: hidden; display: flex; flex-direction: column;'>\n<div style='padding: 15px; border-bottom: 1px solid rgba(150&comma; 150&comma; 150&comma; 0.2); font-weight: bold; font-size: 18px; color: inherit;'>Especificaciones Sirena H2<\/div>\n<div style='padding: 15px; color: inherit;'>\n<ul style='padding-left: 20px; margin: 0; font-size: 14px; list-style-type: disc;'>\n<li style='margin-bottom: 5px;'><strong>Altura:<\/strong> 158mm<\/li>\n<li style='margin-bottom: 5px;'><strong>Profundidad:<\/strong> 67mm<\/li>\n<li style='margin-bottom: 5px;'><strong>Anchura:<\/strong> 180mm<\/li>\n<li style='margin-bottom: 5px;'><strong>Potencia:<\/strong> 100\/200 Watts<\/li>\n<li style='margin-bottom: 5px;'><strong>Certificaciones:<\/strong> SAE J1849&comma; CALIFORNIA TITLE 13&comma; R10<\/li>\n<li style='margin-bottom: 5px;'><strong>Voltaje:<\/strong> 12V<\/li>\n<li style='margin-bottom: 5px;'><strong>Garant\u00eda:<\/strong> 5 A\u00d1OS<\/li>\n<\/ul><\/div>\n<\/p><\/div>\n<\/p><\/div>\n<hr style='border: 0; border-top: 1px solid rgba(150&comma; 150&comma; 150&comma; 0.3); margin: 30px 0;'>\n<div style='display: flex; flex-wrap: wrap; gap: 30px; margin-bottom: 30px;'>\n<div style='flex: 1 1 300px; min-width: 280px;'>\n<h3 style='font-size: 22px; border-bottom: 2px solid currentColor; padding-bottom: 5px; margin-top: 0; color: inherit; opacity: 0.8;'>Caracter\u00edsticas Adicionales<\/h3>\n<p style='font-size: 15px; color: inherit; margin-top: 0;'>Sistema de sirena para veh\u00edculos de emergencia encubiertos o tradicionales&comma; brinda a los usuarios un control total de la sirena&comma; las luces y un micr\u00f3fono de direcci\u00f3n p\u00fablica&comma; todo en un controlador retroiluminado de mano. Las caracter\u00edsticas incluyen retransmisi\u00f3n de radio&comma; encendido instant\u00e1neo&comma; stand-by&comma; desplazamiento de sirena&comma; tonos de sirena programables con bot\u00f3n y amplificador de sirena Banshee\u00ae compatible para funciones adicionales.<\/p>\n<\/p><\/div>\n<\/p><\/div>\n<\/p><\/div>\n","protected":false},"excerpt":{"rendered":"<p>Kit de Sirena Vehicular H2 Covert, Bocina ultradelgada y Torreta 48&#8243; Serie 12 con 130 LED, dual color rojo\/azul\/claro\/ambar, ideal para equipar unidades de policia<\/p>\n","protected":false},"featured_media":54864,"comment_status":"open","ping_status":"closed","template":"","meta":[],"product_brand":[],"product_cat":[1358],"product_tag":[1356,502,1359],"class_list":{"0":"post-54865","1":"product","2":"type-product","3":"status-publish","4":"has-post-thumbnail","6":"product_cat-rojo-azul","7":"product_tag-barras-de-luz-torretas-vehiculares","8":"product_tag-ecco","9":"product_tag-rojo-azul","11":"first","12":"instock","13":"sale","14":"shipping-taxable","15":"purchasable","16":"product-type-simple"},"_links":{"self":[{"href":"https:\/\/soydeaqui.ddns.net\/pachuca\/index.php\/wp-json\/wp\/v2\/product\/54865","targetHints":{"allow":["GET"]}}],"collection":[{"href":"https:\/\/soydeaqui.ddns.net\/pachuca\/index.php\/wp-json\/wp\/v2\/product"}],"about":[{"href":"https:\/\/soydeaqui.ddns.net\/pachuca\/index.php\/wp-json\/wp\/v2\/types\/product"}],"replies":[{"embeddable":true,"href":"https:\/\/soydeaqui.ddns.net\/pachuca\/index.php\/wp-json\/wp\/v2\/comments?post=54865"}],"wp:featuredmedia":[{"embeddable":true,"href":"https:\/\/soydeaqui.ddns.net\/pachuca\/index.php\/wp-json\/wp\/v2\/media\/54864"}],"wp:attachment":[{"href":"https:\/\/soydeaqui.ddns.net\/pachuca\/index.php\/wp-json\/wp\/v2\/media?parent=54865"}],"wp:term":[{"taxonomy":"product_brand","embeddable":true,"href":"https:\/\/soydeaqui.ddns.net\/pachuca\/index.php\/wp-json\/wp\/v2\/product_brand?post=54865"},{"taxonomy":"product_cat","embeddable":true,"href":"https:\/\/soydeaqui.ddns.net\/pachuca\/index.php\/wp-json\/wp\/v2\/product_cat?post=54865"},{"taxonomy":"product_tag","embeddable":true,"href":"https:\/\/soydeaqui.ddns.net\/pachuca\/index.php\/wp-json\/wp\/v2\/product_tag?post=54865"}],"curies":[{"name":"wp","href":"https:\/\/api.w.org\/{rel}","templated":true}]}}