{"id":54857,"date":"2026-03-19T02:33:41","date_gmt":"2026-03-19T02:33:41","guid":{"rendered":"https:\/\/soydeaqui.ddns.net\/pachuca\/index.php\/producto\/licencia-anual-para-gestion-de-accesspro-esl-cloud-etiqueta-de-tinta-electronica-esl-100-nube-1-tienda-2\/"},"modified":"2026-03-19T02:33:42","modified_gmt":"2026-03-19T02:33:42","slug":"licencia-anual-para-gestion-de-accesspro-esl-cloud-etiqueta-de-tinta-electronica-esl-100-nube-1-tienda-2","status":"publish","type":"product","link":"https:\/\/soydeaqui.ddns.net\/pachuca\/index.php\/producto\/licencia-anual-para-gestion-de-accesspro-esl-cloud-etiqueta-de-tinta-electronica-esl-100-nube-1-tienda-2\/","title":{"rendered":"Licencia Anual Para Gesti\u00f3n de AccessPro ESL Cloud \/ Etiqueta de Tinta Electr\u00f3nica \/ ESL \/ 100% Nube \/ 1 Tienda"},"content":{"rendered":"<p><!--------------------------------------------------------------Banner--------------------------------------------------------------> <\/p>\n<p><img class='img-fluid img-thumbnail' src='https:\/\/ftp3.syscom.mx\/usuarios\/xguereque\/accesspro\/esl\/banner-licencia.png' \/><\/p>\n<p> <!--------------------------------------------------------------T\u00edtulo--------------------------------------------------------------> <\/p>\n<h1 class='text-primary' style='text-align: center;'>AccessPro ESL Cloud<\/h1>\n<p> <!--------------------------------------------------------------Introducci\u00f3n--------------------------------------------------------------> <\/p>\n<h3> <\/h3>\n<p><span style='font-size: medium; font-weight: 400;'><strong>AccessPro ESL Cloud<\/strong> es un panel de gesti\u00f3n centralizado que puede conectar gateways y etiquetas E-paper e integrarse con otros sistemas de aplicaci\u00f3n como ERP&comma; POS&comma; MES&comma; etc. para lograr la actualizaci\u00f3n de informaci\u00f3n en tiempo real y de forma visual. Esta plataforma incluye las siguientes funciones principales: <\/span><\/p>\n<p> <!--------------------------------------------------------------Descripci\u00f3n--------------------------------------------------------------> <\/p>\n<div id='acordeon-vista-producto' class='accordion'>\n<div class='accordion-item'>\n<h2 class='accordion-header'><button class='accordion-button collapsed' type='button' data-bs-toggle='collapse' data-bs-target='#collapseOne' aria-expanded='false' aria-controls='collapseOne'><strong>Gesti\u00f3n de Tiendas<\/strong> <\/button><\/h2>\n<div id='collapseOne' class='accordion-collapse collapse' data-bs-parent='#acordeon-vista-producto'>\n<div class='accordion-body'>\n<p>Administra tus tiendas en la Plataforma en la Nube de manera eficiente. Agrega&comma; modifica&comma; abre y cierra tiendas con facilidad&comma; todo desde un solo lugar.<\/p>\n<\/p><\/div>\n<\/p><\/div>\n<\/p><\/div>\n<div class='accordion-item'>\n<h2 class='accordion-header'><button class='accordion-button collapsed' type='button' data-bs-toggle='collapse' data-bs-target='#collapseTwo' aria-expanded='false' aria-controls='collapseTwo'><strong>Gesti\u00f3n de Datos<\/strong><\/button><\/h2>\n<div id='collapseTwo' class='accordion-collapse collapse' data-bs-parent='#acordeon-vista-producto'>\n<div class='accordion-body'>\n<p>Toma el control de tus datos y productos. Agrega&comma; modifica y elimina datos y productos individualmente o en lotes&comma; agilizando tus procesos de gesti\u00f3n.<\/p>\n<\/p><\/div>\n<\/p><\/div>\n<\/p><\/div>\n<div class='accordion-item'>\n<h2 class='accordion-header'><button class='accordion-button collapsed' type='button' data-bs-toggle='collapse' data-bs-target='#collapseThree' aria-expanded='false' aria-controls='collapseThree'><strong>Gesti\u00f3n de Etiquetas<\/strong><\/button><\/h2>\n<div id='collapseThree' class='accordion-collapse collapse' data-bs-parent='#acordeon-vista-producto'>\n<div class='accordion-body'>\n<p>Optimiza tus etiquetas en la tienda correspondiente. Importa&comma; actualiza&comma; vincula y elimina etiquetas de manera eficiente&comma; manteniendo tus registros organizados.<\/p>\n<\/p><\/div>\n<\/p><\/div>\n<\/p><\/div>\n<div class='accordion-item'>\n<h2 class='accordion-header'><button class='accordion-button collapsed' type='button' data-bs-toggle='collapse' data-bs-target='#collapseFour' aria-expanded='false' aria-controls='collapseFour'><strong>Gesti\u00f3n de Gateway\/Hub<\/strong><\/button><\/h2>\n<div id='collapseFour' class='accordion-collapse collapse' data-bs-parent='#acordeon-vista-producto'>\n<div class='accordion-body'>\n<p>Administra tus gateways\/hubs en la tienda de forma sencilla. Agrega&comma; modifica&comma; reinicia&comma; actualiza y elimina gateways\/hubs seg\u00fan tus necesidades operativas.<\/p>\n<\/p><\/div>\n<\/p><\/div>\n<\/p><\/div>\n<div class='accordion-item'>\n<h2 class='accordion-header'><button class='accordion-button collapsed' type='button' data-bs-toggle='collapse' data-bs-target='#collapseFive' aria-expanded='false' aria-controls='collapseFive'><strong>Gesti\u00f3n de Registros de Operaci\u00f3n<\/strong><\/button><\/h2>\n<div id='collapseFive' class='accordion-collapse collapse' data-bs-parent='#acordeon-vista-producto'>\n<div class='accordion-body'>\n<p>Mant\u00e9n un historial claro de las operaciones realizadas. Registra las actualizaciones y mejoras realizadas&comma; garantizando un registro completo y accesible cuando lo necesites.<\/p>\n<\/p><\/div>\n<\/p><\/div>\n<\/p><\/div>\n<div class='accordion-item'>\n<h2 class='accordion-header'><button class='accordion-button collapsed' type='button' data-bs-toggle='collapse' data-bs-target='#collapseSix' aria-expanded='false' aria-controls='collapseSix'><strong>Gesti\u00f3n de Plantillas<\/strong><\/button><\/h2>\n<div id='collapseSix' class='accordion-collapse collapse' data-bs-parent='#acordeon-vista-producto'>\n<div class='accordion-body'>\n<p>Crea&comma; edita y elimina plantillas seg\u00fan tus requisitos. Personaliza tu entorno de trabajo para que se adapte perfectamente a tu flujo de trabajo.<\/p>\n<\/p><\/div>\n<\/p><\/div>\n<\/p><\/div>\n<div class='accordion-item'>\n<h2 class='accordion-header'><button class='accordion-button collapsed' type='button' data-bs-toggle='collapse' data-bs-target='#collapseSeven' aria-expanded='false' aria-controls='collapseSeven'><strong>Gesti\u00f3n del Sistema<\/strong><\/button><\/h2>\n<div id='collapseSeven' class='accordion-collapse collapse' data-bs-parent='#acordeon-vista-producto'>\n<div class='accordion-body'>\n<p><strong>Creaci\u00f3n de Roles y Usuarios: <\/strong>Crea roles y usuarios personalizados y asigna sus respectivas autoridades. Mant\u00e9n el control total sobre qui\u00e9n accede y qu\u00e9 acciones pueden llevar a cabo.<\/p>\n<p><strong>Gesti\u00f3n de Paquetes de Actualizaci\u00f3n de Firmware: <\/strong>Administra de manera centralizada los paquetes de actualizaci\u00f3n de firmware para gateways y etiquetas. Mant\u00e9n tus dispositivos actualizados con las \u00faltimas mejoras de rendimiento y seguridad.<\/p>\n<p><strong>Configuraci\u00f3n de Campos de Datos\/Productos: <\/strong>Personaliza los campos de datos y productos de acuerdo con tus necesidades. Aseg\u00farate de que la plataforma se ajuste a tu flujo de trabajo espec\u00edfico.<\/p>\n<\/p><\/div>\n<\/p><\/div>\n<\/p><\/div>\n<hr \/>\n<p><!--------------------------------------------------------------Caracteristicas--------------------------------------------------------------> <\/p>\n<div class='row'>\n<div class='col-12 text-center'>\n<h1 class='text-primary'>Especificaciones<\/h1>\n<\/p><\/div>\n<div class='col-12 col-md-6 mb-3'>\n<ul class='bg-light border-5 border-bottom border-primary list-group list-group-flush rounded-2 shadow'>\n<li class='list-group-item text-bg-primary bg-primary fw-bolder'>Caracter\u00edsticas Principales:<\/li>\n<li class='list-group-item'>Licencia anual para 1 tienda.<\/li>\n<li class='list-group-item'>Sin l\u00edmite de productos.<\/li>\n<li class='list-group-item'>M\u00e1ximo 5 gateways por tienda (<a class='text-body' style='box-sizing: border-box; text-decoration-line: none; --bs-text-opacity: 1; font-family: Satoshi-Variable&comma; sans-serif; font-size: 15px; font-weight: 600; background-color: #ffffff;' href='https:\/\/www.syscom.mx\/principal\/searchcont?route=APGW-1E-ACCESSPRO-212811&#038;autodetect=accesspro_esl'>APGW-1E<\/a>).<\/li>\n<li class='list-group-item'>M\u00e1ximo 5000 etiquetas por tienda distribuidas en 5 gateways (1000 en cada uno).<\/li>\n<li class='list-group-item'>Plataforma web: <a href='https:\/\/esl.syscom.mx'>https:\/\/esl.syscom.mx<\/a><\/li>\n<li class='list-group-item'>Soporta im\u00e1genes&comma; codigos de barra y c\u00f3digos QR.<\/li>\n<\/ul><\/div>\n<div class='col-12 col-md-6 mb-3'>\n<ul class='bg-light border-5 border-bottom border-primary list-group list-group-flush rounded-2 shadow'>\n<li class='list-group-item text-bg-primary bg-primary fw-bolder'>Caracter\u00edsticas principales:<\/li>\n<li class='list-group-item'>Campos personalizables&comma; ej. precio&comma; precio mayoreo&comma; descripci\u00f3n&comma; etc.<\/li>\n<li class='list-group-item'>Alta masiva de productos (CSV).<\/li>\n<li class='list-group-item'>Alta masiva de etiquetas (CSV).<\/li>\n<li class='list-group-item'>Personalizaci\u00f3n de plantillas.<\/li>\n<li class='list-group-item'>Gesti\u00f3n de usuarios<\/li>\n<li class='list-group-item'>API disponible para integraciones<\/li>\n<\/ul><\/div>\n<\/p><\/div>\n<hr \/>\n<p><!--------------------------------------------------------------Beneficios--------------------------------------------------------------> <\/p>\n<h1 class='text-primary' style='text-align: center;'> <\/h1>\n<h1 class='text-primary' style='text-align: center;'>Beneficios clave<\/h1>\n<div class='row mb-3'>\n<div class='col-12 col-md-6 mb-3'>\n<div class='card'>\n<div class='card-body'>\n<h3>Eficiencia mejorada<\/h3>\n<p>Tus equipos pueden acceder a la informaci\u00f3n que necesitan de manera r\u00e1pida y eficiente&comma; lo que agiliza la toma de decisiones y mejora la productividad general.<\/p>\n<\/p><\/div>\n<\/p><\/div>\n<\/p><\/div>\n<div class='col-12 col-md-6 mb-3'>\n<div class='card'>\n<div class='card-body'>\n<h3>Personalizaci\u00f3n total<\/h3>\n<p>Adaptado a las necesidades \u00fanicas de tu empresa&comma; AccessPro te permite crear soluciones espec\u00edficas que se ajusten a tus procesos y flujos de trabajo.<\/p>\n<\/p><\/div>\n<\/p><\/div>\n<\/p><\/div>\n<div class='col-12 col-md-6 mb-3'>\n<div class='card'>\n<div class='card-body'>\n<h3>Ahorro de tiempo y recursos<\/h3>\n<p>La automatizaci\u00f3n de tareas rutinarias reduce la carga de trabajo manual&comma; permitiendo a tus empleados concentrarse en actividades m\u00e1s estrat\u00e9gicas.<\/p>\n<\/p><\/div>\n<\/p><\/div>\n<\/p><\/div>\n<div class='col-12 col-md-6 mb-3'>\n<div class='card'>\n<div class='card-body'>\n<h3>Toma de decisiones informada<\/h3>\n<p>Accede a informes y an\u00e1lisis detallados generados por AccessPro para obtener insights valiosos que respalden tus decisiones empresariales.<\/p>\n<\/p><\/div>\n<\/p><\/div>\n<\/p><\/div>\n<\/p><\/div>\n<\/p><\/div>\n<p> <!--------------------------------------------------------------Aplicaci\u00f3n--------------------------------------------------------------> <\/p>\n<div class='row mb-3'>\n<div class='col-sm-6'>\n<h2> <\/h2>\n<h2 class='text-primary' style='text-align: left;'>Escenarios de Aplicaci\u00f3n<\/h2>\n<p>La soluci\u00f3n AccessPro ESL puede ser aplicada en una variedad de escenarios&comma; como: el sector minorista<\/p>\n<ul>\n<li>oficinas<\/li>\n<li>almacenes<\/li>\n<li>industrias de salud.<\/li>\n<\/ul>\n<p>Al reemplazar las etiquetas tradicionales de papel&comma; ESL puede lograr la transformaci\u00f3n digital y actualizaci\u00f3n de tiendas&comma; edificios&comma; almacenes y hospitales.<\/p>\n<\/p><\/div>\n<div class='col-sm-6'>\n<h2> <\/h2>\n<p> <img class='img-fluid img-thumbnail' src='https:\/\/ftp3.syscom.mx\/usuarios\/xguereque\/accesspro\/esl\/imagen-interfaz-1.png' \/><\/div>\n<\/p><\/div>\n<\/p>\n<p><img class='img-fluid img-thumbnail' style='width: 80%; margin-left: 10%;' src='https:\/\/ftp3.syscom.mx\/usuarios\/xguereque\/accesspro\/esl\/diagrama2-ejemplo.png' \/><\/p>\n","protected":false},"excerpt":{"rendered":"<p>Licencia Anual Para Gesti\u00f3n de AccessPro ESL Cloud \/ Etiqueta de Tinta Electr\u00f3nica \/ ESL \/ 100% Nube \/ 1 Tienda<\/p>\n","protected":false},"featured_media":32,"comment_status":"open","ping_status":"closed","template":"","meta":[],"product_brand":[],"product_cat":[1346,1352],"product_tag":[1350,1349,1353,1472],"class_list":{"0":"post-54857","1":"product","2":"type-product","3":"status-publish","4":"has-post-thumbnail","6":"product_cat-iot","7":"product_cat-software","8":"product_tag-gps-y-telematica","9":"product_tag-iot","10":"product_tag-software","11":"product_tag-zkong","13":"first","14":"outofstock","15":"sale","16":"shipping-taxable","17":"purchasable","18":"product-type-simple"},"_links":{"self":[{"href":"https:\/\/soydeaqui.ddns.net\/pachuca\/index.php\/wp-json\/wp\/v2\/product\/54857","targetHints":{"allow":["GET"]}}],"collection":[{"href":"https:\/\/soydeaqui.ddns.net\/pachuca\/index.php\/wp-json\/wp\/v2\/product"}],"about":[{"href":"https:\/\/soydeaqui.ddns.net\/pachuca\/index.php\/wp-json\/wp\/v2\/types\/product"}],"replies":[{"embeddable":true,"href":"https:\/\/soydeaqui.ddns.net\/pachuca\/index.php\/wp-json\/wp\/v2\/comments?post=54857"}],"wp:featuredmedia":[{"embeddable":true,"href":"https:\/\/soydeaqui.ddns.net\/pachuca\/index.php\/wp-json\/wp\/v2\/media\/32"}],"wp:attachment":[{"href":"https:\/\/soydeaqui.ddns.net\/pachuca\/index.php\/wp-json\/wp\/v2\/media?parent=54857"}],"wp:term":[{"taxonomy":"product_brand","embeddable":true,"href":"https:\/\/soydeaqui.ddns.net\/pachuca\/index.php\/wp-json\/wp\/v2\/product_brand?post=54857"},{"taxonomy":"product_cat","embeddable":true,"href":"https:\/\/soydeaqui.ddns.net\/pachuca\/index.php\/wp-json\/wp\/v2\/product_cat?post=54857"},{"taxonomy":"product_tag","embeddable":true,"href":"https:\/\/soydeaqui.ddns.net\/pachuca\/index.php\/wp-json\/wp\/v2\/product_tag?post=54857"}],"curies":[{"name":"wp","href":"https:\/\/api.w.org\/{rel}","templated":true}]}}