{"id":5485,"date":"2026-03-18T06:31:57","date_gmt":"2026-03-18T06:31:57","guid":{"rendered":"https:\/\/soydeaqui.ddns.net\/pachuca\/index.php\/producto\/detector-de-rayo-fotoelectrico-4-rayos-4-frecuencias-150mts-exterior-alimentacion-12-24-vcc\/"},"modified":"2026-03-18T06:32:00","modified_gmt":"2026-03-18T06:32:00","slug":"detector-de-rayo-fotoelectrico-4-rayos-4-frecuencias-150mts-exterior-alimentacion-12-24-vcc","status":"publish","type":"product","link":"https:\/\/soydeaqui.ddns.net\/pachuca\/index.php\/producto\/detector-de-rayo-fotoelectrico-4-rayos-4-frecuencias-150mts-exterior-alimentacion-12-24-vcc\/","title":{"rendered":"Detector de rayo fotoel\u00e9ctrico \/ 4 rayos \/ 4 frecuencias \/ 150mts exterior \/ Alimentacion 12-24 Vcc"},"content":{"rendered":"<div style='width: 100%; max-width: 1200px; margin: 0 auto; font-family: sans-serif; line-height: 1.6; color: inherit; background-color: transparent;'>\n<div style='display: flex; flex-direction: column; align-items: center; text-align: center; margin-bottom: 30px;'> <img style='width: 100%; max-width: 500px; height: auto; border: 1px solid rgba(150&comma;150&comma;150&comma;0.3); border-radius: 8px;' src='https:\/\/http2.mlstatic.com\/sirena-alarma-12v-30w-para-alarma-muy-potente-sf581l-sfire-D_NQ_NP_965156-MLM29222112039_012019-O.jpg' alt=''> <\/div>\n<div style='margin-bottom: 30px;'>\n<p style='text-align: justify; font-size: 15px; color: inherit;'>Toda la serie de detectores fotoel\u00e9ctricos de S FIRE\u00ae cuentan con un exclusivo dise\u00f1o de la cubierta que evita falsas alarmas por lluvia&comma; nieve y reflejos producidos por el sol. Los canales de rayo fotoel\u00e9ctricos son digitales lo que permite una perfecta sincronizaci\u00f3n entre el trasmisor y el receptor&comma; evitando falsas alarmas por interferencias o equipos similares&comma; un ajuste que garantiza el correcto funcionamiento&comma; mediante LED indicador.<\/p>\n<div style='margin: 30px 0;'> <img style='width: 100%; height: auto; border: 1px solid rgba(150&comma;150&comma;150&comma;0.3); border-radius: 8px;' src='http:\/\/ftp3.syscom.mx\/usuarios\/fotos\/recursos\/SF150Himg1.png' alt=''> <\/div>\n<\/p><\/div>\n<hr style='border: 0; border-top: 1px solid rgba(150&comma; 150&comma; 150&comma; 0.3); margin: 30px 0;'>\n<div style='margin-bottom: 30px;'>\n<p style='text-align: justify; font-size: 15px; color: inherit;'>Los modelos SFH le brindan mayor nivel de seguridad ya que ofrecen una protecci\u00f3n con 4 rayos infrarrojos los cuales tiene que ser obstruidos simult\u00e1neamente para generar alarma.<\/p>\n<\/p><\/div>\n<div style='display: flex; flex-wrap: wrap; gap: 30px; margin-bottom: 30px;'>\n<div style='flex: 1 1 300px; min-width: 280px;'>\n<h3 style='font-size: 22px; border-bottom: 2px solid currentColor; padding-bottom: 5px; margin-top: 0; color: inherit; opacity: 0.8;'>Caracter\u00edsticas principales:<\/h3>\n<ul style='padding-left: 20px; font-size: 15px; color: inherit;'>\n<li style='margin-bottom: 5px; text-align: justify;'>Distancia en interior sin tapa: 450m.<\/li>\n<li style='margin-bottom: 5px; text-align: justify;'>Distancia en exterior: 150m.<\/li>\n<li style='margin-bottom: 5px; text-align: justify;'>Tiempo de respuesta: 12-250ms.<\/li>\n<li style='margin-bottom: 5px; text-align: justify;'>4 rayos infrarrojos.<\/li>\n<\/ul><\/div>\n<div style='flex: 1 1 300px; min-width: 280px;'>\n<h3 style='font-size: 22px; border-bottom: 2px solid currentColor; padding-bottom: 5px; margin-top: 0; color: inherit; opacity: 0.8;'>Caracter\u00edsticas F\u00edsicas y El\u00e9ctricas:<\/h3>\n<ul style='padding-left: 20px; font-size: 15px; color: inherit;'>\n<li style='margin-bottom: 5px; text-align: justify;'>Alimentaci\u00f3n: 12-24 Vcc \/ 9-20Vca<\/li>\n<li style='margin-bottom: 5px; text-align: justify;'>Consumo: 90 mA.<\/li>\n<li style='margin-bottom: 5px; text-align: justify;'>Humedad: 95%.<\/li>\n<li style='margin-bottom: 5px; text-align: justify;'>Clasificaci\u00f3n IP: IP65.<\/li>\n<li style='margin-bottom: 5px; text-align: justify;'>Dimensiones: 395mm*105mm*100mm<\/li>\n<\/ul><\/div>\n<div style='flex: 1 1 300px; min-width: 280px;'>\n<h3 style='font-size: 22px; border-bottom: 2px solid currentColor; padding-bottom: 5px; margin-top: 0; color: inherit; opacity: 0.8;'>Caracter\u00edsticas Destacadas:<\/h3>\n<ul style='padding-left: 20px; font-size: 15px; color: inherit;'>\n<li style='margin-bottom: 5px; text-align: justify;'>Salida de alarma: Relay tipo C.<\/li>\n<li style='margin-bottom: 5px; text-align: justify;'>Tamper: Normalmente cerrado.<\/li>\n<li style='margin-bottom: 5px; text-align: justify;'>Normalmente cerrado: -25 a 55 oC.<\/li>\n<li style='margin-bottom: 5px; text-align: justify;'>Montaje: Poste o pared.<\/li>\n<li style='margin-bottom: 5px; text-align: justify;'>Peso: 3.0 kg<\/li>\n<li style='margin-bottom: 5px; text-align: justify;'>1 a\u00f1o de garant\u00eda<\/li>\n<\/ul><\/div>\n<\/p><\/div>\n<hr style='border: 0; border-top: 1px solid rgba(150&comma; 150&comma; 150&comma; 0.3); margin: 30px 0;'>\n<div style='display: flex; flex-wrap: wrap; gap: 20px; justify-content: center;'>\n<div style='flex: 1 1 300px; min-width: 280px;'> <img style='width: 100%; height: auto; border: 1px solid rgba(150&comma;150&comma;150&comma;0.3); border-radius: 8px;' src='https:\/\/i.ibb.co\/VBhwLg2\/SF150-Himg2.png' alt=''> <\/div>\n<div style='flex: 1 1 300px; min-width: 280px;'> <img style='width: 100%; height: auto; border: 1px solid rgba(150&comma;150&comma;150&comma;0.3); border-radius: 8px;' src='https:\/\/i.ibb.co\/z6gzVZC\/SF150-Himg3.png' alt=''> <\/div>\n<\/p><\/div>\n<\/p><\/div>\n","protected":false},"excerpt":{"rendered":"<p>Detector de rayo fotoel\u00e9ctrico \/ 4 rayos \/ 4 frecuencias \/ 150mts exterior \/ Alimentacion 12-24 Vcc<\/p>\n","protected":false},"featured_media":5484,"comment_status":"open","ping_status":"closed","template":"","meta":[],"product_brand":[],"product_cat":[232],"product_tag":[19,233,79],"class_list":{"0":"post-5485","1":"product","2":"type-product","3":"status-publish","4":"has-post-thumbnail","6":"product_cat-fotoelectricos-y-microondas","7":"product_tag-detectores-sensores","8":"product_tag-fotoelectricos-y-microondas","9":"product_tag-sfire","11":"first","12":"instock","13":"sale","14":"shipping-taxable","15":"purchasable","16":"product-type-simple"},"_links":{"self":[{"href":"https:\/\/soydeaqui.ddns.net\/pachuca\/index.php\/wp-json\/wp\/v2\/product\/5485","targetHints":{"allow":["GET"]}}],"collection":[{"href":"https:\/\/soydeaqui.ddns.net\/pachuca\/index.php\/wp-json\/wp\/v2\/product"}],"about":[{"href":"https:\/\/soydeaqui.ddns.net\/pachuca\/index.php\/wp-json\/wp\/v2\/types\/product"}],"replies":[{"embeddable":true,"href":"https:\/\/soydeaqui.ddns.net\/pachuca\/index.php\/wp-json\/wp\/v2\/comments?post=5485"}],"wp:featuredmedia":[{"embeddable":true,"href":"https:\/\/soydeaqui.ddns.net\/pachuca\/index.php\/wp-json\/wp\/v2\/media\/5484"}],"wp:attachment":[{"href":"https:\/\/soydeaqui.ddns.net\/pachuca\/index.php\/wp-json\/wp\/v2\/media?parent=5485"}],"wp:term":[{"taxonomy":"product_brand","embeddable":true,"href":"https:\/\/soydeaqui.ddns.net\/pachuca\/index.php\/wp-json\/wp\/v2\/product_brand?post=5485"},{"taxonomy":"product_cat","embeddable":true,"href":"https:\/\/soydeaqui.ddns.net\/pachuca\/index.php\/wp-json\/wp\/v2\/product_cat?post=5485"},{"taxonomy":"product_tag","embeddable":true,"href":"https:\/\/soydeaqui.ddns.net\/pachuca\/index.php\/wp-json\/wp\/v2\/product_tag?post=5485"}],"curies":[{"name":"wp","href":"https:\/\/api.w.org\/{rel}","templated":true}]}}