{"id":54840,"date":"2026-03-19T02:33:11","date_gmt":"2026-03-19T02:33:11","guid":{"rendered":"https:\/\/soydeaqui.ddns.net\/pachuca\/index.php\/producto\/led-con-patrones-fijo-intermitente-estroboscopico-y-simulacion-rotatorio-color-ambar-de-12-24-vcd\/"},"modified":"2026-03-19T02:33:14","modified_gmt":"2026-03-19T02:33:14","slug":"led-con-patrones-fijo-intermitente-estroboscopico-y-simulacion-rotatorio-color-ambar-de-12-24-vcd","status":"publish","type":"product","link":"https:\/\/soydeaqui.ddns.net\/pachuca\/index.php\/producto\/led-con-patrones-fijo-intermitente-estroboscopico-y-simulacion-rotatorio-color-ambar-de-12-24-vcd\/","title":{"rendered":"LED con patrones fijo\/intermitente, estrobosc\u00f3pico y simulaci\u00f3n rotatorio, Color \u00e1mbar de 12-24 VCD"},"content":{"rendered":"<div style=\"width: 100%; max-width: 1200px; margin: 0 auto; font-family: sans-serif; line-height: 1.6; color: inherit;\">\n<div style=\"display: flex; flex-wrap: wrap; gap: 30px; margin-bottom: 30px;\">\n<div style=\"flex: 1 1 300px; min-width: 280px;\">\n<h3 style=\"font-size: 22px; border-bottom: 2px solid currentColor; padding-bottom: 5px; margin-top: 0; color: inherit; opacity: 0.8;\">Caracter&iacute;sticas del producto<\/h3>\n<ul style=\"padding-left: 20px; font-size: 15px; color: inherit;\">\n<li style=\"margin-bottom: 5px;\">El producto cuenta con m&uacute;ltiples funciones: LED fijo\/intermitente&comma; estrobosc&oacute;pico y rotaci&oacute;n simulada<\/li>\n<li style=\"margin-bottom: 5px;\">Opciones de funcionamiento con interruptores internos o externos<\/li>\n<li style=\"margin-bottom: 5px;\">Resistente a golpes y vibraciones&comma; con mantenimiento reducido gracias a su bombilla LED de bajo consumo y larga duraci&oacute;n<\/li>\n<\/ul>\n<\/div>\n<\/div>\n<div style=\"display: flex; flex-wrap: wrap; gap: 20px; margin-bottom: 30px;\">\n<div style=\"flex: 1 1 250px; border: 1px solid rgba(150&comma; 150&comma; 150&comma; 0.4); border-radius: 8px; overflow: hidden; display: flex; flex-direction: column;\">\n<div style=\"padding: 15px; border-bottom: 1px solid rgba(150&comma; 150&comma; 150&comma; 0.2); font-weight: bold; font-size: 18px; color: inherit;\">Frecuencia de destellos<\/div>\n<div style=\"padding: 15px; color: inherit;\">\n<ul style=\"padding-left: 20px; margin: 0; font-size: 14px; list-style-type: disc;\">\n<li style=\"margin-bottom: 5px;\">LED Fijo: 60-80 destellos\/min<\/li>\n<li style=\"margin-bottom: 5px;\">LED Estrobosc&oacute;pico: 70-80 destellos\/min<\/li>\n<li style=\"margin-bottom: 5px;\">LED Rotativo: 120-140 destellos\/min<\/li>\n<\/ul>\n<\/div>\n<\/div>\n<div style=\"flex: 1 1 250px; border: 1px solid rgba(150&comma; 150&comma; 150&comma; 0.4); border-radius: 8px; overflow: hidden; display: flex; flex-direction: column;\">\n<div style=\"padding: 15px; border-bottom: 1px solid rgba(150&comma; 150&comma; 150&comma; 0.2); font-weight: bold; font-size: 18px; color: inherit;\">Especificaciones<\/div>\n<div style=\"padding: 15px; color: inherit;\">\n<ul style=\"padding-left: 20px; margin: 0; font-size: 14px; list-style-type: disc;\">\n<li style=\"margin-bottom: 5px;\">Temperatura ambiente de funcionamiento: -30 &deg;C a +50 &deg;C<\/li>\n<li style=\"margin-bottom: 5px;\">Cumple con la directiva RoHS<\/li>\n<\/ul>\n<\/div>\n<\/div>\n<\/div>\n<div style=\"display: flex; flex-wrap: wrap; gap: 30px; margin-bottom: 30px;\">\n<div style=\"flex: 1 1 300px; min-width: 280px;\"><img decoding=\"async\" style=\"width: 100%; height: auto; border: 1px solid rgba(150&comma; 150&comma; 150&comma; 0.3); border-radius: 8px;\" src=\"http:\/\/ftp3.syscom.mx\/usuarios\/srodriguez\/QLIGHT\/ESPEC_MFL.png\" alt=\"\" class=\"fr-fic fr-dii\"><\/div>\n<div style=\"flex: 1 1 300px; min-width: 280px;\"><img decoding=\"async\" style=\"width: 100%; height: auto; border: 1px solid rgba(150&comma; 150&comma; 150&comma; 0.3); border-radius: 8px;\" src=\"http:\/\/ftp3.syscom.mx\/usuarios\/srodriguez\/QLIGHT\/DESTELLO_MFL125.png\" alt=\"\" class=\"fr-fic fr-dii\"><\/div>\n<\/div>\n<\/div>\n","protected":false},"excerpt":{"rendered":"<p>LED con patrones fijo\/intermitente, estrobosc\u00f3pico y simulaci\u00f3n rotatorio, Color \u00e1mbar de 12-24 VCD<\/p>\n","protected":false},"featured_media":54839,"comment_status":"open","ping_status":"closed","template":"","meta":[],"product_brand":[],"product_cat":[1416],"product_tag":[1414,1417,1468],"class_list":{"0":"post-54840","1":"product","2":"type-product","3":"status-publish","4":"has-post-thumbnail","6":"product_cat-luces-para-la-industria-y-edificios","7":"product_tag-luces-bocinas-para-la-industria-y-edificios","8":"product_tag-luces-para-la-industria-y-edificios","9":"product_tag-qlight","11":"first","12":"instock","13":"sale","14":"shipping-taxable","15":"purchasable","16":"product-type-simple"},"_links":{"self":[{"href":"https:\/\/soydeaqui.ddns.net\/pachuca\/index.php\/wp-json\/wp\/v2\/product\/54840","targetHints":{"allow":["GET"]}}],"collection":[{"href":"https:\/\/soydeaqui.ddns.net\/pachuca\/index.php\/wp-json\/wp\/v2\/product"}],"about":[{"href":"https:\/\/soydeaqui.ddns.net\/pachuca\/index.php\/wp-json\/wp\/v2\/types\/product"}],"replies":[{"embeddable":true,"href":"https:\/\/soydeaqui.ddns.net\/pachuca\/index.php\/wp-json\/wp\/v2\/comments?post=54840"}],"wp:featuredmedia":[{"embeddable":true,"href":"https:\/\/soydeaqui.ddns.net\/pachuca\/index.php\/wp-json\/wp\/v2\/media\/54839"}],"wp:attachment":[{"href":"https:\/\/soydeaqui.ddns.net\/pachuca\/index.php\/wp-json\/wp\/v2\/media?parent=54840"}],"wp:term":[{"taxonomy":"product_brand","embeddable":true,"href":"https:\/\/soydeaqui.ddns.net\/pachuca\/index.php\/wp-json\/wp\/v2\/product_brand?post=54840"},{"taxonomy":"product_cat","embeddable":true,"href":"https:\/\/soydeaqui.ddns.net\/pachuca\/index.php\/wp-json\/wp\/v2\/product_cat?post=54840"},{"taxonomy":"product_tag","embeddable":true,"href":"https:\/\/soydeaqui.ddns.net\/pachuca\/index.php\/wp-json\/wp\/v2\/product_tag?post=54840"}],"curies":[{"name":"wp","href":"https:\/\/api.w.org\/{rel}","templated":true}]}}