{"id":5481,"date":"2026-03-18T06:31:54","date_gmt":"2026-03-18T06:31:54","guid":{"rendered":"https:\/\/soydeaqui.ddns.net\/pachuca\/index.php\/producto\/super-kit-de-panel-vista48la-con-teclado-6150-transformador-bateria-y-sirena-de-15-watts\/"},"modified":"2026-03-18T06:31:55","modified_gmt":"2026-03-18T06:31:55","slug":"super-kit-de-panel-vista48la-con-teclado-6150-transformador-bateria-y-sirena-de-15-watts","status":"publish","type":"product","link":"https:\/\/soydeaqui.ddns.net\/pachuca\/index.php\/producto\/super-kit-de-panel-vista48la-con-teclado-6150-transformador-bateria-y-sirena-de-15-watts\/","title":{"rendered":"Super Kit de Panel VISTA48LA con Teclado 6150 Transformador, Bateria y Sirena de 15 Watts"},"content":{"rendered":"<div style='width: 100%; max-width: 1200px; margin: 0 auto; font-family: sans-serif; line-height: 1.6; color: inherit; background-color: transparent;'> <!-- Secci\u00f3n intro --> <\/p>\n<div style='margin-bottom: 30px;'>\n<h1 style='font-size: 24px; margin-top: 0; color: inherit;'>Equipo Listo para Honeywell Total Connect (Casa Inteligente) y Monitoreo de Alarma de Alta Seguridad con ALARMNET (IP y 4G).<\/h1>\n<\/p><\/div>\n<p> <!-- Secci\u00f3n 1 --> <\/p>\n<div style='display: flex; flex-wrap: wrap; gap: 30px; margin-bottom: 30px;'>\n<div style='flex: 1 1 300px; min-width: 280px;'> <img style='width: 100%; height: auto; border: 1px solid rgba(150&comma;150&comma;150&comma;0.3); border-radius: 8px;' src='https:\/\/ftp3.syscom.mx\/usuarios\/ftp\/single_page\/total_connect\/hontc-01.jpg' alt=''> <\/div>\n<div style='flex: 2 1 400px; min-width: 280px;'>\n<h3 style='font-size: 22px; border-bottom: 2px solid currentColor; padding-bottom: 5px; margin-top: 0; color: inherit; opacity: 0.8;'>Extremo Alta Seguridad<\/h3>\n<p style='color: inherit; font-size: 15px;'>ALARMNET segura que su se\u00f1al SIEMPRE LLEGUE. Su informaci\u00f3n es enviada encriptada&comma; servidores en U.S.A. de alta redundancia y respaldo por 4G (M\u00faltiples Carriers).<\/p>\n<\/p><\/div>\n<\/p><\/div>\n<p> <!-- Secci\u00f3n 2 --> <\/p>\n<div style='display: flex; flex-wrap: wrap; gap: 30px; margin-bottom: 30px;'>\n<div style='flex: 1 1 300px; min-width: 280px;'> <img style='width: 100%; height: auto; border: 1px solid rgba(150&comma;150&comma;150&comma;0.3); border-radius: 8px; margin-bottom: 15px;' src='https:\/\/ftp3.syscom.mx\/usuarios\/ftp\/single_page\/total_connect\/hontc-02x.jpg' alt=''> <img style='width: 100%; height: auto; border: 1px solid rgba(150&comma;150&comma;150&comma;0.3); border-radius: 8px;' src='https:\/\/ftp3.syscom.mx\/usuarios\/ftp\/single_page\/total_connect\/hontc-02c.jpg' alt=''> <\/div>\n<div style='flex: 2 1 400px; min-width: 280px;'>\n<h3 style='font-size: 22px; border-bottom: 2px solid currentColor; padding-bottom: 5px; margin-top: 0; color: inherit; opacity: 0.8;'>Casa Inteligente con Total Connect<\/h3>\n<p style='color: inherit; font-size: 15px;'>Administre su Panel y otros dispositivos (Termostatos&comma; Puertas&comma; Sensores&comma; Iluminaci\u00f3n) con Total Connect&comma; la aplicaci\u00f3n l\u00edder en U.S.A. para casas inteligentes.<\/p>\n<p style='color: inherit; font-size: 15px;'>En esta imagen vemos el estado de la puerta principal&comma; iluminaci\u00f3n en sala \/ comedor&comma; puerta de garage&comma; alertas por sensores y grabaci\u00f3n de c\u00e1maras nube.<\/p>\n<p> <img style='width: 100%; height: auto; border: 1px solid rgba(150&comma;150&comma;150&comma;0.3); border-radius: 8px; margin-top: 15px;' src='https:\/\/ftp3.syscom.mx\/usuarios\/ftp\/single_page\/total_connect\/hontc-03b.jpg' alt=''> <\/div>\n<\/p><\/div>\n<p> <!-- Separador --> <\/p>\n<hr style='border: 0; border-top: 1px solid rgba(150&comma; 150&comma; 150&comma; 0.3); margin: 30px 0;'> <!-- Secci\u00f3n 3 --> <\/p>\n<div style='display: flex; flex-wrap: wrap; gap: 30px; margin-bottom: 30px;'>\n<div style='flex: 1 1 400px; min-width: 280px;'>\n<h3 style='font-size: 22px; border-bottom: 2px solid currentColor; padding-bottom: 5px; margin-top: 0; color: inherit; opacity: 0.8;'>Grabaci\u00f3n de Video Nube de Alta Seguridad<\/h3>\n<p style='color: inherit; font-size: 15px;'>Acceda a video nube&comma; extremo fluido y alta seguridad en servidores de Honeywell U.S.A. desde su m\u00f3vil o v\u00eda Web.<\/p>\n<p style='color: inherit; font-size: 15px;'>C\u00e1maras compatibles: <a href='producto\/IPCAM-WIC1-HONEYWELL-163872.html' target='_blank' rel='noopener' style='color: inherit; text-decoration: underline;'>IPCAMWIC1<\/a>&comma; <a href='producto\/IPCAM-WIC2-HONEYWELL-162976.html' target='_blank' rel='noopener' style='color: inherit; text-decoration: underline;'>IPCAMWIC2<\/a> y <a href='producto\/IPCAMWOC1-HONEYWELL-163828.html' target='_blank' rel='noopener' style='color: inherit; text-decoration: underline;'>IPCAMWOC1<\/a><\/p>\n<p> <img style='width: 100%; height: auto; border: 1px solid rgba(150&comma;150&comma;150&comma;0.3); border-radius: 30px; margin-top: 15px;' src='https:\/\/ftp3.syscom.mx\/usuarios\/ftp\/single_page\/total_connect\/hontc-04.jpg' alt=''> <\/div>\n<div style='flex: 1 1 400px; min-width: 280px;'>\n<h3 style='font-size: 22px; border-bottom: 2px solid currentColor; padding-bottom: 5px; margin-top: 0; color: inherit; opacity: 0.8;'>Armado Remoto de Alta Seguridad<\/h3>\n<p style='color: inherit; font-size: 15px;'>Controle remotamente particiones de seguridad para su negocio.<\/p>\n<p style='color: inherit; font-size: 15px;'>Maneje seguridad&comma; control de acceso&comma; y administraci\u00f3n de usuarios con particiones Honeywell Total Connect VISTA\u00ae.<\/p>\n<p> <img style='width: 100%; height: auto; border: 1px solid rgba(150&comma;150&comma;150&comma;0.3); border-radius: 30px; margin-top: 15px;' src='https:\/\/ftp3.syscom.mx\/usuarios\/ftp\/single_page\/total_connect\/hontc-05.jpg' alt=''> <\/div>\n<\/p><\/div>\n<p> <!-- Separador --> <\/p>\n<hr style='border: 0; border-top: 1px solid rgba(150&comma; 150&comma; 150&comma; 0.3); margin: 30px 0;'> <!-- Secci\u00f3n 4 --> <\/p>\n<div style='display: flex; flex-wrap: wrap; gap: 30px; margin-bottom: 30px;'>\n<div style='flex: 1 1 400px; min-width: 280px;'>\n<h3 style='font-size: 22px; border-bottom: 2px solid currentColor; padding-bottom: 5px; margin-top: 0; color: inherit; opacity: 0.8;'>Convierte tu Casa en una Casa Inteligente<\/h3>\n<p style='color: inherit; font-size: 15px;'>Total Connect de Honeywell permite administrar todos los dispositivos con alta seguridad en cualquier dispositivo m\u00f3vil.<\/p>\n<p> <img style='width: 100%; height: auto; border: 1px solid rgba(150&comma;150&comma;150&comma;0.3); border-radius: 30px; margin-top: 15px;' src='https:\/\/ftp3.syscom.mx\/usuarios\/ftp\/single_page\/total_connect\/hontc-06.jpg' alt=''> <\/div>\n<div style='flex: 1 1 400px; min-width: 280px;'>\n<h3 style='font-size: 22px; border-bottom: 2px solid currentColor; padding-bottom: 5px; margin-top: 0; color: inherit; opacity: 0.8;'>Compatible con Google Home y Alexa<\/h3>\n<p style='color: inherit; font-size: 15px;'>&#8216;Alexa&comma; p\u00eddele a Honeywell que encienda las luces&#8217; <br \/>&#8216;Alexa&comma; p\u00eddele a Honeywell que cierre la puerta&#8217; <br \/>&#8216;Alexa&comma; p\u00eddele a Honeywell que arme la casa&#8217;<\/p>\n<p> <img style='width: 100%; height: auto; border: 1px solid rgba(150&comma;150&comma;150&comma;0.3); border-radius: 30px; margin-top: 15px;' src='https:\/\/ftp3.syscom.mx\/usuarios\/ftp\/single_page\/total_connect\/hontc-07.jpg' alt=''> <\/div>\n<\/p><\/div>\n<p> <!-- Separador --> <\/p>\n<hr style='border: 0; border-top: 1px solid rgba(150&comma; 150&comma; 150&comma; 0.3); margin: 30px 0;'> <!-- Secci\u00f3n de video --> <\/p>\n<div style='margin-bottom: 30px;'>\n<div style='position: relative; padding-bottom: 56.25%; height: 0; overflow: hidden;'>   <\/div>\n<\/p><\/div>\n<p> <!-- Separador --> <\/p>\n<hr style='border: 0; border-top: 1px solid rgba(150&comma; 150&comma; 150&comma; 0.3); margin: 30px 0;'> <!-- Secci\u00f3n banners --> <\/p>\n<div style='display: flex; flex-wrap: wrap; gap: 20px; margin-bottom: 30px;'>\n<div style='flex: 1 1 400px; min-width: 280px;'> <a href='https:\/\/drive.google.com\/file\/d\/14O-XtxLv9NWbfPq4gAVaYqBriV4eYVuZ\/view' target='_blank' rel='noopener' style='text-decoration: none;'> <img style='width: 100%; height: auto; border: 1px solid rgba(150&comma;150&comma;150&comma;0.3); border-radius: 8px;' src='http:\/\/ftp3.syscom.mx\/usuarios\/ftp\/recursos\/honeywell-bnr.jpg' alt=''> <\/a> <\/div>\n<div style='flex: 1 1 400px; min-width: 280px;'> <a href='singlepage\/monitoreo-3g-4g' target='_blank' rel='noopener' style='text-decoration: none;'> <img style='width: 100%; height: auto; border: 1px solid rgba(150&comma;150&comma;150&comma;0.3); border-radius: 8px;' src='http:\/\/ftp3.syscom.mx\/usuarios\/ftp\/recursos\/monitoreo.png' alt=''> <\/a> <\/div>\n<\/p><\/div>\n<p> <!-- Secci\u00f3n de especificaciones --> <\/p>\n<div style='margin-bottom: 30px;'>\n<p style='color: inherit; font-size: 15px; margin-bottom: 15px;'>Panel de alarma para aplicaciones residenciales&comma; negocios u oficinas.<\/p>\n<div style='display: flex; flex-wrap: wrap; gap: 30px;'>\n<div style='flex: 1 1 400px; min-width: 280px;'>\n<h3 style='font-size: 22px; border-bottom: 2px solid currentColor; padding-bottom: 5px; margin-top: 0; color: inherit; opacity: 0.8;'>Sistema<\/h3>\n<ul style='padding-left: 20px; font-size: 15px; color: inherit; list-style-type: disc;'>\n<li style='margin-bottom: 5px;'><span style='color: inherit;'>Programaci\u00f3n por teclado alfanum\u00e9rico&comma; software Downloading<\/span><\/li>\n<li style='margin-bottom: 5px;'><span style='color: inherit;'>M\u00e1ximo 8 teclados&comma; soporta teclados alfanum\u00e9ricos&comma; de iconos y sensibles al tacto; m\u00e1ximo 2 (se sugiere fuente de poder auxiliar)<\/span><\/li>\n<li style='margin-bottom: 5px;'><span style='color: inherit;'>Tiempo de entrada definido por el instalador<\/span><\/li>\n<li style='margin-bottom: 5px;'><span style='color: inherit;'>2 zonas programables de entrada y salida con distintos tiempos<\/span><\/li>\n<li style='margin-bottom: 5px;'><span style='color: inherit;'>Funciones de automatizaci\u00f3n<\/span><\/li>\n<li style='margin-bottom: 5px;'><span style='color: inherit;'>Funci\u00f3n de auto armado y desarmado<\/span><\/li>\n<li style='margin-bottom: 5px;'><span style='color: inherit;'>Soporta m\u00f3dulo de relevadores 4204&comma; m\u00e1ximo 4<\/span><\/li>\n<li style='margin-bottom: 5px;'><span style='color: inherit;'>250 eventos en memoria. La memoria se puede leer con el software COMPASS Downloading<\/span><\/li>\n<li style='margin-bottom: 5px;'><span style='color: inherit;'>3 particiones con opci\u00f3n de configurar una como lobby<\/span><\/li>\n<li style='margin-bottom: 5px;'><span style='color: inherit;'>Confirmaci\u00f3n de armado y desarmado<\/span><\/li>\n<li style='margin-bottom: 5px;'><span style='color: inherit;'>Auto Armado parcial configurable<\/span><\/li>\n<li style='margin-bottom: 5px;'><span style='color: inherit;'>Salida de sirena de 2 A<\/span><\/li>\n<li style='margin-bottom: 5px;'><span style='color: inherit;'>2 salidas de voltaje programables<\/span><\/li>\n<li style='margin-bottom: 5px;'><span style='color: inherit;'>Detecci\u00f3n de corte de l\u00ednea telef\u00f3nica<\/span><\/li>\n<li style='margin-bottom: 5px;'><span style='color: inherit;'>Corriente auxiliar de 600 mA<\/span><\/li>\n<li style='margin-bottom: 5px;'><span style='color: inherit;'>Entrada de alimentaci\u00f3n de 16 Vca<\/span><\/li>\n<\/ul><\/div>\n<div style='flex: 1 1 400px; min-width: 280px;'>\n<h3 style='font-size: 22px; border-bottom: 2px solid currentColor; padding-bottom: 5px; margin-top: 0; color: inherit; opacity: 0.8;'>Zonas<\/h3>\n<ul style='padding-left: 20px; font-size: 15px; color: inherit; list-style-type: disc;'>\n<li style='margin-bottom: 5px;'><span style='color: inherit;'>8 zonas programables&comma; configurables con o sin resistencia de fin de l\u00ednea<\/span><\/li>\n<li style='margin-bottom: 5px;'><span style='color: inherit;'>Las zonas se pueden configurar de respuesta r\u00e1pida o lenta<\/span><\/li>\n<li style='margin-bottom: 5px;'><span style='color: inherit;'>Capacidad de duplicaci\u00f3n de zonas<\/span><\/li>\n<li style='margin-bottom: 5px;'><span style='color: inherit;'>En la zona uno soporta hasta 16 detectores de humo de dos hilos<\/span><\/li>\n<li style='margin-bottom: 5px;'><span style='color: inherit;'>Soporta detectores de humo de 4 hilos<\/span><\/li>\n<li style='margin-bottom: 5px;'><span style='color: inherit;'>Soporta 40 zonas inal\u00e1mbricas<\/span><\/li>\n<li style='margin-bottom: 5px;'><span style='color: inherit;'>24 tipos de zonas configurables<\/span><\/li>\n<li style='margin-bottom: 5px;'><span style='color: inherit;'>16 zonas adicionales para controles port\u00e1tiles<\/span><\/li>\n<li style='margin-bottom: 5px;'><span style='color: inherit;'>Soporta m\u00f3dulo de expansi\u00f3n de zonas cableados 4219 y 4229<\/span><\/li>\n<li style='margin-bottom: 5px;'><span style='color: inherit;'>Supervisi\u00f3n del sistema inal\u00e1mbrico al 100%<\/span><\/li>\n<li style='margin-bottom: 5px;'><span style='color: inherit;'>Alcance de hasta 60 m en la serie inal\u00e1mbrica 5800<\/span><\/li>\n<\/ul><\/div>\n<div style='flex: 1 1 400px; min-width: 280px;'>\n<h3 style='font-size: 22px; border-bottom: 2px solid currentColor; padding-bottom: 5px; margin-top: 0; color: inherit; opacity: 0.8;'>Usuarios<\/h3>\n<ul style='padding-left: 20px; font-size: 15px; color: inherit; list-style-type: disc;'>\n<li style='margin-bottom: 5px;'><span style='color: inherit;'>48 c\u00f3digos de usuario<\/span><\/li>\n<li style='margin-bottom: 5px;'><span style='color: inherit;'>6 niveles de autoridad: instalador&comma; maestro&comma; est\u00e1ndar&comma; invitado&comma; s\u00f3lo armar y coacci\u00f3n<\/span><\/li>\n<li style='margin-bottom: 5px;'><span style='color: inherit;'>Sistema de armado r\u00e1pido<\/span><\/li>\n<li style='margin-bottom: 5px;'><span style='color: inherit;'>5 niveles de armado: total&comma; parcial&comma; noche&comma; instant\u00e1neo y m\u00e1ximo<\/span><\/li>\n<li style='margin-bottom: 5px;'><span style='color: inherit;'>Aviso de puerta abierta (CHIME)<\/span><\/li>\n<\/ul><\/div>\n<div style='flex: 1 1 400px; min-width: 280px;'>\n<h3 style='font-size: 22px; border-bottom: 2px solid currentColor; padding-bottom: 5px; margin-top: 0; color: inherit; opacity: 0.8;'>Comunicaci\u00f3n<\/h3>\n<ul style='padding-left: 20px; font-size: 15px; color: inherit; list-style-type: disc;'>\n<li style='margin-bottom: 5px;'><span style='color: inherit;'>Comunicador interconstru\u00eddo para comunicaci\u00f3n con la Central Receptora de Alarmas<\/span><\/li>\n<li style='margin-bottom: 5px;'><span style='color: inherit;'>Soporta los formatos de comunicaci\u00f3n en 4+2 y CONTAC\/ID<\/span><\/li>\n<li style='margin-bottom: 5px;'><span style='color: inherit;'>Soporta opci\u00f3n de reporte dual y dividido<\/span><\/li>\n<li style='margin-bottom: 5px;'><span style='color: inherit;'>Compatible con los sistemas de comunicaci\u00f3n de Honeywell para AlarmNet<\/span><\/li>\n<\/ul><\/div>\n<\/p><\/div>\n<\/p><\/div>\n<p> <!-- Separador --> <\/p>\n<hr style='border: 0; border-top: 1px solid rgba(150&comma; 150&comma; 150&comma; 0.3); margin: 30px 0;'> <!-- Secci\u00f3n incluye --> <\/p>\n<div style='margin-bottom: 30px;'>\n<h3 style='font-size: 22px; border-bottom: 2px solid currentColor; padding-bottom: 5px; margin-top: 0; color: inherit; opacity: 0.8;'>Incluye<\/h3>\n<ul style='padding-left: 20px; font-size: 15px; color: inherit; list-style-type: disc;'>\n<li style='margin-bottom: 5px;'><span style='color: inherit;'>Panel de alarma VISTA48 de 48 zonas con teclado de palabras fijas 6150<\/span><\/li>\n<li style='margin-bottom: 5px;'><span style='color: inherit;'>Bater\u00eda PL4.512 de 4.5 A<\/span><\/li>\n<li style='margin-bottom: 5px;'><span style='color: inherit;'>Transformador 1361 de 16Vca<\/span><\/li>\n<li style='margin-bottom: 5px;'><span style='color: inherit;'>Sirena de 15 Watts SF747<\/span><\/li>\n<li style='margin-bottom: 5px;'><span style='color: inherit;'>Gabinete para panel VISTA48 SGRPRUV4<\/span><\/li>\n<li style='margin-bottom: 5px;'><span style='color: inherit;'>Tarjeta de panel de alarma VISTA48 VISTA48LALCT<\/span><\/li>\n<\/ul><\/div>\n<p> <!-- Nota --> <\/p>\n<div style='margin-bottom: 30px;'>\n<p style='color: inherit; font-size: 15px; margin-bottom: 5px;'><strong>Nota:<\/strong> Requiere teclado programador 6164SP o 6162RF para la configuraci\u00f3n del panel<\/p>\n<\/p><\/div>\n<\/p><\/div>\n","protected":false},"excerpt":{"rendered":"<p>Super Kit de Panel VISTA48LA con Teclado 6150 Transformador, Bateria y Sirena de 15 Watts<\/p>\n","protected":false},"featured_media":5480,"comment_status":"open","ping_status":"closed","template":"","meta":[],"product_brand":[],"product_cat":[179],"product_tag":[45,61,180],"class_list":{"0":"post-5481","1":"product","2":"type-product","3":"status-publish","4":"has-post-thumbnail","6":"product_cat-paneles-de-alarma-total-connect-honeywell","7":"product_tag-honeywell-home-resideo","8":"product_tag-paneles-de-alarma","9":"product_tag-total-connect-honeywell","11":"first","12":"outofstock","13":"sale","14":"shipping-taxable","15":"purchasable","16":"product-type-simple"},"_links":{"self":[{"href":"https:\/\/soydeaqui.ddns.net\/pachuca\/index.php\/wp-json\/wp\/v2\/product\/5481","targetHints":{"allow":["GET"]}}],"collection":[{"href":"https:\/\/soydeaqui.ddns.net\/pachuca\/index.php\/wp-json\/wp\/v2\/product"}],"about":[{"href":"https:\/\/soydeaqui.ddns.net\/pachuca\/index.php\/wp-json\/wp\/v2\/types\/product"}],"replies":[{"embeddable":true,"href":"https:\/\/soydeaqui.ddns.net\/pachuca\/index.php\/wp-json\/wp\/v2\/comments?post=5481"}],"wp:featuredmedia":[{"embeddable":true,"href":"https:\/\/soydeaqui.ddns.net\/pachuca\/index.php\/wp-json\/wp\/v2\/media\/5480"}],"wp:attachment":[{"href":"https:\/\/soydeaqui.ddns.net\/pachuca\/index.php\/wp-json\/wp\/v2\/media?parent=5481"}],"wp:term":[{"taxonomy":"product_brand","embeddable":true,"href":"https:\/\/soydeaqui.ddns.net\/pachuca\/index.php\/wp-json\/wp\/v2\/product_brand?post=5481"},{"taxonomy":"product_cat","embeddable":true,"href":"https:\/\/soydeaqui.ddns.net\/pachuca\/index.php\/wp-json\/wp\/v2\/product_cat?post=5481"},{"taxonomy":"product_tag","embeddable":true,"href":"https:\/\/soydeaqui.ddns.net\/pachuca\/index.php\/wp-json\/wp\/v2\/product_tag?post=5481"}],"curies":[{"name":"wp","href":"https:\/\/api.w.org\/{rel}","templated":true}]}}