{"id":54728,"date":"2026-03-19T02:30:00","date_gmt":"2026-03-19T02:30:00","guid":{"rendered":"https:\/\/soydeaqui.ddns.net\/pachuca\/index.php\/producto\/altavoz-de-anunciamiento-publico-a-prueba-de-explosiones-audiomaster-30w-de-potencia-listado-ul-y-cul-para-clase-i-division-1-grupos-b-c-y-d-clase-i-division-2-grupo-a-b-c-y-d-clase-i-3\/"},"modified":"2026-03-19T02:30:01","modified_gmt":"2026-03-19T02:30:01","slug":"altavoz-de-anunciamiento-publico-a-prueba-de-explosiones-audiomaster-30w-de-potencia-listado-ul-y-cul-para-clase-i-division-1-grupos-b-c-y-d-clase-i-division-2-grupo-a-b-c-y-d-clase-i-3","status":"publish","type":"product","link":"https:\/\/soydeaqui.ddns.net\/pachuca\/index.php\/producto\/altavoz-de-anunciamiento-publico-a-prueba-de-explosiones-audiomaster-30w-de-potencia-listado-ul-y-cul-para-clase-i-division-1-grupos-b-c-y-d-clase-i-division-2-grupo-a-b-c-y-d-clase-i-3\/","title":{"rendered":"Altavoz de anunciamiento publico a prueba de explosiones AudioMaster\u00ae, 30W de Potencia, Listado UL y cUL para Clase I, Divisi\u00f3n 1, Grupos B, C y D; Clase I, Divisi\u00f3n 2, Grupo A, B, C y D; Clase II, Divisi\u00f3n 2, Grupos F y G; Clase"},"content":{"rendered":"<div style=\"width: 100%; max-width: 1200px; margin: 0 auto; font-family: sans-serif; line-height: 1.6; color: inherit; background-color: transparent;\">\n<div style=\"display: flex; flex-wrap: wrap; gap: 30px; margin-bottom: 30px;\">\n<div style=\"flex: 1 1 300px; min-width: 280px;\">\n<h3 style=\"font-size: 22px; border-bottom: 2px solid currentColor; padding-bottom: 5px; margin-top: 0; color: inherit; opacity: 0.8;\">CARACTERISTICAS<\/h3>\n<p style=\"font-size: 15px; color: inherit; margin-bottom: 15px; text-align: justify;\">Altavoces reentrantes resistentes&comma; acoplados por transformador&comma; para uso en aplicaciones de megafon&iacute;a o megafon&iacute;a. Estos altavoces cuentan con un cono de altavoz duradero y un proyector fabricados con aluminio hilado. Las conexiones del cableado de los altavoces est&aacute;n encerradas en un compartimento de aluminio fundido a prueba de polvo y humedad. Todas las superficies externas est&aacute;n selladas con una pintura en polvo roja o gris.<\/p>\n<p style=\"font-size: 15px; color: inherit; margin-bottom: 15px; text-align: justify;\">La parte inferior de las unidades contiene dos aberturas para conductos de 1\/2 pulgada para acomodar el cableado de audio entrante y saliente. La forma &uacute;nica del proyector de la unidad proporciona una dispersi&oacute;n del sonido de 60&deg;. El proyector se mantiene en posici&oacute;n con un anillo de bloqueo recubierto de tefl&oacute;n que se puede girar 180&deg; para obtener la distribuci&oacute;n del sonido deseada.<\/p>\n<p style=\"font-size: 15px; color: inherit; margin-bottom: 15px; text-align: justify;\">Estos parlantes est&aacute;n listados por Underwriters Laboratories para &#39;Uso de se&ntilde;alizaci&oacute;n de protecci&oacute;n contra incendios&#39;. Estos pueden usarse como sistemas de notificaci&oacute;n de alarmas supervisadas o amplificadores de la serie AudioMaster&reg; CTS y el enrutador de audio para completar un sistema de megafon&iacute;a de grado industrial.<\/p>\n<\/div>\n<\/div>\n<div style=\"display: flex; flex-wrap: wrap; gap: 20px; margin-bottom: 30px;\">\n<div style=\"flex: 1 1 250px; border: 1px solid rgba(150&comma; 150&comma; 150&comma; 0.4); border-radius: 8px; overflow: hidden; display: flex; flex-direction: column;\">\n<div style=\"padding: 15px; border-bottom: 1px solid rgba(150&comma; 150&comma; 150&comma; 0.2); font-weight: bold; font-size: 18px; color: inherit;\">ESPECIFICACIONES<\/div>\n<div style=\"padding: 15px; color: inherit;\">\n<ul style=\"padding-left: 20px; margin: 0; font-size: 14px; list-style-type: disc;\">\n<li style=\"margin-bottom: 5px;\">15 Watts<\/li>\n<li style=\"margin-bottom: 5px;\">Transformador acoplado<\/li>\n<li style=\"margin-bottom: 5px;\">Dise&ntilde;o de bocina reentrante<\/li>\n<li style=\"margin-bottom: 5px;\">Montaje en pared<\/li>\n<li style=\"margin-bottom: 5px;\">Uso interior y exterior<\/li>\n<li style=\"margin-bottom: 5px;\">Gabinete tipo 3R<\/li>\n<li style=\"margin-bottom: 5px;\">Aprobado por CSFM<\/li>\n<li style=\"margin-bottom: 5px;\">Listado contra incendios por UL<\/li>\n<\/ul>\n<\/div>\n<\/div>\n<\/div>\n<hr style=\"border: 0; border-top: 1px solid rgba(150&comma; 150&comma; 150&comma; 0.3); margin: 30px 0;\"><\/div>\n","protected":false},"excerpt":{"rendered":"<p>Altavoz de anunciamiento publico a prueba de explosiones AudioMaster\u00ae, 30W de Potencia, Listado UL y cUL para Clase I, Divisi\u00f3n 1, Grupos B, C y D; Clase I, Divisi\u00f3n 2, Grupo A, B, C y D; Clase II, Divisi\u00f3n 2, Grupos F y G; Clase<\/p>\n","protected":false},"featured_media":54727,"comment_status":"open","ping_status":"closed","template":"","meta":[],"product_brand":[],"product_cat":[1413],"product_tag":[1415,552,1414],"class_list":{"0":"post-54728","1":"product","2":"type-product","3":"status-publish","4":"has-post-thumbnail","6":"product_cat-bocinas-de-alerta-y-notificacion-masiva","7":"product_tag-bocinas-de-alerta-y-notificacion-masiva","8":"product_tag-federal-signal-industrial","9":"product_tag-luces-bocinas-para-la-industria-y-edificios","11":"first","12":"outofstock","13":"sale","14":"shipping-taxable","15":"purchasable","16":"product-type-simple"},"_links":{"self":[{"href":"https:\/\/soydeaqui.ddns.net\/pachuca\/index.php\/wp-json\/wp\/v2\/product\/54728","targetHints":{"allow":["GET"]}}],"collection":[{"href":"https:\/\/soydeaqui.ddns.net\/pachuca\/index.php\/wp-json\/wp\/v2\/product"}],"about":[{"href":"https:\/\/soydeaqui.ddns.net\/pachuca\/index.php\/wp-json\/wp\/v2\/types\/product"}],"replies":[{"embeddable":true,"href":"https:\/\/soydeaqui.ddns.net\/pachuca\/index.php\/wp-json\/wp\/v2\/comments?post=54728"}],"wp:featuredmedia":[{"embeddable":true,"href":"https:\/\/soydeaqui.ddns.net\/pachuca\/index.php\/wp-json\/wp\/v2\/media\/54727"}],"wp:attachment":[{"href":"https:\/\/soydeaqui.ddns.net\/pachuca\/index.php\/wp-json\/wp\/v2\/media?parent=54728"}],"wp:term":[{"taxonomy":"product_brand","embeddable":true,"href":"https:\/\/soydeaqui.ddns.net\/pachuca\/index.php\/wp-json\/wp\/v2\/product_brand?post=54728"},{"taxonomy":"product_cat","embeddable":true,"href":"https:\/\/soydeaqui.ddns.net\/pachuca\/index.php\/wp-json\/wp\/v2\/product_cat?post=54728"},{"taxonomy":"product_tag","embeddable":true,"href":"https:\/\/soydeaqui.ddns.net\/pachuca\/index.php\/wp-json\/wp\/v2\/product_tag?post=54728"}],"curies":[{"name":"wp","href":"https:\/\/api.w.org\/{rel}","templated":true}]}}