{"id":54718,"date":"2026-03-19T02:29:44","date_gmt":"2026-03-19T02:29:44","guid":{"rendered":"https:\/\/soydeaqui.ddns.net\/pachuca\/index.php\/producto\/torreta-48-serie-11-con-129leds-ambar-montaje-permanente\/"},"modified":"2026-03-19T02:29:44","modified_gmt":"2026-03-19T02:29:44","slug":"torreta-48-serie-11-con-129leds-ambar-montaje-permanente","status":"publish","type":"product","link":"https:\/\/soydeaqui.ddns.net\/pachuca\/index.php\/producto\/torreta-48-serie-11-con-129leds-ambar-montaje-permanente\/","title":{"rendered":"Torreta 48&#8243; Serie 11 con 129LEDs, Ambar, Montaje permanente"},"content":{"rendered":"<div style='width: 100%; max-width: 1200px; margin: 0 auto; font-family: sans-serif; line-height: 1.6; color: inherit; background-color: transparent;'>\n<div style='display: flex; flex-direction: column; gap: 20px;'>\n<p style='font-size: 24px; margin: 0; padding: 0;'> La <strong style='font-weight: 600;'>Serie 11 RefleXL<\/strong> es la barra de luz de advertencia m\u00e1s compacta y de perfil bajo de ECCO hasta la fecha. Esta barra de luz elegante ofrece una durabilidad robusta gracias a su lente de policarbonato y su armaz\u00f3n de aluminio. <\/p>\n<p style='font-size: 24px; margin: 0; padding: 0;'> Dise\u00f1ada para montarse de forma permanente con los soportes incluidos&comma; en un <em style='font-style: italic;'>headache rack<\/em> opcional&comma; o de manera temporal con opciones de montaje permanente&comma; la RefleXL ofrece una advertencia discreta pero potente para cualquier aplicaci\u00f3n vehicular. <\/p>\n<p style='font-size: 24px; margin: 0; padding: 0;'> Disponible en versiones de color simple o doble color&comma; esta barra de luz LED proporciona a su veh\u00edculo la versatilidad necesaria para hacer el trabajo: el ajuste perfecto para cualquier gr\u00faa&comma; veh\u00edculo de trabajo o veh\u00edculo utilitario donde la advertencia compacta sea esencial. <\/p>\n<div style='margin-top: 30px;'>\n<h3 style='font-size: 22px; border-bottom: 2px solid currentColor; padding-bottom: 5px; margin-top: 0; margin-bottom: 15px; color: inherit; opacity: 0.8;'>Especificaciones<\/h3>\n<ul style='padding-left: 20px; font-size: 15px; color: inherit; list-style-type: disc;'>\n<li style='margin-bottom: 5px; font-size: 24px;'><strong style='font-weight: 600;'>M\u00faltiples opciones de montaje<\/strong><\/li>\n<li style='margin-bottom: 5px; font-size: 24px;'><strong style='font-weight: 600;'>35 patrones de destello (color simple)&comma; 91 patrones de destello (doble color)<\/strong><\/li>\n<li style='margin-bottom: 5px; font-size: 24px;'><strong style='font-weight: 600;'>Tama\u00f1o compacto:<\/strong> 1.3\u201d de alto por 5\u201d de ancho<\/li>\n<li style='margin-bottom: 5px; font-size: 24px;'><strong style='font-weight: 600;'>Armaz\u00f3n de aluminio&comma; lente de policarbonato y soportes de montaje de acero inoxidable<\/strong><\/li>\n<li style='margin-bottom: 5px; font-size: 24px;'><strong style='font-weight: 600;'>Funciones para barra de arrastre:<\/strong> stop\/tail\/turn (freno\/posici\u00f3n\/direccional)&comma; luces laterales (<em style='font-style: italic;'>alley lights<\/em>)&comma; luces de trabajo&comma; <em style='font-style: italic;'>take downs<\/em> y director de tr\u00e1fico<\/li>\n<li style='margin-bottom: 5px; font-size: 24px;'><strong style='font-weight: 600;'>Certificaciones:<\/strong> UK&comma; CA&comma; IP69K<\/li>\n<\/ul><\/div>\n<\/p><\/div>\n<\/p><\/div>\n","protected":false},"excerpt":{"rendered":"<p>Torreta 48&#8243; Serie 11 con 129LEDs, Ambar, Montaje permanente<\/p>\n","protected":false},"featured_media":54717,"comment_status":"open","ping_status":"closed","template":"","meta":[],"product_brand":[],"product_cat":[1370],"product_tag":[950,502,1371],"class_list":{"0":"post-54718","1":"product","2":"type-product","3":"status-publish","4":"has-post-thumbnail","6":"product_cat-ambar-luces-auxiliares-vehiculares","7":"product_tag-ambar","8":"product_tag-ecco","9":"product_tag-luces-auxiliares-vehiculares","11":"first","12":"outofstock","13":"sale","14":"shipping-taxable","15":"purchasable","16":"product-type-simple"},"_links":{"self":[{"href":"https:\/\/soydeaqui.ddns.net\/pachuca\/index.php\/wp-json\/wp\/v2\/product\/54718","targetHints":{"allow":["GET"]}}],"collection":[{"href":"https:\/\/soydeaqui.ddns.net\/pachuca\/index.php\/wp-json\/wp\/v2\/product"}],"about":[{"href":"https:\/\/soydeaqui.ddns.net\/pachuca\/index.php\/wp-json\/wp\/v2\/types\/product"}],"replies":[{"embeddable":true,"href":"https:\/\/soydeaqui.ddns.net\/pachuca\/index.php\/wp-json\/wp\/v2\/comments?post=54718"}],"wp:featuredmedia":[{"embeddable":true,"href":"https:\/\/soydeaqui.ddns.net\/pachuca\/index.php\/wp-json\/wp\/v2\/media\/54717"}],"wp:attachment":[{"href":"https:\/\/soydeaqui.ddns.net\/pachuca\/index.php\/wp-json\/wp\/v2\/media?parent=54718"}],"wp:term":[{"taxonomy":"product_brand","embeddable":true,"href":"https:\/\/soydeaqui.ddns.net\/pachuca\/index.php\/wp-json\/wp\/v2\/product_brand?post=54718"},{"taxonomy":"product_cat","embeddable":true,"href":"https:\/\/soydeaqui.ddns.net\/pachuca\/index.php\/wp-json\/wp\/v2\/product_cat?post=54718"},{"taxonomy":"product_tag","embeddable":true,"href":"https:\/\/soydeaqui.ddns.net\/pachuca\/index.php\/wp-json\/wp\/v2\/product_tag?post=54718"}],"curies":[{"name":"wp","href":"https:\/\/api.w.org\/{rel}","templated":true}]}}