{"id":54711,"date":"2026-03-19T02:29:31","date_gmt":"2026-03-19T02:29:31","guid":{"rendered":"https:\/\/soydeaqui.ddns.net\/pachuca\/index.php\/producto\/kit-de-rastreador-vehicular-gps-ip67-ideal-para-motocicletas-y-vehiculos-con-conectividad-2g-y-4g-licencia-anual-de-epcomgpscode-y-sim-anual-sim600mb1y\/"},"modified":"2026-03-19T02:29:32","modified_gmt":"2026-03-19T02:29:32","slug":"kit-de-rastreador-vehicular-gps-ip67-ideal-para-motocicletas-y-vehiculos-con-conectividad-2g-y-4g-licencia-anual-de-epcomgpscode-y-sim-anual-sim600mb1y","status":"publish","type":"product","link":"https:\/\/soydeaqui.ddns.net\/pachuca\/index.php\/producto\/kit-de-rastreador-vehicular-gps-ip67-ideal-para-motocicletas-y-vehiculos-con-conectividad-2g-y-4g-licencia-anual-de-epcomgpscode-y-sim-anual-sim600mb1y\/","title":{"rendered":"KIT de rastreador vehicular (GPS) IP67 Ideal para Motocicletas y Vehiculos con conectividad 2G y 4G\/licencia anual de EPCOMGPSCODE y sim anual SIM600MB1Y"},"content":{"rendered":"<div style='width: 100%; max-width: 1200px; margin: 0 auto; font-family: sans-serif; line-height: 1.6; color: inherit; background-color: transparent;'>\n<div style='display: flex; flex-direction: column; gap: 30px;'> <!-- Imagen principal --> <\/p>\n<div style='width: 100%;'> <img style='width: 100%; height: auto; border: 1px solid rgba(150&comma;150&comma;150&comma;0.3); border-radius: 8px; display: block; margin: 0 auto;' src='https:\/\/ftp3.syscom.mx\/usuarios\/fotos\/T711LKIT\/243364-imagen02.png' alt=''> <\/div>\n<p> <!-- Descripci\u00f3n principal --> <\/p>\n<div style='width: 100%;'>\n<p style='font-size: 24px; color: inherit; opacity: 0.9; text-align: justify;'> El <strong style='color: inherit; opacity: 1;'>Meitrack T711L<\/strong> es un rastreador vehicular compacto y avanzado que est\u00e1 dise\u00f1ado para ofrecer una soluci\u00f3n robusta y vers\u00e1til en telemetr\u00eda vehicular. Equipado con la tecnolog\u00eda LTE Cat 1&comma; este rastreador proporciona una mejor conectividad en comparaci\u00f3n con los sistemas obsoletos de 2G y 3G. Con su dise\u00f1o compacto&comma; m\u00faltiples entradas y salidas el T711L es ideal para aplicaciones en motocicletas&comma; veh\u00edculos personales&comma; veh\u00edculos de emergencia y acu\u00e1ticos. <\/p>\n<\/p><\/div>\n<p> <!-- Kit incluye --> <\/p>\n<div style='width: 100%;'>\n<h3 style='font-size: 22px; border-bottom: 2px solid currentColor; padding-bottom: 5px; margin-top: 0; color: inherit; opacity: 0.8;'>El kit incluye:<\/h3>\n<ul style='padding-left: 20px; font-size: 15px; color: inherit; list-style-type: disc;'>\n<li style='margin-bottom: 5px;'><strong>Sim de datos:<\/strong> SIM600MB1Y<\/li>\n<li style='margin-bottom: 5px;'><strong>Licencia de epcomgps:<\/strong> EPCOMGPSCODE<\/li>\n<li style='margin-bottom: 5px;'><strong>GPS:<\/strong> T711L<\/li>\n<\/ul><\/div>\n<p> <!-- Accesorios no incluidos --> <\/p>\n<div style='width: 100%;'>\n<h3 style='font-size: 22px; border-bottom: 2px solid currentColor; padding-bottom: 5px; margin-top: 0; color: inherit; opacity: 0.8;'>Accesorios no incluidos:<\/h3>\n<ul style='padding-left: 20px; font-size: 15px; color: inherit; list-style-type: disc;'>\n<li style='margin-bottom: 5px;'><strong>Bot\u00f3n SOS:<\/strong> GPSSOS<\/li>\n<li style='margin-bottom: 5px;'><strong>Relevador:<\/strong> 12VRELAY<\/li>\n<li style='margin-bottom: 5px;'><strong>Cable de programaci\u00f3n:<\/strong> 60146<\/li>\n<\/ul><\/div>\n<p> <!-- Im\u00e1genes adicionales --> <\/p>\n<div style='width: 100%;'> <img style='width: 100%; height: auto; border: 1px solid rgba(150&comma;150&comma;150&comma;0.3); border-radius: 8px; display: block; margin: 0 auto;' src='https:\/\/ftp3.syscom.mx\/usuarios\/fotos\/T711LKIT\/243364-dvsdcsx_x.png' alt=''> <\/div>\n<div style='width: 100%;'> <img style='width: 100%; height: auto; border: 1px solid rgba(150&comma;150&comma;150&comma;0.3); border-radius: 8px; display: block; margin: 0 auto;' src='https:\/\/ftp3.syscom.mx\/usuarios\/fotos\/T711LKIT\/243364-defdsds.png' alt=''> <\/div>\n<\/p><\/div>\n<\/p><\/div>\n","protected":false},"excerpt":{"rendered":"<p>KIT de rastreador vehicular (GPS) IP67 Ideal para Motocicletas y Vehiculos con conectividad 2G y 4G\/licencia anual de EPCOMGPSCODE y sim anual SIM600MB1Y<\/p>\n","protected":false},"featured_media":54710,"comment_status":"open","ping_status":"closed","template":"","meta":[],"product_brand":[],"product_cat":[1346,1388],"product_tag":[1350,1349,1390,1389],"class_list":{"0":"post-54711","1":"product","2":"type-product","3":"status-publish","4":"has-post-thumbnail","6":"product_cat-iot","7":"product_cat-trackers-gps","8":"product_tag-gps-y-telematica","9":"product_tag-iot","10":"product_tag-meitrack","11":"product_tag-trackers-gps","13":"first","14":"outofstock","15":"sale","16":"shipping-taxable","17":"purchasable","18":"product-type-simple"},"_links":{"self":[{"href":"https:\/\/soydeaqui.ddns.net\/pachuca\/index.php\/wp-json\/wp\/v2\/product\/54711","targetHints":{"allow":["GET"]}}],"collection":[{"href":"https:\/\/soydeaqui.ddns.net\/pachuca\/index.php\/wp-json\/wp\/v2\/product"}],"about":[{"href":"https:\/\/soydeaqui.ddns.net\/pachuca\/index.php\/wp-json\/wp\/v2\/types\/product"}],"replies":[{"embeddable":true,"href":"https:\/\/soydeaqui.ddns.net\/pachuca\/index.php\/wp-json\/wp\/v2\/comments?post=54711"}],"wp:featuredmedia":[{"embeddable":true,"href":"https:\/\/soydeaqui.ddns.net\/pachuca\/index.php\/wp-json\/wp\/v2\/media\/54710"}],"wp:attachment":[{"href":"https:\/\/soydeaqui.ddns.net\/pachuca\/index.php\/wp-json\/wp\/v2\/media?parent=54711"}],"wp:term":[{"taxonomy":"product_brand","embeddable":true,"href":"https:\/\/soydeaqui.ddns.net\/pachuca\/index.php\/wp-json\/wp\/v2\/product_brand?post=54711"},{"taxonomy":"product_cat","embeddable":true,"href":"https:\/\/soydeaqui.ddns.net\/pachuca\/index.php\/wp-json\/wp\/v2\/product_cat?post=54711"},{"taxonomy":"product_tag","embeddable":true,"href":"https:\/\/soydeaqui.ddns.net\/pachuca\/index.php\/wp-json\/wp\/v2\/product_tag?post=54711"}],"curies":[{"name":"wp","href":"https:\/\/api.w.org\/{rel}","templated":true}]}}