{"id":5471,"date":"2026-03-18T06:31:47","date_gmt":"2026-03-18T06:31:47","guid":{"rendered":"https:\/\/soydeaqui.ddns.net\/pachuca\/index.php\/producto\/adaptador-de-cable-coaxial-de-pared-para-cable-de-tv\/"},"modified":"2026-03-18T06:31:50","modified_gmt":"2026-03-18T06:31:50","slug":"adaptador-de-cable-coaxial-de-pared-para-cable-de-tv","status":"publish","type":"product","link":"https:\/\/soydeaqui.ddns.net\/pachuca\/index.php\/producto\/adaptador-de-cable-coaxial-de-pared-para-cable-de-tv\/","title":{"rendered":"Adaptador de cable coaxial, de pared para cable de TV."},"content":{"rendered":"<div style='width: 100%; max-width: 1200px; margin: 0 auto; font-family: sans-serif; line-height: 1.6; color: inherit; background-color: transparent;'>\n<div style='display: flex; flex-wrap: wrap; gap: 30px; margin-bottom: 30px;'>\n<div style='flex: 1 1 300px; min-width: 280px;'>\n<p style='font-size: 17px; color: inherit;'>Coordine sus controles e interruptores de iluminaci\u00f3n con tomas de cable y tel\u00e9fono para complementar su decoraci\u00f3n. Equilibre los elementos de color y textura en una habitaci\u00f3n con controles que combinan todo a la perfecci\u00f3n. Disponible en 7 colores brillantes&comma; sus tomas de cable le permiten coordinar y personalizar el aspecto de cada habitaci\u00f3n de su hogar. La instalaci\u00f3n de un conector de cable es f\u00e1cil y se puede realizar en menos de 15 minutos.<\/p>\n<ul style='padding-left: 20px; font-size: 15px; color: inherit;'>\n<li style='margin-bottom: 5px;'>Cable coaxial de 75 ohmios<\/li>\n<li style='margin-bottom: 5px;'>Toma de cable estilo F<\/li>\n<li style='margin-bottom: 5px;'>Combina perfectamente con molduras&comma; revestimientos de paredes y muebles.<\/li>\n<li style='margin-bottom: 5px;'>Coordina con una familia completa de productos para la mayor\u00eda de las fuentes de iluminaci\u00f3n<\/li>\n<li style='margin-bottom: 5px;'>Placa de pared se vende por separado<\/li>\n<li style='margin-bottom: 5px;'>Adaptador de pared para cable de TV<\/li>\n<li style='margin-bottom: 5px;'>Usar placa <strong>CW-1WH<\/strong><\/li>\n<\/ul><\/div>\n<\/p><\/div>\n<div style='display: flex; flex-wrap: wrap; gap: 20px; justify-content: center;'> <img style='width: 100%; max-width: 250px; height: auto; border: 1px solid rgba(150&comma;150&comma;150&comma;0.3); border-radius: 8px;' src='https:\/\/images-na.ssl-images-amazon.com\/images\/I\/518KbjB5%2BxL._SL1333_.jpg' alt='' \/> <img style='width: 100%; max-width: 350px; height: auto; border: 1px solid rgba(150&comma;150&comma;150&comma;0.3); border-radius: 8px;' src='https:\/\/images-na.ssl-images-amazon.com\/images\/I\/61dBAHe1I3L._SL1500_.jpg' alt='' \/> <\/div>\n<\/p><\/div>\n","protected":false},"excerpt":{"rendered":"<p>Adaptador de cable coaxial, de pared para cable de TV.<\/p>\n","protected":false},"featured_media":5470,"comment_status":"open","ping_status":"closed","template":"","meta":[],"product_brand":[],"product_cat":[34],"product_tag":[30,35,36],"class_list":{"0":"post-5471","1":"product","2":"type-product","3":"status-publish","4":"has-post-thumbnail","6":"product_cat-lutron","7":"product_tag-automatizacion-casa-inteligente","8":"product_tag-lutron","9":"product_tag-lutron-electronics","11":"first","12":"instock","13":"sale","14":"shipping-taxable","15":"purchasable","16":"product-type-simple"},"_links":{"self":[{"href":"https:\/\/soydeaqui.ddns.net\/pachuca\/index.php\/wp-json\/wp\/v2\/product\/5471","targetHints":{"allow":["GET"]}}],"collection":[{"href":"https:\/\/soydeaqui.ddns.net\/pachuca\/index.php\/wp-json\/wp\/v2\/product"}],"about":[{"href":"https:\/\/soydeaqui.ddns.net\/pachuca\/index.php\/wp-json\/wp\/v2\/types\/product"}],"replies":[{"embeddable":true,"href":"https:\/\/soydeaqui.ddns.net\/pachuca\/index.php\/wp-json\/wp\/v2\/comments?post=5471"}],"wp:featuredmedia":[{"embeddable":true,"href":"https:\/\/soydeaqui.ddns.net\/pachuca\/index.php\/wp-json\/wp\/v2\/media\/5470"}],"wp:attachment":[{"href":"https:\/\/soydeaqui.ddns.net\/pachuca\/index.php\/wp-json\/wp\/v2\/media?parent=5471"}],"wp:term":[{"taxonomy":"product_brand","embeddable":true,"href":"https:\/\/soydeaqui.ddns.net\/pachuca\/index.php\/wp-json\/wp\/v2\/product_brand?post=5471"},{"taxonomy":"product_cat","embeddable":true,"href":"https:\/\/soydeaqui.ddns.net\/pachuca\/index.php\/wp-json\/wp\/v2\/product_cat?post=5471"},{"taxonomy":"product_tag","embeddable":true,"href":"https:\/\/soydeaqui.ddns.net\/pachuca\/index.php\/wp-json\/wp\/v2\/product_tag?post=5471"}],"curies":[{"name":"wp","href":"https:\/\/api.w.org\/{rel}","templated":true}]}}