{"id":54703,"date":"2026-03-19T02:29:20","date_gmt":"2026-03-19T02:29:20","guid":{"rendered":"https:\/\/soydeaqui.ddns.net\/pachuca\/index.php\/producto\/kit-de-alarma-vehicular-profesional-y-arranque-remoto-todo-en-uno-de-dos-vias-con-rango-de-1km-compatible-con-gps-x1-max-lte\/"},"modified":"2026-03-19T02:29:21","modified_gmt":"2026-03-19T02:29:21","slug":"kit-de-alarma-vehicular-profesional-y-arranque-remoto-todo-en-uno-de-dos-vias-con-rango-de-1km-compatible-con-gps-x1-max-lte","status":"publish","type":"product","link":"https:\/\/soydeaqui.ddns.net\/pachuca\/index.php\/producto\/kit-de-alarma-vehicular-profesional-y-arranque-remoto-todo-en-uno-de-dos-vias-con-rango-de-1km-compatible-con-gps-x1-max-lte\/","title":{"rendered":"Kit de Alarma Vehicular Profesional y arranque remoto todo en uno de dos v\u00edas con rango de 1KM compatible con GPS X1-MAX LTE"},"content":{"rendered":"<div style='width: 100%; max-width: 1200px; margin: 0 auto; font-family: sans-serif; line-height: 1.6; color: inherit; background-color: transparent;'> <!-- Logo --> <\/p>\n<div style='width: 100%; text-align: center; margin: 30px 0;'> <img style='max-width: 200px; height: auto; border: 1px solid rgba(150&comma;150&comma;150&comma;0.3); border-radius: 8px;' src='https:\/\/www.firstechllc.com\/images\/logo-compustar.png' alt='Firstech&comma; LLC. | A Connected Car Company'> <\/div>\n<p> <!-- Acceso a biblioteca --> <\/p>\n<div style='width: 100%; text-align: center; margin: 20px 0;'> <a style='color: #2880b9; font-size: 14px; text-decoration: none; font-weight: bold;' href='https:\/\/forms.gle\/iaAzjSrZMy1WZjj7A' target='_blank' rel='noopener'>Acceso a biblioteca de instalaci\u00f3n y diagramas vehiculares<\/a> <\/div>\n<p> <!-- Introducci\u00f3n --> <\/p>\n<div style='margin: 30px 0;'>\n<h3 style='font-size: 22px; border-bottom: 2px solid currentColor; padding-bottom: 5px; margin-top: 0; color: inherit; opacity: 0.8;'>No todas las alarmas son iguales<\/h3>\n<p style='font-size: 15px; color: inherit; margin-top: 15px;'> Las alarmas para autom\u00f3viles y los sistemas de seguridad de Compustar no tienen rival en su calidad de construcci\u00f3n&comma; facilidad de uso&comma; y capacidad de actualizaci\u00f3n. <\/p>\n<p style='font-size: 15px; color: inherit; margin-top: 15px;'> Cada alarma Compustar admite sensores de seguridad actualizados&comma; soluciones de integraci\u00f3n CAN y telem\u00e1tica de veh\u00edculos. (Drone Mobile). <\/p>\n<p style='font-size: 15px; color: inherit; margin-top: 15px;'> COMPUSTAR es la l\u00ednea #1 en U.S.A. <\/p>\n<\/p><\/div>\n<p> <!-- Requisito de programaci\u00f3n --> <\/p>\n<div style='margin: 30px 0;'>\n<p style='font-size: 15px; color: inherit; margin: 15px 0;'> <strong style='font-weight: 600; color: inherit;'> M\u00f3dulo de alarma requiere programaci\u00f3n se recomienda uso del <a style='color: #2880b9; text-decoration: none;' href='https:\/\/www.syscom.mx\/producto\/FT-OP500-COMPUSTAR-213148.html' target='_blank' rel='noopener'>FTOP500<\/a> <\/strong> <\/p>\n<\/p><\/div>\n<p> <!-- Caracter\u00edsticas principales --> <\/p>\n<div style='display: flex; flex-wrap: wrap; gap: 30px; margin: 30px 0;'>\n<div style='flex: 1 1 300px; min-width: 280px;'>\n<h3 style='font-size: 22px; border-bottom: 2px solid currentColor; padding-bottom: 5px; margin-top: 0; color: inherit; opacity: 0.8;'>Caracter\u00edsticas principales<\/h3>\n<ul style='padding-left: 20px; font-size: 15px; color: inherit; margin-top: 15px;'>\n<li style='margin-bottom: 5px;'><strong>Alcance:<\/strong> M\u00e1ximo de 1 KM con arranque remoto<\/li>\n<li style='margin-bottom: 5px;'><strong>Control remoto:<\/strong> Incluye paquete de alarmas con control remoto interactivo LCD de 2 v\u00edas<\/li>\n<li style='margin-bottom: 5px;'><strong>M\u00f3dulo de control:<\/strong> Incluye CM900&comma; sensor de choque&comma; sirena y LED<\/li>\n<li style='margin-bottom: 5px;'><strong>Sirena:<\/strong> 105 dB+ incluida<\/li>\n<li style='margin-bottom: 5px;'><strong>Confirmaci\u00f3n:<\/strong> LCD de 2 v\u00edas y alertas de alarma de 2 v\u00edas en el control remoto. Incluye respaldo remoto de 1 v\u00eda<\/li>\n<\/ul><\/div>\n<p> <!-- Actualizaciones disponibles --> <\/p>\n<div style='flex: 1 1 300px; min-width: 280px;'>\n<h3 style='font-size: 22px; border-bottom: 2px solid currentColor; padding-bottom: 5px; margin-top: 0; color: inherit; opacity: 0.8;'>Actualizaciones disponibles (accesorios en venta por separado)<\/h3>\n<div style='margin-top: 15px;'>\n<div style='display: flex; align-items: center; margin-bottom: 15px;'> <img style='width: 40px; height: auto; margin-right: 10px;' src='data:image\/png;base64&comma;iVBORw0KGgoAAAANSUhEUgAAAEIAAAAwCAYAAAClvqwiAAAJoElEQVRoge2aTYwcxRXHf1XdM7O7rPd78cpeG6EkdqxggwBxIAlyuCElHMgtp0jcEOKQW845+mgukSCESOGIhIQVEQlFAiKEFWEhE8Vmtcba2vq7vB9v7Oyqu6qlon2STNP0zLxXVf3q3XuPevWqRQGKtF9ZcHLviiAiOV7uvWw8j49SKs9XKRBhGHL16lXefvtt1tbW8N5f2P95gFJKsbe3x49+8hO+\/fbb7O\/vn208D4gKkKoC76vqV2vB+2r2e16B967+PQ9ACJW1+OAhv3j4kL29PcIwBIFQK8K11ly9epWXX36Z9fV1tNbEcfyVZ8Rai3OON998k1\/84hdcunQJrTVKqVn44gFVZfH23n2fHx4e8v7773P37l2Oj49nHhBqG1DpQKU1Kq2r6v8LwGt1Nv4C4H2A4BFCjT3394C1FqU01loA2u027777Lm+88QZKqZkGzgKUUnjv+eEPf8jdu3e5e\/cuS0tLWGuJoujC619833jv6XQ6vPvuu7z77rusra2xuLjI3Nwck8kEY8zF39V579nZ2eHdd99lZWWFjY0N1tbWuH79Oo8fP6bZbJ6931mAKo1S5193571nY2ODDz74gGvXrrG1tYX3Hq01Wmt88Fhr0Vqf+X3e188o8B4f6v8vBnB18Z8H4D0+1O9752e\/573He4+1Fq01eZ7T7XZ59dVXefPNN1laWqLZbJ79\/7m+8Z33fPzxx3z00Ue89dZb3Lx5k6OjI4qimHnA2QK898RxzI0bN3j77be5e\/cuS0tLXL58mY2NjYsBfK011lqstXjv0VqT5znr6+u899573L59m+3t7bOz9XkA1lqstcRxzOuvv87du3d56623uH79Ouvr6xweHl5833jvCSEwNzfH3bt3uXv3Ljdu3ODw8JBut8vBwQHWWpRS577v+X955+o4jvnhD3\/IvXv3eP3119na2uL69es8evQIay1KqTPvF+48wHvP8fExd+\/e5d133+X69et88cUX9Ho9Dg4O6PV6hBDQWl9433jvOTo64s6dO7z33nusra3x5MkTlpeX2d7eptPp4L1HKXXu+57\/19HRERsbG9y9e5d3332X9fV1Hj9+zOLiIg8ePGBubu7s9z3\/r6OjI7a2trh79y5vv\/02Dx48YH19nYsXL\/L48WPm5ubOvG\/4v4y1lo2NDe7evcv9+\/fZ2Njg0qVLPHz4kOXl5bPvG\/4vY61lbW2N999\/n8ePH7O+vs7i4iJbW1t0u90z7xv+L2OtZW1tjXv37vH555\/z+PFjLly4wOPHj1lcXKzvG63PvG\/4v4y1lnv37vHhhx\/y+eef8+jRI+bn59nY2KDT6Zz5vuH\/MtZa1tbWuH\/\/Pp988gkPHjzg4sWLPHr0iH6\/f+b7hv\/LWGu5e\/cuH3zwAZ988gkPHjxgYWEBay1xHJ953\/B\/GWstq6ur3L9\/n48++oif\/vSnLC0t8ejRI+bn58+8b\/i\/jLWWlZUV7t+\/z49+9CM++ugjLl++zOPHj5mfnz\/zvuH\/MtZaVlZWeP\/99\/nwww+5f\/8+8\/PzPH78mMXFxbPvG\/4vY61lZWWF9957jw8\/\/JD333+fy5cvs7m5SafTOXvA\/9A19D9K19D\/KF1D\/6N0Df2P0jX0P0rX0P8oXUP\/o3QN\/Y\/SNfQ\/Sv8D2DZBZD81EJ4AAAAASUVORK5CYII=' alt=''> <span style='font-size: 14px; color: inherit;'>Sensor de seguridad DAS-II 4 en 1 con detecci\u00f3n de rotura de cristales<\/span> <\/div>\n<div style='display: flex; align-items: center; margin-bottom: 15px;'> <img style='width: 40px; height: auto; margin-right: 10px;' src='data:image\/png;base64&comma;iVBORw0KGgoAAAANSUhEUgAAACAAAAAxCAYAAAC78KvKAAALW0lEQVRYhbWZyY8d13nFf9+9t8Y3N+9t8k02Z1IiKZIiJQ5igU2UxQYcOAgc+Qg55JCH3uMj5JAHG5sHw4ZlGZbQaGzJFimx6JZIiQ000Wg00N1o9E03+g4a3eijG13o+0260Y0u9P3+P99991GKAn4QCPDw3u\/97ne+851zvq+4uLiI1prDw0O89xhjzv2+8Z5arVZ89NFHfPjhh3z88cc0Gg1arRZKqfO\/b7ynWq3Ghx9+yO9+9zt+9atf0Wq1aDabKKXO\/b7xnmq1Gh988AG\/\/e1v+eUvf0mz2aTVap37feM91et13n\/\/fX71q1\/x4Ycf0mq1aDabKKXO\/b7xnmq1Gu+99x6\/\/vWv+e1vf0ur1aLZbJ57f+O95+DggHv37vHhhx\/y0Ucf0Wq1aDab597feE8HBwfcu3eP999\/n48\/\/ph2u02r1Tr3+8Z7Ojg44P79+3z44Yd88skntNtt2u32ud833tP+\/j7379\/n448\/5tNPP6XVatFqtc79vvGe9vf3uX\/\/Pp988gkffvghrVbL3793797Z94331Gq1+OCDD\/joo4\/45JNP6HQ6tFqts+8b72l\/f5\/333+fn\/3sZ3z66ad0u11arZa\/v7Gx4e9778\/9vvGeDg4OeP\/99\/nZz37GZ599Rq\/Xo91u+\/v7+\/v+vvf+3O8b72l\/f5\/333+fn\/3sZ3z22Wf0ej3a7ba\/v7+\/7+9778\/9vvGe9vb2eP\/99\/nZz37G559\/Tq\/Xo91u+\/v7+\/v+vvf+3O8b72l\/f5\/333+f999\/n88\/\/5x+v0+n0\/H39\/f3\/X3v\/bnfN97T3t4e77\/\/Pj\/96U\/57LPPGAwG9Ho9f39\/f9\/f996f+33jPe3t7fH+++\/z05\/+lM8\/\/5zBYECv1\/P39\/f3\/X3v\/bnfN97T3t4e7733Hj\/96U\/57LPPGA6H9Ho9f39\/f9\/f996f+33jPe3u7vLee+\/x05\/+lM8++4zBYECv1\/P39\/f3\/X3v\/bnfN97T7u4u7733Hj\/5yU\/47LPPGA6H9Ho9f39\/f9\/f996f+33jPe3s7PDee+\/x4Ycf8vnnn9Pv9+n1ev7+\/v6+v++9P\/f7xnv64osv+PDDD\/nggw\/47LPPGA6H9Ho9f39\/f9\/f996f+33jPe3s7PD++++zvLzM559\/Tr\/fp9fr+fv7+\/v+vvf+3O8b72lnZ4f333+flZUVlpeXGQ6H9Ho9f39\/f9\/f996f+33jPe3s7PDee+\/x\/vvv8\/nnnzMYDOj1ev7+\/v6+v++9P\/f7xnv64osv+PDDD\/nwww\/57LPPGAwG9Ho9f39\/f9\/f996f+33jPe3s7PD++++zvLzMr3\/9a4bDIf1+39\/f39\/39733537feE87Ozv84Ac\/4Kc\/\/Smff\/45w+GQXq\/n7+\/v7\/v73vtzv2+8p52dHd577z3ee+89PvvsMwaDAb1ez9\/f39\/39733537feE87Ozu89957vPfee3z22Wf0+316vZ6\/v7+\/7+9778\/9vvGe9vb2eP\/99\/nZz37GZ599xmg0ot\/v+\/v7+\/v+vvf+3O8b72l3d5f333+f999\/n88\/\/5zxeEy\/3\/f39\/f3\/X3v\/bnfN97T3t4e77\/\/Pj\/72c\/4\/PPPmUwm9Pt9f39\/f9\/f996f+33jPe3u7vL++++zvLzMr371K8bjMf1+39\/f39\/39733537feE97e3u8\/\/77vPfee3z22WeMx2P6\/b6\/v7+\/7+9778\/9vvGe9vb2eP\/991lZWeHzzz9nPB7T6\/X8\/f39fX\/fe3\/u9433dHh4yI9+9CM+\/PBDPv\/8c8bjMb1ez9\/f39\/39733537feE+Hh4f86Ec\/4qOPPuKzzz5jPB7T6\/X8\/f39fX\/fe3\/u9433dHh4yI9+9CM+\/PBDPv\/8c8bjMb1ez9\/f39\/39733537feE9HR0f8+Mc\/5qOPP+Kzzz5jPB7T6\/X8\/f39fX\/fe3\/u9433dHx8zE9+8hP+8Ic\/8NlnnzEej+n1ev7+\/v6+v++9P\/f7xns6Pj7mJz\/5CX\/84x\/57LPPGI\/H9Ho9f39\/f9\/f996f+33jPR0fH\/OTTz7hj3\/8I59\/\/jmj0Yher+fv7+\/v+\/ve+3O\/b7yn4+NjPv74Y\/74xz\/y+eefMxqN6PV6\/v7+\/r6\/770\/9\/vGezq5v7+\/7+9778\/9vvGeTq5Wq+H7+\/v7\/r73\/tzvG+\/p5Gq1Gr6\/v7\/v73vvz\/2+8Z5Orlaryff39\/f9fe\/9ud833tPJ1Wo1fH9\/f9\/f996f+33jPZ1crVbD9\/f39\/197\/253zfe08nVajV8f39\/39\/33p\/7feM9nVytVsP39\/f3\/X3v\/bnfN97TydVqNXx\/f3\/f3\/fev3L9D8jE78B79509AAAAAElFTkSuQmCC' alt=''> <span style='font-size: 14px; color: inherit;'>DroneM\u00f3vil<\/span> <\/div>\n<\/p><\/div>\n<\/p><\/div>\n<\/p><\/div>\n<p> <!-- Sistema y accesorios --> <\/p>\n<div style='margin: 30px 0;'>\n<h3 style='font-size: 22px; border-bottom: 2px solid currentColor; padding-bottom: 5px; margin-top: 0; color: inherit; opacity: 0.8;'>Sistema y accesorios: CM900AS (Ya incluido)<\/h3>\n<ul style='padding-left: 20px; font-size: 15px; color: inherit; margin-top: 15px;'>\n<li style='margin-bottom: 5px;'>Todas las conexiones de cables en un lado<\/li>\n<li style='margin-bottom: 5px;'>Puerto POC reci\u00e9n agregado (luces predeterminadas)<\/li>\n<li style='margin-bottom: 5px;'>2 puertos de datos (mismo lado que los cables)<\/li>\n<li style='margin-bottom: 5px;'>Antena&comma; LED&comma; puertos de choque en la parte posterior de CM900AS<\/li>\n<li style='margin-bottom: 5px;'>Conectores de combinaci\u00f3n de colores<\/li>\n<li style='margin-bottom: 5px;'>Calcoman\u00edas de colores en los cables para que coincidan con los colores de la competencia para ayudar a identificar los cables f\u00e1cilmente<\/li>\n<\/ul><\/div>\n<p> <!-- Requisito --> <\/p>\n<div style='margin: 30px 0;'>\n<p style='font-size: 15px; color: inherit; margin: 15px 0;'><strong style='font-weight: 600; color: inherit;'>Requiere modulo para encendido remoto ADS-ALCA<\/strong><\/p>\n<\/p><\/div>\n<p> <!-- Aviso legal --> <\/p>\n<div style='margin: 30px 0;'>\n<h3 style='font-size: 22px; border-bottom: 2px solid currentColor; padding-bottom: 5px; margin-top: 0; color: inherit; opacity: 0.8;'>Derecho de propiedad intelectual<\/h3>\n<p style='font-size: 15px; color: inherit; margin-top: 15px;'> El acceso a la biblioteca del instalador que se provee por parte de SYSCOM&comma; esta limitado a Leyes de Derechos de Marca y Autor por grupo Firstech\/Compustar&comma; por lo cual SYSCOM no se hace responsable de los cambios en los servicios que la parte propietaria realice o en su defecto deje de realizar&comma; contenido de diagramas de apoyo&comma; correcciones&comma; mantenimientos a sitio web falta o incorporaci\u00f3n de modelos vehiculares corren por parte de proveedor. <\/p>\n<\/p><\/div>\n<p> <!-- Aviso de instalaci\u00f3n --> <\/p>\n<div style='margin: 30px 0;'>\n<p style='font-size: 15px; color: inherit; margin: 15px 0;'><strong style='font-weight: 600; color: inherit;'>Nota:<\/strong> SYSCOM no se responsabiliza por da\u00f1o en el vehiculo por falta de conocimiento t\u00e9cnico&comma; se recomienda instalaci\u00f3n por especialistas y t\u00e9cnicos electro\/automotriz<\/p>\n<\/p><\/div>\n<\/p><\/div>\n","protected":false},"excerpt":{"rendered":"<p>Kit de Alarma Vehicular Profesional y arranque remoto todo en uno de dos v\u00edas con rango de 1KM compatible con GPS X1-MAX LTE<\/p>\n","protected":false},"featured_media":32,"comment_status":"open","ping_status":"closed","template":"","meta":[],"product_brand":[],"product_cat":[1348,1346],"product_tag":[93,1460,1350,1349],"class_list":{"0":"post-54703","1":"product","2":"type-product","3":"status-publish","4":"has-post-thumbnail","6":"product_cat-accesorios-gps-y-telematica","7":"product_cat-iot","8":"product_tag-accesorios","9":"product_tag-compustar","10":"product_tag-gps-y-telematica","11":"product_tag-iot","13":"first","14":"instock","15":"sale","16":"shipping-taxable","17":"purchasable","18":"product-type-simple"},"_links":{"self":[{"href":"https:\/\/soydeaqui.ddns.net\/pachuca\/index.php\/wp-json\/wp\/v2\/product\/54703","targetHints":{"allow":["GET"]}}],"collection":[{"href":"https:\/\/soydeaqui.ddns.net\/pachuca\/index.php\/wp-json\/wp\/v2\/product"}],"about":[{"href":"https:\/\/soydeaqui.ddns.net\/pachuca\/index.php\/wp-json\/wp\/v2\/types\/product"}],"replies":[{"embeddable":true,"href":"https:\/\/soydeaqui.ddns.net\/pachuca\/index.php\/wp-json\/wp\/v2\/comments?post=54703"}],"wp:featuredmedia":[{"embeddable":true,"href":"https:\/\/soydeaqui.ddns.net\/pachuca\/index.php\/wp-json\/wp\/v2\/media\/32"}],"wp:attachment":[{"href":"https:\/\/soydeaqui.ddns.net\/pachuca\/index.php\/wp-json\/wp\/v2\/media?parent=54703"}],"wp:term":[{"taxonomy":"product_brand","embeddable":true,"href":"https:\/\/soydeaqui.ddns.net\/pachuca\/index.php\/wp-json\/wp\/v2\/product_brand?post=54703"},{"taxonomy":"product_cat","embeddable":true,"href":"https:\/\/soydeaqui.ddns.net\/pachuca\/index.php\/wp-json\/wp\/v2\/product_cat?post=54703"},{"taxonomy":"product_tag","embeddable":true,"href":"https:\/\/soydeaqui.ddns.net\/pachuca\/index.php\/wp-json\/wp\/v2\/product_tag?post=54703"}],"curies":[{"name":"wp","href":"https:\/\/api.w.org\/{rel}","templated":true}]}}