{"id":54701,"date":"2026-03-19T02:29:14","date_gmt":"2026-03-19T02:29:14","guid":{"rendered":"https:\/\/soydeaqui.ddns.net\/pachuca\/index.php\/producto\/camara-movil-de-5v-con-resolucion-de-720p1080p-lente-2-8-m-compatible-con-md500s-uso-interior\/"},"modified":"2026-03-19T02:29:17","modified_gmt":"2026-03-19T02:29:17","slug":"camara-movil-de-5v-con-resolucion-de-720p1080p-lente-2-8-m-compatible-con-md500s-uso-interior","status":"publish","type":"product","link":"https:\/\/soydeaqui.ddns.net\/pachuca\/index.php\/producto\/camara-movil-de-5v-con-resolucion-de-720p1080p-lente-2-8-m-compatible-con-md500s-uso-interior\/","title":{"rendered":"C\u00e1mara m\u00f3vil de 5v con resoluci\u00f3n de 720P*1080P\/Lente 2.8 m\/compatible con MD500S\/ Uso interior"},"content":{"rendered":"<div style=\"width: 100%; max-width: 1200px; margin: 0 auto; font-family: sans-serif; line-height: 1.6; color: inherit; background-color: transparent;\">\n<div style=\"display: flex; flex-wrap: wrap; gap: 30px; margin-bottom: 30px;\">\n<div style=\"flex: 1 1 300px; min-width: 280px;\">\n<h3 style=\"font-size: 22px; border-bottom: 2px solid currentColor; padding-bottom: 5px; margin-top: 0; color: inherit; opacity: 0.8;\">C&aacute;mara de videovigilancia<\/h3>\n<ul style=\"padding-left: 20px; font-size: 15px; color: inherit;\">\n<li style=\"margin-bottom: 5px;\">El ACA303 es una c&aacute;mara de videovigilancia de la marca MEITRACK dise&ntilde;ada espec&iacute;ficamente para sistemas de monitoreo vehicular.<\/li>\n<li style=\"margin-bottom: 5px;\">Dise&ntilde;ada para ver en el interior de cabina o &aacute;rea especificada de veh&iacute;culo&comma; compatibilidad con el m&oacute;dulo MDVR MD500S.<\/li>\n<li style=\"margin-bottom: 5px;\">Esta c&aacute;mara es parte de un ecosistema de monitoreo vehicular de MEITRACK&comma; ideal para aplicaciones donde se requiere videovigilancia m&oacute;vil de alta calidad.<\/li>\n<li style=\"margin-bottom: 5px;\">Las dimensiones de la estructura principal se muestran a continuaci&oacute;n. La unidad es mil&iacute;metros&comma; por lo que puede haber errores.<\/li>\n<\/ul>\n<\/div>\n<\/div>\n<div style=\"display: flex; flex-wrap: wrap; gap: 20px; margin-bottom: 30px;\">\n<div style=\"flex: 1 1 250px; border: 1px solid rgba(150&comma; 150&comma; 150&comma; 0.4); border-radius: 8px; overflow: hidden; display: flex; flex-direction: column;\">\n<div style=\"padding: 15px; border-bottom: 1px solid rgba(150&comma; 150&comma; 150&comma; 0.2); font-weight: bold; font-size: 18px; color: inherit;\">Especificaciones T&eacute;cnicas<\/div>\n<div style=\"padding: 15px; color: inherit;\">\n<ul style=\"padding-left: 20px; margin: 0; font-size: 14px; list-style-type: disc;\">\n<li style=\"margin-bottom: 5px;\"><strong>Resoluci&oacute;n:<\/strong> 720P HD<\/li>\n<li style=\"margin-bottom: 5px;\"><strong>Formato:<\/strong> PAL<\/li>\n<li style=\"margin-bottom: 5px;\"><strong>Total de pixel:<\/strong> 720*1280 \/ 1080*1280<\/li>\n<li style=\"margin-bottom: 5px;\"><strong>Iluminaci&oacute;n m&iacute;nima:<\/strong> 0.1 Lux<\/li>\n<li style=\"margin-bottom: 5px;\"><strong>Obturador electr&oacute;nico:<\/strong> PAL: 1\/50~1\/100&comma;000S<\/li>\n<li style=\"margin-bottom: 5px;\"><strong>Relaci&oacute;n de ruido:<\/strong> &gt;52 dB (SNR o S\/N)<\/li>\n<li style=\"margin-bottom: 5px;\"><strong>Balance de blanco:<\/strong> Autom&aacute;tico<\/li>\n<li style=\"margin-bottom: 5px;\"><strong>IR-CUT:<\/strong> Color\/blanco y negro&comma; Interruptor IRCUT<\/li>\n<li style=\"margin-bottom: 5px;\"><strong>Longitud de cable:<\/strong> 500cm (5m)<\/li>\n<li style=\"margin-bottom: 5px;\"><strong>Protecci&oacute;n:<\/strong> Para uso interior<\/li>\n<li style=\"margin-bottom: 5px;\"><strong>Audio:<\/strong> Con audio 720 *1280<\/li>\n<li style=\"margin-bottom: 5px;\"><strong>Audio:<\/strong> Resoluci&oacute;n 1080*1280 no cuenta con audio<\/li>\n<li style=\"margin-bottom: 5px;\"><strong>Luces infrarrojas:<\/strong> 12 luces infrarrojas de 850 l&uacute;menes<\/li>\n<li style=\"margin-bottom: 5px;\"><strong>Salida de video:<\/strong> 1.0 Vp-p&comma; 75 &Omega;<\/li>\n<li style=\"margin-bottom: 5px;\"><strong>Lente:<\/strong> 2.8 mm<\/li>\n<li style=\"margin-bottom: 5px;\"><strong>&Aacute;ngulo:<\/strong> Horizontal 90&deg;<\/li>\n<li style=\"margin-bottom: 5px;\"><strong>Puerto:<\/strong> Puerto 3.0 5557<\/li>\n<li style=\"margin-bottom: 5px;\"><strong>Alimentaci&oacute;n:<\/strong> 5 Vcc &plusmn; 10%<\/li>\n<li style=\"margin-bottom: 5px;\"><strong>Temperatura:<\/strong> -20 &deg;C &#8211; + 70&deg;C<\/li>\n<li style=\"margin-bottom: 5px;\"><strong>Humedad:<\/strong> Inferior 90%<\/li>\n<li style=\"margin-bottom: 5px;\"><strong>Modelos aplicables:<\/strong> MD500S\/MD533S<\/li>\n<li style=\"margin-bottom: 5px;\"><strong>Paquete:<\/strong> Tornillos de accesorios&comma; certificado de conformidad<\/li>\n<\/ul>\n<\/div>\n<\/div>\n<div style=\"flex: 1 1 250px; border: 1px solid rgba(150&comma; 150&comma; 150&comma; 0.4); border-radius: 8px; overflow: hidden; display: flex; flex-direction: column;\">\n<div style=\"padding: 15px; border-bottom: 1px solid rgba(150&comma; 150&comma; 150&comma; 0.2); font-weight: bold; font-size: 18px; color: inherit;\">Aplicaciones<\/div>\n<div style=\"padding: 15px; color: inherit;\">\n<ul style=\"padding-left: 20px; margin: 0; font-size: 14px; list-style-type: disc;\">\n<li style=\"margin-bottom: 5px;\">Sistemas de videovigilancia vehicular<\/li>\n<li style=\"margin-bottom: 5px;\">Monitoreo de flotillas<\/li>\n<li style=\"margin-bottom: 5px;\">Seguridad en transporte p&uacute;blico<\/li>\n<li style=\"margin-bottom: 5px;\">Aplicaciones de grabaci&oacute;n en movimiento<\/li>\n<\/ul>\n<\/div>\n<\/div>\n<\/div>\n<div style=\"display: flex; flex-wrap: wrap; gap: 30px; margin-bottom: 30px;\">\n<div style=\"flex: 1 1 300px; min-width: 280px;\">\n<h3 style=\"font-size: 22px; border-bottom: 2px solid currentColor; padding-bottom: 5px; margin-top: 0; color: inherit; opacity: 0.8;\">Ejemplos de Aplicaciones<\/h3>\n<\/div>\n<\/div>\n<div style=\"display: grid; grid-template-columns: repeat(auto-fill&comma; minmax(280px&comma; 1fr)); gap: 20px; margin-bottom: 30px;\">\n<div style=\"display: flex; flex-direction: column; align-items: center;\"><img decoding=\"async\" style=\"width: 100%; height: auto; border: 1px solid rgba(150&comma; 150&comma; 150&comma; 0.3); border-radius: 8px;\" src=\"https:\/\/ftp3.syscom.mx\/usuarios\/fotos\/ACA303\/243505-captura_de_pantalla_2025-09-15_095243.png\" alt=\"\" class=\"fr-fil fr-dib\"><\/div>\n<div style=\"display: flex; flex-direction: column; align-items: center;\"><img decoding=\"async\" style=\"width: 100%; height: auto; border: 1px solid rgba(150&comma; 150&comma; 150&comma; 0.3); border-radius: 8px;\" src=\"https:\/\/ftp3.syscom.mx\/usuarios\/fotos\/ACA303\/243505-x8hh3gqf9zxjavxq.png\" alt=\"\" class=\"fr-fil fr-dib\"><\/div>\n<div style=\"display: flex; flex-direction: column; align-items: center;\"><img decoding=\"async\" style=\"width: 100%; height: auto; border: 1px solid rgba(150&comma; 150&comma; 150&comma; 0.3); border-radius: 8px;\" src=\"https:\/\/ftp3.syscom.mx\/usuarios\/fotos\/ACA303\/243505-captura_de_pantalla_2025-09-15_105235.png\" alt=\"\" class=\"fr-fil fr-dib\"><\/div>\n<div style=\"display: flex; flex-direction: column; align-items: center;\"><img decoding=\"async\" style=\"width: 100%; height: auto; border: 1px solid rgba(150&comma; 150&comma; 150&comma; 0.3); border-radius: 8px;\" src=\"https:\/\/ftp3.syscom.mx\/usuarios\/fotos\/ACA303\/243505-captura_de_pantalla_2025-09-15_111031.png\" alt=\"\" class=\"fr-fil fr-dib\"><\/div>\n<\/div>\n<hr style=\"border: 0; border-top: 1px solid rgba(150&comma; 150&comma; 150&comma; 0.3); margin: 30px 0;\"><\/div>\n","protected":false},"excerpt":{"rendered":"<p>C\u00e1mara m\u00f3vil de 5v con resoluci\u00f3n de 720P*1080P\/Lente 2.8 m\/compatible con MD500S\/ Uso interior<\/p>\n","protected":false},"featured_media":54700,"comment_status":"open","ping_status":"closed","template":"","meta":[],"product_brand":[],"product_cat":[1346,1388],"product_tag":[1350,1349,1390,1389],"class_list":{"0":"post-54701","1":"product","2":"type-product","3":"status-publish","4":"has-post-thumbnail","6":"product_cat-iot","7":"product_cat-trackers-gps","8":"product_tag-gps-y-telematica","9":"product_tag-iot","10":"product_tag-meitrack","11":"product_tag-trackers-gps","13":"first","14":"outofstock","15":"sale","16":"shipping-taxable","17":"purchasable","18":"product-type-simple"},"_links":{"self":[{"href":"https:\/\/soydeaqui.ddns.net\/pachuca\/index.php\/wp-json\/wp\/v2\/product\/54701","targetHints":{"allow":["GET"]}}],"collection":[{"href":"https:\/\/soydeaqui.ddns.net\/pachuca\/index.php\/wp-json\/wp\/v2\/product"}],"about":[{"href":"https:\/\/soydeaqui.ddns.net\/pachuca\/index.php\/wp-json\/wp\/v2\/types\/product"}],"replies":[{"embeddable":true,"href":"https:\/\/soydeaqui.ddns.net\/pachuca\/index.php\/wp-json\/wp\/v2\/comments?post=54701"}],"wp:featuredmedia":[{"embeddable":true,"href":"https:\/\/soydeaqui.ddns.net\/pachuca\/index.php\/wp-json\/wp\/v2\/media\/54700"}],"wp:attachment":[{"href":"https:\/\/soydeaqui.ddns.net\/pachuca\/index.php\/wp-json\/wp\/v2\/media?parent=54701"}],"wp:term":[{"taxonomy":"product_brand","embeddable":true,"href":"https:\/\/soydeaqui.ddns.net\/pachuca\/index.php\/wp-json\/wp\/v2\/product_brand?post=54701"},{"taxonomy":"product_cat","embeddable":true,"href":"https:\/\/soydeaqui.ddns.net\/pachuca\/index.php\/wp-json\/wp\/v2\/product_cat?post=54701"},{"taxonomy":"product_tag","embeddable":true,"href":"https:\/\/soydeaqui.ddns.net\/pachuca\/index.php\/wp-json\/wp\/v2\/product_tag?post=54701"}],"curies":[{"name":"wp","href":"https:\/\/api.w.org\/{rel}","templated":true}]}}