{"id":54679,"date":"2026-03-19T02:28:21","date_gmt":"2026-03-19T02:28:21","guid":{"rendered":"https:\/\/soydeaqui.ddns.net\/pachuca\/index.php\/producto\/barra-de-advertencia-de-trafico-de-6-modulos-de-6-led12-24-vcd\/"},"modified":"2026-03-19T02:28:21","modified_gmt":"2026-03-19T02:28:21","slug":"barra-de-advertencia-de-trafico-de-6-modulos-de-6-led12-24-vcd","status":"publish","type":"product","link":"https:\/\/soydeaqui.ddns.net\/pachuca\/index.php\/producto\/barra-de-advertencia-de-trafico-de-6-modulos-de-6-led12-24-vcd\/","title":{"rendered":"Barra de advertencia de trafico de 6 m\u00f3dulos de 6 led,12-24 Vcd"},"content":{"rendered":"<div style='width: 100%; max-width: 1200px; margin: 0 auto; font-family: sans-serif; line-height: 1.6; color: inherit; background-color: transparent;'> <!-- Secci\u00f3n de caracter\u00edsticas --> <\/p>\n<div style='display: flex; flex-wrap: wrap; gap: 30px; margin-bottom: 30px;'>\n<div style='flex: 1 1 300px; min-width: 280px;'>\n<h3 style='font-size: 22px; border-bottom: 2px solid currentColor; padding-bottom: 5px; margin-top: 0; color: inherit; opacity: 0.8;'>Caracter\u00edsticas<\/h3>\n<ul style='padding-left: 20px; font-size: 15px; color: inherit;'>\n<li style='margin-bottom: 5px;'>Nueva \u00f3ptica&comma; perfil ultrabajo con una emisi\u00f3n de luz uniforme inigualable<\/li>\n<li style='margin-bottom: 5px;'>Cabezal individual que cumple con la norma ECE R65<\/li>\n<li style='margin-bottom: 5px;'>El nuevo mecanismo permite una liberaci\u00f3n r\u00e1pida y sin herramientas de los cabezales&comma; lo que facilita su sustituci\u00f3n. Color transparente para una emisi\u00f3n uniforme<\/li>\n<li style='margin-bottom: 5px;'>Memoria de advertencia dual para cambiar al instante entre patrones de destello<\/li>\n<li style='margin-bottom: 5px;'>Modo de luz fija: foco completo o luz de escena<\/li>\n<li style='margin-bottom: 5px;'>Modo de intermitencia final para avisos y advertencias de tr\u00e1fico simult\u00e1neos<\/li>\n<li style='margin-bottom: 5px;'>Configuraci\u00f3n disponible de 2 a 10 cabezales<\/li>\n<li style='margin-bottom: 5px;'>Dise\u00f1o multivoltaje de 12~24 VCC<\/li>\n<li style='margin-bottom: 5px;'>Extrusi\u00f3n de aluminio s\u00f3lido para disipaci\u00f3n del calor<\/li>\n<li style='margin-bottom: 5px;'>La memoria no vol\u00e1til recupera el \u00faltimo patr\u00f3n de destello utilizado al encender<\/li>\n<li style='margin-bottom: 5px;'>Protecci\u00f3n contra polaridad inversa<\/li>\n<\/ul><\/div>\n<\/p><\/div>\n<p> <!-- Secci\u00f3n de especificaciones --> <\/p>\n<div style='display: flex; flex-wrap: wrap; gap: 20px; margin-bottom: 30px;'>\n<div style='flex: 1 1 250px; border: 1px solid rgba(150&comma; 150&comma; 150&comma; 0.4); border-radius: 8px; overflow: hidden; display: flex; flex-direction: column;'>\n<div style='padding: 15px; border-bottom: 1px solid rgba(150&comma; 150&comma; 150&comma; 0.2); font-weight: bold; font-size: 18px; color: inherit;'>Especificaciones<\/div>\n<div style='padding: 15px; color: inherit;'>\n<ul style='padding-left: 20px; margin: 0; font-size: 14px; list-style-type: disc;'>\n<li style='margin-bottom: 5px;'><strong>Cumplimiento:<\/strong> ECE R65 (XA1&comma; XB1 o XR1)&comma; ECE R10&comma; SAE J595&comma; CA T\u00edtulo 13&comma; CISPR 25&comma; IPX7<\/li>\n<li style='margin-bottom: 5px;'><strong>Voltaje de funcionamiento:<\/strong> 12~24 VCC<\/li>\n<li style='margin-bottom: 5px;'><strong>N.\u00b0 de patrones de destello:<\/strong> 50 de advertencia \/ 11 de flechas de tr\u00e1fico<\/li>\n<li style='margin-bottom: 5px;'><strong>Elementos LED:<\/strong> 6 LED \/ Cabezal de luz<\/li>\n<\/ul><\/div>\n<\/p><\/div>\n<div style='flex: 1 1 250px; border: 1px solid rgba(150&comma; 150&comma; 150&comma; 0.4); border-radius: 8px; overflow: hidden; display: flex; flex-direction: column;'>\n<div style='padding: 15px; border-bottom: 1px solid rgba(150&comma; 150&comma; 150&comma; 0.2); font-weight: bold; font-size: 18px; color: inherit;'>Cables<\/div>\n<div style='padding: 15px; color: inherit;'>\n<ul style='padding-left: 20px; margin: 0; font-size: 14px; list-style-type: disc;'>\n<li style='margin-bottom: 5px;'>Barra de advertencia de Trafico<\/li>\n<li style='margin-bottom: 5px;'>Cable de alimentaci\u00f3n + VCC x 1: 300 cm (18 AWG)<\/li>\n<li style='margin-bottom: 5px;'>Cable de alimentaci\u00f3n &#8211; GND x 1: 300 cm (18 AWG)<\/li>\n<li style='margin-bottom: 5px;'>Cable de funci\u00f3n x 6: 300 cm (24 AWG)<\/li>\n<li style='margin-bottom: 5px;'>Barra de advertencia<\/li>\n<li style='margin-bottom: 5px;'>Cable de alimentaci\u00f3n + VCC x 1: 300 cm (18 AWG)<\/li>\n<li style='margin-bottom: 5px;'>Cable de alimentaci\u00f3n &#8211; GND x 1: 300 cm (18 AWG)<\/li>\n<li style='margin-bottom: 5px;'>Cable de funci\u00f3n x 4: 300 cm (24 AWG)<\/li>\n<\/ul><\/div>\n<\/p><\/div>\n<div style='flex: 1 1 250px; border: 1px solid rgba(150&comma; 150&comma; 150&comma; 0.4); border-radius: 8px; overflow: hidden; display: flex; flex-direction: column;'>\n<div style='padding: 15px; border-bottom: 1px solid rgba(150&comma; 150&comma; 150&comma; 0.2); font-weight: bold; font-size: 18px; color: inherit;'>Especificaciones adicionales<\/div>\n<div style='padding: 15px; color: inherit;'>\n<ul style='padding-left: 20px; margin: 0; font-size: 14px; list-style-type: disc;'>\n<li style='margin-bottom: 5px;'><strong>Temperatura de almacenamiento:<\/strong> -40 \u00b0C a +75 \u00b0C<\/li>\n<li style='margin-bottom: 5px;'><strong>Temperatura de funcionamiento:<\/strong> -30 \u00b0C a +65 \u00b0C<\/li>\n<li style='margin-bottom: 5px;'><strong>Color del LED:<\/strong> Rojo&comma; azul&comma; \u00e1mbar o blanco<\/li>\n<li style='margin-bottom: 5px;'><strong>Color de la lente:<\/strong> Transparente<\/li>\n<\/ul><\/div>\n<\/p><\/div>\n<\/p><\/div>\n<p> <!-- Separador --> <\/p>\n<hr style='border: 0; border-top: 1px solid rgba(150&comma; 150&comma; 150&comma; 0.3); margin: 30px 0;'> <\/div>\n","protected":false},"excerpt":{"rendered":"<p>Barra de advertencia de trafico de 6 m\u00f3dulos de 6 led,12-24 Vcd<\/p>\n","protected":false},"featured_media":54678,"comment_status":"open","ping_status":"closed","template":"","meta":[],"product_brand":[],"product_cat":[948],"product_tag":[950,949,1461],"class_list":{"0":"post-54679","1":"product","2":"type-product","3":"status-publish","4":"has-post-thumbnail","6":"product_cat-ambar","7":"product_tag-ambar","8":"product_tag-barras-directoras-de-trafico-vehiculares","9":"product_tag-signalpro","11":"first","12":"instock","13":"sale","14":"shipping-taxable","15":"purchasable","16":"product-type-simple"},"_links":{"self":[{"href":"https:\/\/soydeaqui.ddns.net\/pachuca\/index.php\/wp-json\/wp\/v2\/product\/54679","targetHints":{"allow":["GET"]}}],"collection":[{"href":"https:\/\/soydeaqui.ddns.net\/pachuca\/index.php\/wp-json\/wp\/v2\/product"}],"about":[{"href":"https:\/\/soydeaqui.ddns.net\/pachuca\/index.php\/wp-json\/wp\/v2\/types\/product"}],"replies":[{"embeddable":true,"href":"https:\/\/soydeaqui.ddns.net\/pachuca\/index.php\/wp-json\/wp\/v2\/comments?post=54679"}],"wp:featuredmedia":[{"embeddable":true,"href":"https:\/\/soydeaqui.ddns.net\/pachuca\/index.php\/wp-json\/wp\/v2\/media\/54678"}],"wp:attachment":[{"href":"https:\/\/soydeaqui.ddns.net\/pachuca\/index.php\/wp-json\/wp\/v2\/media?parent=54679"}],"wp:term":[{"taxonomy":"product_brand","embeddable":true,"href":"https:\/\/soydeaqui.ddns.net\/pachuca\/index.php\/wp-json\/wp\/v2\/product_brand?post=54679"},{"taxonomy":"product_cat","embeddable":true,"href":"https:\/\/soydeaqui.ddns.net\/pachuca\/index.php\/wp-json\/wp\/v2\/product_cat?post=54679"},{"taxonomy":"product_tag","embeddable":true,"href":"https:\/\/soydeaqui.ddns.net\/pachuca\/index.php\/wp-json\/wp\/v2\/product_tag?post=54679"}],"curies":[{"name":"wp","href":"https:\/\/api.w.org\/{rel}","templated":true}]}}