{"id":5467,"date":"2026-03-18T06:31:44","date_gmt":"2026-03-18T06:31:44","guid":{"rendered":"https:\/\/soydeaqui.ddns.net\/pachuca\/index.php\/producto\/tapa-de-cristal-para-apagador-o-atenuador-2-espacios\/"},"modified":"2026-03-18T06:31:44","modified_gmt":"2026-03-18T06:31:44","slug":"tapa-de-cristal-para-apagador-o-atenuador-2-espacios","status":"publish","type":"product","link":"https:\/\/soydeaqui.ddns.net\/pachuca\/index.php\/producto\/tapa-de-cristal-para-apagador-o-atenuador-2-espacios\/","title":{"rendered":"Tapa de cristal para apagador o atenuador, 2 espacios."},"content":{"rendered":"<div style='width: 100%; max-width: 1200px; margin: 0 auto; font-family: sans-serif; line-height: 1.6; color: inherit; background-color: transparent;'> <!-- Secci\u00f3n de caracter\u00edsticas principales --> <\/p>\n<div style='display: flex; flex-wrap: wrap; gap: 30px; margin-bottom: 30px;'>\n<div style='flex: 1 1 300px; min-width: 280px;'>\n<h3 style='font-size: 22px; border-bottom: 2px solid currentColor; padding-bottom: 5px; margin-top: 0; color: inherit; opacity: 0.8;'>Caracter\u00edsticas principales<\/h3>\n<ul style='padding-left: 20px; font-size: 15px; color: inherit;'>\n<li style='margin-bottom: 5px;'><strong>Material:<\/strong> Cristal<\/li>\n<li style='margin-bottom: 5px;'><strong>Espacios:<\/strong> 2 gang<\/li>\n<li style='margin-bottom: 5px;'><strong>Compatibilidad:<\/strong> Apagadores y atenuadores Lutron<\/li>\n<li style='margin-bottom: 5px;'><strong>Dimensiones:<\/strong> 4.75 in (121 mm) ancho x 4.69 in (119 mm) alto<\/li>\n<li style='margin-bottom: 5px;'><strong>Perfil:<\/strong> 0.30 in (7.6 mm)<\/li>\n<li style='margin-bottom: 5px;'><strong>Instalaci\u00f3n:<\/strong> Sistema de fijaci\u00f3n sin tornillos<\/li>\n<\/ul><\/div>\n<\/p><\/div>\n<p> <!-- Secci\u00f3n de compatibilidad --> <\/p>\n<div style='display: flex; flex-wrap: wrap; gap: 30px; margin-bottom: 30px;'>\n<div style='flex: 1 1 300px; min-width: 280px;'>\n<h3 style='font-size: 22px; border-bottom: 2px solid currentColor; padding-bottom: 5px; margin-top: 0; color: inherit; opacity: 0.8;'>Compatibilidad<\/h3>\n<ul style='padding-left: 20px; font-size: 15px; color: inherit;'>\n<li style='margin-bottom: 5px;'>Maestro\u00ae<\/li>\n<li style='margin-bottom: 5px;'>Maestro\u00ae IR<\/li>\n<li style='margin-bottom: 5px;'>Maestro\u00ae Wireless<\/li>\n<li style='margin-bottom: 5px;'>Pico\u00ae wireless control<\/li>\n<li style='margin-bottom: 5px;'>Spacer System\u2122<\/li>\n<li style='margin-bottom: 5px;'>Diva\u00ae<\/li>\n<li style='margin-bottom: 5px;'>Lyneo Lx\u00ae<\/li>\n<li style='margin-bottom: 5px;'>Skylark\u00ae<\/li>\n<li style='margin-bottom: 5px;'>Skylark\u00ae Contour\u2122<\/li>\n<\/ul><\/div>\n<\/p><\/div>\n<p> <!-- Secci\u00f3n de opciones de acabado --> <\/p>\n<div style='display: flex; flex-wrap: wrap; gap: 30px; margin-bottom: 30px;'>\n<div style='flex: 1 1 300px; min-width: 280px;'>\n<h3 style='font-size: 22px; border-bottom: 2px solid currentColor; padding-bottom: 5px; margin-top: 0; color: inherit; opacity: 0.8;'>Opciones de acabado<\/h3>\n<p style='font-size: 15px; color: inherit; margin-bottom: 15px;'>El modelo LFGR2CWH pertenece a la l\u00ednea Claro\/Satin Colors y tiene disponible el acabado:<\/p>\n<ul style='padding-left: 20px; font-size: 15px; color: inherit;'>\n<li style='margin-bottom: 5px;'><strong>WH:<\/strong> Blanco (White)<\/li>\n<\/ul>\n<p style='font-size: 15px; color: inherit; margin-top: 15px;'>*El acabado en acero inoxidable (Stainless Steel) solo est\u00e1 disponible como placa separada. Para combinar con controles y accesorios en Negro (BL) o Midnight (MN).<\/p>\n<\/p><\/div>\n<\/p><\/div>\n<p> <!-- Secci\u00f3n de dimensiones --> <\/p>\n<div style='display: flex; flex-wrap: wrap; gap: 30px; margin-bottom: 30px;'>\n<div style='flex: 1 1 300px; min-width: 280px;'>\n<h3 style='font-size: 22px; border-bottom: 2px solid currentColor; padding-bottom: 5px; margin-top: 0; color: inherit; opacity: 0.8;'>Dimensiones<\/h3>\n<ul style='padding-left: 20px; font-size: 15px; color: inherit;'>\n<li style='margin-bottom: 5px;'><strong>Ancho:<\/strong> 4.75 in (121 mm)<\/li>\n<li style='margin-bottom: 5px;'><strong>Alto:<\/strong> 4.69 in (119 mm)<\/li>\n<li style='margin-bottom: 5px;'><strong>Profundidad:<\/strong> 0.30 in (7.6 mm)<\/li>\n<\/ul><\/div>\n<\/p><\/div>\n<p> <!-- Secci\u00f3n de caracter\u00edsticas t\u00e9cnicas --> <\/p>\n<div style='display: flex; flex-wrap: wrap; gap: 20px; margin-bottom: 30px;'>\n<div style='flex: 1 1 250px; border: 1px solid rgba(150&comma; 150&comma; 150&comma; 0.4); border-radius: 8px; overflow: hidden; display: flex; flex-direction: column;'>\n<div style='padding: 15px; border-bottom: 1px solid rgba(150&comma; 150&comma; 150&comma; 0.2); font-weight: bold; font-size: 18px; color: inherit;'>Caracter\u00edsticas t\u00e9cnicas<\/div>\n<div style='padding: 15px; color: inherit;'>\n<ul style='padding-left: 20px; margin: 0; font-size: 14px; list-style-type: disc;'>\n<li style='margin-bottom: 5px;'>Dise\u00f1o sin tornillos visible<\/li>\n<li style='margin-bottom: 5px;'>Sistema de alineaci\u00f3n con adaptador<\/li>\n<li style='margin-bottom: 5px;'>Requiere eliminaci\u00f3n de aletas en atenuadores para espaciado adecuado<\/li>\n<li style='margin-bottom: 5px;'>Puede requerir reducci\u00f3n de capacidad (derating) al remover aletas<\/li>\n<li style='margin-bottom: 5px;'>Compatible con cajas de pared est\u00e1ndar<\/li>\n<li style='margin-bottom: 5px;'>Permite combinaci\u00f3n de dispositivos de voltaje de l\u00ednea y baja tensi\u00f3n<\/li>\n<\/ul><\/div>\n<\/p><\/div>\n<\/p><\/div>\n<p> <!-- Separador --> <\/p>\n<hr style='border: 0; border-top: 1px solid rgba(150&comma; 150&comma; 150&comma; 0.3); margin: 30px 0;'> <\/div>\n","protected":false},"excerpt":{"rendered":"<p>Tapa de cristal para apagador o atenuador, 2 espacios.<\/p>\n","protected":false},"featured_media":5466,"comment_status":"open","ping_status":"closed","template":"","meta":[],"product_brand":[],"product_cat":[34],"product_tag":[30,35,36],"class_list":{"0":"post-5467","1":"product","2":"type-product","3":"status-publish","4":"has-post-thumbnail","6":"product_cat-lutron","7":"product_tag-automatizacion-casa-inteligente","8":"product_tag-lutron","9":"product_tag-lutron-electronics","11":"first","12":"outofstock","13":"sale","14":"shipping-taxable","15":"purchasable","16":"product-type-simple"},"_links":{"self":[{"href":"https:\/\/soydeaqui.ddns.net\/pachuca\/index.php\/wp-json\/wp\/v2\/product\/5467","targetHints":{"allow":["GET"]}}],"collection":[{"href":"https:\/\/soydeaqui.ddns.net\/pachuca\/index.php\/wp-json\/wp\/v2\/product"}],"about":[{"href":"https:\/\/soydeaqui.ddns.net\/pachuca\/index.php\/wp-json\/wp\/v2\/types\/product"}],"replies":[{"embeddable":true,"href":"https:\/\/soydeaqui.ddns.net\/pachuca\/index.php\/wp-json\/wp\/v2\/comments?post=5467"}],"wp:featuredmedia":[{"embeddable":true,"href":"https:\/\/soydeaqui.ddns.net\/pachuca\/index.php\/wp-json\/wp\/v2\/media\/5466"}],"wp:attachment":[{"href":"https:\/\/soydeaqui.ddns.net\/pachuca\/index.php\/wp-json\/wp\/v2\/media?parent=5467"}],"wp:term":[{"taxonomy":"product_brand","embeddable":true,"href":"https:\/\/soydeaqui.ddns.net\/pachuca\/index.php\/wp-json\/wp\/v2\/product_brand?post=5467"},{"taxonomy":"product_cat","embeddable":true,"href":"https:\/\/soydeaqui.ddns.net\/pachuca\/index.php\/wp-json\/wp\/v2\/product_cat?post=5467"},{"taxonomy":"product_tag","embeddable":true,"href":"https:\/\/soydeaqui.ddns.net\/pachuca\/index.php\/wp-json\/wp\/v2\/product_tag?post=5467"}],"curies":[{"name":"wp","href":"https:\/\/api.w.org\/{rel}","templated":true}]}}