{"id":54665,"date":"2026-03-19T02:27:56","date_gmt":"2026-03-19T02:27:56","guid":{"rendered":"https:\/\/soydeaqui.ddns.net\/pachuca\/index.php\/producto\/sensor-presencia-y-movimiento-con-tecnologia-lora\/"},"modified":"2026-03-19T02:28:01","modified_gmt":"2026-03-19T02:28:01","slug":"sensor-presencia-y-movimiento-con-tecnologia-lora","status":"publish","type":"product","link":"https:\/\/soydeaqui.ddns.net\/pachuca\/index.php\/producto\/sensor-presencia-y-movimiento-con-tecnologia-lora\/","title":{"rendered":"Sensor presencia y movimiento con tecnolog\u00eda Lora"},"content":{"rendered":"<div style='width: 100%; max-width: 1200px; margin: 0 auto; font-family: sans-serif; line-height: 1.6; color: inherit; background-color: transparent;'> <!-- Imagen principal --> <\/p>\n<div style='margin-bottom: 30px;'> <img style='width: 100%; height: auto; border: 1px solid rgba(150&comma;150&comma;150&comma;0.3); border-radius: 8px;' src='https:\/\/ftp3.syscom.mx\/usuarios\/fotos\/VS370915M\/236476-principal.png' alt='Sensor de presencia VS370'> <\/div>\n<p> <!-- Video --> <\/p>\n<div style='position: relative; padding-bottom: 56.25%; height: 0; overflow: hidden; margin-bottom: 30px;'>   <\/div>\n<p> <!-- Secci\u00f3n 1 --> <\/p>\n<div style='display: flex; flex-wrap: wrap; gap: 30px; margin-bottom: 30px;'>\n<div style='flex: 1 1 300px; min-width: 280px;'>\n<h3 style='font-size: 22px; border-bottom: 2px solid currentColor; padding-bottom: 5px; margin-top: 0; color: inherit; opacity: 0.8;'>Descubra VS370: redefiniendo la supervisi\u00f3n de la ocupaci\u00f3n del espacio<\/h3>\n<p style='font-size: 15px; color: inherit;'>El sensor de presencia humana por radar VS370 es un sensor de ocupaci\u00f3n de alta precisi\u00f3n dise\u00f1ado para salas de reuniones de distintos tama\u00f1os. Con tecnolog\u00eda de radar y PIR&comma; garantiza una detecci\u00f3n precisa sin preocupaciones por la privacidad. Como la \u00faltima incorporaci\u00f3n a la serie de detecci\u00f3n de personas de Milesight&comma; VS370 mejora la integridad de nuestras soluciones para oficinas y edificios inteligentes por igual.<\/p>\n<\/p><\/div>\n<div style='flex: 1 1 300px; min-width: 280px;'> <img style='width: 100%; height: auto; border: 1px solid rgba(150&comma;150&comma;150&comma;0.3); border-radius: 8px;' src='https:\/\/ftp3.syscom.mx\/usuarios\/fotos\/VS370915M\/236476-redefiniendo.png' alt='Redefiniendo la supervisi\u00f3n'> <\/div>\n<\/p><\/div>\n<p> <!-- Secci\u00f3n 2 --> <\/p>\n<div style='display: flex; flex-wrap: wrap; gap: 30px; margin-bottom: 30px;'>\n<div style='flex: 1 1 300px; min-width: 280px;'> <img style='width: 100%; height: auto; border: 1px solid rgba(150&comma;150&comma;150&comma;0.3); border-radius: 8px;' src='https:\/\/ftp3.syscom.mx\/usuarios\/fotos\/VS370915M\/236476-1.png' alt='Mejorar la utilizaci\u00f3n del espacio'> <\/div>\n<div style='flex: 1 1 300px; min-width: 280px;'>\n<h3 style='font-size: 22px; border-bottom: 2px solid currentColor; padding-bottom: 5px; margin-top: 0; color: inherit; opacity: 0.8;'>Mejorar la utilizaci\u00f3n del espacio<\/h3>\n<p style='font-size: 15px; color: inherit;'>Planificar el n\u00famero y disposici\u00f3n de salas de reuniones de diferentes tama\u00f1os dentro del edificio en funci\u00f3n de los datos de ocupaci\u00f3n&comma; evitando espacios ociosos.<\/p>\n<\/p><\/div>\n<\/p><\/div>\n<p> <!-- Secci\u00f3n 3 --> <\/p>\n<div style='display: flex; flex-wrap: wrap; gap: 30px; margin-bottom: 30px;'>\n<div style='flex: 1 1 300px; min-width: 280px;'>\n<h3 style='font-size: 22px; border-bottom: 2px solid currentColor; padding-bottom: 5px; margin-top: 0; color: inherit; opacity: 0.8;'>Sistema integrado de reservas y programaci\u00f3n<\/h3>\n<p style='font-size: 15px; color: inherit;'>Optimice las reservas de salas de reuniones y espacios de trabajo&comma; garantizando una utilizaci\u00f3n eficiente del espacio.<\/p>\n<\/p><\/div>\n<div style='flex: 1 1 300px; min-width: 280px;'> <img style='width: 100%; height: auto; border: 1px solid rgba(150&comma;150&comma;150&comma;0.3); border-radius: 8px;' src='https:\/\/ftp3.syscom.mx\/usuarios\/fotos\/VS370915M\/236476-2.png' alt='Sistema integrado de reservas'> <\/div>\n<\/p><\/div>\n<p> <!-- Secci\u00f3n 4 --> <\/p>\n<div style='display: flex; flex-wrap: wrap; gap: 30px; margin-bottom: 30px;'>\n<div style='flex: 1 1 300px; min-width: 280px;'> <img style='width: 100%; height: auto; border: 1px solid rgba(150&comma;150&comma;150&comma;0.3); border-radius: 8px;' src='https:\/\/ftp3.syscom.mx\/usuarios\/fotos\/VS370915M\/236476-4.png' alt='Beneficios clave'> <\/div>\n<div style='flex: 1 1 300px; min-width: 280px;'>\n<h3 style='font-size: 22px; border-bottom: 2px solid currentColor; padding-bottom: 5px; margin-top: 0; color: inherit; opacity: 0.8;'>Beneficios clave<\/h3>\n<div style='display: flex; flex-wrap: wrap; gap: 15px;'>\n<div style='flex: 1 1 250px; border: 1px solid rgba(150&comma; 150&comma; 150&comma; 0.4); border-radius: 8px; overflow: hidden; display: flex; flex-direction: column; margin-bottom: 15px;'>\n<div style='padding: 15px; border-bottom: 1px solid rgba(150&comma; 150&comma; 150&comma; 0.2); font-weight: bold; font-size: 18px; color: inherit;'>Reducir el desperdicio de energ\u00eda:<\/div>\n<div style='padding: 15px; color: inherit;'>\n<p style='margin: 0; font-size: 14px;'>Optimice el uso de energ\u00eda controlando los sistemas de iluminaci\u00f3n y HVAC seg\u00fan datos de ocupaci\u00f3n en tiempo real.<\/p>\n<\/p><\/div>\n<\/p><\/div>\n<div style='flex: 1 1 250px; border: 1px solid rgba(150&comma; 150&comma; 150&comma; 0.4); border-radius: 8px; overflow: hidden; display: flex; flex-direction: column; margin-bottom: 15px;'>\n<div style='padding: 15px; border-bottom: 1px solid rgba(150&comma; 150&comma; 150&comma; 0.2); font-weight: bold; font-size: 18px; color: inherit;'>Aumente la eficiencia de los edificios inteligentes:<\/div>\n<div style='padding: 15px; color: inherit;'>\n<p style='margin: 0; font-size: 14px;'>Optimice las operaciones de construcci\u00f3n con sistemas inteligentes que mejoran la gesti\u00f3n y reducen los costos operativos.<\/p>\n<\/p><\/div>\n<\/p><\/div>\n<\/p><\/div>\n<\/p><\/div>\n<\/p><\/div>\n<p> <!-- Secci\u00f3n 5 --> <\/p>\n<div style='margin-bottom: 30px;'>\n<h3 style='font-size: 22px; border-bottom: 2px solid currentColor; padding-bottom: 5px; margin-top: 0; color: inherit; opacity: 0.8;'>Ajuste perfecto para salas de reuniones de todos los tama\u00f1os<\/h3>\n<p style='font-size: 15px; color: inherit;'>El VS370 es adecuado para salas de reuniones peque\u00f1as&comma; medianas y grandes. Gracias a la flexibilidad de su estructura tecnol\u00f3gica avanzada&comma; evita de manera eficiente las interferencias causadas por la decoraci\u00f3n y el dise\u00f1o.<\/p>\n<\/p><\/div>\n<p> <!-- Secci\u00f3n 6 --> <\/p>\n<div style='display: flex; flex-wrap: wrap; gap: 30px; margin-bottom: 30px;'>\n<div style='flex: 1 1 300px; min-width: 280px;'>\n<h3 style='font-size: 22px; border-bottom: 2px solid currentColor; padding-bottom: 5px; margin-top: 0; color: inherit; opacity: 0.8;'>Sala de reuniones peque\u00f1a<\/h3>\n<p style='font-size: 15px; color: inherit;'>VS370 evita eficazmente las interferencias de las caracter\u00edsticas comunes de las salas de reuniones peque\u00f1as&comma; como el dise\u00f1o de las paredes y las fuentes de calor como las cafeteras&comma; lo que garantiza una detecci\u00f3n precisa de la ocupaci\u00f3n.<\/p>\n<\/p><\/div>\n<div style='flex: 1 1 300px; min-width: 280px;'> <img style='width: 100%; height: auto; border: 1px solid rgba(150&comma;150&comma;150&comma;0.3); border-radius: 8px;' src='https:\/\/ftp3.syscom.mx\/usuarios\/fotos\/VS370915M\/236476-5.png' alt='Sala de reuniones peque\u00f1a'> <\/div>\n<\/p><\/div>\n<p> <!-- Secci\u00f3n 7 --> <\/p>\n<div style='display: flex; flex-wrap: wrap; gap: 30px; margin-bottom: 30px;'>\n<div style='flex: 1 1 300px; min-width: 280px;'> <img style='width: 100%; height: auto; border: 1px solid rgba(150&comma;150&comma;150&comma;0.3); border-radius: 8px;' src='https:\/\/ftp3.syscom.mx\/usuarios\/fotos\/VS370915M\/236476-6.png' alt='Sala de reuniones mediana'> <\/div>\n<div style='flex: 1 1 300px; min-width: 280px;'>\n<h3 style='font-size: 22px; border-bottom: 2px solid currentColor; padding-bottom: 5px; margin-top: 0; color: inherit; opacity: 0.8;'>Sala de reuniones mediana<\/h3>\n<p style='font-size: 15px; color: inherit;'>Independientemente del dise\u00f1o o las caracter\u00edsticas t\u00edpicas&comma; como mesas de conferencias&comma; pantallas y plantas verdes&comma; el VS370 es ideal para la mayor\u00eda de las salas de reuniones de tama\u00f1o mediano.<\/p>\n<\/p><\/div>\n<\/p><\/div>\n<p> <!-- Secci\u00f3n 8 --> <\/p>\n<div style='display: flex; flex-wrap: wrap; gap: 30px; margin-bottom: 30px;'>\n<div style='flex: 1 1 300px; min-width: 280px;'>\n<h3 style='font-size: 22px; border-bottom: 2px solid currentColor; padding-bottom: 5px; margin-top: 0; color: inherit; opacity: 0.8;'>Sala de reuniones grande<\/h3>\n<p style='font-size: 15px; color: inherit;'>En salas de reuniones grandes con sistemas audiovisuales avanzados y asientos&comma; el VS370 evita la interferencia de objetos en movimiento&comma; como pantallas retr\u00e1ctiles&comma; y se adapta a distintas disposiciones de asientos o estilos de mesas de conferencias con \u00e1ngulos ajustables.<\/p>\n<\/p><\/div>\n<div style='flex: 1 1 300px; min-width: 280px;'> <img style='width: 100%; height: auto; border: 1px solid rgba(150&comma;150&comma;150&comma;0.3); border-radius: 8px;' src='https:\/\/ftp3.syscom.mx\/usuarios\/fotos\/VS370915M\/236476-7.png' alt='Sala de reuniones grande'> <\/div>\n<\/p><\/div>\n<\/p><\/div>\n","protected":false},"excerpt":{"rendered":"<p>Sensor presencia y movimiento con tecnolog\u00eda Lora<\/p>\n","protected":false},"featured_media":54664,"comment_status":"open","ping_status":"closed","template":"","meta":[],"product_brand":[],"product_cat":[1436],"product_tag":[1437,1455,1438],"class_list":{"0":"post-54665","1":"product","2":"type-product","3":"status-publish","4":"has-post-thumbnail","6":"product_cat-sensores-tags","7":"product_tag-lorawan","8":"product_tag-milesight","9":"product_tag-sensores-tags","11":"first","12":"instock","13":"sale","14":"shipping-taxable","15":"purchasable","16":"product-type-simple"},"_links":{"self":[{"href":"https:\/\/soydeaqui.ddns.net\/pachuca\/index.php\/wp-json\/wp\/v2\/product\/54665","targetHints":{"allow":["GET"]}}],"collection":[{"href":"https:\/\/soydeaqui.ddns.net\/pachuca\/index.php\/wp-json\/wp\/v2\/product"}],"about":[{"href":"https:\/\/soydeaqui.ddns.net\/pachuca\/index.php\/wp-json\/wp\/v2\/types\/product"}],"replies":[{"embeddable":true,"href":"https:\/\/soydeaqui.ddns.net\/pachuca\/index.php\/wp-json\/wp\/v2\/comments?post=54665"}],"wp:featuredmedia":[{"embeddable":true,"href":"https:\/\/soydeaqui.ddns.net\/pachuca\/index.php\/wp-json\/wp\/v2\/media\/54664"}],"wp:attachment":[{"href":"https:\/\/soydeaqui.ddns.net\/pachuca\/index.php\/wp-json\/wp\/v2\/media?parent=54665"}],"wp:term":[{"taxonomy":"product_brand","embeddable":true,"href":"https:\/\/soydeaqui.ddns.net\/pachuca\/index.php\/wp-json\/wp\/v2\/product_brand?post=54665"},{"taxonomy":"product_cat","embeddable":true,"href":"https:\/\/soydeaqui.ddns.net\/pachuca\/index.php\/wp-json\/wp\/v2\/product_cat?post=54665"},{"taxonomy":"product_tag","embeddable":true,"href":"https:\/\/soydeaqui.ddns.net\/pachuca\/index.php\/wp-json\/wp\/v2\/product_tag?post=54665"}],"curies":[{"name":"wp","href":"https:\/\/api.w.org\/{rel}","templated":true}]}}