{"id":54661,"date":"2026-03-19T02:27:50","date_gmt":"2026-03-19T02:27:50","guid":{"rendered":"https:\/\/soydeaqui.ddns.net\/pachuca\/index.php\/producto\/sirena-electronica-de-alta-potencia-multitono-y-multivoltaje\/"},"modified":"2026-03-19T02:27:51","modified_gmt":"2026-03-19T02:27:51","slug":"sirena-electronica-de-alta-potencia-multitono-y-multivoltaje","status":"publish","type":"product","link":"https:\/\/soydeaqui.ddns.net\/pachuca\/index.php\/producto\/sirena-electronica-de-alta-potencia-multitono-y-multivoltaje\/","title":{"rendered":"Sirena electr\u00f3nica de alta potencia multitono y multivoltaje"},"content":{"rendered":"<div style='width: 100%; max-width: 1200px; margin: 0 auto; font-family: sans-serif; line-height: 1.6; color: inherit;'>\n<div style='display: flex; flex-direction: column; gap: 30px;'>\n<div style='width: 100%;'>\n<div style='display: flex; justify-content: center; margin-bottom: 20px;'> <a style='font-size: 14pt; text-align: start; background-color: #f2f2f2; color: inherit; text-decoration: none; padding: 10px 20px; border-radius: 6px;' title='Familia de productos SST3 con Federal Signal Industrial' href='https:\/\/www.youtube.com\/watch?v=V48RNzaRZoo' target='_blank' rel='noopener'>Familia de productos SST3 con Federal Signal Industrial<\/a> <\/div>\n<div style='margin-bottom: 20px;'>\n<h3 style='font-size: 22px; border-bottom: 2px solid currentColor; padding-bottom: 5px; margin-top: 0; color: inherit; opacity: 0.8;'>CARACTERISTICAS<\/h3>\n<p style='font-size: 14pt; margin: 15px 0;'>SST3-MV-SB es una sirena electr\u00f3nica capaz de producir tres tonos diferentes de altos decibelios desde la misma unidad.<\/p>\n<p style='font-size: 14pt; margin: 15px 0;'>El modelo SST3-MV-SB presenta amplificaci\u00f3n interna y los circuitos necesarios para producir tres tonos diferentes. El usuario activa cada tono (Wail&comma; Yelp o Horn) con contactos secos desde un punto remoto.<\/p>\n<p style='font-size: 14pt; margin: 15px 0;'>La carcasa NEMA 4R est\u00e1 moldeada de pl\u00e1stico resistente al impacto&comma; lo que la hace resistente a la luz ultravioleta e ideal para uso en interiores o exteriores. El sistema de montaje giratorio omnidireccional permite que la salida apunte a cualquier lugar dentro de una media esfera de 180 grados.<\/p>\n<p style='font-size: 14pt; margin: 15px 0;'>El modelo SST3-MV-SB se puede usar como un dispositivo de advertencia audible independiente de alto rendimiento en cualquier aplicaci\u00f3n donde se necesiten m\u00faltiples tonos&comma; pero no se requiera paginaci\u00f3n por voz.<\/p>\n<p style='font-size: 14pt; margin: 15px 0;'>Las aplicaciones t\u00edpicas incluyen advertencia de emergencia&comma; inicio y salida&comma; alarma de incendio&comma; alarma general y evacuaci\u00f3n.<\/p>\n<\/p><\/div>\n<\/p><\/div>\n<div style='width: 100%;'>\n<div style='margin-bottom: 20px;'>\n<h3 style='font-size: 22px; border-bottom: 2px solid currentColor; padding-bottom: 5px; margin-top: 0; color: inherit; opacity: 0.8;'>Caracter\u00edsticas detalladas<\/h3>\n<p style='font-size: 14pt; margin: 15px 0;'>El modelo SST3-MV-SB es una sirena electr\u00f3nica capaz de emitir tres tonos altos de decibelios diferentes desde la misma unidad. Este modelo puede utilizarse como un dispositivo de advertencia audible independiente y de salida completa en cualquier entorno donde se necesiten varios tonos&comma; pero no se requiera aviso por voz. El usuario activa cada tono (WAIL&comma; YELP&comma; HORN) con contactos secos desde un punto remoto&comma; o la unidad puede operarse conmutando la alimentaci\u00f3n con selecci\u00f3n de tono fijo. El robusto cono del altavoz y el proyector est\u00e1n fabricados en aluminio hilado&comma; y los circuitos integrados se encuentran en una carcasa de aluminio fundido a presi\u00f3n. La base de las unidades contiene dos aberturas para conductos de 1\/2 pulgada. La forma \u00fanica del proyector proporciona una dispersi\u00f3n de sonido de 60\u00b0. El proyector se mantiene en posici\u00f3n mediante un anillo de seguridad recubierto de tefl\u00f3n que puede girarse 180\u00b0 para obtener la distribuci\u00f3n de sonido deseada. Todas las superficies est\u00e1n selladas con pintura en polvo. Las juntas a prueba de polvo y humedad proporcionan protecci\u00f3n Tipo 4X contra los elementos. Las aplicaciones t\u00edpicas incluyen avisos de emergencia&comma; inicio y fin de servicio&comma; alarma general y evacuaci\u00f3n.<\/p>\n<\/p><\/div>\n<\/p><\/div>\n<div style='width: 100%;'>\n<div style='margin-bottom: 20px;'>\n<h3 style='font-size: 22px; border-bottom: 2px solid currentColor; padding-bottom: 5px; margin-top: 0; color: inherit; opacity: 0.8;'>Especificaciones<\/h3>\n<ul style='padding-left: 20px; font-size: 14pt; color: inherit; list-style-type: disc;'>\n<li style='margin-bottom: 5px;'>Dise\u00f1o multivoltaje compatible con 24 VCC y 120\/240 VCA<\/li>\n<li style='margin-bottom: 5px;'>Emite tres tonos: gemido&comma; aullido y bocina<\/li>\n<li style='margin-bottom: 5px;'>Emite 110&comma;5 dBa a 10 pies (120&comma;5 dBa a 1 m)<\/li>\n<li style='margin-bottom: 5px;'>Carcasa tipo 4X&comma; IP66<\/li>\n<li style='margin-bottom: 5px;'>Cumple con la norma IP69K<\/li>\n<li style='margin-bottom: 5px;'>Pesta\u00f1as de montaje externas<\/li>\n<li style='margin-bottom: 5px;'>Uso en interiores y exteriores<\/li>\n<li style='margin-bottom: 5px;'>UL\/cUL<\/li>\n<\/ul><\/div>\n<\/p><\/div>\n<div style='width: 100%;'>\n<div style='margin-bottom: 20px;'>\n<h3 style='font-size: 22px; border-bottom: 2px solid currentColor; padding-bottom: 5px; margin-top: 0; color: inherit; opacity: 0.8;'>Video<\/h3>\n<div style='position: relative; padding-bottom: 56.25%; height: 0; overflow: hidden; margin-bottom: 30px;'>   <\/div>\n<\/p><\/div>\n<\/p><\/div>\n<\/p><\/div>\n<\/p><\/div>\n","protected":false},"excerpt":{"rendered":"<p>Sirena electr\u00f3nica de alta potencia multitono y multivoltaje<\/p>\n","protected":false},"featured_media":54660,"comment_status":"open","ping_status":"closed","template":"","meta":[],"product_brand":[],"product_cat":[60],"product_tag":[552,61,62],"class_list":{"0":"post-54661","1":"product","2":"type-product","3":"status-publish","4":"has-post-thumbnail","6":"product_cat-todos","7":"product_tag-federal-signal-industrial","8":"product_tag-paneles-de-alarma","9":"product_tag-todos","11":"first","12":"instock","13":"sale","14":"shipping-taxable","15":"purchasable","16":"product-type-simple"},"_links":{"self":[{"href":"https:\/\/soydeaqui.ddns.net\/pachuca\/index.php\/wp-json\/wp\/v2\/product\/54661","targetHints":{"allow":["GET"]}}],"collection":[{"href":"https:\/\/soydeaqui.ddns.net\/pachuca\/index.php\/wp-json\/wp\/v2\/product"}],"about":[{"href":"https:\/\/soydeaqui.ddns.net\/pachuca\/index.php\/wp-json\/wp\/v2\/types\/product"}],"replies":[{"embeddable":true,"href":"https:\/\/soydeaqui.ddns.net\/pachuca\/index.php\/wp-json\/wp\/v2\/comments?post=54661"}],"wp:featuredmedia":[{"embeddable":true,"href":"https:\/\/soydeaqui.ddns.net\/pachuca\/index.php\/wp-json\/wp\/v2\/media\/54660"}],"wp:attachment":[{"href":"https:\/\/soydeaqui.ddns.net\/pachuca\/index.php\/wp-json\/wp\/v2\/media?parent=54661"}],"wp:term":[{"taxonomy":"product_brand","embeddable":true,"href":"https:\/\/soydeaqui.ddns.net\/pachuca\/index.php\/wp-json\/wp\/v2\/product_brand?post=54661"},{"taxonomy":"product_cat","embeddable":true,"href":"https:\/\/soydeaqui.ddns.net\/pachuca\/index.php\/wp-json\/wp\/v2\/product_cat?post=54661"},{"taxonomy":"product_tag","embeddable":true,"href":"https:\/\/soydeaqui.ddns.net\/pachuca\/index.php\/wp-json\/wp\/v2\/product_tag?post=54661"}],"curies":[{"name":"wp","href":"https:\/\/api.w.org\/{rel}","templated":true}]}}