{"id":54652,"date":"2026-03-19T02:27:32","date_gmt":"2026-03-19T02:27:32","guid":{"rendered":"https:\/\/soydeaqui.ddns.net\/pachuca\/index.php\/producto\/certificacion-de-localizacion-vehicular-de-equipos-topflytech\/"},"modified":"2026-03-19T02:27:33","modified_gmt":"2026-03-19T02:27:33","slug":"certificacion-de-localizacion-vehicular-de-equipos-topflytech","status":"publish","type":"product","link":"https:\/\/soydeaqui.ddns.net\/pachuca\/index.php\/producto\/certificacion-de-localizacion-vehicular-de-equipos-topflytech\/","title":{"rendered":"Certificaci\u00f3n de Localizaci\u00f3n Vehicular de equipos TOPFLYtech"},"content":{"rendered":"<div style='width: 100%; max-width: 1200px; margin: 0 auto; font-family: sans-serif; line-height: 1.6; color: inherit; background-color: transparent;'>\n<div style='display: flex; flex-wrap: wrap; gap: 30px; margin-bottom: 30px;'>\n<div style='flex: 1 1 300px; min-width: 280px;'>\n<h3 style='font-size: 22px; border-bottom: 2px solid currentColor; padding-bottom: 5px; margin-top: 0; color: inherit; opacity: 0.8;'>Requisitos<\/h3>\n<ul style='padding-left: 20px; font-size: 15px; color: inherit;'>\n<li style='margin-bottom: 5px;'>Ser distribuidor autorizado SYSCOM<\/li>\n<li style='margin-bottom: 5px;'>Llevar laptop con sistema operativo Windows<\/li>\n<li style='margin-bottom: 5px;'>Llevar SIM de datos Telcel<\/li>\n<li style='margin-bottom: 5px;'>Llevar desarmador peque\u00f1o<\/li>\n<\/ul><\/div>\n<div style='flex: 1 1 300px; min-width: 280px;'>\n<h3 style='font-size: 22px; border-bottom: 2px solid currentColor; padding-bottom: 5px; margin-top: 0; color: inherit; opacity: 0.8;'>Dirigido a<\/h3>\n<p style='font-size: 15px; color: inherit; margin-top: 0;'>Due\u00f1os&comma; gestores&comma; especialistas y todos aquellos interesados en establecer un sistema de rastreo personal y gesti\u00f3n de flotillas vehiculares<\/p>\n<\/p><\/div>\n<div style='flex: 1 1 300px; min-width: 280px;'>\n<h3 style='font-size: 22px; border-bottom: 2px solid currentColor; padding-bottom: 5px; margin-top: 0; color: inherit; opacity: 0.8;'>Objetivos<\/h3>\n<p style='font-size: 15px; color: inherit; margin-top: 0;'>Proveer los conocimientos te\u00f3ricos y pr\u00e1cticos necesarios para dise\u00f1ar&comma; implementar y gestionar soluciones de localizaci\u00f3n vehicular o personal mediante tecnolog\u00eda celular<\/p>\n<\/p><\/div>\n<\/p><\/div>\n<div style='display: flex; flex-wrap: wrap; gap: 30px; margin-bottom: 30px;'>\n<div style='flex: 1 1 300px; min-width: 280px;'>\n<h3 style='font-size: 22px; border-bottom: 2px solid currentColor; padding-bottom: 5px; margin-top: 0; color: inherit; opacity: 0.8;'>Incluye<\/h3>\n<ul style='padding-left: 20px; font-size: 15px; color: inherit;'>\n<li style='margin-bottom: 5px;'>JR53<\/li>\n<li style='margin-bottom: 5px;'>PLDC1000<\/li>\n<li style='margin-bottom: 5px;'>GPSOS2<\/li>\n<li style='margin-bottom: 5px;'>12VRELAY<\/li>\n<li style='margin-bottom: 5px;'>SFBUZZER<\/li>\n<li style='margin-bottom: 5px;'>TLW26BL<\/li>\n<li style='margin-bottom: 5px;'>60136<\/li>\n<li style='margin-bottom: 5px;'>SIM500MB2YS<\/li>\n<li style='margin-bottom: 5px;'>EPCOMGPSCODE<\/li>\n<\/ul><\/div>\n<div style='flex: 1 1 300px; min-width: 280px;'>\n<h3 style='font-size: 22px; border-bottom: 2px solid currentColor; padding-bottom: 5px; margin-top: 0; color: inherit; opacity: 0.8;'>Temario<\/h3>\n<ul style='padding-left: 20px; font-size: 15px; color: inherit;'>\n<li style='margin-bottom: 5px;'>Introducci\u00f3n al sistema GPS<\/li>\n<li style='margin-bottom: 5px;'>Conceptos b\u00e1sicos<\/li>\n<li style='margin-bottom: 5px;'>Medios de transmisi\u00f3n GPRS<\/li>\n<li style='margin-bottom: 5px;'>Proveedores de servicio y operadores de datos<\/li>\n<li style='margin-bottom: 5px;'>Programaci\u00f3n de equipos v\u00eda SMS<\/li>\n<li style='margin-bottom: 5px;'>Soluci\u00f3n de problemas frecuentes<\/li>\n<li style='margin-bottom: 5px;'>Aplicaciones<\/li>\n<li style='margin-bottom: 5px;'>Panel de SIM de datos<\/li>\n<li style='margin-bottom: 5px;'>Plataforma de rastreo EpcomGPS<\/li>\n<li style='margin-bottom: 5px;'>Otras soluciones<\/li>\n<\/ul>\n<p style='font-size: 15px; color: inherit; margin-top: 20px; margin-bottom: 0;'>Examen pr\u00e1ctico al final de la certificaci\u00f3n<\/p>\n<\/p><\/div>\n<\/p><\/div>\n<div style='margin-bottom: 30px;'>\n<h3 style='font-size: 22px; border-bottom: 2px solid currentColor; padding-bottom: 5px; margin-top: 0; color: inherit; opacity: 0.8;'>Descripci\u00f3n<\/h3>\n<p style='font-size: 15px; color: inherit; margin-top: 0;'>Este Curso est\u00e1 dise\u00f1ado para proporcionar una comprensi\u00f3n integral de los sistemas de posicionamiento global (GPS) y su aplicaci\u00f3n en el seguimiento y gesti\u00f3n de activos&comma; veh\u00edculos y personas.<\/p>\n<p style='font-size: 15px; color: inherit;'>En un mundo donde la localizaci\u00f3n en tiempo real es clave para optimizar operaciones&comma; mejorar la seguridad y tomar decisiones informadas&comma; los rastreadores GPS se han convertido en herramientas indispensables para industrias como el transporte&comma; la log\u00edstica&comma; la seguridad y el monitoreo personal.<\/p>\n<\/p><\/div>\n<hr style='border: 0; border-top: 1px solid rgba(150&comma; 150&comma; 150&comma; 0.3); margin: 30px 0;'> <\/div>\n","protected":false},"excerpt":{"rendered":"<p>Certificaci\u00f3n de Localizaci\u00f3n Vehicular de equipos TOPFLYtech<\/p>\n","protected":false},"featured_media":54651,"comment_status":"open","ping_status":"closed","template":"","meta":[],"product_brand":[],"product_cat":[1346,1388],"product_tag":[1350,1349,63,1389],"class_list":{"0":"post-54652","1":"product","2":"type-product","3":"status-publish","4":"has-post-thumbnail","6":"product_cat-iot","7":"product_cat-trackers-gps","8":"product_tag-gps-y-telematica","9":"product_tag-iot","10":"product_tag-syscom","11":"product_tag-trackers-gps","13":"first","14":"outofstock","15":"sale","16":"shipping-taxable","17":"purchasable","18":"product-type-simple"},"_links":{"self":[{"href":"https:\/\/soydeaqui.ddns.net\/pachuca\/index.php\/wp-json\/wp\/v2\/product\/54652","targetHints":{"allow":["GET"]}}],"collection":[{"href":"https:\/\/soydeaqui.ddns.net\/pachuca\/index.php\/wp-json\/wp\/v2\/product"}],"about":[{"href":"https:\/\/soydeaqui.ddns.net\/pachuca\/index.php\/wp-json\/wp\/v2\/types\/product"}],"replies":[{"embeddable":true,"href":"https:\/\/soydeaqui.ddns.net\/pachuca\/index.php\/wp-json\/wp\/v2\/comments?post=54652"}],"wp:featuredmedia":[{"embeddable":true,"href":"https:\/\/soydeaqui.ddns.net\/pachuca\/index.php\/wp-json\/wp\/v2\/media\/54651"}],"wp:attachment":[{"href":"https:\/\/soydeaqui.ddns.net\/pachuca\/index.php\/wp-json\/wp\/v2\/media?parent=54652"}],"wp:term":[{"taxonomy":"product_brand","embeddable":true,"href":"https:\/\/soydeaqui.ddns.net\/pachuca\/index.php\/wp-json\/wp\/v2\/product_brand?post=54652"},{"taxonomy":"product_cat","embeddable":true,"href":"https:\/\/soydeaqui.ddns.net\/pachuca\/index.php\/wp-json\/wp\/v2\/product_cat?post=54652"},{"taxonomy":"product_tag","embeddable":true,"href":"https:\/\/soydeaqui.ddns.net\/pachuca\/index.php\/wp-json\/wp\/v2\/product_tag?post=54652"}],"curies":[{"name":"wp","href":"https:\/\/api.w.org\/{rel}","templated":true}]}}