{"id":54642,"date":"2026-03-19T02:27:15","date_gmt":"2026-03-19T02:27:15","guid":{"rendered":"https:\/\/soydeaqui.ddns.net\/pachuca\/index.php\/producto\/punto-de-activacion-de-hardware-local-ss2000-serie-c-para-sistemas-de-notificacion-masiva-3\/"},"modified":"2026-03-19T02:27:15","modified_gmt":"2026-03-19T02:27:15","slug":"punto-de-activacion-de-hardware-local-ss2000-serie-c-para-sistemas-de-notificacion-masiva-3","status":"publish","type":"product","link":"https:\/\/soydeaqui.ddns.net\/pachuca\/index.php\/producto\/punto-de-activacion-de-hardware-local-ss2000-serie-c-para-sistemas-de-notificacion-masiva-3\/","title":{"rendered":"Punto de activaci\u00f3n de hardware local SS2000+ Serie C para Sistemas de Notificaci\u00f3n Masiva"},"content":{"rendered":"<div style='width: 100%; max-width: 1200px; margin: 0 auto; font-family: sans-serif; line-height: 1.6; color: inherit; background-color: transparent;'> <!-- T\u00edtulo principal --> <\/p>\n<h1 style='font-size: 28px; margin: 30px 0 20px; text-align: center; color: inherit; border-bottom: 2px solid currentColor; padding-bottom: 10px;'> Punto de activaci\u00f3n de hardware local SS2000+ Serie C <\/h1>\n<p> <!-- Secci\u00f3n de caracter\u00edsticas t\u00e9cnicas --> <\/p>\n<div style='display: flex; flex-wrap: wrap; gap: 30px; margin-bottom: 30px;'>\n<div style='flex: 1 1 300px; min-width: 280px;'>\n<h3 style='font-size: 20px; border-bottom: 2px solid currentColor; padding-bottom: 5px; margin-top: 0; color: inherit; opacity: 0.8;'>Caracter\u00edsticas t\u00e9cnicas<\/h3>\n<ul style='padding-left: 20px; font-size: 15px; color: inherit; list-style-type: disc;'>\n<li style='margin-bottom: 5px;'>24 teclas de acceso r\u00e1pido a funciones de comando con protecci\u00f3n de bloqueo de teclas<\/li>\n<li style='margin-bottom: 5px;'>20 entradas de activaci\u00f3n remota<\/li>\n<li style='margin-bottom: 5px;'>Interfaz de la consola de despacho v\u00eda URL<\/li>\n<li style='margin-bottom: 5px;'>Puerto Ethernet para control sobre LAN entre empresas o dentro de la empresa<\/li>\n<li style='margin-bottom: 5px;'>Interfaz del servicio web CommanderOne\u00ae para activaciones m\u00f3viles y de pol\u00edgonos<\/li>\n<li style='margin-bottom: 5px;'>Interfaz de control industrial MODBUS TCP<\/li>\n<li style='margin-bottom: 5px;'>Interfaz de micr\u00f3fono para Live PA<\/li>\n<li style='margin-bottom: 5px;'>Fuente redundante de mando y control<\/li>\n<li style='margin-bottom: 5px;'>Seguridad de acceso de usuarios con autenticaci\u00f3n impl\u00edcita<\/li>\n<li style='margin-bottom: 5px;'>Capacidad de actualizaci\u00f3n remota de firmware a trav\u00e9s de LAN<\/li>\n<li style='margin-bottom: 5px;'>Funci\u00f3n de lista blanca de acceso a computadoras<\/li>\n<li style='margin-bottom: 5px;'>Cifrado de datos SSL y AES<\/li>\n<li style='margin-bottom: 5px;'>Compatible con radio bicolor EAS y DTMF&comma; codificaci\u00f3n AFSK<\/li>\n<li style='margin-bottom: 5px;'>Tres salidas de rel\u00e9 configurables<\/li>\n<li style='margin-bottom: 5px;'>Transmite archivos WAV desde Commander\u00ae PC<\/li>\n<li style='margin-bottom: 5px;'>Altavoz monitor de comunicaci\u00f3n incorporado<\/li>\n<li style='margin-bottom: 5px;'>Indicadores de nivel por radio simplifican los ajustes en el campo<\/li>\n<li style='margin-bottom: 5px;'>Reloj en tiempo real con bater\u00eda<\/li>\n<li style='margin-bottom: 5px;'>Pantalla LCD retroiluminada<\/li>\n<li style='margin-bottom: 5px;'>Versiones de escritorio y de montaje en rack de 19&#8242; disponibles<\/li>\n<li style='margin-bottom: 5px;'>Se ofrece en 120 y 240 VCA&comma; con versiones disponibles para la UE o el Reino Unido<\/li>\n<\/ul><\/div>\n<\/p><\/div>\n<p> <!-- Imagen principal --> <\/p>\n<div style='margin: 30px 0;'> <img style='width: 100%; height: auto; border: 1px solid rgba(150&comma;150&comma;150&comma;0.3); border-radius: 8px;' src='https:\/\/www.fedsig.com\/sites\/default\/files\/products\/PC%20Freedom%20.jpg' alt='Punto de activaci\u00f3n de hardware local SS2000+ Serie C'> <\/div>\n<p> <!-- Secci\u00f3n de descripci\u00f3n detallada --> <\/p>\n<div style='display: flex; flex-wrap: wrap; gap: 30px; margin-bottom: 30px;'>\n<div style='flex: 1 1 300px; min-width: 280px;'>\n<h3 style='font-size: 20px; border-bottom: 2px solid currentColor; padding-bottom: 5px; margin-top: 0; color: inherit; opacity: 0.8;'>CARACTER\u00cdSTICAS<\/h3>\n<div style='font-size: 15px; color: inherit;'>\n<p>El controlador habilitado para web SS2000+ Serie C es la unidad de control independiente m\u00e1s avanzada de Federal Signal.<\/p>\n<p>El SS2000+ normalmente interact\u00faa con un sistema de radio anal\u00f3gico o digital para proporcionar activaci\u00f3n por radio de sirenas en todo un condado&comma; municipio&comma; campus o instalaci\u00f3n industrial.<\/p>\n<p>El SS2000+ tiene 24 &#8216;teclas de acceso r\u00e1pido&#8217; de botones de activaci\u00f3n programables aseguradas con un interruptor de bloqueo de llave y 20 entradas de cierre de contactos para interactuar con sistemas de control remoto.<\/p>\n<p>Las teclas de acceso r\u00e1pido pueden proporcionar tipos espec\u00edficos de advertencias o activaciones de pruebas para notificar a los residentes&comma; empleados o estudiantes.<\/p>\n<p>Ahora se puede acceder a las 24 teclas de acceso r\u00e1pido desde una variedad de interfaces mediante una nueva interfaz web.<\/p>\n<p>La nueva interfaz web puede proporcionar una redundancia mejorada que permite utilizar m\u00faltiples unidades SS2000+ como respaldo en l\u00ednea.<\/p>\n<p>Las funciones de red avanzadas permiten que el SS2000+ se conecte al software de control y monitoreo de estado Commander\u00ae de Federal Signal.<\/p>\n<p>Adem\u00e1s&comma; el SS2000+ ahora puede conectarse directamente al servicio en la nube CommanderOne\u00ae de Federal Signal para obtener acceso web seguro a teclas de acceso r\u00e1pido&comma; mensajer\u00eda y activaci\u00f3n automatizada de eventos EAS de NOAA.<\/p>\n<\/p><\/div>\n<\/p><\/div>\n<div style='flex: 1 1 300px; min-width: 280px;'>\n<div style='margin: 20px 0;'>\n<h3 style='font-size: 20px; margin-top: 0; color: inherit; opacity: 0.8; font-weight: bold;'>Libertad de PC<\/h3>\n<div style='font-size: 15px; color: inherit;'>\n<p>Los sistemas de control de sirena t\u00edpicos dependen de servidores o PC dedicados para su activaci\u00f3n.<\/p>\n<p>Las PC pueden ser dif\u00edciles de mantener debido a las actualizaciones y problemas de seguridad.<\/p>\n<p>Ahora puede tener muchas de las funciones proporcionadas desde una PC sin la necesidad de tener una PC dedicada a activar su sistema de sirena.<\/p>\n<p>Adem\u00e1s&comma; las PC pueden ser un \u00fanico punto de falla dentro de su sistema de control de sirena.<\/p>\n<p>El SS2000+ ahora puede conectarse a nuestro sistema de control CommanderOne y eliminar la necesidad de una PC dedicada para el control de la sirena.<\/p>\n<\/p><\/div>\n<\/p><\/div>\n<div style='margin: 20px 0;'>\n<h3 style='font-size: 20px; margin-top: 0; color: inherit; opacity: 0.8; font-weight: bold;'>ACCEDER A TRAV\u00c9S DE URL<\/h3>\n<div style='font-size: 15px; color: inherit;'>\n<p>Las consolas de despacho ahora pueden acceder al SS2000+ desde un nuevo servidor web integrado que permite controlar y configurar el SS2000+ a trav\u00e9s de una LAN utilizando navegadores web est\u00e1ndar.<\/p>\n<p>Esta interfaz puede proporcionar a los usuarios dentro de una red empresarial segura acceder a las teclas de acceso r\u00e1pido SS2000+ desde navegadores web est\u00e1ndar (Chrome&comma; Edge o Firefox) en la red de \u00e1rea local de la empresa.<\/p>\n<\/p><\/div>\n<\/p><\/div>\n<div style='margin: 20px 0;'>\n<h3 style='font-size: 20px; margin-top: 0; color: inherit; opacity: 0.8; font-weight: bold;'>Web habilitar sirenas controladas por radio<\/h3>\n<div style='font-size: 15px; color: inherit;'>\n<p>El SS2000+ se puede utilizar como codificador para control de sirena unidireccional.<\/p>\n<p>Anteriormente&comma; el uso de un SS2000+ permit\u00eda la activaci\u00f3n solo desde las teclas de acceso r\u00e1pido del panel frontal&comma; las interfaces f\u00edsicas o desde una PC conectada.<\/p>\n<p>El SS2000+ ahora proporciona activaci\u00f3n de sirena desde eventos\/pol\u00edgonos EAS CommanderOne NOAA&comma; desde una aplicaci\u00f3n m\u00f3vil o desde un navegador web a trav\u00e9s de Internet.<\/p>\n<\/p><\/div>\n<\/p><\/div>\n<div style='margin: 20px 0;'>\n<h3 style='font-size: 20px; margin-top: 0; color: inherit; opacity: 0.8; font-weight: bold;'>Control MODBUS<\/h3>\n<div style='font-size: 15px; color: inherit;'>\n<p>El SS2000+ tiene una interfaz MODBUS para interactuar f\u00e1cilmente con sistemas de control industrial.<\/p>\n<p>MODBUS TCP se utiliza para proporcionar activaciones en un SS2000+ para anuncios de advertencia espec\u00edficos en una planta industrial.<\/p>\n<p>Los usuarios pueden activar el sistema utilizando el SS2000+ o los sistemas de control industrial pueden activar las teclas de acceso r\u00e1pido.<\/p>\n<\/p><\/div>\n<\/p><\/div>\n<\/p><\/div>\n<\/p><\/div>\n<p> <!-- Imagenes adicionales --> <\/p>\n<div style='display: flex; flex-wrap: wrap; gap: 30px; margin: 30px 0;'>\n<div style='flex: 1 1 300px; min-width: 280px;'> <img style='width: 100%; height: auto; border: 1px solid rgba(150&comma;150&comma;150&comma;0.3); border-radius: 8px;' src='https:\/\/www.fedsig.com\/sites\/default\/files\/products\/ACCESS%20VIA%20URL%20.jpg' alt='Acceso v\u00eda URL'> <\/div>\n<div style='flex: 1 1 300px; min-width: 280px;'> <img style='width: 100%; height: auto; border: 1px solid rgba(150&comma;150&comma;150&comma;0.3); border-radius: 8px;' src='https:\/\/www.fedsig.com\/sites\/default\/files\/products\/Web%20Enable%20Radio%20Controlled%20Sirens.jpg' alt='Web habilitar sirenas controladas por radio'> <\/div>\n<div style='flex: 1 1 300px; min-width: 280px;'> <img style='width: 100%; height: auto; border: 1px solid rgba(150&comma;150&comma;150&comma;0.3); border-radius: 8px;' src='https:\/\/www.fedsig.com\/sites\/default\/files\/products\/MODBUS%20Control%20%20.jpg' alt='Control MODBUS'> <\/div>\n<\/p><\/div>\n<p> <!-- Secci\u00f3n de especificaciones --> <\/p>\n<div style='margin: 30px 0;'>\n<h3 style='font-size: 20px; margin-top: 0; color: inherit; opacity: 0.8; border-bottom: 2px solid currentColor; padding-bottom: 5px;'>ESPECIFICACIONES<\/h3>\n<div style='display: flex; flex-wrap: wrap; gap: 20px; margin-top: 20px;'> <!-- Especificaciones - Temperatura y alimentaci\u00f3n --> <\/p>\n<div style='flex: 1 1 250px; border: 1px solid rgba(150&comma; 150&comma; 150&comma; 0.4); border-radius: 8px; overflow: hidden; display: flex; flex-direction: column;'>\n<div style='padding: 15px; border-bottom: 1px solid rgba(150&comma; 150&comma; 150&comma; 0.2); font-weight: bold; font-size: 16px; color: inherit;'>Temperatura y Alimentaci\u00f3n<\/div>\n<div style='padding: 15px; color: inherit;'>\n<ul style='padding-left: 20px; margin: 0; font-size: 14px; list-style-type: disc;'>\n<li style='margin-bottom: 5px;'><strong>Operaci\u00f3n:<\/strong> 32\u00baF a 140\u00baF (0\u00ba a 60\u00baC)<\/li>\n<li style='margin-bottom: 5px;'><strong>Entrada de l\u00ednea:<\/strong> Fuente de alimentaci\u00f3n de transformador de pared 120\/240 VCA*<\/li>\n<li style='margin-bottom: 5px;'><strong>Voltaje de entrada:<\/strong> 12-30 VCC (m\u00ednimo 12 VCC)<\/li>\n<li style='margin-bottom: 5px;'><strong>Corriente de entrada:<\/strong> 300 mA (en espera 700 mA m\u00e1x.)<\/li>\n<\/ul><\/div>\n<\/p><\/div>\n<p> <!-- Especificaciones - Audio --> <\/p>\n<div style='flex: 1 1 250px; border: 1px solid rgba(150&comma; 150&comma; 150&comma; 0.4); border-radius: 8px; overflow: hidden; display: flex; flex-direction: column;'>\n<div style='padding: 15px; border-bottom: 1px solid rgba(150&comma; 150&comma; 150&comma; 0.2); font-weight: bold; font-size: 16px; color: inherit;'>Audio<\/div>\n<div style='padding: 15px; color: inherit;'>\n<ul style='padding-left: 20px; margin: 0; font-size: 14px; list-style-type: disc;'>\n<li style='margin-bottom: 5px;'><strong>Distorsi\u00f3n:<\/strong> < 3&comma;0%<\/li>\n<li style='margin-bottom: 5px;'><strong>Entrada:<\/strong> 10mV &#8211; 150mV por p\u00e1gina<\/li>\n<li style='margin-bottom: 5px;'><strong>Impedancia de entrada:<\/strong> 10k ohmios<\/li>\n<li style='margin-bottom: 5px;'><strong>Toma de entrada:<\/strong> XLR macho<\/li>\n<li style='margin-bottom: 5px;'><strong>Tipo:<\/strong> Din\u00e1mica<\/li>\n<li style='margin-bottom: 5px;'><strong>Fuerza:<\/strong> 1 vatio<\/li>\n<li style='margin-bottom: 5px;'><strong>Impedancia:<\/strong> 8 ohmios<\/li>\n<li style='margin-bottom: 5px;'><strong>Salida de audio:<\/strong> Equilibrado 600 ohmios<\/li>\n<li style='margin-bottom: 5px;'><strong>Entrada de audio:<\/strong> Equilibrado 600 ohmios<\/li>\n<\/ul><\/div>\n<\/p><\/div>\n<p> <!-- Especificaciones - Comunicaciones --> <\/p>\n<div style='flex: 1 1 250px; border: 1px solid rgba(150&comma; 150&comma; 150&comma; 0.4); border-radius: 8px; overflow: hidden; display: flex; flex-direction: column;'>\n<div style='padding: 15px; border-bottom: 1px solid rgba(150&comma; 150&comma; 150&comma; 0.2); font-weight: bold; font-size: 16px; color: inherit;'>Comunicaciones<\/div>\n<div style='padding: 15px; color: inherit;'>\n<ul style='padding-left: 20px; margin: 0; font-size: 14px; list-style-type: disc;'>\n<li style='margin-bottom: 5px;'><strong>Ethernet:<\/strong> Puerto RJ-45&comma; TCP\/IP<\/li>\n<li style='margin-bottom: 5px;'><strong>Sensibilidad de decodificaci\u00f3n:<\/strong> < 8-10 dBc S\/N o 12 dBc SINAD<\/li>\n<\/ul><\/div>\n<\/p><\/div>\n<p> <!-- Especificaciones - Salidas --> <\/p>\n<div style='flex: 1 1 250px; border: 1px solid rgba(150&comma; 150&comma; 150&comma; 0.4); border-radius: 8px; overflow: hidden; display: flex; flex-direction: column;'>\n<div style='padding: 15px; border-bottom: 1px solid rgba(150&comma; 150&comma; 150&comma; 0.2); font-weight: bold; font-size: 16px; color: inherit;'>Salidas<\/div>\n<div style='padding: 15px; color: inherit;'>\n<ul style='padding-left: 20px; margin: 0; font-size: 14px; list-style-type: disc;'>\n<li style='margin-bottom: 5px;'><strong>Salidas de rel\u00e9:<\/strong> 2A a 30 VCC \/ 0&comma;5 a 120 VCA<\/li>\n<\/ul><\/div>\n<\/p><\/div>\n<p> <!-- Especificaciones - Dimensiones --> <\/p>\n<div style='flex: 1 1 250px; border: 1px solid rgba(150&comma; 150&comma; 150&comma; 0.4); border-radius: 8px; overflow: hidden; display: flex; flex-direction: column;'>\n<div style='padding: 15px; border-bottom: 1px solid rgba(150&comma; 150&comma; 150&comma; 0.2); font-weight: bold; font-size: 16px; color: inherit;'>Dimensiones<\/div>\n<div style='padding: 15px; color: inherit;'>\n<ul style='padding-left: 20px; margin: 0; font-size: 14px; list-style-type: disc;'>\n<li style='margin-bottom: 5px;'><strong>Montaje en escritorio:<\/strong> 3&comma;59&#8242; x 11&comma;59&#8242; x 9&comma;53&#8242; \/ 91&comma;8 mm x 294&comma;4 mm x 242&comma;1 mm<\/li>\n<li style='margin-bottom: 5px;'><strong>Montaje en bastidor 3U:<\/strong> 5&comma;19&#8242; x 19&#8242; x 10&comma;10&#8242; \/ 131&comma;8 mm x 482&comma;6 mm x 256&comma;5 mm<\/li>\n<li style='margin-bottom: 5px;'><strong>Peso de env\u00edo &#8211; Montaje en escritorio:<\/strong> 6 libras \/ 3 kg<\/li>\n<li style='margin-bottom: 5px;'><strong>Peso de env\u00edo &#8211; Montaje en bastidor:<\/strong> 8 libras \/ 4 kg<\/li>\n<\/ul><\/div>\n<\/p><\/div>\n<\/p><\/div>\n<\/p><\/div>\n<p> <!-- Separador --> <\/p>\n<hr style='border: 0; border-top: 1px solid rgba(150&comma; 150&comma; 150&comma; 0.3); margin: 30px 0;'> <\/div>\n","protected":false},"excerpt":{"rendered":"<p>Punto de activaci\u00f3n de hardware local SS2000+ Serie C para Sistemas de Notificaci\u00f3n Masiva<\/p>\n","protected":false},"featured_media":32,"comment_status":"open","ping_status":"closed","template":"","meta":[],"product_brand":[],"product_cat":[1413],"product_tag":[1415,552,1414],"class_list":{"0":"post-54642","1":"product","2":"type-product","3":"status-publish","4":"has-post-thumbnail","6":"product_cat-bocinas-de-alerta-y-notificacion-masiva","7":"product_tag-bocinas-de-alerta-y-notificacion-masiva","8":"product_tag-federal-signal-industrial","9":"product_tag-luces-bocinas-para-la-industria-y-edificios","11":"first","12":"outofstock","13":"sale","14":"shipping-taxable","15":"purchasable","16":"product-type-simple"},"_links":{"self":[{"href":"https:\/\/soydeaqui.ddns.net\/pachuca\/index.php\/wp-json\/wp\/v2\/product\/54642","targetHints":{"allow":["GET"]}}],"collection":[{"href":"https:\/\/soydeaqui.ddns.net\/pachuca\/index.php\/wp-json\/wp\/v2\/product"}],"about":[{"href":"https:\/\/soydeaqui.ddns.net\/pachuca\/index.php\/wp-json\/wp\/v2\/types\/product"}],"replies":[{"embeddable":true,"href":"https:\/\/soydeaqui.ddns.net\/pachuca\/index.php\/wp-json\/wp\/v2\/comments?post=54642"}],"wp:featuredmedia":[{"embeddable":true,"href":"https:\/\/soydeaqui.ddns.net\/pachuca\/index.php\/wp-json\/wp\/v2\/media\/32"}],"wp:attachment":[{"href":"https:\/\/soydeaqui.ddns.net\/pachuca\/index.php\/wp-json\/wp\/v2\/media?parent=54642"}],"wp:term":[{"taxonomy":"product_brand","embeddable":true,"href":"https:\/\/soydeaqui.ddns.net\/pachuca\/index.php\/wp-json\/wp\/v2\/product_brand?post=54642"},{"taxonomy":"product_cat","embeddable":true,"href":"https:\/\/soydeaqui.ddns.net\/pachuca\/index.php\/wp-json\/wp\/v2\/product_cat?post=54642"},{"taxonomy":"product_tag","embeddable":true,"href":"https:\/\/soydeaqui.ddns.net\/pachuca\/index.php\/wp-json\/wp\/v2\/product_tag?post=54642"}],"curies":[{"name":"wp","href":"https:\/\/api.w.org\/{rel}","templated":true}]}}