{"id":54641,"date":"2026-03-19T02:27:12","date_gmt":"2026-03-19T02:27:12","guid":{"rendered":"https:\/\/soydeaqui.ddns.net\/pachuca\/index.php\/producto\/punto-de-activacion-de-hardware-local-ss2000-serie-c-para-sistemas-de-notificacion-masiva-2\/"},"modified":"2026-03-19T02:27:13","modified_gmt":"2026-03-19T02:27:13","slug":"punto-de-activacion-de-hardware-local-ss2000-serie-c-para-sistemas-de-notificacion-masiva-2","status":"publish","type":"product","link":"https:\/\/soydeaqui.ddns.net\/pachuca\/index.php\/producto\/punto-de-activacion-de-hardware-local-ss2000-serie-c-para-sistemas-de-notificacion-masiva-2\/","title":{"rendered":"Punto de activaci\u00f3n de hardware local SS2000+ Serie C para Sistemas de Notificaci\u00f3n Masiva"},"content":{"rendered":"<div style='width: 100%; max-width: 1200px; margin: 0 auto; font-family: sans-serif; line-height: 1.6; color: inherit; background-color: transparent;'>\n<div style='display: flex; flex-direction: column; gap: 30px;'>\n<div style='display: flex; flex-direction: column; gap: 15px;'>\n<h2 style='font-size: 28px; margin: 0; padding-bottom: 8px; border-bottom: 2px solid currentColor; color: inherit; opacity: 0.85;'> Punto de activaci\u00f3n de hardware local SS2000+ Serie C <\/h2>\n<ul style='padding-left: 20px; margin: 0; font-size: 15px; color: inherit; list-style-type: disc;'>\n<li style='margin-bottom: 5px;'><strong>24 teclas de acceso r\u00e1pido<\/strong> a funciones de comando con protecci\u00f3n de bloqueo de teclas<\/li>\n<li style='margin-bottom: 5px;'><strong>20 entradas de activaci\u00f3n remota<\/strong><\/li>\n<li style='margin-bottom: 5px;'><strong>Interfaz de consola de despacho<\/strong> v\u00eda URL<\/li>\n<li style='margin-bottom: 5px;'><strong>Puerto Ethernet<\/strong> para control sobre LAN entre empresas o dentro de la empresa<\/li>\n<li style='margin-bottom: 5px;'><strong>Interfaz del servicio web CommanderOne\u00ae<\/strong> para activaciones m\u00f3viles y de pol\u00edgonos<\/li>\n<li style='margin-bottom: 5px;'><strong>Interfaz de control industrial MODBUS TCP<\/strong><\/li>\n<li style='margin-bottom: 5px;'><strong>Interfaz de micr\u00f3fono<\/strong> para Live PA<\/li>\n<li style='margin-bottom: 5px;'><strong>Fuente redundante de mando y control<\/strong><\/li>\n<li style='margin-bottom: 5px;'><strong>Seguridad de acceso de usuarios<\/strong> con autenticaci\u00f3n impl\u00edcita<\/li>\n<li style='margin-bottom: 5px;'><strong>Actualizaci\u00f3n remota de firmware<\/strong> a trav\u00e9s de LAN<\/li>\n<li style='margin-bottom: 5px;'><strong>Funci\u00f3n de lista blanca<\/strong> de acceso a computadoras<\/li>\n<li style='margin-bottom: 5px;'><strong>Cifrado de datos SSL y AES<\/strong><\/li>\n<li style='margin-bottom: 5px;'><strong>Compatible con radio bicolor EAS y DTMF<\/strong>&comma; codificaci\u00f3n AFSK<\/li>\n<li style='margin-bottom: 5px;'><strong>Tres salidas de rel\u00e9 configurables<\/strong><\/li>\n<li style='margin-bottom: 5px;'><strong>Transmite archivos WAV<\/strong> desde Commander\u00ae PC<\/li>\n<li style='margin-bottom: 5px;'><strong>Altavoz monitor de comunicaci\u00f3n incorporado<\/strong><\/li>\n<li style='margin-bottom: 5px;'><strong>Indicadores de nivel por radio<\/strong> simplifican los ajustes en el campo<\/li>\n<li style='margin-bottom: 5px;'><strong>Reloj en tiempo real<\/strong> con bater\u00eda<\/li>\n<li style='margin-bottom: 5px;'><strong>Pantalla LCD retroiluminada<\/strong><\/li>\n<li style='margin-bottom: 5px;'><strong>Versiones de escritorio y de montaje en rack de 19&#8242;<\/strong> disponibles<\/li>\n<li style='margin-bottom: 5px;'><strong>Disponible en 120 y 240 VCA<\/strong>&comma; con versiones para UE o Reino Unido<\/li>\n<\/ul><\/div>\n<div style='display: flex; flex-direction: column; gap: 15px;'>\n<h3 style='font-size: 22px; margin: 0; padding-bottom: 5px; border-bottom: 2px solid currentColor; color: inherit; opacity: 0.8;'> CARACTER\u00cdSTICAS <\/h3>\n<div style='font-size: 15px; color: inherit;'>\n<p style='margin: 0 0 15px 0;'>El controlador habilitado para web SS2000+ Serie C es la unidad de control independiente m\u00e1s avanzada de Federal Signal.<\/p>\n<p style='margin: 0 0 15px 0;'>El SS2000+ normalmente interact\u00faa con un sistema de radio anal\u00f3gico o digital para proporcionar activaci\u00f3n por radio de sirenas en todo un condado&comma; municipio&comma; campus o instalaci\u00f3n industrial.<\/p>\n<p style='margin: 0 0 15px 0;'>El SS2000+ tiene 24 teclas de acceso r\u00e1pido de botones de activaci\u00f3n programables aseguradas con un interruptor de bloqueo de llave y 20 entradas de cierre de contactos para interactuar con sistemas de control remoto.<\/p>\n<p style='margin: 0 0 15px 0;'>Las teclas de acceso r\u00e1pido pueden proporcionar tipos espec\u00edficos de advertencias o activaciones de pruebas para notificar a los residentes&comma; empleados o estudiantes.<\/p>\n<p style='margin: 0 0 15px 0;'>Ahora se puede acceder a las 24 teclas de acceso r\u00e1pido desde una variedad de interfaces mediante una nueva interfaz web.<\/p>\n<p style='margin: 0 0 15px 0;'>La nueva interfaz web puede proporcionar una redundancia mejorada que permite utilizar m\u00faltiples unidades SS2000+ como respaldo en l\u00ednea.<\/p>\n<p style='margin: 0 0 15px 0;'>Las funciones de red avanzadas permiten que el SS2000+ se conecte al software de control y monitoreo de estado Commander\u00ae de Federal Signal.<\/p>\n<p style='margin: 0;'>Adem\u00e1s&comma; el SS2000+ ahora puede conectarse directamente al servicio en la nube CommanderOne\u00ae de Federal Signal para obtener acceso web seguro a teclas de acceso r\u00e1pido&comma; mensajer\u00eda y activaci\u00f3n automatizada de eventos EAS de NOAA.<\/p>\n<\/p><\/div>\n<\/p><\/div>\n<p> <img style='width: 100%; height: auto; border: 1px solid rgba(150&comma;150&comma;150&comma;0.3); border-radius: 8px;' src='https:\/\/www.fedsig.com\/sites\/default\/files\/products\/PC%20Freedom%20.jpg' alt='Punto de activaci\u00f3n SS2000+ Serie C'> <\/p>\n<div style='display: flex; flex-direction: column; gap: 15px;'>\n<h4 style='font-size: 18px; margin: 0; font-weight: bold; color: inherit; opacity: 0.8;'> Libertad de PC <\/h4>\n<div style='font-size: 15px; color: inherit;'>\n<p style='margin: 0 0 15px 0;'>Los sistemas de control de sirena t\u00edpicos dependen de servidores o PC dedicados para su activaci\u00f3n.<\/p>\n<p style='margin: 0 0 15px 0;'>Las PC pueden ser dif\u00edciles de mantener debido a las actualizaciones y problemas de seguridad.<\/p>\n<p style='margin: 0 0 15px 0;'>Ahora puede tener muchas de las funciones proporcionadas desde una PC sin la necesidad de tener una PC dedicada a activar su sistema de sirena.<\/p>\n<p style='margin: 0 0 15px 0;'>Adem\u00e1s&comma; las PC pueden ser un \u00fanico punto de falla dentro de su sistema de control de sirena.<\/p>\n<p style='margin: 0;'>El SS2000+ ahora puede conectarse a nuestro sistema de control CommanderOne y eliminar la necesidad de una PC dedicada para el control de la sirena.<\/p>\n<\/p><\/div>\n<\/p><\/div>\n<div style='display: flex; flex-direction: column; gap: 15px;'>\n<h4 style='font-size: 18px; margin: 0; font-weight: bold; color: inherit; opacity: 0.8;'> ACCEDER A TRAV\u00c9S DE URL <\/h4>\n<div style='font-size: 15px; color: inherit;'>\n<p style='margin: 0 0 15px 0;'>Las consolas de despacho ahora pueden acceder al SS2000+ desde un nuevo servidor web integrado que permite controlar y configurar el SS2000+ a trav\u00e9s de una LAN utilizando navegadores web est\u00e1ndar.<\/p>\n<p style='margin: 0;'>Esta interfaz puede proporcionar a los usuarios dentro de una red empresarial segura acceder a las teclas de acceso r\u00e1pido SS2000+ desde navegadores web est\u00e1ndar (Chrome&comma; Edge o Firefox) en la red de \u00e1rea local de la empresa.<\/p>\n<\/p><\/div>\n<\/p><\/div>\n<p> <img style='width: 100%; height: auto; border: 1px solid rgba(150&comma;150&comma;150&comma;0.3); border-radius: 8px;' src='https:\/\/www.fedsig.com\/sites\/default\/files\/products\/ACCESS%20VIA%20URL%20.jpg' alt='Acceso a trav\u00e9s de URL'> <\/p>\n<div style='display: flex; flex-direction: column; gap: 15px;'>\n<h4 style='font-size: 18px; margin: 0; font-weight: bold; color: inherit; opacity: 0.8;'> Web habilitar sirenas controladas por radio <\/h4>\n<div style='font-size: 15px; color: inherit;'>\n<p style='margin: 0 0 15px 0;'>El SS2000+ se puede utilizar como codificador para control de sirena unidireccional.<\/p>\n<p style='margin: 0 0 15px 0;'>Anteriormente&comma; el uso de un SS2000+ permit\u00eda la activaci\u00f3n solo desde las teclas de acceso r\u00e1pido del panel frontal&comma; las interfaces f\u00edsicas o desde una PC conectada.<\/p>\n<p style='margin: 0;'>El SS2000+ ahora proporciona activaci\u00f3n de sirena desde eventos\/pol\u00edgonos EAS CommanderOne NOAA&comma; desde una aplicaci\u00f3n m\u00f3vil o desde un navegador web a trav\u00e9s de Internet.<\/p>\n<\/p><\/div>\n<\/p><\/div>\n<p> <img style='width: 100%; height: auto; border: 1px solid rgba(150&comma;150&comma;150&comma;0.3); border-radius: 8px;' src='https:\/\/www.fedsig.com\/sites\/default\/files\/products\/Web%20Enable%20Radio%20Controlled%20Sirens.jpg' alt='Web habilitar sirenas controladas por radio'> <\/p>\n<div style='display: flex; flex-direction: column; gap: 15px;'>\n<h4 style='font-size: 18px; margin: 0; font-weight: bold; color: inherit; opacity: 0.8;'> Control MODBUS <\/h4>\n<div style='font-size: 15px; color: inherit;'>\n<p style='margin: 0 0 15px 0;'>El SS2000+ tiene una interfaz MODBUS para interactuar f\u00e1cilmente con sistemas de control industrial.<\/p>\n<p style='margin: 0 0 15px 0;'>MODBUS TCP se utiliza para proporcionar activaciones en un SS2000+ para anuncios de advertencia espec\u00edficos en una planta industrial.<\/p>\n<p style='margin: 0;'>Los usuarios pueden activar el sistema utilizando el SS2000+ o los sistemas de control industrial pueden activar las teclas de acceso r\u00e1pido.<\/p>\n<\/p><\/div>\n<\/p><\/div>\n<p> <img style='width: 100%; height: auto; border: 1px solid rgba(150&comma;150&comma;150&comma;0.3); border-radius: 8px;' src='https:\/\/www.fedsig.com\/sites\/default\/files\/products\/MODBUS%20Control%20%20.jpg' alt='Control MODBUS'> <\/p>\n<div style='display: flex; flex-direction: column; gap: 15px;'>\n<h3 style='font-size: 22px; margin: 0; padding-bottom: 5px; border-bottom: 2px solid currentColor; color: inherit; opacity: 0.8;'> ESPECIFICACIONES <\/h3>\n<div style='display: flex; flex-wrap: wrap; gap: 20px;'>\n<div style='flex: 1 1 250px; border: 1px solid rgba(150&comma; 150&comma; 150&comma; 0.4); border-radius: 8px; overflow: hidden; display: flex; flex-direction: column;'>\n<div style='padding: 15px; border-bottom: 1px solid rgba(150&comma; 150&comma; 150&comma; 0.2); font-weight: bold; font-size: 18px; color: inherit;'>Ambiente<\/div>\n<div style='padding: 15px; color: inherit;'>\n<ul style='padding-left: 20px; margin: 0; font-size: 14px; list-style-type: disc;'>\n<li style='margin-bottom: 5px;'><strong>Rango de operaci\u00f3n:<\/strong> 32\u00baF a 140\u00baF (0\u00ba a 60\u00baC)<\/li>\n<li style='margin-bottom: 5px;'><strong>Voltaje de entrada:<\/strong> 120\/240 VCA*<\/li>\n<li style='margin-bottom: 5px;'><strong>Voltaje de entrada de fuente de alimentaci\u00f3n:<\/strong> 12-30 VCC (m\u00ednimo 12 VCC)<\/li>\n<li style='margin-bottom: 5px;'><strong>Corriente de entrada:<\/strong> 300 mA (en espera 700 mA m\u00e1x.)<\/li>\n<li style='margin-bottom: 5px;'><strong>Distorsi\u00f3n:<\/strong> <3&comma;0%<\/li>\n<\/ul><\/div>\n<\/p><\/div>\n<div style='flex: 1 1 250px; border: 1px solid rgba(150&comma; 150&comma; 150&comma; 0.4); border-radius: 8px; overflow: hidden; display: flex; flex-direction: column;'>\n<div style='padding: 15px; border-bottom: 1px solid rgba(150&comma; 150&comma; 150&comma; 0.2); font-weight: bold; font-size: 18px; color: inherit;'>Conectividad<\/div>\n<div style='padding: 15px; color: inherit;'>\n<ul style='padding-left: 20px; margin: 0; font-size: 14px; list-style-type: disc;'>\n<li style='margin-bottom: 5px;'><strong>Ethernet:<\/strong> Puerto RJ-45&comma; TCP\/IP<\/li>\n<li style='margin-bottom: 5px;'><strong>Nivel de entrada:<\/strong> 10mV &#8211; 150mV por p\u00e1gina<\/li>\n<li style='margin-bottom: 5px;'><strong>Impedancia de entrada:<\/strong> 10k ohmios<\/li>\n<li style='margin-bottom: 5px;'><strong>Toma de entrada:<\/strong> XLR macho<\/li>\n<li style='margin-bottom: 5px;'><strong>Tipo:<\/strong> Din\u00e1mica<\/li>\n<\/ul><\/div>\n<\/p><\/div>\n<div style='flex: 1 1 250px; border: 1px solid rgba(150&comma; 150&comma; 150&comma; 0.4); border-radius: 8px; overflow: hidden; display: flex; flex-direction: column;'>\n<div style='padding: 15px; border-bottom: 1px solid rgba(150&comma; 150&comma; 150&comma; 0.2); font-weight: bold; font-size: 18px; color: inherit;'>Audio<\/div>\n<div style='padding: 15px; color: inherit;'>\n<ul style='padding-left: 20px; margin: 0; font-size: 14px; list-style-type: disc;'>\n<li style='margin-bottom: 5px;'><strong>Fuerza:<\/strong> 1 vatio<\/li>\n<li style='margin-bottom: 5px;'><strong>Impedancia:<\/strong> 8 ohmios<\/li>\n<li style='margin-bottom: 5px;'><strong>Salida de audio:<\/strong> Equilibrado 600 ohmios<\/li>\n<li style='margin-bottom: 5px;'><strong>Entrada de audio:<\/strong> Equilibrado 600 ohmios<\/li>\n<li style='margin-bottom: 5px;'><strong>Sensibilidad de decodificaci\u00f3n:<\/strong> < 8-10 dBc S\/N o 12 dBc SINAD<\/li>\n<\/ul><\/div>\n<\/p><\/div>\n<div style='flex: 1 1 250px; border: 1px solid rgba(150&comma; 150&comma; 150&comma; 0.4); border-radius: 8px; overflow: hidden; display: flex; flex-direction: column;'>\n<div style='padding: 15px; border-bottom: 1px solid rgba(150&comma; 150&comma; 150&comma; 0.2); font-weight: bold; font-size: 18px; color: inherit;'>F\u00edsico<\/div>\n<div style='padding: 15px; color: inherit;'>\n<ul style='padding-left: 20px; margin: 0; font-size: 14px; list-style-type: disc;'>\n<li style='margin-bottom: 5px;'><strong>Salidas de rel\u00e9:<\/strong> 2A a 30 VCC \/ 0&comma;5 a 120 VCA<\/li>\n<li style='margin-bottom: 5px;'><strong>Montaje en escritorio:<\/strong> 3&comma;59&#8242; x 11&comma;59&#8242; x 9&comma;53&#8242; \/ 91&comma;8 mm x 294&comma;4 mm x 242&comma;1 mm<\/li>\n<li style='margin-bottom: 5px;'><strong>Montaje en bastidor 3U:<\/strong> 5&comma;19&#8242; x 19&#8242; x 10&comma;10&#8242; \/ 131&comma;8 mm x 482&comma;6 mm x 256&comma;5 mm<\/li>\n<li style='margin-bottom: 5px;'><strong>Peso de env\u00edo (montaje en escritorio):<\/strong> 6 libras \/ 3 kg<\/li>\n<li style='margin-bottom: 5px;'><strong>Peso de env\u00edo (montaje en bastidor):<\/strong> 8 libras \/ 4 kg<\/li>\n<\/ul><\/div>\n<\/p><\/div>\n<\/p><\/div>\n<\/p><\/div>\n<\/p><\/div>\n<\/p><\/div>\n","protected":false},"excerpt":{"rendered":"<p>Punto de activaci\u00f3n de hardware local SS2000+ Serie C para Sistemas de Notificaci\u00f3n Masiva<\/p>\n","protected":false},"featured_media":32,"comment_status":"open","ping_status":"closed","template":"","meta":[],"product_brand":[],"product_cat":[1413],"product_tag":[1415,552,1414],"class_list":{"0":"post-54641","1":"product","2":"type-product","3":"status-publish","4":"has-post-thumbnail","6":"product_cat-bocinas-de-alerta-y-notificacion-masiva","7":"product_tag-bocinas-de-alerta-y-notificacion-masiva","8":"product_tag-federal-signal-industrial","9":"product_tag-luces-bocinas-para-la-industria-y-edificios","11":"first","12":"outofstock","13":"sale","14":"shipping-taxable","15":"purchasable","16":"product-type-simple"},"_links":{"self":[{"href":"https:\/\/soydeaqui.ddns.net\/pachuca\/index.php\/wp-json\/wp\/v2\/product\/54641","targetHints":{"allow":["GET"]}}],"collection":[{"href":"https:\/\/soydeaqui.ddns.net\/pachuca\/index.php\/wp-json\/wp\/v2\/product"}],"about":[{"href":"https:\/\/soydeaqui.ddns.net\/pachuca\/index.php\/wp-json\/wp\/v2\/types\/product"}],"replies":[{"embeddable":true,"href":"https:\/\/soydeaqui.ddns.net\/pachuca\/index.php\/wp-json\/wp\/v2\/comments?post=54641"}],"wp:featuredmedia":[{"embeddable":true,"href":"https:\/\/soydeaqui.ddns.net\/pachuca\/index.php\/wp-json\/wp\/v2\/media\/32"}],"wp:attachment":[{"href":"https:\/\/soydeaqui.ddns.net\/pachuca\/index.php\/wp-json\/wp\/v2\/media?parent=54641"}],"wp:term":[{"taxonomy":"product_brand","embeddable":true,"href":"https:\/\/soydeaqui.ddns.net\/pachuca\/index.php\/wp-json\/wp\/v2\/product_brand?post=54641"},{"taxonomy":"product_cat","embeddable":true,"href":"https:\/\/soydeaqui.ddns.net\/pachuca\/index.php\/wp-json\/wp\/v2\/product_cat?post=54641"},{"taxonomy":"product_tag","embeddable":true,"href":"https:\/\/soydeaqui.ddns.net\/pachuca\/index.php\/wp-json\/wp\/v2\/product_tag?post=54641"}],"curies":[{"name":"wp","href":"https:\/\/api.w.org\/{rel}","templated":true}]}}