{"id":54623,"date":"2026-03-19T02:26:41","date_gmt":"2026-03-19T02:26:41","guid":{"rendered":"https:\/\/soydeaqui.ddns.net\/pachuca\/index.php\/producto\/rastreador-localizador-avanzado-conexion-por-obd-ble-5-0-ltm-cat4-lectura-de-obd-can-y-lcv\/"},"modified":"2026-03-19T02:26:42","modified_gmt":"2026-03-19T02:26:42","slug":"rastreador-localizador-avanzado-conexion-por-obd-ble-5-0-ltm-cat4-lectura-de-obd-can-y-lcv","status":"publish","type":"product","link":"https:\/\/soydeaqui.ddns.net\/pachuca\/index.php\/producto\/rastreador-localizador-avanzado-conexion-por-obd-ble-5-0-ltm-cat4-lectura-de-obd-can-y-lcv\/","title":{"rendered":"Rastreador localizador avanzado \/ Conexion por OBD\/ BLE 5.0 \/ LTM CAT4\/ lectura de OBD, CAN y LCV"},"content":{"rendered":"<div style='width: 100%; max-width: 1200px; margin: 0 auto; font-family: sans-serif; line-height: 1.6; color: inherit; background-color: transparent;'> <!-- Contenedor principal con estilo responsive --> <\/p>\n<div style='display: flex; flex-direction: column; gap: 30px;'> <!-- Secci\u00f3n de informaci\u00f3n principal --> <\/p>\n<div style='background-color: rgba(150&comma; 150&comma; 150&comma; 0.05); border: 1px solid rgba(150&comma; 150&comma; 150&comma; 0.3); border-radius: 8px; padding: 20px;'> <img style='width: 100%; height: auto; border: 1px solid rgba(150&comma;150&comma;150&comma;0.3); border-radius: 8px;' src='https:\/\/www.ruptela.mx\/wp-content\/uploads\/2023\/11\/Plug5-NA-BT_be-fono-550x430.png' alt='Equipo PLUG5 de Ruptela'> <\/p>\n<h1 style='font-size: 28px; margin-top: 20px; margin-bottom: 15px; color: inherit; text-align: center;'>Equipo PLUG5 de Ruptela<\/h1>\n<p style='font-size: 15px; line-height: 1.6; color: inherit; text-align: justify;'>El equipo PLUG5 de Ruptela est\u00e1 compuesto por expertos en tecnolog\u00eda de IoT (Internet of Things)&comma; dedicados al desarrollo de soluciones inteligentes para la gesti\u00f3n de flotas y la optimizaci\u00f3n de recursos. Con una amplia experiencia en el sector&comma; PLUG5 trabaja para ofrecer productos innovadores que mejoran la eficiencia operativa de las empresas.<\/p>\n<\/p><\/div>\n<p> <!-- Secci\u00f3n de servicios ofrecidos --> <\/p>\n<div style='background-color: rgba(150&comma; 150&comma; 150&comma; 0.05); border: 1px solid rgba(150&comma;150&comma;150&comma;0.3); border-radius: 8px; padding: 20px;'>\n<h2 style='font-size: 22px; margin-top: 0; margin-bottom: 15px; color: inherit; border-bottom: 2px solid currentColor; padding-bottom: 5px; opacity: 0.8;'>Servicios Ofrecidos<\/h2>\n<ul style='padding-left: 20px; font-size: 15px; color: inherit; list-style-type: disc;'>\n<li style='margin-bottom: 8px;'>Gesti\u00f3n de flotas en tiempo real<\/li>\n<li style='margin-bottom: 8px;'>Optimizaci\u00f3n de rutas<\/li>\n<li style='margin-bottom: 8px;'>Monitoreo de veh\u00edculos con tecnolog\u00eda IoT<\/li>\n<li style='margin-bottom: 8px;'>Soporte t\u00e9cnico especializado<\/li>\n<li style='margin-bottom: 8px;'>Integraci\u00f3n de soluciones de transporte<\/li>\n<\/ul><\/div>\n<p> <!-- Secci\u00f3n de beneficios para los clientes --> <\/p>\n<div style='background-color: rgba(150&comma; 150&comma; 150&comma; 0.05); border: 1px solid rgba(150&comma;150&comma;150&comma;0.3); border-radius: 8px; padding: 20px;'>\n<h2 style='font-size: 22px; margin-top: 0; margin-bottom: 15px; color: inherit; border-bottom: 2px solid currentColor; padding-bottom: 5px; opacity: 0.8;'>Beneficios para los Clientes<\/h2>\n<p style='font-size: 15px; line-height: 1.6; color: inherit; text-align: justify;'>Al elegir los servicios del equipo PLUG5&comma; los clientes pueden esperar mejoras significativas en la eficiencia operativa&comma; reducci\u00f3n de costos&comma; y mayor seguridad en el manejo de sus activos. Nuestro enfoque centrado en la innovaci\u00f3n garantiza que los clientes obtengan tecnolog\u00eda avanzada adaptada a sus necesidades espec\u00edficas.<\/p>\n<\/p><\/div>\n<p> <!-- Secci\u00f3n de especificaciones t\u00e9cnicas --> <\/p>\n<div style='background-color: rgba(150&comma; 150&comma; 150&comma; 0.05); border: 1px solid rgba(150&comma;150&comma;150&comma;0.3); border-radius: 8px; overflow: hidden;'>\n<div style='padding: 15px; background-color: rgba(13&comma; 59&comma; 102&comma; 0.9); color: inherit; font-weight: bold; font-size: 18px; text-align: center;'> Ruptela Plug5: Rastreador GPS Plug &#038; Play <\/div>\n<div style='display: grid; grid-template-columns: repeat(auto-fill&comma; minmax(250px&comma; 1fr)); gap: 1px; background-color: rgba(150&comma;150&comma;150&comma;0.3);'>\n<div style='background-color: rgba(150&comma;150&comma;150&comma;0.05); padding: 12px; display: flex; flex-direction: column;'>\n<div style='font-weight: bold; color: inherit; margin-bottom: 5px;'>Conectividad<\/div>\n<div style='color: inherit;'>LTE CAT4 y LTE-M con retroceso a 2G<\/div>\n<\/p><\/div>\n<div style='background-color: rgba(150&comma;150&comma;150&comma;0.05); padding: 12px; display: flex; flex-direction: column;'>\n<div style='font-weight: bold; color: inherit; margin-bottom: 5px;'>Aceler\u00f3metro<\/div>\n<div style='color: inherit;'>3 ejes<\/div>\n<\/p><\/div>\n<div style='background-color: rgba(150&comma;150&comma;150&comma;0.05); padding: 12px; display: flex; flex-direction: column;'>\n<div style='font-weight: bold; color: inherit; margin-bottom: 5px;'>Bluetooth<\/div>\n<div style='color: inherit;'>BLE 5.1<\/div>\n<\/p><\/div>\n<div style='background-color: rgba(150&comma;150&comma;150&comma;0.05); padding: 12px; display: flex; flex-direction: column;'>\n<div style='font-weight: bold; color: inherit; margin-bottom: 5px;'>Interfaces de veh\u00edculo<\/div>\n<div style='color: inherit;'>CAN (FMS&comma; J1708&comma; J1939)&comma; OBDII&comma; lectura de datos DTC<\/div>\n<\/p><\/div>\n<div style='background-color: rgba(150&comma;150&comma;150&comma;0.05); padding: 12px; display: flex; flex-direction: column;'>\n<div style='font-weight: bold; color: inherit; margin-bottom: 5px;'>Bater\u00eda interna<\/div>\n<div style='color: inherit;'>S\u00ed<\/div>\n<\/p><\/div>\n<div style='background-color: rgba(150&comma;150&comma;150&comma;0.05); padding: 12px; display: flex; flex-direction: column;'>\n<div style='font-weight: bold; color: inherit; margin-bottom: 5px;'>Instalaci\u00f3n<\/div>\n<div style='color: inherit;'>Plug &#038; Play<\/div>\n<\/p><\/div>\n<div style='background-color: rgba(150&comma;150&comma;150&comma;0.05); padding: 12px; display: flex; flex-direction: column;'>\n<div style='font-weight: bold; color: inherit; margin-bottom: 5px;'>M\u00f3dulo GNSS<\/div>\n<div style='color: inherit;'>U-blox<\/div>\n<\/p><\/div>\n<div style='background-color: rgba(150&comma;150&comma;150&comma;0.05); padding: 12px; display: flex; flex-direction: column;'>\n<div style='font-weight: bold; color: inherit; margin-bottom: 5px;'>Fuente de alimentaci\u00f3n<\/div>\n<div style='color: inherit;'>9-30V DC<\/div>\n<\/p><\/div>\n<div style='background-color: rgba(150&comma;150&comma;150&comma;0.05); padding: 12px; display: flex; flex-direction: column;'>\n<div style='font-weight: bold; color: inherit; margin-bottom: 5px;'>Memoria interna<\/div>\n<div style='color: inherit;'>16 MB<\/div>\n<\/p><\/div>\n<div style='background-color: rgba(150&comma;150&comma;150&comma;0.05); padding: 12px; display: flex; flex-direction: column;'>\n<div style='font-weight: bold; color: inherit; margin-bottom: 5px;'>Detecci\u00f3n de interferencias<\/div>\n<div style='color: inherit;'>S\u00ed<\/div>\n<\/p><\/div>\n<div style='background-color: rgba(150&comma;150&comma;150&comma;0.05); padding: 12px; display: flex; flex-direction: column;'>\n<div style='font-weight: bold; color: inherit; margin-bottom: 5px;'>Antenas GNSS<\/div>\n<div style='color: inherit;'>Internas<\/div>\n<\/p><\/div>\n<div style='background-color: rgba(150&comma;150&comma;150&comma;0.05); padding: 12px; display: flex; flex-direction: column;'>\n<div style='font-weight: bold; color: inherit; margin-bottom: 5px;'>Punto de acceso Wi-Fi<\/div>\n<div style='color: inherit;'>Solo en versi\u00f3n CAT4<\/div>\n<\/p><\/div>\n<div style='background-color: rgba(150&comma;150&comma;150&comma;0.05); padding: 12px; display: flex; flex-direction: column;'>\n<div style='font-weight: bold; color: inherit; margin-bottom: 5px;'>Lectura de datos del veh\u00edculo<\/div>\n<div style='color: inherit;'>Datos patentados<\/div>\n<\/p><\/div>\n<div style='background-color: rgba(150&comma;150&comma;150&comma;0.05); padding: 12px; display: flex; flex-direction: column;'>\n<div style='font-weight: bold; color: inherit; margin-bottom: 5px;'>Algoritmos de detecci\u00f3n de ignici\u00f3n<\/div>\n<div style='color: inherit;'>Avanzados<\/div>\n<\/p><\/div>\n<div style='background-color: rgba(150&comma;150&comma;150&comma;0.05); padding: 12px; display: flex; flex-direction: column;'>\n<div style='font-weight: bold; color: inherit; margin-bottom: 5px;'>Configuraci\u00f3n de firmware<\/div>\n<div style='color: inherit;'>SMS\/GPRS (FOTA)\/USB<\/div>\n<\/p><\/div>\n<div style='background-color: rgba(150&comma;150&comma;150&comma;0.05); padding: 12px; display: flex; flex-direction: column;'>\n<div style='font-weight: bold; color: inherit; margin-bottom: 5px;'>Detecci\u00f3n y configuraci\u00f3n autom\u00e1tica del veh\u00edculo<\/div>\n<div style='color: inherit;'>S\u00ed<\/div>\n<\/p><\/div>\n<div style='background-color: rgba(150&comma;150&comma;150&comma;0.05); padding: 12px; display: flex; flex-direction: column;'>\n<div style='font-weight: bold; color: inherit; margin-bottom: 5px;'>Temperatura de funcionamiento<\/div>\n<div style='color: inherit;'>-20\u00b0C a +60\u00b0C<\/div>\n<\/p><\/div>\n<\/p><\/div>\n<\/p><\/div>\n<\/p><\/div>\n<\/p><\/div>\n","protected":false},"excerpt":{"rendered":"<p>Rastreador localizador avanzado \/ Conexion por OBD\/ BLE 5.0 \/ LTM CAT4\/ lectura de OBD, CAN y LCV<\/p>\n","protected":false},"featured_media":54622,"comment_status":"open","ping_status":"closed","template":"","meta":[],"product_brand":[],"product_cat":[1346,1388],"product_tag":[1350,1349,1351,1389],"class_list":{"0":"post-54623","1":"product","2":"type-product","3":"status-publish","4":"has-post-thumbnail","6":"product_cat-iot","7":"product_cat-trackers-gps","8":"product_tag-gps-y-telematica","9":"product_tag-iot","10":"product_tag-ruptela","11":"product_tag-trackers-gps","13":"first","14":"outofstock","15":"sale","16":"shipping-taxable","17":"purchasable","18":"product-type-simple"},"_links":{"self":[{"href":"https:\/\/soydeaqui.ddns.net\/pachuca\/index.php\/wp-json\/wp\/v2\/product\/54623","targetHints":{"allow":["GET"]}}],"collection":[{"href":"https:\/\/soydeaqui.ddns.net\/pachuca\/index.php\/wp-json\/wp\/v2\/product"}],"about":[{"href":"https:\/\/soydeaqui.ddns.net\/pachuca\/index.php\/wp-json\/wp\/v2\/types\/product"}],"replies":[{"embeddable":true,"href":"https:\/\/soydeaqui.ddns.net\/pachuca\/index.php\/wp-json\/wp\/v2\/comments?post=54623"}],"wp:featuredmedia":[{"embeddable":true,"href":"https:\/\/soydeaqui.ddns.net\/pachuca\/index.php\/wp-json\/wp\/v2\/media\/54622"}],"wp:attachment":[{"href":"https:\/\/soydeaqui.ddns.net\/pachuca\/index.php\/wp-json\/wp\/v2\/media?parent=54623"}],"wp:term":[{"taxonomy":"product_brand","embeddable":true,"href":"https:\/\/soydeaqui.ddns.net\/pachuca\/index.php\/wp-json\/wp\/v2\/product_brand?post=54623"},{"taxonomy":"product_cat","embeddable":true,"href":"https:\/\/soydeaqui.ddns.net\/pachuca\/index.php\/wp-json\/wp\/v2\/product_cat?post=54623"},{"taxonomy":"product_tag","embeddable":true,"href":"https:\/\/soydeaqui.ddns.net\/pachuca\/index.php\/wp-json\/wp\/v2\/product_tag?post=54623"}],"curies":[{"name":"wp","href":"https:\/\/api.w.org\/{rel}","templated":true}]}}