{"id":54590,"date":"2026-03-19T02:25:45","date_gmt":"2026-03-19T02:25:45","guid":{"rendered":"https:\/\/soydeaqui.ddns.net\/pachuca\/index.php\/producto\/kit-gps-localizador-para-vehiculos-4g-lte-cat1-con-fallback-a-2g-apagado-y-encendido-remoto-sistema-de-proteccion-de-baterias-ip66-incluye-epcomgpscode-y-sim500mb2y\/"},"modified":"2026-03-19T02:25:46","modified_gmt":"2026-03-19T02:25:46","slug":"kit-gps-localizador-para-vehiculos-4g-lte-cat1-con-fallback-a-2g-apagado-y-encendido-remoto-sistema-de-proteccion-de-baterias-ip66-incluye-epcomgpscode-y-sim500mb2y","status":"publish","type":"product","link":"https:\/\/soydeaqui.ddns.net\/pachuca\/index.php\/producto\/kit-gps-localizador-para-vehiculos-4g-lte-cat1-con-fallback-a-2g-apagado-y-encendido-remoto-sistema-de-proteccion-de-baterias-ip66-incluye-epcomgpscode-y-sim500mb2y\/","title":{"rendered":"KIT GPS \/ Localizador para Vehiculos \/ 4G LTE CAT1 con Fallback a 2G\/ Apagado y encendido remoto \/ Sistema de protecci\u00f3n de baterias \/ IP66 \/ Incluye: EPCOMGPSCODE y SIM500MB2Y"},"content":{"rendered":"<div style='width: 100%; max-width: 1200px; margin: 0 auto; font-family: sans-serif; line-height: 1.6; color: inherit; background-color: transparent;'>\n<div style='width: 100%; margin-bottom: 30px;'> <img style='width: 100%; height: auto; border: 1px solid rgba(150&comma;150&comma;150&comma;0.3); border-radius: 8px;' src='https:\/\/ftp3.syscom.mx\/usuarios\/fotos\/VL103\/222045-vl103m.png' alt=''> <\/div>\n<div style='margin-bottom: 30px;'>\n<h2 style='font-size: 24px; margin-top: 0; margin-bottom: 15px; color: inherit; opacity: 0.9;'>Rastreador vehicular compacto y de gran tecnologia<\/h2>\n<p style='font-size: 15px; color: inherit; text-align: justify;'> Con un tama\u00f1o compacto&comma; pero equipado con m\u00faltiples funciones&comma; el VL103M es un potente rastreador dise\u00f1ado para aplicaciones de flotas industriales y comerciales&comma; desde agencias de alquiler y transporte p\u00fablico hasta transporte de carga&comma; y mucho m\u00e1s. El dispositivo tambi\u00e9n cuenta con un timbre\/alarma externa que facilita la localizaci\u00f3n de su veh\u00edculo en caso de que no pueda encontrarlo&comma; lo que aumenta a\u00fan m\u00e1s la seguridad de su flota. Adem\u00e1s&comma; la escucha remota y el conjunto de alertas activadas por eventos convertir\u00e1n al VL103M en una parte valiosa de su estrategia de gesti\u00f3n de flotas. <\/p>\n<\/p><\/div>\n<div style='margin-bottom: 30px;'>\n<div style='padding: 15px; border-left: 4px solid #007bff; background-color: rgba(0&comma; 123&comma; 255&comma; 0.1); margin-bottom: 15px;'>\n<p style='margin: 0; font-size: 15px; color: inherit;'> <strong>Nota:<\/strong> Se configura v\u00eda mensajes de texto (SMS) <\/p>\n<\/p><\/div>\n<div style='padding: 15px; border-left: 4px solid #dc3545; background-color: rgba(220&comma; 53&comma; 69&comma; 0.1); margin-bottom: 15px;'>\n<p style='margin: 0; font-size: 15px; color: inherit;'> <strong>NOTA:<\/strong> Para productos Concox no se recomienda el SIM30M2M&comma; MICSIM30M2M <\/p>\n<\/p><\/div>\n<div style='padding: 15px; border-left: 4px solid #28a745; background-color: rgba(40&comma; 167&comma; 69&comma; 0.1); margin-bottom: 15px;'>\n<p style='margin: 0; font-size: 15px; color: inherit;'> <strong>\u00a1Recomendado tambi\u00e9n para Motocicletas!<\/strong> <\/p>\n<\/p><\/div>\n<\/p><\/div>\n<div style='margin-bottom: 30px;'>\n<h3 style='font-size: 20px; border-bottom: 2px solid currentColor; padding-bottom: 5px; margin-top: 0; color: inherit; opacity: 0.8;'>Incluye<\/h3>\n<ul style='padding-left: 20px; font-size: 15px; color: inherit;'>\n<li style='margin-bottom: 5px;'>Bot\u00f3n de p\u00e1nico<\/li>\n<li style='margin-bottom: 5px;'>Relay<\/li>\n<li style='margin-bottom: 5px;'>Micr\u00f3fono<\/li>\n<li style='margin-bottom: 5px;'>Cable de alimentaci\u00f3n<\/li>\n<\/ul><\/div>\n<div style='margin-bottom: 30px;'>\n<div style='padding: 15px; border: 1px solid rgba(150&comma; 150&comma; 150&comma; 0.3); border-radius: 8px; background-color: rgba(0&comma; 0&comma; 0&comma; 0.03);'>\n<p style='margin: 0; font-size: 15px; color: inherit;'> <a href='https:\/\/www.syscom.mx\/producto\/EXPERTGPS-SYSCOM-75217.html' style='color: #007bff; text-decoration: none; font-weight: bold;'> \u00bfQuieres certificarte en dispositivos Concox? (Dar clic aqu\u00ed) <\/a> <\/p>\n<\/p><\/div>\n<\/p><\/div>\n<div style='display: flex; flex-wrap: wrap; gap: 20px; margin-bottom: 30px;'>\n<div style='flex: 1 1 250px; min-width: 250px; border: 1px solid rgba(150&comma; 150&comma; 150&comma; 0.4); border-radius: 8px; overflow: hidden; display: flex; flex-direction: column;'>\n<div style='padding: 15px; border-bottom: 1px solid rgba(150&comma; 150&comma; 150&comma; 0.2); font-weight: bold; font-size: 16px; color: inherit; background-color: rgba(0&comma; 0&comma; 0&comma; 0.03);'>Red LTE y GSM<\/div>\n<div style='padding: 15px; color: inherit; flex-grow: 1;'>\n<p style='margin: 0; font-size: 14px;'>Comunicaci\u00f3n a trav\u00e9s de redes 4G LTE con respaldo GSM 2G.<\/p>\n<\/p><\/div>\n<\/p><\/div>\n<div style='flex: 1 1 250px; min-width: 250px; border: 1px solid rgba(150&comma; 150&comma; 150&comma; 0.4); border-radius: 8px; overflow: hidden; display: flex; flex-direction: column;'>\n<div style='padding: 15px; border-bottom: 1px solid rgba(150&comma; 150&comma; 150&comma; 0.2); font-weight: bold; font-size: 16px; color: inherit; background-color: rgba(0&comma; 0&comma; 0&comma; 0.03);'>Entrada\/Salida Configurable<\/div>\n<div style='padding: 15px; color: inherit; flex-grow: 1;'>\n<p style='margin: 0; font-size: 14px;'>Configurado por defecto para monitorear el estado del bot\u00f3n de alarma&comma; tambi\u00e9n configurable como una salida digital adicional.<\/p>\n<\/p><\/div>\n<\/p><\/div>\n<div style='flex: 1 1 250px; min-width: 250px; border: 1px solid rgba(150&comma; 150&comma; 150&comma; 0.4); border-radius: 8px; overflow: hidden; display: flex; flex-direction: column;'>\n<div style='padding: 15px; border-bottom: 1px solid rgba(150&comma; 150&comma; 150&comma; 0.2); font-weight: bold; font-size: 16px; color: inherit; background-color: rgba(0&comma; 0&comma; 0&comma; 0.03);'>Protecci\u00f3n de la Bater\u00eda del Autom\u00f3vil<\/div>\n<div style='padding: 15px; color: inherit; flex-grow: 1;'>\n<p style='margin: 0; font-size: 14px;'>Detiene autom\u00e1ticamente el consumo de energ\u00eda de la bater\u00eda del autom\u00f3vil cuando se acerca al umbral.<\/p>\n<\/p><\/div>\n<\/p><\/div>\n<div style='flex: 1 1 250px; min-width: 250px; border: 1px solid rgba(150&comma; 150&comma; 150&comma; 0.4); border-radius: 8px; overflow: hidden; display: flex; flex-direction: column;'>\n<div style='padding: 15px; border-bottom: 1px solid rgba(150&comma; 150&comma; 150&comma; 0.2); font-weight: bold; font-size: 16px; color: inherit; background-color: rgba(0&comma; 0&comma; 0&comma; 0.03);'>Resistencia al Polvo y al Agua IP66<\/div>\n<div style='padding: 15px; color: inherit; flex-grow: 1;'>\n<p style='margin: 0; font-size: 14px;'>Su dise\u00f1o resistente asegura un rendimiento \u00f3ptimo continuo&comma; incluso en las condiciones m\u00e1s adversas.<\/p>\n<\/p><\/div>\n<\/p><\/div>\n<div style='flex: 1 1 250px; min-width: 250px; border: 1px solid rgba(150&comma; 150&comma; 150&comma; 0.4); border-radius: 8px; overflow: hidden; display: flex; flex-direction: column;'>\n<div style='padding: 15px; border-bottom: 1px solid rgba(150&comma; 150&comma; 150&comma; 0.2); font-weight: bold; font-size: 16px; color: inherit; background-color: rgba(0&comma; 0&comma; 0&comma; 0.03);'>An\u00e1lisis del Comportamiento de Conducci\u00f3n (B\u00e1sico)<\/div>\n<div style='padding: 15px; color: inherit; flex-grow: 1;'>\n<p style='margin: 0; font-size: 14px;'>Recibe alertas cuando se detecta cualquiera de los 4 tipos de comportamientos peligrosos al conducir.<\/p>\n<\/p><\/div>\n<\/p><\/div>\n<\/p><\/div>\n<div style='margin-bottom: 30px;'>\n<h3 style='font-size: 20px; border-bottom: 2px solid currentColor; padding-bottom: 5px; margin-top: 0; color: inherit; opacity: 0.8;'>Especificaciones T\u00e9cnicas<\/h3>\n<div style='display: flex; flex-wrap: wrap; gap: 20px; margin-bottom: 20px;'>\n<div style='flex: 1 1 300px; min-width: 250px;'>\n<div style='padding: 12px; background-color: rgba(0&comma; 0&comma; 0&comma; 0.03); border: 1px solid rgba(150&comma; 150&comma; 150&comma; 0.2); border-radius: 6px; margin-bottom: 10px;'> <strong style='color: inherit; font-size: 15px;'>GNSS<\/strong> <\/div>\n<div style='display: flex; flex-direction: column; border: 1px solid rgba(150&comma; 150&comma; 150&comma; 0.3); border-radius: 6px;'>\n<div style='display: flex; flex-wrap: wrap; border-bottom: 1px solid rgba(150&comma; 150&comma; 150&comma; 0.3);'>\n<div style='flex: 1 1 30%; padding: 10px; border-right: 1px solid rgba(150&comma; 150&comma; 150&comma; 0.3); font-size: 14px; color: inherit; background-color: rgba(0&comma; 0&comma; 0&comma; 0.02);'>Sistema de posicionamiento<\/div>\n<div style='flex: 1 1 70%; padding: 10px; font-size: 14px; color: inherit;'>GPS+BDS+LBS<\/div>\n<\/p><\/div>\n<div style='display: flex; flex-wrap: wrap; border-bottom: 1px solid rgba(150&comma; 150&comma; 150&comma; 0.3);'>\n<div style='flex: 1 1 30%; padding: 10px; border-right: 1px solid rgba(150&comma; 150&comma; 150&comma; 0.3); font-size: 14px; color: inherit; background-color: rgba(0&comma; 0&comma; 0&comma; 0.02);'>Precisi\u00f3n de posicionamiento<\/div>\n<div style='flex: 1 1 70%; padding: 10px; font-size: 14px; color: inherit;'>\u00ef\u00bc\u01532.5m CEP<\/div>\n<\/p><\/div>\n<div style='display: flex; flex-wrap: wrap; border-bottom: 1px solid rgba(150&comma; 150&comma; 150&comma; 0.3);'>\n<div style='flex: 1 1 30%; padding: 10px; border-right: 1px solid rgba(150&comma; 150&comma; 150&comma; 0.3); font-size: 14px; color: inherit; background-color: rgba(0&comma; 0&comma; 0&comma; 0.02);'>Sensibilidad de seguimiento<\/div>\n<div style='flex: 1 1 70%; padding: 10px; font-size: 14px; color: inherit;'>-165dBm<\/div>\n<\/p><\/div>\n<div style='display: flex; flex-wrap: wrap; border-bottom: 1px solid rgba(150&comma; 150&comma; 150&comma; 0.3);'>\n<div style='flex: 1 1 30%; padding: 10px; border-right: 1px solid rgba(150&comma; 150&comma; 150&comma; 0.3); font-size: 14px; color: inherit; background-color: rgba(0&comma; 0&comma; 0&comma; 0.02);'>Sensibilidad de adquisici\u00f3n<\/div>\n<div style='flex: 1 1 70%; padding: 10px; font-size: 14px; color: inherit;'>-148dBm<\/div>\n<\/p><\/div>\n<div style='display: flex; flex-wrap: wrap;'>\n<div style='flex: 1 1 30%; padding: 10px; border-right: 1px solid rgba(150&comma; 150&comma; 150&comma; 0.3); font-size: 14px; color: inherit; background-color: rgba(0&comma; 0&comma; 0&comma; 0.02);'>TTFF (cielo abierto)<\/div>\n<div style='flex: 1 1 70%; padding: 10px; font-size: 14px; color: inherit;'>\n<p style='margin: 0 0 5px 0; font-size: 14px; color: inherit;'>Inicio en caliente promedio \u22641 segundo<\/p>\n<p style='margin: 0; font-size: 14px; color: inherit;'>Inicio en fr\u00edo promedio \u226432 segundos<\/p>\n<\/p><\/div>\n<\/p><\/div>\n<\/p><\/div>\n<\/p><\/div>\n<div style='flex: 1 1 300px; min-width: 250px;'>\n<div style='padding: 12px; background-color: rgba(0&comma; 0&comma; 0&comma; 0.03); border: 1px solid rgba(150&comma; 150&comma; 150&comma; 0.2); border-radius: 6px; margin-bottom: 10px;'> <strong style='color: inherit; font-size: 15px;'>Red Celular<\/strong> <\/div>\n<div style='display: flex; flex-direction: column; border: 1px solid rgba(150&comma; 150&comma; 150&comma; 0.3); border-radius: 6px;'>\n<div style='display: flex; flex-wrap: wrap; border-bottom: 1px solid rgba(150&comma; 150&comma; 150&comma; 0.3);'>\n<div style='flex: 1 1 30%; padding: 10px; border-right: 1px solid rgba(150&comma; 150&comma; 150&comma; 0.3); font-size: 14px; color: inherit; background-color: rgba(0&comma; 0&comma; 0&comma; 0.02);'>Red de comunicaci\u00f3n<\/div>\n<div style='flex: 1 1 70%; padding: 10px; font-size: 14px; color: inherit;'>LTE Cat 1\/GSM<\/div>\n<\/p><\/div>\n<div style='display: flex; flex-wrap: wrap;'>\n<div style='flex: 1 1 30%; padding: 10px; border-right: 1px solid rgba(150&comma; 150&comma; 150&comma; 0.3); font-size: 14px; color: inherit; background-color: rgba(0&comma; 0&comma; 0&comma; 0.02);'>Frecuencia<\/div>\n<div style='flex: 1 1 70%; padding: 10px; font-size: 14px; color: inherit;'>\n<p style='margin: 0 0 5px 0; font-size: 14px; color: inherit;'>VL103D (L)<\/p>\n<p style='margin: 0 0 5px 0; font-size: 14px; color: inherit;'>LTE-FDD: B1\/B2\/B3\/B4\/B5\/B7\/B8\/B28<\/p>\n<p style='margin: 0 0 5px 0; font-size: 14px; color: inherit;'>GSM: B2\/B3\/B5\/B8<\/p>\n<p style='margin: 0 0 5px 0; font-size: 14px; color: inherit;'>VL103D (E)<\/p>\n<p style='margin: 0 0 5px 0; font-size: 14px; color: inherit;'>LTE-FDD: B1\/B3\/B7\/B8\/B20\/B28<\/p>\n<p style='margin: 0; font-size: 14px; color: inherit;'>LTE-TDD: B34\/B38\/B39\/B40\/B41<\/p>\n<\/p><\/div>\n<\/p><\/div>\n<\/p><\/div>\n<\/p><\/div>\n<div style='flex: 1 1 300px; min-width: 250px;'>\n<div style='padding: 12px; background-color: rgba(0&comma; 0&comma; 0&comma; 0.03); border: 1px solid rgba(150&comma; 150&comma; 150&comma; 0.2); border-radius: 6px; margin-bottom: 10px;'> <strong style='color: inherit; font-size: 15px;'>Alimentaci\u00f3n<\/strong> <\/div>\n<div style='display: flex; flex-direction: column; border: 1px solid rgba(150&comma; 150&comma; 150&comma; 0.3); border-radius: 6px;'>\n<div style='display: flex; flex-wrap: wrap; border-bottom: 1px solid rgba(150&comma; 150&comma; 150&comma; 0.3);'>\n<div style='flex: 1 1 30%; padding: 10px; border-right: 1px solid rgba(150&comma; 150&comma; 150&comma; 0.3); font-size: 14px; color: inherit; background-color: rgba(0&comma; 0&comma; 0&comma; 0.02);'>Bater\u00eda<\/div>\n<div style='flex: 1 1 70%; padding: 10px; font-size: 14px; color: inherit;'>Bater\u00eda de pol\u00edmero de litio industrial de 270 mAh\/3.7V<\/div>\n<\/p><\/div>\n<div style='display: flex; flex-wrap: wrap;'>\n<div style='flex: 1 1 30%; padding: 10px; border-right: 1px solid rgba(150&comma; 150&comma; 150&comma; 0.3); font-size: 14px; color: inherit; background-color: rgba(0&comma; 0&comma; 0&comma; 0.02);'>Voltaje de entrada<\/div>\n<div style='flex: 1 1 70%; padding: 10px; font-size: 14px; color: inherit;'>9-90VDC<\/div>\n<\/p><\/div>\n<\/p><\/div>\n<\/p><\/div>\n<div style='flex: 1 1 300px; min-width: 250px;'>\n<div style='padding: 12px; background-color: rgba(0&comma; 0&comma; 0&comma; 0.03); border: 1px solid rgba(150&comma; 150&comma; 150&comma; 0.2); border-radius: 6px; margin-bottom: 10px;'> <strong style='color: inherit; font-size: 15px;'>Interfaz<\/strong> <\/div>\n<div style='display: flex; flex-direction: column; border: 1px solid rgba(150&comma; 150&comma; 150&comma; 0.3); border-radius: 6px;'>\n<div style='display: flex; flex-wrap: wrap; border-bottom: 1px solid rgba(150&comma; 150&comma; 150&comma; 0.3);'>\n<div style='flex: 1 1 30%; padding: 10px; border-right: 1px solid rgba(150&comma; 150&comma; 150&comma; 0.3); font-size: 14px; color: inherit; background-color: rgba(0&comma; 0&comma; 0&comma; 0.02);'>Indicaci\u00f3n LED<\/div>\n<div style='flex: 1 1 70%; padding: 10px; font-size: 14px; color: inherit;'>GNSS (Azul)&comma; Celular (Verde)&comma; Encendido (Rojo)<\/div>\n<\/p><\/div>\n<div style='display: flex; flex-wrap: wrap; border-bottom: 1px solid rgba(150&comma; 150&comma; 150&comma; 0.3);'>\n<div style='flex: 1 1 30%; padding: 10px; border-right: 1px solid rgba(150&comma; 150&comma; 150&comma; 0.3); font-size: 14px; color: inherit; background-color: rgba(0&comma; 0&comma; 0&comma; 0.02);'>SIM<\/div>\n<div style='flex: 1 1 70%; padding: 10px; font-size: 14px; color: inherit;'>Nano-SIM<\/div>\n<\/p><\/div>\n<div style='display: flex; flex-wrap: wrap; border-bottom: 1px solid rgba(150&comma; 150&comma; 150&comma; 0.3);'>\n<div style='flex: 1 1 30%; padding: 10px; border-right: 1px solid rgba(150&comma; 150&comma; 150&comma; 0.3); font-size: 14px; color: inherit; background-color: rgba(0&comma; 0&comma; 0&comma; 0.02);'>Entradas digitales<\/div>\n<div style='flex: 1 1 70%; padding: 10px; font-size: 14px; color: inherit;'>ACC o SOS<\/div>\n<\/p><\/div>\n<div style='display: flex; flex-wrap: wrap;'>\n<div style='flex: 1 1 30%; padding: 10px; border-right: 1px solid rgba(150&comma; 150&comma; 150&comma; 0.3); font-size: 14px; color: inherit; background-color: rgba(0&comma; 0&comma; 0&comma; 0.02);'>Salidas digitales<\/div>\n<div style='flex: 1 1 70%; padding: 10px; font-size: 14px; color: inherit;'>Rel\u00e9<\/div>\n<\/p><\/div>\n<\/p><\/div>\n<\/p><\/div>\n<div style='flex: 1 1 300px; min-width: 250px;'>\n<div style='padding: 12px; background-color: rgba(0&comma; 0&comma; 0&comma; 0.03); border: 1px solid rgba(150&comma; 150&comma; 150&comma; 0.2); border-radius: 6px; margin-bottom: 10px;'> <strong style='color: inherit; font-size: 15px;'>Especificaciones F\u00edsicas<\/strong> <\/div>\n<div style='display: flex; flex-direction: column; border: 1px solid rgba(150&comma; 150&comma; 150&comma; 0.3); border-radius: 6px;'>\n<div style='display: flex; flex-wrap: wrap; border-bottom: 1px solid rgba(150&comma; 150&comma; 150&comma; 0.3);'>\n<div style='flex: 1 1 30%; padding: 10px; border-right: 1px solid rgba(150&comma; 150&comma; 150&comma; 0.3); font-size: 14px; color: inherit; background-color: rgba(0&comma; 0&comma; 0&comma; 0.02);'>Dimensiones<\/div>\n<div style='flex: 1 1 70%; padding: 10px; font-size: 14px; color: inherit;'>92.0 x 40.0 x 20.0 mm<\/div>\n<\/p><\/div>\n<div style='display: flex; flex-wrap: wrap;'>\n<div style='flex: 1 1 30%; padding: 10px; border-right: 1px solid rgba(150&comma; 150&comma; 150&comma; 0.3); font-size: 14px; color: inherit; background-color: rgba(0&comma; 0&comma; 0&comma; 0.02);'>Peso<\/div>\n<div style='flex: 1 1 70%; padding: 10px; font-size: 14px; color: inherit;'>55g<\/div>\n<\/p><\/div>\n<\/p><\/div>\n<\/p><\/div>\n<div style='flex: 1 1 300px; min-width: 250px;'>\n<div style='padding: 12px; background-color: rgba(0&comma; 0&comma; 0&comma; 0.03); border: 1px solid rgba(150&comma; 150&comma; 150&comma; 0.2); border-radius: 6px; margin-bottom: 10px;'> <strong style='color: inherit; font-size: 15px;'>Entorno de Operaci\u00f3n<\/strong> <\/div>\n<div style='display: flex; flex-direction: column; border: 1px solid rgba(150&comma; 150&comma; 150&comma; 0.3); border-radius: 6px;'>\n<div style='display: flex; flex-wrap: wrap; border-bottom: 1px solid rgba(150&comma; 150&comma; 150&comma; 0.3);'>\n<div style='flex: 1 1 30%; padding: 10px; border-right: 1px solid rgba(150&comma; 150&comma; 150&comma; 0.3); font-size: 14px; color: inherit; background-color: rgba(0&comma; 0&comma; 0&comma; 0.02);'>Temperatura de operaci\u00f3n<\/div>\n<div style='flex: 1 1 70%; padding: 10px; font-size: 14px; color: inherit;'>-20\u00b0C a +70\u00b0C<\/div>\n<\/p><\/div>\n<div style='display: flex; flex-wrap: wrap;'>\n<div style='flex: 1 1 30%; padding: 10px; border-right: 1px solid rgba(150&comma; 150&comma; 150&comma; 0.3); font-size: 14px; color: inherit; background-color: rgba(0&comma; 0&comma; 0&comma; 0.02);'>Clasificaci\u00f3n IP<\/div>\n<div style='flex: 1 1 70%; padding: 10px; font-size: 14px; color: inherit;'>IP66<\/div>\n<\/p><\/div>\n<\/p><\/div>\n<\/p><\/div>\n<div style='flex: 1 1 300px; min-width: 250px;'>\n<div style='padding: 12px; background-color: rgba(0&comma; 0&comma; 0&comma; 0.03); border: 1px solid rgba(150&comma; 150&comma; 150&comma; 0.2); border-radius: 6px; margin-bottom: 10px;'> <strong style='color: inherit; font-size: 15px;'>Caracter\u00edsticas<\/strong> <\/div>\n<div style='display: flex; flex-direction: column; border: 1px solid rgba(150&comma; 150&comma; 150&comma; 0.3); border-radius: 6px;'>\n<div style='display: flex; flex-wrap: wrap; border-bottom: 1px solid rgba(150&comma; 150&comma; 150&comma; 0.3);'>\n<div style='flex: 1 1 30%; padding: 10px; border-right: 1px solid rgba(150&comma; 150&comma; 150&comma; 0.3); font-size: 14px; color: inherit; background-color: rgba(0&comma; 0&comma; 0&comma; 0.02);'>Sensores<\/div>\n<div style='flex: 1 1 70%; padding: 10px; font-size: 14px; color: inherit;'>Aceler\u00f3metro<\/div>\n<\/p><\/div>\n<div style='display: flex; flex-wrap: wrap;'>\n<div style='flex: 1 1 30%; padding: 10px; border-right: 1px solid rgba(150&comma; 150&comma; 150&comma; 0.3); font-size: 14px; color: inherit; background-color: rgba(0&comma; 0&comma; 0&comma; 0.02);'>Escenarios<\/div>\n<div style='flex: 1 1 70%; padding: 10px; font-size: 14px; color: inherit;'> Alerta de movimiento del veh\u00edculo&comma; Alerta de exceso de velocidad&comma; Entrada\/Salida de geo-cerca&comma; Detecci\u00f3n de bater\u00eda del veh\u00edculo <\/div>\n<\/p><\/div>\n<\/p><\/div>\n<\/p><\/div>\n<\/p><\/div>\n<\/p><\/div>\n<div style='margin-bottom: 30px;'>\n<div style='position: relative; padding-bottom: 56.25%; height: 0; overflow: hidden;'>   <\/div>\n<\/p><\/div>\n<div style='margin-bottom: 30px;'>\n<div style='padding: 15px; border: 1px solid rgba(150&comma; 150&comma; 150&comma; 0.3); border-left: 4px solid #007bff; background-color: rgba(0&comma; 123&comma; 255&comma; 0.03);'>\n<p style='margin: 0; font-size: 14px; color: inherit;'> * Nos reservamos el derecho de la interpretaci\u00f3n final de esta p\u00e1gina. Toda la informaci\u00f3n es solo de referencia y est\u00e1 sujeta a cambios sin previo aviso. <\/p>\n<\/p><\/div>\n<\/p><\/div>\n<div style='margin-bottom: 30px;'>\n<div style='border: 1px solid rgba(150&comma; 150&comma; 150&comma; 0.3); border-left: 4px solid #007bff; background-color: rgba(0&comma; 0&comma; 0&comma; 0.02); padding: 15px;'>\n<div style='font-weight: bold; font-size: 16px; color: inherit; margin-bottom: 10px;'>Anuncio de Configuraci\u00f3n de Dispositivos de Rastreo<\/div>\n<p style='margin: 0; font-size: 14px; color: inherit;'> Para dispositivos de rastreo recomendamos la configuraci\u00f3n de 1 minuto con motor encendido o en movimiento y cada 20 minutos con motor apagado o detenido&comma; adem\u00e1s de giros de 25 o 30 grados y la distancia deshabilitada. Esto ayudar\u00e1 a que los paquetes de datos de 20 o 25 MB sean suficientes para un mes&comma; todo depende del tiempo que el veh\u00edculo est\u00e9 en movimiento. Esta tabla es solo informativa y como recomendaci\u00f3n&comma; m\u00e1s no una regla. <\/p>\n<\/p><\/div>\n<\/p><\/div>\n<\/p><\/div>\n","protected":false},"excerpt":{"rendered":"<p>KIT GPS \/ Localizador para Vehiculos \/ 4G LTE CAT1 con Fallback a 2G\/ Apagado y encendido remoto \/ Sistema de protecci\u00f3n de baterias \/ IP66 \/ Incluye: EPCOMGPSCODE y SIM500MB2Y<\/p>\n","protected":false},"featured_media":54589,"comment_status":"open","ping_status":"closed","template":"","meta":[],"product_brand":[],"product_cat":[1346,1388],"product_tag":[1350,1349,1420,1389],"class_list":{"0":"post-54590","1":"product","2":"type-product","3":"status-publish","4":"has-post-thumbnail","6":"product_cat-iot","7":"product_cat-trackers-gps","8":"product_tag-gps-y-telematica","9":"product_tag-iot","10":"product_tag-jimiiot","11":"product_tag-trackers-gps","13":"first","14":"outofstock","15":"sale","16":"shipping-taxable","17":"purchasable","18":"product-type-simple"},"_links":{"self":[{"href":"https:\/\/soydeaqui.ddns.net\/pachuca\/index.php\/wp-json\/wp\/v2\/product\/54590","targetHints":{"allow":["GET"]}}],"collection":[{"href":"https:\/\/soydeaqui.ddns.net\/pachuca\/index.php\/wp-json\/wp\/v2\/product"}],"about":[{"href":"https:\/\/soydeaqui.ddns.net\/pachuca\/index.php\/wp-json\/wp\/v2\/types\/product"}],"replies":[{"embeddable":true,"href":"https:\/\/soydeaqui.ddns.net\/pachuca\/index.php\/wp-json\/wp\/v2\/comments?post=54590"}],"wp:featuredmedia":[{"embeddable":true,"href":"https:\/\/soydeaqui.ddns.net\/pachuca\/index.php\/wp-json\/wp\/v2\/media\/54589"}],"wp:attachment":[{"href":"https:\/\/soydeaqui.ddns.net\/pachuca\/index.php\/wp-json\/wp\/v2\/media?parent=54590"}],"wp:term":[{"taxonomy":"product_brand","embeddable":true,"href":"https:\/\/soydeaqui.ddns.net\/pachuca\/index.php\/wp-json\/wp\/v2\/product_brand?post=54590"},{"taxonomy":"product_cat","embeddable":true,"href":"https:\/\/soydeaqui.ddns.net\/pachuca\/index.php\/wp-json\/wp\/v2\/product_cat?post=54590"},{"taxonomy":"product_tag","embeddable":true,"href":"https:\/\/soydeaqui.ddns.net\/pachuca\/index.php\/wp-json\/wp\/v2\/product_tag?post=54590"}],"curies":[{"name":"wp","href":"https:\/\/api.w.org\/{rel}","templated":true}]}}