{"id":54576,"date":"2026-03-19T02:25:22","date_gmt":"2026-03-19T02:25:22","guid":{"rendered":"https:\/\/soydeaqui.ddns.net\/pachuca\/index.php\/producto\/dispositivo-de-rastreo-vehicular-conectividad-lte-cat1-y-lte-m-ble-5-0-gnss-u-blox-carcasa-ip54-bateria-interna-de-respaldo-detecta-interferencias-2\/"},"modified":"2026-03-19T02:25:23","modified_gmt":"2026-03-19T02:25:23","slug":"dispositivo-de-rastreo-vehicular-conectividad-lte-cat1-y-lte-m-ble-5-0-gnss-u-blox-carcasa-ip54-bateria-interna-de-respaldo-detecta-interferencias-2","status":"publish","type":"product","link":"https:\/\/soydeaqui.ddns.net\/pachuca\/index.php\/producto\/dispositivo-de-rastreo-vehicular-conectividad-lte-cat1-y-lte-m-ble-5-0-gnss-u-blox-carcasa-ip54-bateria-interna-de-respaldo-detecta-interferencias-2\/","title":{"rendered":"Dispositivo de Rastreo Vehicular \/ Conectividad LTE Cat1 y LTE-M \/ BLE 5.0 \/ GNSS U-blox \/ Carcasa IP54 \/ Bater\u00eda Interna de Respaldo \/ Detecta Interferencias"},"content":{"rendered":"<div style='width: 100%; max-width: 1200px; margin: 0 auto; font-family: sans-serif; line-height: 1.6; color: inherit; background-color: transparent;'>\n<div style='width: 100%; margin: 30px 0;'>\n<h2 style='font-size: 36px; text-align: center; margin: 0 0 20px; color: inherit;'>Seguridad en todo momento<\/h2>\n<p> <img style='width: 100%; height: auto; border: 1px solid rgba(150&comma;150&comma;150&comma;0.3); border-radius: 8px;' src='https:\/\/ruptela.com\/wp-content\/uploads\/2024\/10\/Eco5-ip54-web.png' alt=''> <\/div>\n<div style='width: 100%; margin-bottom: 30px;'>\n<p style='font-size: 18px; line-height: 1.6; margin: 0 0 20px; color: inherit;'> Eco5 es un rastreador de veh\u00edculos basado en GNSS&comma; muy compacto y universal&comma; dise\u00f1ado para la gesti\u00f3n de flotas. Ofrece conectividad 4G+2G y un m\u00f3dulo GNSS de alta gama&comma; lo que garantiza una transmisi\u00f3n de datos fiable y precisa. <\/p>\n<p style='font-size: 18px; line-height: 1.6; margin: 0 0 20px; color: inherit;'> Adem\u00e1s&comma; versiones IP54 e IP68 del dispositivo con una carcasa resistente proporcionan una protecci\u00f3n completa contra el agua&comma; la suciedad y factores mec\u00e1nicos. <\/p>\n<p style='font-size: 18px; line-height: 1.6; margin: 0 0 20px; color: inherit;'> Esta versi\u00f3n est\u00e1 dise\u00f1ada para soportar entornos dif\u00edciles y se puede instalar fuera de la cabina&comma; cerca del motor&comma; manteniendo un rendimiento y funcionalidad \u00f3ptimos. <\/p>\n<\/p><\/div>\n<div style='display: flex; flex-wrap: wrap; gap: 20px; margin-bottom: 40px;'>\n<div style='flex: 1 1 300px; min-width: 280px;'>\n<div style='border: 1px solid rgba(150&comma; 150&comma; 150&comma; 0.4); border-radius: 8px; overflow: hidden;'>\n<div style='padding: 15px; border-bottom: 1px solid rgba(150&comma; 150&comma; 150&comma; 0.2); font-weight: bold; font-size: 18px; color: inherit;'>Patrones de LED de Indicador<\/div>\n<div style='padding: 15px; color: inherit;'>\n<ul style='padding-left: 20px; margin: 0; font-size: 14px; list-style-type: disc;'>\n<li style='margin-bottom: 8px;'><strong>Fijaci\u00f3n GNSS adquirida:<\/strong> Una vez por segundo. Buena se\u00f1al celular&comma; sin conexi\u00f3n a red<\/li>\n<li style='margin-bottom: 8px;'><strong>Buena se\u00f1al celular&comma; conectado a una red:<\/strong> Una vez cada 4 segundos. El enlace con el servidor est\u00e1 abierto<\/li>\n<li style='margin-bottom: 8px;'><strong>Sin se\u00f1al:<\/strong> Una vez cada 0.2 segundos. No se ha adquirido la fijaci\u00f3n GNSS<\/li>\n<li style='margin-bottom: 8px;'><strong>Modo de suspensi\u00f3n:<\/strong> Una vez cada 10 segundos. El dispositivo est\u00e1 en modo de suspensi\u00f3n<\/li>\n<\/ul><\/div>\n<\/p><\/div>\n<\/p><\/div>\n<div style='flex: 1 1 300px; min-width: 280px;'>\n<div style='border: 1px solid rgba(150&comma; 150&comma; 150&comma; 0.4); border-radius: 8px; overflow: hidden;'>\n<div style='padding: 15px; border-bottom: 1px solid rgba(150&comma; 150&comma; 150&comma; 0.2); font-weight: bold; font-size: 18px; color: inherit;'>Distribuci\u00f3n de Pines del Dispositivo<\/div>\n<div style='padding: 15px; color: inherit;'>\n<ul style='padding-left: 20px; margin: 0; font-size: 14px; list-style-type: disc;'>\n<li style='margin-bottom: 8px;'><strong>Verde\/Amarillo:<\/strong> 1-wire power. 1-wire power<\/li>\n<li style='margin-bottom: 8px;'><strong>Blanco:<\/strong> DIN3. Entrada Digital 3<\/li>\n<li style='margin-bottom: 8px;'><strong>Verde:<\/strong> AIN2\/DIN6. Entrada Anal\u00f3gica 2\/ Entrada Digital 6<\/li>\n<li style='margin-bottom: 8px;'><strong>Naranja:<\/strong> DOUT2. Salida Digital 2<\/li>\n<li style='margin-bottom: 8px;'><strong>P\u00farpura:<\/strong> DOUT1. Salida Digital 1<\/li>\n<li style='margin-bottom: 8px;'><strong>Negro:<\/strong> GND. Conexi\u00f3n a Tierra<\/li>\n<li style='margin-bottom: 8px;'><strong>Rojo:<\/strong> VIN+. Fuente de Alimentaci\u00f3n 9-32 V CC<\/li>\n<li style='margin-bottom: 8px;'><strong>Amarillo:<\/strong> IGN (DIN4). Encendido (Entrada Digital 4)<\/li>\n<li style='margin-bottom: 8px;'><strong>Gris:<\/strong> AIN1\/DIN5. Entrada Anal\u00f3gica 1\/ Entrada Digital 5<\/li>\n<li style='margin-bottom: 8px;'><strong>Rosa:<\/strong> DIN1. Entrada Digital 1<\/li>\n<li style='margin-bottom: 8px;'><strong>Azul:<\/strong> DIN2. Entrada Digital 2<\/li>\n<li style='margin-bottom: 8px;'><strong>Rojo\/Blanco:<\/strong> 1-wire data. 1-wire data<\/li>\n<\/ul><\/div>\n<\/p><\/div>\n<\/p><\/div>\n<div style='flex: 1 1 300px; min-width: 280px;'>\n<div style='border: 1px solid rgba(150&comma; 150&comma; 150&comma; 0.4); border-radius: 8px; overflow: hidden;'>\n<div style='padding: 15px; border-bottom: 1px solid rgba(150&comma; 150&comma; 150&comma; 0.2); font-weight: bold; font-size: 18px; color: inherit;'>Caracter\u00edsticas F\u00edsicas<\/div>\n<div style='padding: 15px; color: inherit;'>\n<ul style='padding-left: 20px; margin: 0; font-size: 14px; list-style-type: disc;'>\n<li style='margin-bottom: 8px;'><strong>Dimensiones:<\/strong> 87 mm x 60 mm x 28 mm. Dimensiones del dispositivo<\/li>\n<li style='margin-bottom: 8px;'><strong>Peso:<\/strong> 120 g. Peso del dispositivo<\/li>\n<li style='margin-bottom: 8px;'><strong>Temperatura de Operaci\u00f3n:<\/strong> -40\u00b0C a +85\u00b0C. Rango de temperatura en el que el dispositivo puede operar<\/li>\n<li style='margin-bottom: 8px;'><strong>Temperatura de Almacenamiento:<\/strong> -40\u00b0C a +85\u00b0C. Rango de temperatura en el que el dispositivo puede ser almacenado<\/li>\n<li style='margin-bottom: 8px;'><strong>Material del Enclosure:<\/strong> Pl\u00e1stico de Policarbonato. Material del que est\u00e1 hecho el encapsulado del dispositivo<\/li>\n<\/ul><\/div>\n<\/p><\/div>\n<\/p><\/div>\n<\/p><\/div>\n<p> <img style='width: 100%; height: auto; border: 1px solid rgba(150&comma;150&comma;150&comma;0.3); border-radius: 8px;' src='https:\/\/ftp3.syscom.mx\/usuarios\/fotos\/ECO5LITE\/233558-diagrama.png' alt=''> <\/p>\n<div style='width: 100%; margin-top: 40px;'>\n<h3 style='font-size: 22px; border-bottom: 2px solid currentColor; padding-bottom: 5px; margin-top: 0; color: inherit; opacity: 0.8;'>Caracter\u00edsticas Principales<\/h3>\n<ul style='padding-left: 20px; font-size: 15px; color: inherit; margin-top: 20px;'>\n<li style='margin-bottom: 5px;'>Instalaci\u00f3n sencilla y dise\u00f1o compacto sin tornillos.<\/li>\n<li style='margin-bottom: 5px;'>Funciones avanzadas de GNSS con receptor Ublox M10.<\/li>\n<li style='margin-bottom: 5px;'>Seguridad mejorada con detecci\u00f3n de interferencias y cifrado TLS v1.2.<\/li>\n<li style='margin-bottom: 5px;'>Compatibilidad con accesorios BLE para monitoreo ambiental.<\/li>\n<li style='margin-bottom: 5px;'>Bajo consumo de energ\u00eda&comma; ideal para un mantenimiento econ\u00f3mico.<\/li>\n<\/ul><\/div>\n<div style='display: flex; flex-wrap: wrap; gap: 30px; margin-top: 40px;'>\n<div style='flex: 1 1 400px; min-width: 280px;'>\n<h3 style='font-size: 22px; border-bottom: 2px solid currentColor; padding-bottom: 5px; margin-top: 0; color: inherit; opacity: 0.8;'>Especificaciones<\/h3>\n<ul style='padding-left: 20px; font-size: 15px; color: inherit; margin-top: 20px;'>\n<li style='margin-bottom: 5px;'>Rango de alimentaci\u00f3n: 9 &#8211; 32 V DC<\/li>\n<li style='margin-bottom: 5px;'>Bater\u00eda interna: LiPo 3.7 V 180 mAh<\/li>\n<li style='margin-bottom: 5px;'>M\u00f3dulo GNSS: u-blox M10<\/li>\n<li style='margin-bottom: 5px;'>Antena interna GNSS compatible con GPS&comma; GLONASS&comma; Galileo<\/li>\n<li style='margin-bottom: 5px;'>Duraci\u00f3n de comienzo en fr\u00edo: < 30 s<\/li>\n<li style='margin-bottom: 5px;'>Temperatura de operaci\u00f3n: -20 \u00b0C hasta +40 \u00b0C<\/li>\n<\/ul><\/div>\n<div style='flex: 1 1 400px; min-width: 280px;'>\n<h3 style='font-size: 22px; border-bottom: 2px solid currentColor; padding-bottom: 5px; margin-top: 0; color: inherit; opacity: 0.8;'>Interfaces y Conectividad<\/h3>\n<ul style='padding-left: 20px; font-size: 15px; color: inherit; margin-top: 20px;'>\n<li style='margin-bottom: 5px;'>Conectividad LTE CAT1 y LTE-M&comma; con respaldo a 2G<\/li>\n<li style='margin-bottom: 5px;'>BLE 5.0 para accesorios y monitoreo por balizas<\/li>\n<li style='margin-bottom: 5px;'>Puerto micro USB para configuraci\u00f3n y actualizaciones<\/li>\n<li style='margin-bottom: 5px;'>Nano SIM para comunicaci\u00f3n GSM y LTE<\/li>\n<li style='margin-bottom: 5px;'>Interfaces de I\/O: DIN&comma; DOUT&comma; AIN\/DIN&comma; 1-cable<\/li>\n<\/ul><\/div>\n<\/p><\/div>\n<div style='width: 100%; margin-top: 40px;'>\n<h3 style='font-size: 22px; border-bottom: 2px solid currentColor; padding-bottom: 5px; margin-top: 0; color: inherit; opacity: 0.8;'>Aplicaciones y Casos de Uso<\/h3>\n<div style='display: flex; flex-wrap: wrap; gap: 20px; margin-top: 20px;'>\n<div style='flex: 1 1 30%; min-width: 250px; border: 1px solid rgba(150&comma; 150&comma; 150&comma; 0.3); border-radius: 6px; padding: 15px; font-size: 15px; color: inherit;'> Monitoreo en tiempo real de flotas y veh\u00edculos pesados. <\/div>\n<div style='flex: 1 1 30%; min-width: 250px; border: 1px solid rgba(150&comma; 150&comma; 150&comma; 0.3); border-radius: 6px; padding: 15px; font-size: 15px; color: inherit;'> Seguimiento de activos y remolques mediante beacons BLE. <\/div>\n<div style='flex: 1 1 30%; min-width: 250px; border: 1px solid rgba(150&comma; 150&comma; 150&comma; 0.3); border-radius: 6px; padding: 15px; font-size: 15px; color: inherit;'> Optimizaci\u00f3n del rendimiento y eficiencia del combustible. <\/div>\n<\/p><\/div>\n<\/p><\/div>\n<hr style='border: 0; border-top: 1px solid rgba(150&comma; 150&comma; 150&comma; 0.3); margin: 40px 0;'> <\/div>\n","protected":false},"excerpt":{"rendered":"<p>Dispositivo de Rastreo Vehicular \/ Conectividad LTE Cat1 y LTE-M \/ BLE 5.0 \/ GNSS U-blox \/ Carcasa IP54 \/ Bater\u00eda Interna de Respaldo \/ Detecta Interferencias<\/p>\n","protected":false},"featured_media":54575,"comment_status":"open","ping_status":"closed","template":"","meta":[],"product_brand":[],"product_cat":[1346,1388],"product_tag":[1350,1349,1351,1389],"class_list":{"0":"post-54576","1":"product","2":"type-product","3":"status-publish","4":"has-post-thumbnail","6":"product_cat-iot","7":"product_cat-trackers-gps","8":"product_tag-gps-y-telematica","9":"product_tag-iot","10":"product_tag-ruptela","11":"product_tag-trackers-gps","13":"first","14":"outofstock","15":"sale","16":"shipping-taxable","17":"purchasable","18":"product-type-simple"},"_links":{"self":[{"href":"https:\/\/soydeaqui.ddns.net\/pachuca\/index.php\/wp-json\/wp\/v2\/product\/54576","targetHints":{"allow":["GET"]}}],"collection":[{"href":"https:\/\/soydeaqui.ddns.net\/pachuca\/index.php\/wp-json\/wp\/v2\/product"}],"about":[{"href":"https:\/\/soydeaqui.ddns.net\/pachuca\/index.php\/wp-json\/wp\/v2\/types\/product"}],"replies":[{"embeddable":true,"href":"https:\/\/soydeaqui.ddns.net\/pachuca\/index.php\/wp-json\/wp\/v2\/comments?post=54576"}],"wp:featuredmedia":[{"embeddable":true,"href":"https:\/\/soydeaqui.ddns.net\/pachuca\/index.php\/wp-json\/wp\/v2\/media\/54575"}],"wp:attachment":[{"href":"https:\/\/soydeaqui.ddns.net\/pachuca\/index.php\/wp-json\/wp\/v2\/media?parent=54576"}],"wp:term":[{"taxonomy":"product_brand","embeddable":true,"href":"https:\/\/soydeaqui.ddns.net\/pachuca\/index.php\/wp-json\/wp\/v2\/product_brand?post=54576"},{"taxonomy":"product_cat","embeddable":true,"href":"https:\/\/soydeaqui.ddns.net\/pachuca\/index.php\/wp-json\/wp\/v2\/product_cat?post=54576"},{"taxonomy":"product_tag","embeddable":true,"href":"https:\/\/soydeaqui.ddns.net\/pachuca\/index.php\/wp-json\/wp\/v2\/product_tag?post=54576"}],"curies":[{"name":"wp","href":"https:\/\/api.w.org\/{rel}","templated":true}]}}