{"id":54562,"date":"2026-03-19T02:24:58","date_gmt":"2026-03-19T02:24:58","guid":{"rendered":"https:\/\/soydeaqui.ddns.net\/pachuca\/index.php\/producto\/dispositivo-ai-z5-para-gestion-de-carga-video-vigilancia-procesador-de-alta-velocidad-compresion-h-265-gps-2ch-grabacion-4k-y-1080p-tarjeta-micro-sd-externa-bluetooth-integrado-conecti\/"},"modified":"2026-03-19T02:24:59","modified_gmt":"2026-03-19T02:24:59","slug":"dispositivo-ai-z5-para-gestion-de-carga-video-vigilancia-procesador-de-alta-velocidad-compresion-h-265-gps-2ch-grabacion-4k-y-1080p-tarjeta-micro-sd-externa-bluetooth-integrado-conecti","status":"publish","type":"product","link":"https:\/\/soydeaqui.ddns.net\/pachuca\/index.php\/producto\/dispositivo-ai-z5-para-gestion-de-carga-video-vigilancia-procesador-de-alta-velocidad-compresion-h-265-gps-2ch-grabacion-4k-y-1080p-tarjeta-micro-sd-externa-bluetooth-integrado-conecti\/","title":{"rendered":"Dispositivo AI Z5 para Gesti\u00f3n de Carga \/ Video Vigilancia \/ Procesador de Alta Velocidad \/ Compresi\u00f3n H.265 \/ GPS \/ 2Ch Grabaci\u00f3n 4K y 1080p \/ Tarjeta Micro SD Externa \/ Bluetooth Integrado \/ Conectividad 4G \/ Modo de Bajo Consumo"},"content":{"rendered":"<div style='width: 100%; max-width: 1200px; margin: 0 auto; font-family: sans-serif; line-height: 1.6; color: inherit; background-color: transparent;'> <!-- Banner principal --> <\/p>\n<div style='width: 100%; max-width: 800px; margin: 0 auto 40px;'> <img style='width: 100%; height: auto; border: 1px solid rgba(150&comma;150&comma;150&comma;0.3); border-radius: 8px;' src='https:\/\/ftp3.syscom.mx\/usuarios\/aberumen\/Banners\/Banner-inteligencia-artificial%20Streamax.jpg' alt='Banner Streamax Inteligencia Artificial'> <\/div>\n<p> <!-- Introducci\u00f3n --> <\/p>\n<p style='color: inherit; font-size: 1.15rem; text-align: justify; border-left: 4px solid currentColor; padding-left: 15px; opacity: 0.8;'> La seguridad en el transporte p\u00fablico&comma; traslado de mercanc\u00eda&comma; taxis&comma; etc.&comma; es un motivo de preocupaci\u00f3n en caso de accidentes de tr\u00e1nsito o la protecci\u00f3n contra posibles asaltos. Los medios de transporte hacen necesaria la existencia de un sistema de gesti\u00f3n central que brinde protecci\u00f3n contra actividades delictivas como hurtos&comma; arrebatos&comma; entre otros. <\/p>\n<p> <!-- Soluci\u00f3n Integral --> <\/p>\n<div style='background-color: rgba(248&comma; 249&comma; 250&comma; 0.8); border: 1px solid rgba(222&comma; 226&comma; 230&comma; 0.8); border-radius: 8px; padding: 20px; margin: 40px 0;'>\n<p style='margin: 0; font-weight: bold; font-size: 1.1rem; color: inherit;'> \u2705 SOLUCI\u00d3N INTEGRAL: Nuestros MDVRs (Mobile Digital Video Recorders) ofrecen una gesti\u00f3n centralizada y monitoreo avanzado para aumentar la seguridad&comma; prevenir accidentes y optimizar la log\u00edstica de toda su flota vehicular. <\/p>\n<\/p><\/div>\n<p> <!-- Caracter\u00edsticas clave --> <\/p>\n<h2 style='font-size: 2rem; font-weight: 700; color: inherit; text-align: center; margin: 40px 0 30px;'> CARACTER\u00cdSTICAS CLAVE DE NUESTROS MDVRS <\/h2>\n<div style='display: flex; flex-wrap: wrap; gap: 30px; margin-bottom: 40px;'> <!-- Caracter\u00edstica 1 --> <\/p>\n<div style='flex: 1 1 300px; min-width: 280px;'>\n<div style='border: 1px solid rgba(150&comma;150&comma;150&comma;0.3); border-radius: 8px; overflow: hidden; display: flex; flex-direction: column; height: 100%;'>\n<div style='padding: 15px; border-bottom: 1px solid rgba(150&comma;150&comma;150&comma;0.2); font-weight: bold; font-size: 18px; color: inherit; background-color: rgba(248&comma; 249&comma; 250&comma; 0.8);'> DESCRIPCI\u00d3N GENERAL <\/div>\n<div style='padding: 15px; color: inherit; flex: 1;'> <img style='width: 100%; max-height: 80px; height: auto; border: 1px solid rgba(150&comma;150&comma;150&comma;0.3); margin-bottom: 15px;' src='https:\/\/ftp3.syscom.mx\/usuarios\/aberumen\/z5.png' alt='MDVR General'> <\/p>\n<ul style='padding-left: 20px; margin: 0; font-size: 14px; list-style-type: disc;'>\n<li style='margin-bottom: 5px;'><span style='color: inherit; opacity: 0.8;'>Sistema de gesti\u00f3n de carga y algoritmo avanzados.<\/span><\/li>\n<li style='margin-bottom: 5px;'><span style='color: inherit; opacity: 0.8;'>Grabaci\u00f3n local con Tarjeta Micro SD externa capacidad m\u00e1xima 512GB.<\/span><\/li>\n<li style='margin-bottom: 5px;'><span style='color: inherit; opacity: 0.8;'>Funcionalidad GPS para posicionamiento Preciso.<\/span><\/li>\n<li style='margin-bottom: 5px;'><span style='color: inherit; opacity: 0.8;'>Detecci\u00f3n de vol\u00famenes en tiempo real.<\/span><\/li>\n<\/ul><\/div>\n<\/p><\/div>\n<\/p><\/div>\n<p> <!-- Caracter\u00edstica 2 --> <\/p>\n<div style='flex: 1 1 300px; min-width: 280px;'>\n<div style='border: 1px solid rgba(150&comma;150&comma;150&comma;0.3); border-radius: 8px; overflow: hidden; display: flex; flex-direction: column; height: 100%;'>\n<div style='padding: 15px; border-bottom: 1px solid rgba(150&comma;150&comma;150&comma;0.2); font-weight: bold; font-size: 18px; color: inherit; background-color: rgba(248&comma; 249&comma; 250&comma; 0.8);'> INTELIGENCIA ARTIFICIAL <\/div>\n<div style='padding: 15px; color: inherit; flex: 1;'> <img style='width: 100%; max-height: 80px; height: auto; border: 1px solid rgba(150&comma;150&comma;150&comma;0.3); margin-bottom: 15px;' src='https:\/\/ftp3.syscom.mx\/usuarios\/aberumen\/Banners\/IAlogodriver.jpg' alt='IA ADAS DSM'> <\/p>\n<p style='margin-bottom: 0; font-size: 14px; color: inherit; opacity: 0.8;'> Algoritmo de medici\u00f3n de volumen de carga. El Z5 incluye un algoritmo incorporado que destaca en tiempo real la tasa de ocupaci\u00f3n del espacio de carga. Calcula el volumen de carga autom\u00e1ticamente. Env\u00eda esa informaci\u00f3n a la plataforma remota. <\/p>\n<\/p><\/div>\n<\/p><\/div>\n<\/p><\/div>\n<p> <!-- Caracter\u00edstica 3 --> <\/p>\n<div style='flex: 1 1 300px; min-width: 280px;'>\n<div style='border: 1px solid rgba(150&comma;150&comma;150&comma;0.3); border-radius: 8px; overflow: hidden; display: flex; flex-direction: column; height: 100%;'>\n<div style='padding: 15px; border-bottom: 1px solid rgba(150&comma;150&comma;150&comma;0.2); font-weight: bold; font-size: 18px; color: inherit; background-color: rgba(248&comma; 249&comma; 250&comma; 0.8);'> FUNCIONES INTELIGENTES <\/div>\n<div style='padding: 15px; color: inherit; flex: 1;'> <img style='width: 100%; max-height: 80px; height: auto; border: 1px solid rgba(150&comma;150&comma;150&comma;0.3); margin-bottom: 15px;' src='https:\/\/ftp3.syscom.mx\/usuarios\/aberumen\/Banners\/imagecheck.png' alt='Caracter\u00edsticas Check'> <\/p>\n<p style='margin-bottom: 0; font-size: 14px; color: inherit; opacity: 0.8;'> Esto permite activar modos de bajo consumo cuando opera con bater\u00eda&comma; cambiar a modos de grabaci\u00f3n o transmisi\u00f3n cuanto detecta eventos. <\/p>\n<\/p><\/div>\n<\/p><\/div>\n<\/p><\/div>\n<\/p><\/div>\n<p> <!-- Separador --> <\/p>\n<hr style='border: 0; border-top: 1px solid rgba(150&comma; 150&comma; 150&comma; 0.3); margin: 40px 0;'> <!-- Control total en la operaci\u00f3n --> <\/p>\n<h3 style='font-size: 1.8rem; font-weight: 700; color: inherit; text-align: center; margin: 40px 0 30px;'> CONTROL TOTAL EN LA OPERACI\u00d3N <\/h3>\n<div style='display: flex; flex-wrap: wrap; gap: 30px; margin-bottom: 40px;'> <!-- Accesorios compatibles --> <\/p>\n<div style='flex: 1 1 300px; min-width: 280px;'>\n<div style='border: 1px solid rgba(150&comma;150&comma;150&comma;0.3); border-radius: 8px; overflow: hidden; display: flex; flex-direction: column; height: 100%; background-color: rgba(248&comma; 249&comma; 250&comma; 0.8);'>\n<div style='padding: 15px; border-bottom: 1px solid rgba(150&comma;150&comma;150&comma;0.2); font-weight: bold; font-size: 18px; color: inherit;'> ACCESORIOS COMPATIBLES <\/div>\n<div style='padding: 15px; color: inherit; flex: 1;'>\n<ul style='padding-left: 20px; margin: 0; font-size: 14px; list-style-type: disc;'>\n<li style='margin-bottom: 5px;'><span style='color: inherit; opacity: 0.8;'>Para el monitoreo remoto&comma; compatible con FTvision.<\/span><\/li>\n<\/ul><\/div>\n<\/p><\/div>\n<\/p><\/div>\n<p> <!-- Especificaciones power --> <\/p>\n<div style='flex: 1 1 300px; min-width: 280px;'>\n<div style='border: 1px solid rgba(150&comma;150&comma;150&comma;0.3); border-radius: 8px; overflow: hidden; display: flex; flex-direction: column; height: 100%; background-color: rgba(248&comma; 249&comma; 250&comma; 0.8);'>\n<div style='padding: 15px; border-bottom: 1px solid rgba(150&comma;150&comma;150&comma;0.2); font-weight: bold; font-size: 18px; color: inherit;'> ESPECIFICACIONES POWER <\/div>\n<div style='padding: 15px; color: inherit; flex: 1;'>\n<ul style='padding-left: 20px; margin: 0; font-size: 14px; list-style-type: disc;'>\n<li style='margin-bottom: 5px;'><span style='color: inherit; opacity: 0.8;'>Voltaje amplio (10-36Vcc).<\/span><\/li>\n<\/ul><\/div>\n<\/p><\/div>\n<\/p><\/div>\n<p> <!-- Interfaces y conectividad --> <\/p>\n<div style='flex: 1 1 300px; min-width: 280px;'>\n<div style='border: 1px solid rgba(150&comma;150&comma;150&comma;0.3); border-radius: 8px; overflow: hidden; display: flex; flex-direction: column; height: 100%; background-color: rgba(248&comma; 249&comma; 250&comma; 0.8);'>\n<div style='padding: 15px; border-bottom: 1px solid rgba(150&comma;150&comma;150&comma;0.2); font-weight: bold; font-size: 18px; color: inherit;'> INTERFACES Y CONECTIVIDAD <\/div>\n<div style='padding: 15px; color: inherit; flex: 1;'>\n<ul style='padding-left: 20px; margin: 0; font-size: 14px; list-style-type: disc;'>\n<li style='margin-bottom: 5px;'><span style='color: inherit; opacity: 0.8;'>Modulo GPS y 4G<\/span><\/li>\n<li style='margin-bottom: 5px;'><span style='color: inherit; opacity: 0.8;'>Bluetooth incorporado<\/span><\/li>\n<li style='margin-bottom: 5px;'><span style='color: inherit; opacity: 0.8;'>Necesita tarjeta sim (Nano)<\/span><\/li>\n<li style='margin-bottom: 5px;'><span style='color: inherit; opacity: 0.8;'>Incluye panel solar con bater\u00eda y sensor magn\u00e9tico.<\/span><\/li>\n<li style='margin-bottom: 5px;'><span style='color: inherit; opacity: 0.8;'>Cuenta con 2 entradas y 2 salidas de alarma.<\/span><\/li>\n<\/ul><\/div>\n<\/p><\/div>\n<\/p><\/div>\n<\/p><\/div>\n<p> <!-- V\u00eddeos de demostraci\u00f3n --> <\/p>\n<h3 style='font-size: 1.8rem; font-weight: 700; color: inherit; text-align: center; margin: 40px 0 30px;'> \u25b6\ufe0f DESCUBRE NUESTRA TECNOLOG\u00cdA EN ACCI\u00d3N <\/h3>\n<div style='display: flex; flex-wrap: wrap; justify-content: center; gap: 30px; margin-bottom: 40px;'> <!-- Video 1 --> <\/p>\n<div style='flex: 1 1 300px; min-width: 280px; max-width: 400px;'>\n<div style='position: relative; padding-bottom: 56.25%; height: 0; overflow: hidden; border: 1px solid rgba(150&comma;150&comma;150&comma;0.3); border-radius: 8px;'>   <\/div>\n<\/p><\/div>\n<p> <!-- Video 2 --> <\/p>\n<div style='flex: 1 1 300px; min-width: 280px; max-width: 400px;'>\n<div style='position: relative; padding-bottom: 56.25%; height: 0; overflow: hidden; border: 1px solid rgba(150&comma;150&comma;150&comma;0.3); border-radius: 8px;'>   <\/div>\n<\/p><\/div>\n<p> <!-- Video 3 --> <\/p>\n<div style='flex: 1 1 300px; min-width: 280px; max-width: 400px;'>\n<div style='position: relative; padding-bottom: 56.25%; height: 0; overflow: hidden; border: 1px solid rgba(150&comma;150&comma;150&comma;0.3); border-radius: 8px;'>   <\/div>\n<\/p><\/div>\n<\/p><\/div>\n<p> <!-- Botones de recursos --> <\/p>\n<div style='display: flex; flex-wrap: wrap; gap: 15px; justify-content: center; margin: 40px 0;'> <a href='https:\/\/ftp3.syscom.mx\/usuarios\/aberumen\/Streamax\/Manuales\/M1N%202.0.pdf' style='text-decoration: none;' target='_blank'> <\/p>\n<div style='padding: 12px 20px; background-color: #003366; color: white; border: 1px solid #003366; border-radius: 6px; font-weight: bold; text-align: center; flex: 1 1 200px; min-width: 180px; max-width: 250px;'> MANUAL DE USUARIO <\/div>\n<p> <\/a> <a href='https:\/\/ftp3.syscom.mx\/usuarios\/aberumen\/Streamax\/Manuales\/Lo%20que%20necesitas%20saber%20de%20XMR406NAHD.pdf' style='text-decoration: none;' target='_blank'> <\/p>\n<div style='padding: 12px 20px; background-color: #003366; color: white; border: 1px solid #003366; border-radius: 6px; font-weight: bold; text-align: center; flex: 1 1 200px; min-width: 180px; max-width: 250px;'> LO QUE NECESITAS SABER <\/div>\n<p> <\/a> <a href='[LINK%20DRIVERS]' style='text-decoration: none;' target='_blank'> <\/p>\n<div style='padding: 12px 20px; background-color: #003366; color: white; border: 1px solid #003366; border-radius: 6px; font-weight: bold; text-align: center; flex: 1 1 200px; min-width: 180px; max-width: 250px;'> DESCARGA DE DRIVERS <\/div>\n<p> <\/a> <a href='[LINK%20FICHA%20T%C3%89CNICA]' style='text-decoration: none;' target='_blank'> <\/p>\n<div style='padding: 12px 20px; background-color: #003366; color: white; border: 1px solid #003366; border-radius: 6px; font-weight: bold; text-align: center; flex: 1 1 200px; min-width: 180px; max-width: 250px;'> FICHA T\u00c9CNICA <\/div>\n<p> <\/a> <\/div>\n<p> <!-- V\u00eddeos adicionales --> <\/p>\n<div style='display: flex; flex-wrap: wrap; gap: 30px; margin-top: 40px;'> <!-- Video 1 --> <\/p>\n<div style='flex: 1 1 300px; min-width: 280px;'>\n<div style='position: relative; padding-bottom: 56.25%; height: 0; overflow: hidden; border: 1px solid rgba(150&comma;150&comma;150&comma;0.3); border-radius: 8px;'>   <\/div>\n<\/p><\/div>\n<p> <!-- Video 2 --> <\/p>\n<div style='flex: 1 1 300px; min-width: 280px;'>\n<div style='position: relative; padding-bottom: 56.25%; height: 0; overflow: hidden; border: 1px solid rgba(150&comma;150&comma;150&comma;0.3); border-radius: 8px;'>   <\/div>\n<\/p><\/div>\n<\/p><\/div>\n<p> <!-- Plataformas compatibles --> <\/p>\n<h2 style='font-size: 1.8rem; font-weight: 700; color: inherit; text-align: center; margin: 40px 0 30px;'> PLATAFORMAS COMPATIBLES <\/h2>\n<div style='width: 100%; max-width: 600px; margin: 0 auto 40px;'> <img style='width: 100%; height: auto; border: 1px solid rgba(150&comma;150&comma;150&comma;0.3); border-radius: 8px;' src='https:\/\/ftp3.syscom.mx\/usuarios\/aberumen\/Banners\/LOGOS-MOVILES.png' alt='Logos de plataformas m\u00f3viles'> <\/div>\n<\/p><\/div>\n","protected":false},"excerpt":{"rendered":"<p>Dispositivo AI Z5 para Gesti\u00f3n de Carga \/ Video Vigilancia \/ Procesador de Alta Velocidad \/ Compresi\u00f3n H.265 \/ GPS \/ 2Ch Grabaci\u00f3n 4K y 1080p \/ Tarjeta Micro SD Externa \/ Bluetooth Integrado \/ Conectividad 4G \/ Modo de Bajo Consumo<\/p>\n","protected":false},"featured_media":54561,"comment_status":"open","ping_status":"closed","template":"","meta":[],"product_brand":[],"product_cat":[1343],"product_tag":[1474,1345,1344],"class_list":{"0":"post-54562","1":"product","2":"type-product","3":"status-publish","4":"has-post-thumbnail","6":"product_cat-videograbadoras-moviles","7":"product_tag-streamax","8":"product_tag-videograbadoras-moviles","9":"product_tag-videograbadoras-moviles-y-portatiles","11":"first","12":"outofstock","13":"sale","14":"shipping-taxable","15":"purchasable","16":"product-type-simple"},"_links":{"self":[{"href":"https:\/\/soydeaqui.ddns.net\/pachuca\/index.php\/wp-json\/wp\/v2\/product\/54562","targetHints":{"allow":["GET"]}}],"collection":[{"href":"https:\/\/soydeaqui.ddns.net\/pachuca\/index.php\/wp-json\/wp\/v2\/product"}],"about":[{"href":"https:\/\/soydeaqui.ddns.net\/pachuca\/index.php\/wp-json\/wp\/v2\/types\/product"}],"replies":[{"embeddable":true,"href":"https:\/\/soydeaqui.ddns.net\/pachuca\/index.php\/wp-json\/wp\/v2\/comments?post=54562"}],"wp:featuredmedia":[{"embeddable":true,"href":"https:\/\/soydeaqui.ddns.net\/pachuca\/index.php\/wp-json\/wp\/v2\/media\/54561"}],"wp:attachment":[{"href":"https:\/\/soydeaqui.ddns.net\/pachuca\/index.php\/wp-json\/wp\/v2\/media?parent=54562"}],"wp:term":[{"taxonomy":"product_brand","embeddable":true,"href":"https:\/\/soydeaqui.ddns.net\/pachuca\/index.php\/wp-json\/wp\/v2\/product_brand?post=54562"},{"taxonomy":"product_cat","embeddable":true,"href":"https:\/\/soydeaqui.ddns.net\/pachuca\/index.php\/wp-json\/wp\/v2\/product_cat?post=54562"},{"taxonomy":"product_tag","embeddable":true,"href":"https:\/\/soydeaqui.ddns.net\/pachuca\/index.php\/wp-json\/wp\/v2\/product_tag?post=54562"}],"curies":[{"name":"wp","href":"https:\/\/api.w.org\/{rel}","templated":true}]}}