{"id":54544,"date":"2026-03-19T02:24:15","date_gmt":"2026-03-19T02:24:15","guid":{"rendered":"https:\/\/soydeaqui.ddns.net\/pachuca\/index.php\/producto\/camara-domo-de-velocidad-de-trafico-vial-ai-4-megapixeles-sensores-starlight-smart-ir-ii-lpr-y-reconocimiento-de-placas-analitica-avanzada-smart-rain-sensing-wiper-resistente-a-intemperi\/"},"modified":"2026-03-19T02:24:29","modified_gmt":"2026-03-19T02:24:29","slug":"camara-domo-de-velocidad-de-trafico-vial-ai-4-megapixeles-sensores-starlight-smart-ir-ii-lpr-y-reconocimiento-de-placas-analitica-avanzada-smart-rain-sensing-wiper-resistente-a-intemperi","status":"publish","type":"product","link":"https:\/\/soydeaqui.ddns.net\/pachuca\/index.php\/producto\/camara-domo-de-velocidad-de-trafico-vial-ai-4-megapixeles-sensores-starlight-smart-ir-ii-lpr-y-reconocimiento-de-placas-analitica-avanzada-smart-rain-sensing-wiper-resistente-a-intemperi\/","title":{"rendered":"C\u00e1mara Domo de Velocidad de Tr\u00e1fico Vial AI \/ 4 Megap\u00edxeles \/ Sensores Starlight \/ Smart IR II \/ LPR y Reconocimiento de Placas \/ Anal\u00edtica Avanzada \/ Smart Rain-Sensing Wiper \/ Resistente a Intemperie IP66 \/ Digital Zoom 16X"},"content":{"rendered":"<div style='width: 100%; max-width: 1200px; margin: 0 auto; font-family: sans-serif; line-height: 1.6; color: inherit; background-color: transparent;'> <!-- Imagen principal --> <\/p>\n<div style='width: 100%; margin-bottom: 20px;'> <img style='width: 100%; height: auto; border: 1px solid rgba(150&comma;150&comma;150&comma;0.3); border-radius: 8px;' src='https:\/\/ftp3.syscom.mx\/usuarios\/fotos\/TS4441X36RPE\/240354-img1.png' alt=''> <\/div>\n<p> <!-- T\u00edtulo principal --> <\/p>\n<div style='text-align: center; margin: 30px 0;'>\n<h2 style='font-size: 24px; color: inherit; margin: 0;'>Presentamos Milesight Intelligent Traffic<\/h2>\n<\/p><\/div>\n<p> <!-- Videos --> <\/p>\n<div style='display: flex; flex-wrap: wrap; gap: 20px; margin-bottom: 30px;'>\n<div style='flex: 1 1 300px; min-width: 280px;'>\n<div style='position: relative; padding-bottom: 56.25%; height: 0; overflow: hidden;'>   <\/div>\n<\/p><\/div>\n<div style='flex: 1 1 300px; min-width: 280px;'>\n<div style='position: relative; padding-bottom: 56.25%; height: 0; overflow: hidden;'>   <\/div>\n<\/p><\/div>\n<div style='flex: 1 1 300px; min-width: 280px;'>\n<div style='position: relative; padding-bottom: 56.25%; height: 0; overflow: hidden;'>   <\/div>\n<\/p><\/div>\n<\/p><\/div>\n<p> <!-- Secci\u00f3n de caracter\u00edsticas --> <\/p>\n<div style='background-color: #efefef; color: inherit; padding: 20px; border-radius: 8px; margin-bottom: 30px;'>\n<div style='max-width: 800px; margin: 0 auto;'>\n<h3 style='font-size: 22px; border-bottom: 2px solid currentColor; padding-bottom: 5px; margin-top: 0; margin-bottom: 15px; color: inherit; opacity: 0.8;'>Tareas flexibles de panor\u00e1mica&comma; inclinaci\u00f3n y zoom<\/h3>\n<p style='color: inherit; font-size: 15px; margin-bottom: 15px;'>La c\u00e1mara domo de velocidad Milesight ofrece rotaci\u00f3n r\u00e1pida y precisa de 360\u00b0 y 95\u00b0 de inclinaci\u00f3n para supervisar una amplia gama de territorio. El usuario puede configurar f\u00e1cilmente hasta 8 patrullas con 48 preajustes cada una y un m\u00e1ximo de 4 patrones para una monitorizaci\u00f3n completa. Adem\u00e1s&comma; puede programar tareas PTZ espec\u00edficas por fecha y hora.<\/p>\n<p> <img style='width: 100%; height: auto; border: 1px solid rgba(150&comma;150&comma;150&comma;0.3); border-radius: 8px;' src='https:\/\/ftp3.syscom.mx\/usuarios\/fotos\/TS4441X36RPE\/240354-flexible-pan-tilt-and-zoom-tasks.png' alt='C\u00e1mara Milesight'> <\/div>\n<\/p><\/div>\n<p> <!-- Zoom \u00f3ptico --> <\/p>\n<div style='position: relative; width: 100%; min-height: 400px; margin-bottom: 30px;'>\n<div style='position: absolute; top: 0; left: 0; width: 100%; height: 100%; background-image: url(https:\/\/ftp3.syscom.mx\/usuarios\/fotos\/TS4441X36RPE\/240354-36x-optical-zoom.png); background-size: cover; background-position: center; border-radius: 8px;'><\/div>\n<div style='position: relative; z-index: 2; width: 100%; height: 100%; display: flex; align-items: center; justify-content: flex-end; padding: 20px;'>\n<div style='max-width: 50%; background-color: rgba(255&comma;255&comma;255&comma;0.8); color: #000000; padding: 20px; border-radius: 8px;'>\n<h3 style='font-size: 22px; margin-top: 0; margin-bottom: 10px; color: inherit;'>Zoom \u00f3ptico de 36X<\/h3>\n<p style='color: inherit; font-size: 15px; margin-bottom: 0;'>El zoom \u00f3ptico de 36X puede acercar veh\u00edculos distantes manteniendo la claridad y brindando video de alta calidad en toda la imagen.<\/p>\n<\/p><\/div>\n<\/p><\/div>\n<\/p><\/div>\n<p> <!-- Detecci\u00f3n de infracciones --> <\/p>\n<div style='background-color: #ededed; color: inherit; padding: 20px; border-radius: 8px; margin-bottom: 30px;'>\n<div style='max-width: 800px; margin: 0 auto;'>\n<h3 style='font-size: 22px; border-bottom: 2px solid currentColor; padding-bottom: 5px; margin-top: 0; margin-bottom: 15px; color: inherit; opacity: 0.8;'>Detecci\u00f3n de infracciones de tr\u00e1fico<\/h3>\n<p style='color: inherit; font-size: 15px; margin-bottom: 15px;'>Detecta y alerta con precisi\u00f3n sobre eventos de infracci\u00f3n como detecci\u00f3n de veh\u00edculos sin matr\u00edcula&comma; detecci\u00f3n de carril espec\u00edfico&comma; detecci\u00f3n de conducci\u00f3n en reversa&comma; detecci\u00f3n de lista negra\/blanca y detecci\u00f3n de eventos de veh\u00edculos para la gesti\u00f3n del tr\u00e1fico vial de misi\u00f3n cr\u00edtica.<\/p>\n<p> <img style='width: 100%; height: auto; border: 1px solid rgba(150&comma;150&comma;150&comma;0.3); border-radius: 8px;' src='https:\/\/ftp3.syscom.mx\/usuarios\/fotos\/TS4441X36RPE\/240354-traffic-violation-detection.png' alt='C\u00e1mara Milesight'> <\/div>\n<\/p><\/div>\n<p> <!-- Estad\u00edsticas de flujo de tr\u00e1fico --> <\/p>\n<div style='background-color: #ffffff; color: inherit; padding: 20px; border-radius: 8px; margin-bottom: 30px;'>\n<div style='max-width: 800px; margin: 0 auto;'>\n<h3 style='font-size: 22px; border-bottom: 2px solid currentColor; padding-bottom: 5px; margin-top: 0; margin-bottom: 15px; color: inherit; opacity: 0.8;'>Estad\u00edsticas de flujo de tr\u00e1fico<\/h3>\n<p style='color: inherit; font-size: 15px; margin-bottom: 15px;'>El resultado del conteo de veh\u00edculos basado en el tipo de veh\u00edculo y varias caracter\u00edsticas del veh\u00edculo se puede mostrar de manera intuitiva en la vista en vivo de la c\u00e1mara y la c\u00e1mara tambi\u00e9n puede generar informes \u00fatiles para mejorar a\u00fan m\u00e1s las capacidades de gesti\u00f3n del tr\u00e1fico.<\/p>\n<p> <img style='width: 100%; height: auto; border: 1px solid rgba(150&comma;150&comma;150&comma;0.3); border-radius: 8px;' src='https:\/\/ftp3.syscom.mx\/usuarios\/fotos\/TS4466X4RPE\/240252-traffic-flow-statistics.png' alt='C\u00e1mara Milesight'> <\/div>\n<\/p><\/div>\n<p> <!-- Conexi\u00f3n de la c\u00e1mara de evidencia --> <\/p>\n<div style='position: relative; width: 100%; min-height: 400px; margin-bottom: 30px;'>\n<div style='position: absolute; top: 0; left: 0; width: 100%; height: 100%; background-image: url(https:\/\/ftp3.syscom.mx\/usuarios\/fotos\/TS4466X4RPE\/240252-evidence-camera-linkage-background.png); background-size: cover; background-position: center; border-radius: 8px;'><\/div>\n<div style='position: relative; z-index: 2; width: 100%; height: 100%; display: flex; align-items: center; padding: 20px;'>\n<div style='max-width: 50%; background-color: rgba(255&comma;255&comma;255&comma;0.8); color: #000000; padding: 20px; border-radius: 8px;'>\n<h3 style='font-size: 22px; margin-top: 0; margin-bottom: 10px; color: inherit;'>Conexi\u00f3n de la c\u00e1mara de evidencia<\/h3>\n<p style='color: inherit; font-size: 15px; margin-bottom: 0;'>Adem\u00e1s del reconocimiento de caracter\u00edsticas del veh\u00edculo y matr\u00edculas&comma; la C\u00e1mara de Tr\u00e1fico con IA Milesight se conecta con cualquier c\u00e1mara est\u00e1ndar para capturar evidencia. Gracias a la sincronizaci\u00f3n fluida entre la c\u00e1mara y la c\u00e1mara est\u00e1ndar&comma; los usuarios pueden proporcionar f\u00e1cilmente evidencia s\u00f3lida y convincente&comma; incluyendo resultados de LPR e instant\u00e1neas generales.<\/p>\n<\/p><\/div>\n<div style='max-width: 45%; flex: 1 1 auto; padding-left: 20px;'> <img style='width: 100%; height: auto; border-radius: 8px;' src='https:\/\/ftp3.syscom.mx\/usuarios\/fotos\/TS4466X4RPE\/240252-evidence-camera-linkage.png' alt='Smart IR II'> <\/div>\n<\/p><\/div>\n<\/p><\/div>\n<p> <!-- B\u00fasqueda inteligente de LPR --> <\/p>\n<div style='background-color: #ffffff; color: inherit; padding: 20px; border-radius: 8px; margin-bottom: 30px;'>\n<div style='max-width: 800px; margin: 0 auto;'>\n<h3 style='font-size: 22px; border-bottom: 2px solid currentColor; padding-bottom: 5px; margin-top: 0; margin-bottom: 15px; color: inherit; opacity: 0.8;'>B\u00fasqueda inteligente de LPR<\/h3>\n<p style='color: inherit; font-size: 15px; margin-bottom: 15px;'>Se pueden encontrar videos relevantes r\u00e1pidamente buscando solo una parte de las caracter\u00edsticas del veh\u00edculo sospechoso&comma; como la marca&comma; el tipo y el color&comma; el color y el n\u00famero de matr\u00edcula&comma; la direcci\u00f3n&comma; etc.&comma; lo que garantiza una investigaci\u00f3n eficiente de los eventos y un monitoreo inteligente del tr\u00e1fico vial. Tambi\u00e9n admite la exportaci\u00f3n manual y autom\u00e1tica para una gesti\u00f3n sencilla.<\/p>\n<p> <img style='width: 100%; height: auto; border: 1px solid rgba(150&comma;150&comma;150&comma;0.3); border-radius: 8px;' src='https:\/\/ftp3.syscom.mx\/usuarios\/fotos\/TS4466X4RPE\/240252-lpr-smart-search-1.png' alt='C\u00e1mara Milesight'> <\/div>\n<\/p><\/div>\n<p> <!-- Gesti\u00f3n de datos de placas --> <\/p>\n<div style='background-color: #ededed; color: inherit; padding: 20px; border-radius: 8px; margin-bottom: 30px;'>\n<div style='max-width: 1000px; margin: 0 auto;'>\n<h3 style='font-size: 22px; border-bottom: 2px solid currentColor; padding-bottom: 5px; margin-top: 0; margin-bottom: 30px; color: inherit; opacity: 0.8;'>Gesti\u00f3n de datos de placas<\/h3>\n<p style='color: inherit; font-size: 15px; margin-bottom: 30px;'>Una serie de opciones para garantizar la potente gesti\u00f3n de datos de placas y la implementaci\u00f3n flexible de los sistemas de tr\u00e1fico Milesight.<\/p>\n<div style='display: flex; flex-wrap: wrap; gap: 20px;'>\n<div style='flex: 1 1 250px; min-width: 220px; background-color: #ffffff; border: 1px solid rgba(150&comma;150&comma;150&comma;0.3); border-radius: 8px; overflow: hidden;'>\n<div style='padding: 15px; border-bottom: 1px solid rgba(150&comma;150&comma;150&comma;0.2); font-weight: bold; font-size: 18px; color: inherit;'>Gesti\u00f3n de placas en el borde<\/div>\n<div style='padding: 15px; color: inherit;'>\n<p style='font-size: 14px; margin: 0;'>La gesti\u00f3n independiente de listas blancas y negras permite una r\u00e1pida implementaci\u00f3n del control de barreras.<\/p>\n<\/p><\/div>\n<\/p><\/div>\n<div style='flex: 1 1 250px; min-width: 220px; background-color: #ffffff; border: 1px solid rgba(150&comma;150&comma;150&comma;0.3); border-radius: 8px; overflow: hidden;'>\n<div style='padding: 15px; border-bottom: 1px solid rgba(150&comma;150&comma;150&comma;0.2); font-weight: bold; font-size: 18px; color: inherit;'>Integraci\u00f3n de back-ends de Milesight<\/div>\n<div style='padding: 15px; color: inherit;'>\n<p style='font-size: 14px; margin: 0;'>Trabaje bien con los back-end propios de Milesight&comma; incluidos NVR&comma; CMS y VMS Enterprise&comma; para soluciones de tr\u00e1fico cerradas.<\/p>\n<\/p><\/div>\n<\/p><\/div>\n<div style='flex: 1 1 250px; min-width: 220px; background-color: #ffffff; border: 1px solid rgba(150&comma;150&comma;150&comma;0.3); border-radius: 8px; overflow: hidden;'>\n<div style='padding: 15px; border-bottom: 1px solid rgba(150&comma;150&comma;150&comma;0.2); font-weight: bold; font-size: 18px; color: inherit;'>Integraci\u00f3n de VMS de terceros<\/div>\n<div style='padding: 15px; color: inherit;'>\n<p style='font-size: 14px; margin: 0;'>Interfaces CGI\/API&comma; protocolos como TCP y HTTP facilitan la integraci\u00f3n con VMS y plataformas de terceros.<\/p>\n<\/p><\/div>\n<\/p><\/div>\n<\/p><\/div>\n<div style='margin-top: 30px; text-align: center;'> <img style='width: 100%; max-width: 600px; height: auto; border: 1px solid rgba(150&comma;150&comma;150&comma;0.3); border-radius: 8px;' src='https:\/\/ftp3.syscom.mx\/usuarios\/fotos\/TS4466X4RPE\/240252-plate-data-management.png' alt='Gesti\u00f3n de placas'> <\/div>\n<\/p><\/div>\n<\/p><\/div>\n<p> <!-- Algoritmo LPR inteligente --> <\/p>\n<div style='position: relative; width: 100%; min-height: 400px; margin-bottom: 30px;'>\n<div style='position: absolute; top: 0; left: 0; width: 100%; height: 100%; background-image: url(https:\/\/ftp3.syscom.mx\/usuarios\/fotos\/TS4441X36RPE\/240354-intelligent-ai-powered-lpr-algorithm.png); background-size: cover; background-position: center; border-radius: 8px;'><\/div>\n<div style='position: relative; z-index: 2; width: 100%; height: 100%; display: flex; align-items: center; padding: 20px;'>\n<div style='max-width: 50%; background-color: rgba(255&comma;255&comma;255&comma;0.8); color: #000000; padding: 20px; border-radius: 8px;'>\n<h3 style='font-size: 22px; margin-top: 0; margin-bottom: 10px; color: inherit;'>Algoritmo LPR inteligente impulsado por IA<\/h3>\n<p style='color: inherit; font-size: 15px; margin-bottom: 0;'>Basada en un algoritmo de IA&comma; la funci\u00f3n LPR proporciona datos de valor a\u00f1adido mediante un modelo de aprendizaje profundo preentrenado y algoritmos que se entrenan continuamente de forma autom\u00e1tica. La c\u00e1mara de tr\u00e1fico vial con IA Milesight no solo reconoce matr\u00edculas de veh\u00edculos en tiempo real&comma; sino que tambi\u00e9n identifica diversas caracter\u00edsticas del veh\u00edculo&comma; como el tipo&comma; la marca&comma; el color&comma; etc.&comma; generando informaci\u00f3n fiable sobre el tr\u00e1fico para mejorar la seguridad y la movilidad.<\/p>\n<\/p><\/div>\n<\/p><\/div>\n<\/p><\/div>\n<p> <!-- Limpiaparabrisas inteligente --> <\/p>\n<div style='display: flex; flex-wrap: wrap; gap: 30px; margin-bottom: 30px;'>\n<div style='flex: 1 1 300px; min-width: 280px; display: flex; align-items: center;'>\n<div style='color: inherit;'>\n<h3 style='font-size: 22px; margin-top: 0; margin-bottom: 10px; color: inherit;'>Limpiaparabrisas inteligente con sensor de lluvia (opcional)<\/h3>\n<p style='font-size: 15px; color: inherit;'>El sensor de lluvia detecta la lluvia y permite un control m\u00e1s inteligente del limpiaparabrisas. La velocidad y la frecuencia del limpiaparabrisas se ajustan autom\u00e1ticamente seg\u00fan la lluvia. Gracias al limpiaparabrisas con sensor de lluvia inteligente&comma; la c\u00e1mara domo de velocidad Milesight limpia el agua de lluvia autom\u00e1ticamente&comma; ofreciendo im\u00e1genes n\u00edtidas incluso en d\u00edas lluviosos.<\/p>\n<\/p><\/div>\n<\/p><\/div>\n<div style='flex: 1 1 300px; min-width: 280px;'> <img style='width: 100%; height: auto; border: 1px solid rgba(150&comma;150&comma;150&comma;0.3); border-radius: 8px;' src='https:\/\/ftp3.syscom.mx\/usuarios\/fotos\/TS4441X36RPE\/240354-rain-sensing-wiper.png' alt=''> <\/div>\n<\/p><\/div>\n<p> <!-- Posicionamiento 3D --> <\/p>\n<div style='position: relative; width: 100%; min-height: 440px; margin-bottom: 30px;'>\n<div style='position: absolute; top: 0; left: 0; width: 100%; height: 100%; background-image: url(https:\/\/ftp3.syscom.mx\/usuarios\/fotos\/MSC5361X12PE\/240177-7bg.png); background-size: cover; background-position: center; border-radius: 8px;'><\/div>\n<div style='position: relative; z-index: 2; width: 100%; height: 100%; display: flex; align-items: center; padding: 20px;'>\n<div style='flex: 1 1 400px; min-width: 280px; background-color: rgba(255&comma;255&comma;255&comma;0.8); color: #000000; padding: 20px; border-radius: 8px;'>\n<h3 style='font-size: 22px; margin-top: 0; margin-bottom: 10px; color: inherit;'>Posicionamiento 3D<\/h3>\n<p style='font-size: 15px; color: inherit; margin-bottom: 0;'>Gracias a un sistema operativo integral&comma; las c\u00e1maras PTZ Milesight se controlan f\u00e1cilmente. Para monitorear la regi\u00f3n de inter\u00e9s con m\u00e1s detalle&comma; los operadores pueden ajustar el \u00e1ngulo de visi\u00f3n y el zoom de las c\u00e1maras con solo usar el rat\u00f3n.<\/p>\n<\/p><\/div>\n<div style='flex: 1 1 400px; min-width: 280px; padding-left: 20px;'> <img style='width: 100%; height: auto; border-radius: 8px;' src='https:\/\/ftp3.syscom.mx\/usuarios\/fotos\/TS4467X20RPE\/240349-3d-positioning.png' alt='Posicionamiento 3D'> <\/div>\n<\/p><\/div>\n<\/p><\/div>\n<p> <!-- Calidad de imagen superior --> <\/p>\n<div style='position: relative; width: 100%; min-height: 400px; margin-bottom: 30px; background-color: #efefef; border-radius: 8px;'>\n<div style='width: 100%; height: 100%; display: flex; align-items: center; padding: 20px;'>\n<div style='flex: 1 1 400px; min-width: 280px; background-color: rgba(255&comma;255&comma;255&comma;0.8); color: #000000; padding: 20px; border-radius: 8px;'>\n<h3 style='font-size: 22px; margin-top: 0; margin-bottom: 10px; color: inherit;'>Calidad de imagen superior<\/h3>\n<p style='font-size: 15px; color: inherit; margin-bottom: 0;'>Gracias a sus avanzados algoritmos de procesamiento de im\u00e1genes y al sensor SONY STARVIS&comma; logra un excelente rendimiento de imagen&comma; incluso en condiciones de iluminaci\u00f3n dif\u00edciles. Sus caracter\u00edsticas de 0&comma;002 lux en condiciones de luz ultrabaja&comma; alta frecuencia de imagen de 90 fps y Super WDR de 140 dB la hacen ideal para la monitorizaci\u00f3n del tr\u00e1fico 24\/7.<\/p>\n<\/p><\/div>\n<div style='flex: 1 1 400px; min-width: 280px; padding-left: 20px;'> <img style='width: 100%; height: auto; border-radius: 8px;' src='https:\/\/ftp3.syscom.mx\/usuarios\/fotos\/TS4467X20RPE\/240349-intento1.gif' alt='Smart IR II'> <\/div>\n<\/p><\/div>\n<\/p><\/div>\n<p> <!-- Protecci\u00f3n IP66 e IK10 --> <\/p>\n<div style='position: relative; width: 100%; min-height: 400px; margin-bottom: 30px;'>\n<div style='position: absolute; top: 0; left: 0; width: 100%; height: 100%; background-image: url(https:\/\/ftp3.syscom.mx\/usuarios\/fotos\/TS4441X36RPE\/240354-ip66-ik10-2.png); background-size: cover; background-position: center; border-radius: 8px;'><\/div>\n<div style='position: relative; z-index: 2; width: 100%; height: 100%; display: flex; align-items: center; padding: 20px;'>\n<div style='max-width: 50%; background-color: rgba(255&comma;255&comma;255&comma;0.8); color: #000000; padding: 20px; border-radius: 8px;'>\n<h3 style='font-size: 22px; margin-top: 0; margin-bottom: 10px; color: inherit;'>IP66 e IK10 (opcional para IK10)<\/h3>\n<p style='font-size: 15px; color: inherit; margin-bottom: 10px;'>Equipada con protecci\u00f3n contra la intemperie con clasificaci\u00f3n IP66 l\u00edder en la industria y protecci\u00f3n contra vandalismo con clasificaci\u00f3n IK10&comma; la c\u00e1mara est\u00e1 bien protegida contra impactos adversos para garantizar un rendimiento s\u00f3lido.<\/p>\n<p style='font-size: 14px; color: inherit; margin: 0;'>*lK10 es opcional para versiones sin limpiaparabrisas.<\/p>\n<\/p><\/div>\n<\/p><\/div>\n<\/p><\/div>\n<p> <!-- F\u00e1cil implementaci\u00f3n y estructura compacta --> <\/p>\n<div style='background-color: #ffffff; color: inherit; padding: 20px; border-radius: 8px; margin-bottom: 30px;'>\n<div style='max-width: 800px; margin: 0 auto;'>\n<h3 style='font-size: 22px; border-bottom: 2px solid currentColor; padding-bottom: 5px; margin-top: 0; margin-bottom: 15px; color: inherit; opacity: 0.8;'>F\u00e1cil implementaci\u00f3n y estructura compacta<\/h3>\n<p style='color: inherit; font-size: 15px; margin-bottom: 15px;'>La c\u00e1mara domo de velocidad con IA para tr\u00e1fico vial cuenta con un lente de enfoque autom\u00e1tico de 36X&comma; un limpiaparabrisas inteligente con sensor de lluvia y un ventilador integrado para garantizar un rendimiento superior y robusto en situaciones de tr\u00e1fico. Adem\u00e1s&comma; la caja de conexiones integrada facilita la instalaci\u00f3n de la c\u00e1mara incluso en entornos complejos.<\/p>\n<p> <img style='width: 100%; height: auto; border: 1px solid rgba(150&comma;150&comma;150&comma;0.3); border-radius: 8px;' src='https:\/\/ftp3.syscom.mx\/usuarios\/fotos\/TS4441X36RPE\/240354-structure-design.png' alt='C\u00e1mara Milesight'> <\/div>\n<\/p><\/div>\n<p> <!-- Accesorios opcionales --> <\/p>\n<div style='background-color: #efefef; color: inherit; padding: 20px; border-radius: 8px; margin-bottom: 30px;'>\n<div style='display: flex; flex-wrap: wrap; gap: 30px; align-items: center;'>\n<div style='flex: 1 1 300px; min-width: 280px; display: flex; align-items: center;'>\n<div style='color: inherit;'>\n<h3 style='font-size: 22px; margin-top: 0; margin-bottom: 10px; color: inherit;'>Varios accesorios opcionales<\/h3>\n<p style='font-size: 15px; color: inherit;'>Hay varios accesorios disponibles para satisfacer diferentes necesidades de instalaci\u00f3n&comma; como montaje colgante o montaje en pared&comma; logrando una instalaci\u00f3n sin complicaciones para proyectos de tr\u00e1fico.<\/p>\n<\/p><\/div>\n<\/p><\/div>\n<div style='flex: 1 1 300px; min-width: 280px;'> <img style='width: 100%; height: auto; border: 1px solid rgba(150&comma;150&comma;150&comma;0.3); border-radius: 8px;' src='https:\/\/ftp3.syscom.mx\/usuarios\/fotos\/TS4441X36RPE\/240354-various-accessories-optional.png' alt=''> <\/div>\n<\/p><\/div>\n<\/p><\/div>\n<\/p><\/div>\n","protected":false},"excerpt":{"rendered":"<p>C\u00e1mara Domo de Velocidad de Tr\u00e1fico Vial AI \/ 4 Megap\u00edxeles \/ Sensores Starlight \/ Smart IR II \/ LPR y Reconocimiento de Placas \/ Anal\u00edtica Avanzada \/ Smart Rain-Sensing Wiper \/ Resistente a Intemperie IP66 \/ Digital Zoom 16X<\/p>\n","protected":false},"featured_media":54543,"comment_status":"open","ping_status":"closed","template":"","meta":[],"product_brand":[],"product_cat":[438],"product_tag":[439,122,1455],"class_list":{"0":"post-54544","1":"product","2":"type-product","3":"status-publish","4":"has-post-thumbnail","6":"product_cat-bala","7":"product_tag-bala","8":"product_tag-camaras-ip-y-nvrs","9":"product_tag-milesight","11":"first","12":"outofstock","13":"sale","14":"shipping-taxable","15":"purchasable","16":"product-type-simple"},"_links":{"self":[{"href":"https:\/\/soydeaqui.ddns.net\/pachuca\/index.php\/wp-json\/wp\/v2\/product\/54544","targetHints":{"allow":["GET"]}}],"collection":[{"href":"https:\/\/soydeaqui.ddns.net\/pachuca\/index.php\/wp-json\/wp\/v2\/product"}],"about":[{"href":"https:\/\/soydeaqui.ddns.net\/pachuca\/index.php\/wp-json\/wp\/v2\/types\/product"}],"replies":[{"embeddable":true,"href":"https:\/\/soydeaqui.ddns.net\/pachuca\/index.php\/wp-json\/wp\/v2\/comments?post=54544"}],"wp:featuredmedia":[{"embeddable":true,"href":"https:\/\/soydeaqui.ddns.net\/pachuca\/index.php\/wp-json\/wp\/v2\/media\/54543"}],"wp:attachment":[{"href":"https:\/\/soydeaqui.ddns.net\/pachuca\/index.php\/wp-json\/wp\/v2\/media?parent=54544"}],"wp:term":[{"taxonomy":"product_brand","embeddable":true,"href":"https:\/\/soydeaqui.ddns.net\/pachuca\/index.php\/wp-json\/wp\/v2\/product_brand?post=54544"},{"taxonomy":"product_cat","embeddable":true,"href":"https:\/\/soydeaqui.ddns.net\/pachuca\/index.php\/wp-json\/wp\/v2\/product_cat?post=54544"},{"taxonomy":"product_tag","embeddable":true,"href":"https:\/\/soydeaqui.ddns.net\/pachuca\/index.php\/wp-json\/wp\/v2\/product_tag?post=54544"}],"curies":[{"name":"wp","href":"https:\/\/api.w.org\/{rel}","templated":true}]}}