{"id":54535,"date":"2026-03-19T02:23:58","date_gmt":"2026-03-19T02:23:58","guid":{"rendered":"https:\/\/soydeaqui.ddns.net\/pachuca\/index.php\/producto\/sensor-detector-de-personas-caidas-lorawan\/"},"modified":"2026-03-19T02:24:03","modified_gmt":"2026-03-19T02:24:03","slug":"sensor-detector-de-personas-caidas-lorawan","status":"publish","type":"product","link":"https:\/\/soydeaqui.ddns.net\/pachuca\/index.php\/producto\/sensor-detector-de-personas-caidas-lorawan\/","title":{"rendered":"Sensor detector de personas ca\u00eddas LORAWAN\u00ae"},"content":{"rendered":"<div style='width: 100%; max-width: 1200px; margin: 0 auto; font-family: sans-serif; line-height: 1.6; color: inherit; background-color: transparent;'> <!-- Imagen principal --> <\/p>\n<div style='width: 100%; margin-bottom: 30px;'> <img style='width: 100%; height: auto; border: 1px solid rgba(150&comma;150&comma;150&comma;0.3); border-radius: 8px;' src='https:\/\/ftp3.syscom.mx\/usuarios\/fotos\/VS373915M\/239880-img1.png' alt='Sensor detector de personas ca\u00eddas LORAWAN\u00ae VS373915M'> <\/div>\n<p> <!-- Descripci\u00f3n general --> <\/p>\n<div style='margin-bottom: 30px;'>\n<div style='display: flex; flex-wrap: wrap; justify-content: center;'>\n<div style='flex: 1 1 600px; max-width: 800px; font-size: 15px;'>\n<p>VS373 garantiza una monitorizaci\u00f3n estable y sin contacto&comma; detectando instant\u00e1neamente ca\u00eddas y otros movimientos anormales cuando el individuo est\u00e1 solo. Esto contribuye a lograr una atenci\u00f3n m\u00e9dica inteligente y al desarrollo de soluciones integrales de atenci\u00f3n a personas mayores.<\/p>\n<p><small style='color: #0299f4; color: inherit; opacity: 0.8;'>Aviso: El cable lateral del VS373 no es extra\u00edble. La siguiente ilustraci\u00f3n muestra el aspecto despu\u00e9s de la instalaci\u00f3n&comma; con el cable lateral oculto.<\/small><\/p>\n<\/p><\/div>\n<\/p><\/div>\n<\/p><\/div>\n<p> <!-- Videos --> <\/p>\n<div style='margin-bottom: 30px;'>\n<div style='display: flex; flex-wrap: wrap; gap: 20px;'>\n<div style='flex: 1 1 400px; position: relative; padding-bottom: 56.25%; height: 0; overflow: hidden;'>   <\/div>\n<div style='flex: 1 1 400px; position: relative; padding-bottom: 56.25%; height: 0; overflow: hidden;'>   <\/div>\n<\/p><\/div>\n<\/p><\/div>\n<p> <!-- Secci\u00f3n con fondo de imagen 1 --> <\/p>\n<div style='position: relative; width: 100%; min-height: 400px; margin-bottom: 30px; background-image: url('https:\/\/ftp3.syscom.mx\/usuarios\/fotos\/VS373915M\/239880-cutting-edge-4d-radar-fall-detection.jpg'); background-size: cover; background-position: center; border-radius: 8px; overflow: hidden;'>\n<div style='position: absolute; top: 0; left: 0; width: 100%; height: 100%; background-color: rgba(0&comma; 0&comma; 0&comma; 0.5); z-index: 1;'><\/div>\n<div style='position: relative; z-index: 2; display: flex; align-items: center; justify-content: flex-end; height: 100%; padding: 2rem;'>\n<div style='max-width: 50%;'>\n<h2 style='font-size: 24px; margin-top: 0; color: inherit;'>Detecci\u00f3n de ca\u00eddas de vanguardia<\/h2>\n<p style='font-size: 15px; color: inherit;'>\u00bfBusca un dispositivo inteligente para garantizar la seguridad en emergencias? Le presentamos Milesight VS373&comma; un detector de ca\u00eddas inteligente para atenci\u00f3n m\u00e9dica y de personas mayores. <span style='color: #0299f4; color: inherit; opacity: 0.8;'>Con tecnolog\u00eda avanzada de radar 4D de ondas milim\u00e9tricas de 60 GHz<\/span>&comma; que garantiza precisi\u00f3n y fiabilidad superiores incluso con obst\u00e1culos&comma; e inteligencia artificial&comma; ofrece monitoreo de ca\u00eddas sin contacto y con alta privacidad&comma; con una precisi\u00f3n del 99 %.<\/p>\n<\/p><\/div>\n<\/p><\/div>\n<\/p><\/div>\n<p> <!-- Secci\u00f3n con fondo de imagen 2 --> <\/p>\n<div style='position: relative; width: 100%; min-height: 400px; margin-bottom: 30px; background-image: url('https:\/\/ftp3.syscom.mx\/usuarios\/fotos\/VS373915M\/239880-user-friendly-configuration-intuitive-controls.jpg'); background-size: cover; background-position: center; border-radius: 8px; overflow: hidden;'>\n<div style='position: absolute; top: 0; left: 0; width: 100%; height: 100%; background-color: rgba(0&comma; 0&comma; 0&comma; 0.5); z-index: 1;'><\/div>\n<div style='position: relative; z-index: 2; display: flex; align-items: center; justify-content: flex-start; height: 100%; padding: 2rem;'>\n<div style='max-width: 50%;'>\n<h2 style='font-size: 24px; margin-top: 0; color: inherit;'>Ideal para el cuidado de personas mayores e instalaciones m\u00e9dicas.<\/h2>\n<p style='font-size: 15px; color: inherit;'>El VS373 es compatible con numerosas plataformas inteligentes. Ideal para <span style='color: #0299f4; color: inherit; opacity: 0.8;'>habitaciones de residencias de ancianos&comma; salas de hospital&comma; ba\u00f1os p\u00fablicos inteligentes y ba\u00f1os accesibles&comma;<\/span> el VS373 mejora los sistemas de alarma tradicionales&comma; brindando seguridad y tranquilidad excepcionales&comma; y protegiendo a las personas con movilidad reducida cuando est\u00e1n solas.<\/p>\n<\/p><\/div>\n<\/p><\/div>\n<\/p><\/div>\n<p> <!-- Secci\u00f3n con fondo de imagen 3 y columnas --> <\/p>\n<div style='position: relative; width: 100%; min-height: 480px; margin-bottom: 30px; background-image: url('https:\/\/ftp3.syscom.mx\/usuarios\/fotos\/VS373915M\/239880-practical-applications-of-occupancy-sensors.jpg'); background-size: cover; background-position: center; border-radius: 8px; overflow: hidden;'>\n<div style='position: absolute; top: 0; left: 0; width: 100%; height: 100%; background-color: rgba(0&comma; 0&comma; 0&comma; 0.5); z-index: 1;'><\/div>\n<div style='position: absolute; top: 60px; width: 100%; text-align: center; z-index: 2;'>\n<h2 style='font-size: 24px; font-weight: bold; color: inherit;'>Detecci\u00f3n y alerta avanzada de ca\u00eddas<\/h2>\n<\/p><\/div>\n<div style='position: absolute; bottom: 20px; width: 100%; padding: 0 6rem; z-index: 2;'>\n<div style='display: flex; justify-content: space-between; align-items: flex-end;'> <!-- Columna 1 --> <\/p>\n<div style='width: 30%; text-align: center;'>\n<p style='padding: 1.5rem; border-radius: 8px; background-color: rgba(255&comma; 255&comma; 255&comma; 0.1); color: inherit;'> <strong>Fase de confirmaci\u00f3n:<\/strong><br \/>Si se detecta una ca\u00edda&comma; una luz roja parpadear\u00e1 lentamente. <\/p>\n<\/p><\/div>\n<p> <!-- Columna 2 --> <\/p>\n<div style='width: 30%; text-align: center;'>\n<p style='padding: 1.5rem; border-radius: 8px; background-color: rgba(255&comma; 255&comma; 255&comma; 0.1); color: inherit;'> <strong>Primera alerta:<\/strong><br \/>Si se confirma la ca\u00edda&comma; la luz roja parpadear\u00e1 r\u00e1pidamente y sonar\u00e1 un zumbido. Transcurrido el tiempo de retardo de informe de ca\u00edda configurado por el usuario&comma; se informar\u00e1 del incidente. <\/p>\n<\/p><\/div>\n<p> <!-- Columna 3 --> <\/p>\n<div style='width: 30%; text-align: center;'>\n<p style='padding: 1.5rem; border-radius: 8px; background-color: rgba(255&comma; 255&comma; 255&comma; 0.1); color: inherit;'> <strong>Alerta de emergencia:<\/strong><br \/>Una vez enviada la alerta&comma; la alerta en el sitio continuar\u00e1 por un breve per\u00edodo antes de detenerse. <\/p>\n<\/p><\/div>\n<\/p><\/div>\n<\/p><\/div>\n<\/p><\/div>\n<\/p><\/div>\n","protected":false},"excerpt":{"rendered":"<p>Sensor detector de personas ca\u00eddas LORAWAN\u00ae<\/p>\n","protected":false},"featured_media":54534,"comment_status":"open","ping_status":"closed","template":"","meta":[],"product_brand":[],"product_cat":[1436],"product_tag":[1437,1455,1438],"class_list":{"0":"post-54535","1":"product","2":"type-product","3":"status-publish","4":"has-post-thumbnail","6":"product_cat-sensores-tags","7":"product_tag-lorawan","8":"product_tag-milesight","9":"product_tag-sensores-tags","11":"first","12":"instock","13":"sale","14":"shipping-taxable","15":"purchasable","16":"product-type-simple"},"_links":{"self":[{"href":"https:\/\/soydeaqui.ddns.net\/pachuca\/index.php\/wp-json\/wp\/v2\/product\/54535","targetHints":{"allow":["GET"]}}],"collection":[{"href":"https:\/\/soydeaqui.ddns.net\/pachuca\/index.php\/wp-json\/wp\/v2\/product"}],"about":[{"href":"https:\/\/soydeaqui.ddns.net\/pachuca\/index.php\/wp-json\/wp\/v2\/types\/product"}],"replies":[{"embeddable":true,"href":"https:\/\/soydeaqui.ddns.net\/pachuca\/index.php\/wp-json\/wp\/v2\/comments?post=54535"}],"wp:featuredmedia":[{"embeddable":true,"href":"https:\/\/soydeaqui.ddns.net\/pachuca\/index.php\/wp-json\/wp\/v2\/media\/54534"}],"wp:attachment":[{"href":"https:\/\/soydeaqui.ddns.net\/pachuca\/index.php\/wp-json\/wp\/v2\/media?parent=54535"}],"wp:term":[{"taxonomy":"product_brand","embeddable":true,"href":"https:\/\/soydeaqui.ddns.net\/pachuca\/index.php\/wp-json\/wp\/v2\/product_brand?post=54535"},{"taxonomy":"product_cat","embeddable":true,"href":"https:\/\/soydeaqui.ddns.net\/pachuca\/index.php\/wp-json\/wp\/v2\/product_cat?post=54535"},{"taxonomy":"product_tag","embeddable":true,"href":"https:\/\/soydeaqui.ddns.net\/pachuca\/index.php\/wp-json\/wp\/v2\/product_tag?post=54535"}],"curies":[{"name":"wp","href":"https:\/\/api.w.org\/{rel}","templated":true}]}}