{"id":54532,"date":"2026-03-19T02:23:53","date_gmt":"2026-03-19T02:23:53","guid":{"rendered":"https:\/\/soydeaqui.ddns.net\/pachuca\/index.php\/producto\/sensor-ultrasonico-de-distancia-con-lorawan-3\/"},"modified":"2026-03-19T02:23:56","modified_gmt":"2026-03-19T02:23:56","slug":"sensor-ultrasonico-de-distancia-con-lorawan-3","status":"publish","type":"product","link":"https:\/\/soydeaqui.ddns.net\/pachuca\/index.php\/producto\/sensor-ultrasonico-de-distancia-con-lorawan-3\/","title":{"rendered":"Sensor Ultras\u00f3nico de Distancia con LoRaWAN"},"content":{"rendered":"<div style='width: 100%; max-width: 1200px; margin: 0 auto; font-family: sans-serif; line-height: 1.6; color: inherit; background-color: transparent;'>\n<div style='display: flex; flex-direction: column; align-items: center; margin-bottom: 30px;'> <img style='width: 100%; max-width: 600px; height: auto; border: 1px solid rgba(150&comma;150&comma;150&comma;0.3); border-radius: 8px;' src='https:\/\/ftp3.syscom.mx\/usuarios\/fotos\/EM400MUD915M\/239874-img1.png' alt='Sensor Ultras\u00f3nico de Distancia EM400MUD915M'> <\/div>\n<div style='margin: 30px 0;'>\n<h2 style='font-size: 24px; text-align: center; margin: 0 0 20px; color: inherit;'>Conozca nuestra potente y vers\u00e1til serie EM400<\/h2>\n<\/p><\/div>\n<div style='position: relative; padding-bottom: 56.25%; height: 0; overflow: hidden; margin: 30px 0;'>   <\/div>\n<div style='position: relative; width: 100%; min-height: 400px; background-image: url('https:\/\/ftp3.syscom.mx\/usuarios\/fotos\/EM400MUD915M\/239874-em400-mud-small-blind-spot.jpg'); background-size: cover; background-position: center; display: flex; align-items: center; justify-content: center; margin: 30px 0;'>\n<div style='position: relative; z-index: 2; padding: 2rem; max-width: 50%; text-align: center;'>\n<h2 style='font-size: 22px; margin: 0 0 15px; color: inherit; font-weight: bold;'>Detecci\u00f3n ultras\u00f3nica de distancia de punto ciego peque\u00f1o<\/h2>\n<p style='margin: 0; color: inherit;'>El EM400-MUD utiliza detecci\u00f3n de distancia ultras\u00f3nica&comma; lo que permite una medici\u00f3n m\u00e1s precisa y un \u00e1ngulo muerto reducido. Sus mediciones precisas lo convierten en el dispositivo ideal para diversas aplicaciones&comma; desde la monitorizaci\u00f3n de contenedores de basura hasta la gesti\u00f3n de estacionamientos.<\/p>\n<\/p><\/div>\n<\/p><\/div>\n<div style='margin: 30px 0;'>\n<h2 style='font-size: 24px; text-align: center; margin: 0 0 20px; color: inherit;'>Aplicaciones vers\u00e1tiles<\/h2>\n<\/p><\/div>\n<div style='display: flex; flex-wrap: wrap; margin: 30px 0;'>\n<div style='position: relative; width: 100%; min-height: 500px; background-image: url('https:\/\/ftp3.syscom.mx\/usuarios\/fotos\/EM400MUD915M\/239874-em400-mud-smart-parking.png'); background-size: cover; background-position: center; display: flex; align-items: center;'>\n<div style='background: rgba(255&comma; 255&comma; 255&comma; 0.9); padding: 2rem; max-width: 40%; margin-left: 5%;'>\n<h2 style='font-size: 22px; margin: 0 0 15px; color: inherit;'>Estacionamiento inteligente<\/h2>\n<p style='margin: 0 0 15px; color: inherit;'>EM400-MUD detecta la ocupaci\u00f3n del espacio de estacionamiento utilizando ondas de sonido de alta frecuencia para generar informes oportunos de veh\u00edculos entrantes y salientes&comma; lo que garantiza que el estado de ocupaci\u00f3n del espacio de estacionamiento est\u00e9 actualizado y sea confiable.<\/p>\n<p style='margin: 0 0 15px; color: inherit;'>Con la integraci\u00f3n con la plataforma en la nube&comma; EM400-MUD proporciona una experiencia de estacionamiento fluida y sin complicaciones para los conductores&comma; y adem\u00e1s permite a los administradores de estacionamiento analizar y optimizar las operaciones de estacionamiento para lograr una mayor eficiencia.<\/p>\n<p style='margin: 0; color: inherit; font-style: italic;'>*El modo de estacionamiento solo est\u00e1 disponible en la versi\u00f3n LoRaWAN\u00ae.<\/p>\n<\/p><\/div>\n<\/p><\/div>\n<\/p><\/div>\n<div style='display: flex; flex-wrap: wrap; margin: 30px 0;'>\n<div style='position: relative; width: 100%; min-height: 500px; background-image: url('https:\/\/ftp3.syscom.mx\/usuarios\/fotos\/EM400MUD915M\/239874-em400-mud-smart-waste.png'); background-size: cover; background-position: center; display: flex; align-items: center;'>\n<div style='background: rgba(255&comma; 255&comma; 255&comma; 0.9); padding: 2rem; max-width: 40%; margin-left: 5%;'>\n<h2 style='font-size: 22px; margin: 0 0 15px; color: inherit;'>Residuos inteligentes<\/h2>\n<p style='margin: 0 0 15px; color: inherit;'>El EM400-MUD tambi\u00e9n permite monitorear el nivel de llenado de contenedores de basura medianos o grandes&comma; como los comunes botes de basura municipales. Con un sensor ultras\u00f3nico para detectar el desbordamiento de basura&comma; un aceler\u00f3metro de 3 ejes integrado para detectar el estado de la tapa del contenedor y un termisor NTC integrado para detectar la combusti\u00f3n de la basura&comma; el EM400-MUD es la soluci\u00f3n ideal para la gesti\u00f3n inteligente de residuos&comma; con un rendimiento duradero en el que los clientes pueden confiar.<\/p>\n<\/p><\/div>\n<\/p><\/div>\n<\/p><\/div>\n<div style='position: relative; width: 100%; min-height: 400px; background-image: url('https:\/\/ftp3.syscom.mx\/usuarios\/fotos\/EM400MUD915M\/239874-em400-mud-modes.jpg'); background-size: cover; background-position: center; display: flex; align-items: center; justify-content: center; margin: 30px 0;'>\n<div style='position: relative; z-index: 2; padding: 2rem; max-width: 50%; text-align: center;'>\n<h2 style='font-size: 22px; margin: 0 0 15px; color: inherit; font-weight: bold;'>Modos preestablecidos para una mejor experiencia de usuario<\/h2>\n<p style='margin: 0; color: inherit;'>El EM400-MUD viene equipado con tres modos preconfigurados: modo est\u00e1ndar&comma; modo contenedor y modo estacionamiento. Estos modos se configuran con diferentes intervalos de recopilaci\u00f3n de datos e informes para garantizar un rendimiento \u00f3ptimo. Con estos modos listos para usar&comma; los usuarios pueden integrar el EM400-MUD r\u00e1pidamente en sus soluciones de monitoreo.<\/p>\n<\/p><\/div>\n<\/p><\/div>\n<div style='position: relative; width: 100%; min-height: 400px; background-image: url('https:\/\/ftp3.syscom.mx\/usuarios\/fotos\/EM400MUD915M\/239874-em400-mud-ip67.jpg'); background-size: cover; background-position: center; display: flex; align-items: center; justify-content: center; margin: 30px 0;'>\n<div style='position: relative; z-index: 2; padding: 2rem; max-width: 50%; text-align: left;'>\n<h2 style='font-size: 22px; margin: 0 0 15px; color: inherit;'>Carcasa robusta y fiable con clasificaci\u00f3n IP67<\/h2>\n<p style='margin: 0 0 15px; color: inherit;'>La carcasa con clasificaci\u00f3n IP67 garantiza que el EM400-MUD est\u00e9 protegido contra el polvo&comma; el agua y otros peligros ambientales&comma; lo que le permite soportar entornos hostiles.<\/p>\n<p style='margin: 0; color: inherit;'>EM400-MUD tambi\u00e9n cuenta con un revestimiento protector en su PCBA&comma; que proporciona una capa adicional de protecci\u00f3n contra la humedad&comma; el polvo y otros contaminantes que pueden da\u00f1ar los componentes electr\u00f3nicos.<\/p>\n<\/p><\/div>\n<\/p><\/div>\n<div style='width: 100%; margin: 30px 0; padding: 2rem 1rem; text-align: center; background-image: url('https:\/\/ftp3.syscom.mx\/usuarios\/fotos\/EM400MUD915M\/239874-em400-mud-battery.jpg'); background-size: cover; background-position: center; color: inherit;'>\n<h2 style='font-size: 28px; margin: 0 0 20px; font-weight: bold; color: inherit;'>Bater\u00eda de duraci\u00f3n ultralarga de hasta 10 a\u00f1os<\/h2>\n<p style='font-size: 16px; margin: 0 0 30px; color: inherit;'>El EM400-MUD est\u00e1 equipado con bater\u00edas de alta capacidad y f\u00e1ciles de reemplazar. La duraci\u00f3n de la bater\u00eda se especifica a continuaci\u00f3n:<\/p>\n<div style='display: flex; flex-wrap: wrap; justify-content: center; gap: 30px;'>\n<div style='flex: 1 1 300px; min-width: 280px;'>\n<ul style='padding-left: 20px; margin: 0; color: inherit;'>\n<li style='margin-bottom: 10px; font-weight: bold; color: inherit;'>Versi\u00f3n LoRaWAN\u00ae:<\/li>\n<li style='margin-bottom: 5px; color: inherit;'>Modo est\u00e1ndar: m\u00e1s de 10 a\u00f1os (intervalo de 10 minutos&comma; 25 \u00b0C)<\/li>\n<li style='margin-bottom: 5px; color: inherit;'>Modo contenedor: m\u00e1s de 10 a\u00f1os (intervalo de 20 minutos&comma; 25 \u00b0C)<\/li>\n<li style='margin-bottom: 15px; color: inherit;'>Modo estacionamiento: 5 a\u00f1os (12 activaciones por d\u00eda&comma; 25 \u00b0C)<\/li>\n<li style='margin-bottom: 10px; font-weight: bold; color: inherit;'>Versi\u00f3n NB\/Cat.M:<\/li>\n<li style='margin-bottom: 5px; color: inherit;'>M\u00e1s de 10 a\u00f1os (intervalo de 10 minutos&comma; 25 \u00b0C)<\/li>\n<li style='margin-bottom: 5px; color: inherit;'>TCP\/UDP: 10 a\u00f1os&comma; MQTT\/AWS: 5 a\u00f1os<\/li>\n<li style='color: inherit;'>informe 4 veces al d\u00eda&comma; cada informe incluye 12 paquetes con un intervalo de recopilaci\u00f3n de 30 minutos&comma; 25 \u00b0C<\/li>\n<\/ul><\/div>\n<\/p><\/div>\n<\/p><\/div>\n<div style='position: relative; width: 100%; min-height: 400px; background-image: url('https:\/\/ftp3.syscom.mx\/usuarios\/fotos\/EM400MUD915M\/239874-milesight-iot-cloud-left.jpg'); background-size: cover; background-position: center; display: flex; align-items: center; justify-content: center; margin: 30px 0;'>\n<div style='position: relative; z-index: 2; padding: 2rem; max-width: 50%; text-align: left;'>\n<h2 style='font-size: 22px; margin: 0 0 15px; font-weight: bold; color: inherit;'>Gesti\u00f3n de datos en la nube Milesight IoT Cloud<\/h2>\n<ul style='padding-left: 20px; color: inherit;'>\n<li style='margin-bottom: 10px; color: inherit;'><strong style='color: inherit;'>Panel de visualizaci\u00f3n de datos:<\/strong> todas las cifras de un vistazo<\/li>\n<li style='margin-bottom: 10px; color: inherit;'><strong style='color: inherit;'>Activadores autom\u00e1ticos:<\/strong> colaboraci\u00f3n interactiva con sensores IoT de Milesight para lograr automatizaci\u00f3n basada en escenas<\/li>\n<li style='margin-bottom: 10px; color: inherit;'><strong style='color: inherit;'>Informes peri\u00f3dicos y alertas en tiempo real:<\/strong> informaci\u00f3n basada en datos<\/li>\n<li style='margin-bottom: 10px; color: inherit;'><strong style='color: inherit;'>Aplicaci\u00f3n para Android e iOS:<\/strong> administra dispositivos con la punta de tus dedos<\/li>\n<\/ul><\/div>\n<\/p><\/div>\n<div style='margin: 30px 0;'>\n<h2 style='font-size: 24px; text-align: center; margin: 0 0 15px; color: inherit;'>Configuraci\u00f3n NFC<\/h2>\n<p style='text-align: center; margin: 0 0 30px; color: inherit;'>Encender&comma; apagar y configurar los dispositivos de forma inal\u00e1mbrica<\/p>\n<div style='display: flex; flex-wrap: wrap; gap: 30px; justify-content: center;'>\n<div style='flex: 1 1 250px; min-width: 200px; text-align: center;'> <img style='width: 140px; height: 140px; border: 1px solid rgba(150&comma;150&comma;150&comma;0.3); border-radius: 8px;' src='https:\/\/ftp3.syscom.mx\/usuarios\/fotos\/EM400MUD915M\/239874-em400-mud-configuration-1.png' alt='Paso 1'> <\/p>\n<h5 style='margin: 15px 0 10px; font-weight: bold; color: #007bff;'>1er paso<\/h5>\n<p style='margin: 0; color: inherit;'>Instalar<br \/>Milesight ToolBox<\/p>\n<\/p><\/div>\n<div style='flex: 1 1 250px; min-width: 200px; text-align: center;'> <img style='width: 140px; height: 140px; border: 1px solid rgba(150&comma;150&comma;150&comma;0.3); border-radius: 8px;' src='https:\/\/ftp3.syscom.mx\/usuarios\/fotos\/EM400MUD915M\/239874-em400-mud-configuration-2.png' alt='Paso 2'> <\/p>\n<h5 style='margin: 15px 0 10px; font-weight: bold; color: #007bff;'>2\u00b0 paso<\/h5>\n<p style='margin: 0; color: inherit;'>Habilite NFC y ejecute ToolBox&comma;<br \/>luego conecte su tel\u00e9fono al dispositivo<\/p>\n<\/p><\/div>\n<div style='flex: 1 1 250px; min-width: 200px; text-align: center;'> <img style='width: 140px; height: 140px; border: 1px solid rgba(150&comma;150&comma;150&comma;0.3); border-radius: 8px;' src='https:\/\/ftp3.syscom.mx\/usuarios\/fotos\/EM400MUD915M\/239874-em400-mud-configuration-3.png' alt='Paso 3'> <\/p>\n<h5 style='margin: 15px 0 10px; font-weight: bold; color: #007bff;'>3er paso<\/h5>\n<p style='margin: 0; color: inherit;'>Verificar la contrase\u00f1a<br \/>y comenzar a configurar<\/p>\n<\/p><\/div>\n<\/p><\/div>\n<\/p><\/div>\n<div style='position: relative; width: 100%; min-height: 400px; background-image: url('https:\/\/ftp3.syscom.mx\/usuarios\/fotos\/EM400MUD915M\/239874-em400-mud-installation.png'); background-size: cover; background-position: center; display: flex; flex-direction: column; justify-content: space-between; align-items: center; padding: 3rem 2rem; color: inherit;'>\n<h2 style='font-size: 24px; margin: 0 0 15px; color: inherit;'>Instalaci\u00f3n<\/h2>\n<p style='font-size: 16px; margin: 0; color: inherit;'>Montaje con tornillos<\/p>\n<\/p><\/div>\n<\/p><\/div>\n","protected":false},"excerpt":{"rendered":"<p>Sensor Ultras\u00f3nico de Distancia con LoRaWAN<\/p>\n","protected":false},"featured_media":54531,"comment_status":"open","ping_status":"closed","template":"","meta":[],"product_brand":[],"product_cat":[1436],"product_tag":[1437,1455,1438],"class_list":{"0":"post-54532","1":"product","2":"type-product","3":"status-publish","4":"has-post-thumbnail","6":"product_cat-sensores-tags","7":"product_tag-lorawan","8":"product_tag-milesight","9":"product_tag-sensores-tags","11":"first","12":"outofstock","13":"sale","14":"shipping-taxable","15":"purchasable","16":"product-type-simple"},"_links":{"self":[{"href":"https:\/\/soydeaqui.ddns.net\/pachuca\/index.php\/wp-json\/wp\/v2\/product\/54532","targetHints":{"allow":["GET"]}}],"collection":[{"href":"https:\/\/soydeaqui.ddns.net\/pachuca\/index.php\/wp-json\/wp\/v2\/product"}],"about":[{"href":"https:\/\/soydeaqui.ddns.net\/pachuca\/index.php\/wp-json\/wp\/v2\/types\/product"}],"replies":[{"embeddable":true,"href":"https:\/\/soydeaqui.ddns.net\/pachuca\/index.php\/wp-json\/wp\/v2\/comments?post=54532"}],"wp:featuredmedia":[{"embeddable":true,"href":"https:\/\/soydeaqui.ddns.net\/pachuca\/index.php\/wp-json\/wp\/v2\/media\/54531"}],"wp:attachment":[{"href":"https:\/\/soydeaqui.ddns.net\/pachuca\/index.php\/wp-json\/wp\/v2\/media?parent=54532"}],"wp:term":[{"taxonomy":"product_brand","embeddable":true,"href":"https:\/\/soydeaqui.ddns.net\/pachuca\/index.php\/wp-json\/wp\/v2\/product_brand?post=54532"},{"taxonomy":"product_cat","embeddable":true,"href":"https:\/\/soydeaqui.ddns.net\/pachuca\/index.php\/wp-json\/wp\/v2\/product_cat?post=54532"},{"taxonomy":"product_tag","embeddable":true,"href":"https:\/\/soydeaqui.ddns.net\/pachuca\/index.php\/wp-json\/wp\/v2\/product_tag?post=54532"}],"curies":[{"name":"wp","href":"https:\/\/api.w.org\/{rel}","templated":true}]}}