{"id":54528,"date":"2026-03-19T02:23:46","date_gmt":"2026-03-19T02:23:46","guid":{"rendered":"https:\/\/soydeaqui.ddns.net\/pachuca\/index.php\/producto\/sensor-ultrasonico-de-distancia-con-lorawan-2\/"},"modified":"2026-03-19T02:23:51","modified_gmt":"2026-03-19T02:23:51","slug":"sensor-ultrasonico-de-distancia-con-lorawan-2","status":"publish","type":"product","link":"https:\/\/soydeaqui.ddns.net\/pachuca\/index.php\/producto\/sensor-ultrasonico-de-distancia-con-lorawan-2\/","title":{"rendered":"Sensor Ultras\u00f3nico de Distancia con LoRaWAN"},"content":{"rendered":"<div style='width: 100%; max-width: 1200px; margin: 0 auto; font-family: sans-serif; line-height: 1.6; color: inherit; background-color: transparent;'> <!-- Imagen principal --> <\/p>\n<div style='width: 100%; margin-bottom: 30px;'> <img style='width: 100%; height: auto; border: 1px solid rgba(150&comma;150&comma;150&comma;0.3); border-radius: 8px;' src='https:\/\/ftp3.syscom.mx\/usuarios\/fotos\/EM310UDL915M\/217701-em310udl-1.png' alt='Sensor Ultras\u00f3nico de Distancia EM310-UDL915M'> <\/div>\n<p> <!-- Descripci\u00f3n general --> <\/p>\n<div style='display: flex; flex-wrap: wrap; gap: 30px; margin-bottom: 30px;'>\n<div style='flex: 1 1 300px; min-width: 280px;'>\n<h3 style='font-size: 22px; border-bottom: 2px solid currentColor; padding-bottom: 5px; margin-top: 0; color: inherit; opacity: 0.8;'>Aplicaci\u00f3n<\/h3>\n<p style='font-size: 15px; color: inherit;'>Es ideal para monitorear los niveles de llenado de cualquier tipo de desecho de forma remota y precisa en contenedores de basura&comma; luego activa alarmas para los limpiadores cuando los contenedores de basura est\u00e1n casi llenos&comma; lo que reduce costos&comma; energ\u00eda y emisiones de carbono.<\/p>\n<\/p><\/div>\n<\/p><\/div>\n<p> <!-- Videos --> <\/p>\n<div style='display: flex; flex-wrap: wrap; gap: 30px; margin-bottom: 30px;'>\n<div style='flex: 1 1 500px; min-width: 300px;'>\n<div style='position: relative; padding-bottom: 56.25%; height: 0; overflow: hidden; margin-bottom: 30px;'>   <\/div>\n<\/p><\/div>\n<div style='flex: 1 1 500px; min-width: 300px;'>\n<div style='position: relative; padding-bottom: 56.25%; height: 0; overflow: hidden; margin-bottom: 30px;'>   <\/div>\n<\/p><\/div>\n<\/p><\/div>\n<p> <!-- Imagen 2 --> <\/p>\n<div style='width: 100%; margin-bottom: 30px;'> <img style='width: 100%; height: auto; border: 1px solid rgba(150&comma;150&comma;150&comma;0.3); border-radius: 8px;' src='https:\/\/ftp3.syscom.mx\/usuarios\/fotos\/EM310UDL915M\/217701-em310udl-2.png' alt='Sensor Ultras\u00f3nico de Distancia EM310-UDL915M'> <\/div>\n<p> <!-- Detecci\u00f3n de movimiento --> <\/p>\n<div style='display: flex; flex-wrap: wrap; gap: 30px; margin-bottom: 30px;'>\n<div style='flex: 1 1 300px; min-width: 280px;'>\n<h3 style='font-size: 22px; border-bottom: 2px solid currentColor; padding-bottom: 5px; margin-top: 0; color: inherit; opacity: 0.8;'>Detecci\u00f3n de movimiento del dispositivo<\/h3>\n<p style='font-size: 15px; color: inherit;'>El aceler\u00f3metro de 3 ejes incorporado le permite reconocer el movimiento de los objetos de manera eficiente y confiable.<\/p>\n<\/p><\/div>\n<div style='flex: 1 1 300px; min-width: 280px;'> <img style='width: 100%; height: auto; border: 1px solid rgba(150&comma;150&comma;150&comma;0.3); border-radius: 8px;' src='https:\/\/ftp3.syscom.mx\/usuarios\/fotos\/EM310UDL915M\/217701-em310udl-3.png' alt='Detecci\u00f3n de movimiento'> <\/div>\n<\/p><\/div>\n<p> <!-- Contenedor inteligente --> <\/p>\n<div style='display: flex; flex-wrap: wrap; gap: 30px; margin-bottom: 30px;'>\n<div style='flex: 1 1 300px; min-width: 280px;'>\n<h3 style='font-size: 22px; border-bottom: 2px solid currentColor; padding-bottom: 5px; margin-top: 0; color: inherit; opacity: 0.8;'>Contenedor inteligente<\/h3>\n<p style='font-size: 15px; color: inherit;'>Tradicionalmente&comma; los contenedores de basura se vac\u00edan uno a uno siguiendo una ruta fija&comma; lo que resulta engorroso. Ahora&comma; la soluci\u00f3n Milesight ofrece un indicador en tiempo real del nivel de basura en el contenedor en un momento determinado. Los datos ayudar\u00e1n a optimizar las rutas de recogida de residuos y&comma; en \u00faltima instancia&comma; a reducir el consumo de combustible.<\/p>\n<\/p><\/div>\n<div style='flex: 1 1 300px; min-width: 280px;'> <img style='width: 100%; height: auto; border: 1px solid rgba(150&comma;150&comma;150&comma;0.3); border-radius: 8px;' src='https:\/\/ftp3.syscom.mx\/usuarios\/fotos\/EM310UDL915M\/217701-intento3.gif' alt='Contenedor inteligente'> <\/div>\n<\/p><\/div>\n<p> <!-- Estacionamiento inteligente --> <\/p>\n<div style='display: flex; flex-wrap: wrap; gap: 30px; margin-bottom: 30px;'>\n<div style='flex: 1 1 300px; min-width: 280px;'>\n<h3 style='font-size: 22px; border-bottom: 2px solid currentColor; padding-bottom: 5px; margin-top: 0; color: inherit; opacity: 0.8;'>Estacionamiento inteligente<\/h3>\n<p style='font-size: 15px; color: inherit;'>El EM310-UDL desempe\u00f1a un papel fundamental en la gesti\u00f3n de aparcamientos en interiores. Puede capturar informaci\u00f3n sobre la ocupaci\u00f3n del aparcamiento en tiempo real. Agiliza la experiencia de conducci\u00f3n&comma; garantizado que los conductores sean guiados hacia el mejor aparcamiento disponible y ahorrando tiempo&comma; energ\u00eda y dinero.<\/p>\n<\/p><\/div>\n<div style='flex: 1 1 300px; min-width: 280px;'> <img style='width: 100%; height: auto; border: 1px solid rgba(150&comma;150&comma;150&comma;0.3); border-radius: 8px;' src='https:\/\/ftp3.syscom.mx\/usuarios\/fotos\/EM310UDL915M\/217701-intento2.gif' alt='Estacionamiento inteligente'> <\/div>\n<\/p><\/div>\n<p> <!-- Im\u00e1genes adicionales --> <\/p>\n<div style='display: flex; flex-wrap: wrap; gap: 20px; margin-bottom: 30px;'>\n<div style='flex: 1 1 300px; min-width: 280px;'> <img style='width: 100%; height: auto; border: 1px solid rgba(150&comma;150&comma;150&comma;0.3); border-radius: 8px;' src='https:\/\/ftp3.syscom.mx\/usuarios\/fotos\/EM310UDL915M\/217701-em310udl-4.png' alt='Sensor Ultras\u00f3nico de Distancia EM310-UDL915M'> <\/div>\n<div style='flex: 1 1 300px; min-width: 280px;'> <img style='width: 100%; height: auto; border: 1px solid rgba(150&comma;150&comma;150&comma;0.3); border-radius: 8px;' src='https:\/\/ftp3.syscom.mx\/usuarios\/fotos\/EM310UDL915M\/217701-em310udl-5.png' alt='Sensor Ultras\u00f3nico de Distancia EM310-UDL915M'> <\/div>\n<div style='flex: 1 1 300px; min-width: 280px;'> <img style='width: 100%; height: auto; border: 1px solid rgba(150&comma;150&comma;150&comma;0.3); border-radius: 8px;' src='https:\/\/ftp3.syscom.mx\/usuarios\/fotos\/EM310UDL915M\/217701-em310udl-6.png' alt='Sensor Ultras\u00f3nico de Distancia EM310-UDL915M'> <\/div>\n<\/p><\/div>\n<\/p><\/div>\n","protected":false},"excerpt":{"rendered":"<p>Sensor Ultras\u00f3nico de Distancia con LoRaWAN<\/p>\n","protected":false},"featured_media":54527,"comment_status":"open","ping_status":"closed","template":"","meta":[],"product_brand":[],"product_cat":[1436],"product_tag":[1437,1455,1438],"class_list":{"0":"post-54528","1":"product","2":"type-product","3":"status-publish","4":"has-post-thumbnail","6":"product_cat-sensores-tags","7":"product_tag-lorawan","8":"product_tag-milesight","9":"product_tag-sensores-tags","11":"first","12":"outofstock","13":"sale","14":"shipping-taxable","15":"purchasable","16":"product-type-simple"},"_links":{"self":[{"href":"https:\/\/soydeaqui.ddns.net\/pachuca\/index.php\/wp-json\/wp\/v2\/product\/54528","targetHints":{"allow":["GET"]}}],"collection":[{"href":"https:\/\/soydeaqui.ddns.net\/pachuca\/index.php\/wp-json\/wp\/v2\/product"}],"about":[{"href":"https:\/\/soydeaqui.ddns.net\/pachuca\/index.php\/wp-json\/wp\/v2\/types\/product"}],"replies":[{"embeddable":true,"href":"https:\/\/soydeaqui.ddns.net\/pachuca\/index.php\/wp-json\/wp\/v2\/comments?post=54528"}],"wp:featuredmedia":[{"embeddable":true,"href":"https:\/\/soydeaqui.ddns.net\/pachuca\/index.php\/wp-json\/wp\/v2\/media\/54527"}],"wp:attachment":[{"href":"https:\/\/soydeaqui.ddns.net\/pachuca\/index.php\/wp-json\/wp\/v2\/media?parent=54528"}],"wp:term":[{"taxonomy":"product_brand","embeddable":true,"href":"https:\/\/soydeaqui.ddns.net\/pachuca\/index.php\/wp-json\/wp\/v2\/product_brand?post=54528"},{"taxonomy":"product_cat","embeddable":true,"href":"https:\/\/soydeaqui.ddns.net\/pachuca\/index.php\/wp-json\/wp\/v2\/product_cat?post=54528"},{"taxonomy":"product_tag","embeddable":true,"href":"https:\/\/soydeaqui.ddns.net\/pachuca\/index.php\/wp-json\/wp\/v2\/product_tag?post=54528"}],"curies":[{"name":"wp","href":"https:\/\/api.w.org\/{rel}","templated":true}]}}