{"id":54468,"date":"2026-03-19T02:21:58","date_gmt":"2026-03-19T02:21:58","guid":{"rendered":"https:\/\/soydeaqui.ddns.net\/pachuca\/index.php\/producto\/paquete-de-300-licencias-para-plataforma-iotcloudpro\/"},"modified":"2026-03-19T02:21:59","modified_gmt":"2026-03-19T02:21:59","slug":"paquete-de-300-licencias-para-plataforma-iotcloudpro","status":"publish","type":"product","link":"https:\/\/soydeaqui.ddns.net\/pachuca\/index.php\/producto\/paquete-de-300-licencias-para-plataforma-iotcloudpro\/","title":{"rendered":"Paquete de 300 licencias para plataforma IOTCLOUDPRO"},"content":{"rendered":"<div style='width: 100%; max-width: 1200px; margin: 0 auto; font-family: sans-serif; line-height: 1.6; color: inherit; background-color: transparent;'> <!-- Secci\u00f3n de im\u00e1genes del acorde\u00f3n --> <\/p>\n<div style='width: 100%; margin-bottom: 30px;'>\n<div style='width: 100%;'> <img style='width: 100%; height: auto; border: 1px solid rgba(150&comma;150&comma;150&comma;0.3); border-radius: 8px;' src='https:\/\/ftp3.syscom.mx\/usuarios\/fotos\/IOTCLOUDPRO\/219348-principal.png' alt=''> <\/div>\n<\/p><\/div>\n<p> <!-- Secci\u00f3n de conexi\u00f3n a la nube --> <\/p>\n<div style='display: flex; flex-wrap: wrap; gap: 30px; margin-bottom: 30px;'>\n<div style='flex: 1 1 300px; min-width: 280px; display: flex; align-items: center; justify-content: flex-end; text-align: right;'>\n<div>\n<h2 style='font-size: 24px; margin-top: 0; color: inherit;'>Desarrollar la conexi\u00f3n del dispositivo a la nube<\/h2>\n<p style='font-size: 15px; color: inherit; margin-bottom: 0;'>Milesight IoT Cloud proporciona niveles incomparables de integraci\u00f3n vertical con sensores y controladores Milesight LoRaWAN\u00ae. Visualiza datos de campo y permite al usuario monitorear y controlar activos remotos en un panel intuitivo.<\/p>\n<\/p><\/div>\n<\/p><\/div>\n<div style='flex: 1 1 300px; min-width: 280px;'> <img style='width: 100%; height: auto; border: 1px solid rgba(150&comma;150&comma;150&comma;0.3); border-radius: 8px;' src='https:\/\/ftp3.syscom.mx\/usuarios\/fotos\/IOTCLOUDPRO\/219348-conexion.png' alt=''> <\/div>\n<\/p><\/div>\n<p> <!-- Secci\u00f3n de funcionalidades --> <\/p>\n<div style='display: flex; flex-wrap: wrap; gap: 30px; margin-bottom: 30px;'>\n<div style='flex: 1 1 300px; min-width: 280px;'> <img style='width: 100%; height: auto; border: 1px solid rgba(150&comma;150&comma;150&comma;0.3); border-radius: 8px;' src='https:\/\/ftp3.syscom.mx\/usuarios\/fotos\/IOTCLOUDPRO\/219348-pantalla.gif' alt=''> <\/div>\n<div style='flex: 1 1 300px; min-width: 280px; display: flex; align-items: center;'>\n<div>\n<h2 style='font-size: 24px; margin-top: 0; color: inherit;'>Convi\u00e9rtalo en un poderoso mundo de IoT con las funcionalidades<\/h2>\n<\/p><\/div>\n<\/p><\/div>\n<\/p><\/div>\n<p> <!-- Secci\u00f3n de im\u00e1genes adicionales --> <\/p>\n<div style='display: flex; flex-wrap: wrap; gap: 20px; margin-bottom: 30px;'>\n<div style='flex: 1 1 300px; min-width: 280px;'> <img style='width: 100%; height: auto; border: 1px solid rgba(150&comma;150&comma;150&comma;0.3); border-radius: 8px;' src='https:\/\/ftp3.syscom.mx\/usuarios\/fotos\/IOTCLOUDPRO\/219348-seguridad.gif' alt=''> <\/div>\n<div style='flex: 1 1 300px; min-width: 280px;'> <img style='width: 100%; height: auto; border: 1px solid rgba(150&comma;150&comma;150&comma;0.3); border-radius: 8px;' src='https:\/\/ftp3.syscom.mx\/usuarios\/fotos\/IOTCLOUDPRO\/219348-pagina.png' alt=''> <\/div>\n<div style='flex: 1 1 300px; min-width: 280px;'> <img style='width: 100%; height: auto; border: 1px solid rgba(150&comma;150&comma;150&comma;0.3); border-radius: 8px;' src='https:\/\/ftp3.syscom.mx\/usuarios\/fotos\/IOTCLOUDPRO\/219348-final.png' alt=''> <\/div>\n<\/p><\/div>\n<\/p><\/div>\n","protected":false},"excerpt":{"rendered":"<p>Paquete de 300 licencias para plataforma IOTCLOUDPRO<\/p>\n","protected":false},"featured_media":54467,"comment_status":"open","ping_status":"closed","template":"","meta":[],"product_brand":[],"product_cat":[1456],"product_tag":[1437,1455,1457],"class_list":{"0":"post-54468","1":"product","2":"type-product","3":"status-publish","4":"has-post-thumbnail","6":"product_cat-software-de-gestion","7":"product_tag-lorawan","8":"product_tag-milesight","9":"product_tag-software-de-gestion","11":"first","12":"outofstock","13":"sale","14":"shipping-taxable","15":"purchasable","16":"product-type-simple"},"_links":{"self":[{"href":"https:\/\/soydeaqui.ddns.net\/pachuca\/index.php\/wp-json\/wp\/v2\/product\/54468","targetHints":{"allow":["GET"]}}],"collection":[{"href":"https:\/\/soydeaqui.ddns.net\/pachuca\/index.php\/wp-json\/wp\/v2\/product"}],"about":[{"href":"https:\/\/soydeaqui.ddns.net\/pachuca\/index.php\/wp-json\/wp\/v2\/types\/product"}],"replies":[{"embeddable":true,"href":"https:\/\/soydeaqui.ddns.net\/pachuca\/index.php\/wp-json\/wp\/v2\/comments?post=54468"}],"wp:featuredmedia":[{"embeddable":true,"href":"https:\/\/soydeaqui.ddns.net\/pachuca\/index.php\/wp-json\/wp\/v2\/media\/54467"}],"wp:attachment":[{"href":"https:\/\/soydeaqui.ddns.net\/pachuca\/index.php\/wp-json\/wp\/v2\/media?parent=54468"}],"wp:term":[{"taxonomy":"product_brand","embeddable":true,"href":"https:\/\/soydeaqui.ddns.net\/pachuca\/index.php\/wp-json\/wp\/v2\/product_brand?post=54468"},{"taxonomy":"product_cat","embeddable":true,"href":"https:\/\/soydeaqui.ddns.net\/pachuca\/index.php\/wp-json\/wp\/v2\/product_cat?post=54468"},{"taxonomy":"product_tag","embeddable":true,"href":"https:\/\/soydeaqui.ddns.net\/pachuca\/index.php\/wp-json\/wp\/v2\/product_tag?post=54468"}],"curies":[{"name":"wp","href":"https:\/\/api.w.org\/{rel}","templated":true}]}}