{"id":54441,"date":"2026-03-19T02:21:09","date_gmt":"2026-03-19T02:21:09","guid":{"rendered":"https:\/\/soydeaqui.ddns.net\/pachuca\/index.php\/producto\/sirena-vehicular-de-200w-de-potencia-programable-con-controlador-unimando-de-15-botones-para-control-de-tonos-12-salidas-auxiliares-y-microfono\/"},"modified":"2026-03-19T02:21:09","modified_gmt":"2026-03-19T02:21:09","slug":"sirena-vehicular-de-200w-de-potencia-programable-con-controlador-unimando-de-15-botones-para-control-de-tonos-12-salidas-auxiliares-y-microfono","status":"publish","type":"product","link":"https:\/\/soydeaqui.ddns.net\/pachuca\/index.php\/producto\/sirena-vehicular-de-200w-de-potencia-programable-con-controlador-unimando-de-15-botones-para-control-de-tonos-12-salidas-auxiliares-y-microfono\/","title":{"rendered":"Sirena Vehicular de 200W de Potencia, Programable, Con Controlador Unimando de 15 Botones Para Control de Tonos, 12 Salidas Auxiliares y Micr\u00f3fono"},"content":{"rendered":"<div style='width: 100%; max-width: 1200px; margin: 0 auto; font-family: sans-serif; line-height: 1.6; color: inherit; background-color: transparent;'>\n<div style='display: flex; flex-wrap: wrap; gap: 30px; margin-bottom: 30px;'>\n<div style='flex: 1 1 300px; min-width: 280px;'>\n<h3 style='font-size: 22px; border-bottom: 2px solid currentColor; padding-bottom: 5px; margin-top: 0; color: inherit; opacity: 0.8;'>Caracter\u00edsticas Principales<\/h3>\n<ul style='padding-left: 20px; font-size: 15px; color: inherit;'>\n<li style='margin-bottom: 5px;'>Est\u00e1 especialmente dise\u00f1ada con tecnolog\u00eda avanzada&comma; proporciona una excelente calidad de sonido<\/li>\n<li style='margin-bottom: 5px;'>Apta para instalarse en cualquier tipo de veh\u00edculo de emergencia&comma; especialmente veh\u00edculos de Seguridad P\u00fablica<\/li>\n<li style='margin-bottom: 5px;'>Su controlador unimando la hace \u00fanica para hacer de la comunicaci\u00f3n y el control de la seguridad m\u00e1s f\u00e1cil desde la propia sirena<\/li>\n<\/ul><\/div>\n<\/p><\/div>\n<div style='display: flex; flex-wrap: wrap; gap: 30px; margin-bottom: 30px;'>\n<div style='flex: 1 1 300px; min-width: 280px;'>\n<h3 style='font-size: 22px; border-bottom: 2px solid currentColor; padding-bottom: 5px; margin-top: 0; color: inherit; opacity: 0.8;'>Caracter\u00edsticas T\u00e9cnicas<\/h3>\n<ul style='padding-left: 20px; font-size: 15px; color: inherit;'>\n<li style='margin-bottom: 5px;'><strong>Totalmente programable\/personalizable:<\/strong> mediante software para PC<\/li>\n<li style='margin-bottom: 5px;'><strong>Cable de programaci\u00f3n:<\/strong> USB tipo C (no incluido)<\/li>\n<li style='margin-bottom: 5px;'><strong>Software:<\/strong> Gratuito disponible en apartado de Descargas<\/li>\n<li style='margin-bottom: 5px;'><strong>Estilo de bot\u00f3n y entrada:<\/strong> sostenido&comma; moment\u00e1neo&comma; cronometrado&comma; etc.<\/li>\n<li style='margin-bottom: 5px;'><strong>Bot\u00f3n de interconexi\u00f3n:<\/strong> enclavamiento y puerto de salida<\/li>\n<li style='margin-bottom: 5px;'><strong>Selecci\u00f3n de tono:<\/strong> Primario&comma; Anulaci\u00f3n&comma; Mixto&comma; Manos libres<\/li>\n<li style='margin-bottom: 5px;'><strong>Funci\u00f3n de pulsaci\u00f3n m\u00faltiple<\/strong><\/li>\n<li style='margin-bottom: 5px;'><strong>Controlador port\u00e1til:<\/strong> 15 botones con micr\u00f3fono incorporado&comma; timbre de bot\u00f3n&comma; indicador de flecha de tr\u00e1fico de 6 LED<\/li>\n<li style='margin-bottom: 5px;'><strong>Mecanismo de montaje:<\/strong> de im\u00e1n de potencia<\/li>\n<li style='margin-bottom: 5px;'><strong>Amplificador Clase D:<\/strong> de bajo consumo de amperaje produce un tono incre\u00edblemente limpio y n\u00edtido<\/li>\n<li style='margin-bottom: 5px;'><strong>Salida de 200W:<\/strong> admite uno o dos altavoces de 100W (11 Ohm)<\/li>\n<li style='margin-bottom: 5px;'><strong>2 modos de retroiluminaci\u00f3n:<\/strong> normal y encubierto<\/li>\n<li style='margin-bottom: 5px;'><strong>Tonos seleccionables:<\/strong> Wail&comma; Yelp&comma; Phaser\/Piercer&comma; Hi-Lo&comma; Mechanical&comma; tonos europeos&comma; etc.<\/li>\n<li style='margin-bottom: 5px;'><strong>Bloques de conectores:<\/strong> de salida y alimentaci\u00f3n de alta resistencia con fusibles de f\u00e1cil acceso<\/li>\n<li style='margin-bottom: 5px;'><strong>Radio RE-Broadcast (RRB):<\/strong> para reproducci\u00f3n de audio<\/li>\n<li style='margin-bottom: 5px;'><strong>Record-n-Play:<\/strong> graba mensajes reproducibles instant\u00e1neamente (hasta 20 segundos)<\/li>\n<li style='margin-bottom: 5px;'><strong>Mix Tone:<\/strong> permite un efecto multitono\/multialtavoz<\/li>\n<li style='margin-bottom: 5px;'><strong>Detecci\u00f3n de voltaje:<\/strong> programable para conexi\u00f3n autom\u00e1tica de bajo voltaje<\/li>\n<\/ul><\/div>\n<\/p><\/div>\n<div style='display: flex; flex-wrap: wrap; gap: 30px; margin-bottom: 30px;'>\n<div style='flex: 1 1 300px; min-width: 280px;'>\n<h3 style='font-size: 22px; border-bottom: 2px solid currentColor; padding-bottom: 5px; margin-top: 0; color: inherit; opacity: 0.8;'>Especificaciones Generales<\/h3>\n<ul style='padding-left: 20px; font-size: 15px; color: inherit;'>\n<li style='margin-bottom: 5px;'><strong>Cumplimiento:<\/strong> SAE J1849 EVS1; CEPE R10; CISPR 25<\/li>\n<li style='margin-bottom: 5px;'><strong>Voltaje de entrada:<\/strong> 12 ~ 24 VCD<\/li>\n<li style='margin-bottom: 5px;'><strong>Corriente en espera:<\/strong> 0 mA (sin cable IGN) \/ <0&comma;35 A (con cable IGN) Corriente promedio: 8&comma;5 A a 12 VCD \/ 4 A a 24 VCD<\/li>\n<li style='margin-bottom: 5px;'><strong>M\u00e1x. Corriente:<\/strong> 20A @ 12VCD \/ 10A @ 24VCD (sin salidas de control de luz) 100A @ 12VCD \/ 50A @ 24VCD (con control de luz)<\/li>\n<li style='margin-bottom: 5px;'><strong>Potencia de salida de la sirena:<\/strong> 200 W (altavoz de 11 W x2) 11 ohmios Carga de salida de la sirena: 100 W-ACR 11 ohmios<\/li>\n<li style='margin-bottom: 5px;'><strong>Frecuencia de sirena:<\/strong> var\u00eda seg\u00fan el tono<\/li>\n<li style='margin-bottom: 5px;'><strong>Temperatura de funcionamiento:<\/strong> 86\u00b0F a 149\u00b0F<\/li>\n<li style='margin-bottom: 5px;'><strong>E\/S:<\/strong> Alimentaci\u00f3n&comma; IGN (encendido)&comma; Salida de altavoz x2&comma; Salida de corriente alta x3&comma; Salida de corriente media\/baja x9&comma; Entrada l\u00f3gica x4&comma; Entrada anal\u00f3gica de voltaje variable x1&comma; Entrada de audio de radio&comma; Micr\u00f3fono TRS (opcional)&comma; Puerto de controlador&comma; Puerto USB de enlace de PC<\/li>\n<li style='margin-bottom: 5px;'><strong>Controles de luz:<\/strong> (3) salidas de control de luz de 15 A&comma; (3) 10 A&comma; (2) 2 A&comma; (4) 0.25 A<\/li>\n<li style='margin-bottom: 5px;'><strong>Clasificaciones de fusibles:<\/strong> Fusible de cuchilla: (1) 30 A&comma; (3) 15 A&comma; (3) 10 A&comma; (2) 2 A<\/li>\n<li style='margin-bottom: 5px;'><strong>Fusible reajustable:<\/strong> (4) 0.25 A<\/li>\n<li style='margin-bottom: 5px;'><strong>Longitudes de cables:<\/strong> 5 Cables de Arn\u00e9s de 300 mm (30 cm)<\/li>\n<li style='margin-bottom: 5px;'><strong>Cable de extensi\u00f3n:<\/strong> 333 mm (33.3 cm)<\/li>\n<li style='margin-bottom: 5px;'><strong>Garant\u00eda:<\/strong> 5 a\u00f1os<\/li>\n<\/ul><\/div>\n<\/p><\/div>\n<div style='display: flex; flex-wrap: wrap; gap: 30px; margin-bottom: 30px;'>\n<div style='flex: 1 1 300px; min-width: 280px;'>\n<h3 style='font-size: 22px; border-bottom: 2px solid currentColor; padding-bottom: 5px; margin-top: 0; color: inherit; opacity: 0.8;'>Caracter\u00edsticas de Salidas<\/h3>\n<ul style='padding-left: 20px; font-size: 15px; color: inherit;'>\n<li style='margin-bottom: 5px;'><strong>12 Salidas de rel\u00e9:<\/strong> (3) 15A&comma; (3) 10A&comma; (2) 2A&comma; (4) 0.25A y (1) salida de rel\u00e9 de contacto seco<\/li>\n<li style='margin-bottom: 5px;'><strong>4 entradas l\u00f3gicas:<\/strong> activadas positiva o negativa y 1 entrada anal\u00f3gica de tensi\u00f3n variable<\/li>\n<\/ul><\/div>\n<\/p><\/div>\n<div style='display: flex; flex-wrap: wrap; gap: 30px; margin-bottom: 30px;'>\n<div style='flex: 1 1 300px; min-width: 280px;'>\n<h3 style='font-size: 22px; border-bottom: 2px solid currentColor; padding-bottom: 5px; margin-top: 0; color: inherit; opacity: 0.8;'>Dimensiones<\/h3>\n<ul style='padding-left: 20px; font-size: 15px; color: inherit;'>\n<li style='margin-bottom: 5px;'><strong>Dimensiones:<\/strong> 217 mm (Largo) x 190 mm (Ancho) x 45.6 mm (Alto)<\/li>\n<\/ul><\/div>\n<\/p><\/div>\n<hr style='border: 0; border-top: 1px solid rgba(150&comma; 150&comma; 150&comma; 0.3); margin: 30px 0;'> <\/div>\n","protected":false},"excerpt":{"rendered":"<p>Sirena Vehicular de 200W de Potencia, Programable, Con Controlador Unimando de 15 Botones Para Control de Tonos, 12 Salidas Auxiliares y Micr\u00f3fono<\/p>\n","protected":false},"featured_media":54440,"comment_status":"open","ping_status":"closed","template":"","meta":[],"product_brand":[],"product_cat":[1392],"product_tag":[1461,1394,1393],"class_list":{"0":"post-54441","1":"product","2":"type-product","3":"status-publish","4":"has-post-thumbnail","6":"product_cat-sirenas","7":"product_tag-signalpro","8":"product_tag-sirenas","9":"product_tag-sirenas-bocinas-y-controladores-vehiculares","11":"first","12":"instock","13":"sale","14":"shipping-taxable","15":"purchasable","16":"product-type-simple"},"_links":{"self":[{"href":"https:\/\/soydeaqui.ddns.net\/pachuca\/index.php\/wp-json\/wp\/v2\/product\/54441","targetHints":{"allow":["GET"]}}],"collection":[{"href":"https:\/\/soydeaqui.ddns.net\/pachuca\/index.php\/wp-json\/wp\/v2\/product"}],"about":[{"href":"https:\/\/soydeaqui.ddns.net\/pachuca\/index.php\/wp-json\/wp\/v2\/types\/product"}],"replies":[{"embeddable":true,"href":"https:\/\/soydeaqui.ddns.net\/pachuca\/index.php\/wp-json\/wp\/v2\/comments?post=54441"}],"wp:featuredmedia":[{"embeddable":true,"href":"https:\/\/soydeaqui.ddns.net\/pachuca\/index.php\/wp-json\/wp\/v2\/media\/54440"}],"wp:attachment":[{"href":"https:\/\/soydeaqui.ddns.net\/pachuca\/index.php\/wp-json\/wp\/v2\/media?parent=54441"}],"wp:term":[{"taxonomy":"product_brand","embeddable":true,"href":"https:\/\/soydeaqui.ddns.net\/pachuca\/index.php\/wp-json\/wp\/v2\/product_brand?post=54441"},{"taxonomy":"product_cat","embeddable":true,"href":"https:\/\/soydeaqui.ddns.net\/pachuca\/index.php\/wp-json\/wp\/v2\/product_cat?post=54441"},{"taxonomy":"product_tag","embeddable":true,"href":"https:\/\/soydeaqui.ddns.net\/pachuca\/index.php\/wp-json\/wp\/v2\/product_tag?post=54441"}],"curies":[{"name":"wp","href":"https:\/\/api.w.org\/{rel}","templated":true}]}}