{"id":54425,"date":"2026-03-19T02:20:40","date_gmt":"2026-03-19T02:20:40","guid":{"rendered":"https:\/\/soydeaqui.ddns.net\/pachuca\/index.php\/producto\/sistema-inalambrico-de-reversa-con-camara-infrarroja-iman-y-monitor-de-7-tactil\/"},"modified":"2026-03-19T02:20:45","modified_gmt":"2026-03-19T02:20:45","slug":"sistema-inalambrico-de-reversa-con-camara-infrarroja-iman-y-monitor-de-7-tactil","status":"publish","type":"product","link":"https:\/\/soydeaqui.ddns.net\/pachuca\/index.php\/producto\/sistema-inalambrico-de-reversa-con-camara-infrarroja-iman-y-monitor-de-7-tactil\/","title":{"rendered":"Sistema inal\u00e1mbrico de reversa con c\u00e1mara infrarroja , im\u00e1n y monitor de 7&#8243; t\u00e1ctil"},"content":{"rendered":"<div style=\"width: 100%; max-width: 1200px; margin: 0 auto; font-family: sans-serif; line-height: 1.6; color: inherit; background-color: transparent;\">\n<div style=\"display: flex; flex-wrap: wrap; gap: 30px; margin-bottom: 30px;\">\n<div style=\"flex: 1 1 300px; min-width: 280px;\">\n<h3 style=\"font-size: 22px; border-bottom: 2px solid currentColor; padding-bottom: 5px; margin-top: 0; color: inherit; opacity: 0.8;\">Descripci&oacute;n<\/h3>\n<p style=\"font-size: 15px; color: inherit; margin-top: 0;\">El sistema de c&aacute;mara inal&aacute;mbrica utiliza el monitor de vista cu&aacute;druple dise&ntilde;o &uacute;nico de ECCO. El EC7010-WK&comma; que incluye una pantalla t&aacute;ctil a color de alta resoluci&oacute;n con pantalla LCD de 7 &rdquo;y una c&aacute;mara infrarroja de color CMOS&comma; ofrece una excelente calidad de imagen incluso en condiciones de poca luz. El monitor compacto permite una instalaci&oacute;n discreta sin comprometer el &aacute;rea de pantalla visible. El sistema es ampliable hasta 4 c&aacute;maras. Tarjeta SD habilitada para grabar.<\/p>\n<\/div>\n<\/div>\n<div style=\"display: flex; flex-wrap: wrap; gap: 20px; margin-bottom: 30px;\">\n<div style=\"flex: 1 1 250px; border: 1px solid rgba(150&comma; 150&comma; 150&comma; 0.4); border-radius: 8px; overflow: hidden; display: flex; flex-direction: column;\">\n<div style=\"padding: 15px; border-bottom: 1px solid rgba(150&comma; 150&comma; 150&comma; 0.2); font-weight: bold; font-size: 18px; color: inherit;\">Caracter&iacute;sticas y beneficios<\/div>\n<div style=\"padding: 15px; color: inherit;\">\n<ul style=\"padding-left: 20px; margin: 0; font-size: 14px; list-style-type: disc;\">\n<li style=\"margin-bottom: 5px;\">Sistema inal&aacute;mbrico digital de 2&comma;4 GHz<\/li>\n<li style=\"margin-bottom: 5px;\">Control de men&uacute; de pantalla t&aacute;ctil<\/li>\n<li style=\"margin-bottom: 5px;\"><strong>Capacidad de grabaci&oacute;n<\/strong><\/li>\n<li style=\"margin-bottom: 5px;\">Capacidad de protecci&oacute;n de contrase&ntilde;a C&aacute;mara infrarroja CMOS 11 LED<\/li>\n<li style=\"margin-bottom: 5px;\"><strong>Capacidad de visualizar 4 c&aacute;maras a la vez<\/strong><\/li>\n<li style=\"margin-bottom: 5px;\">Incluye parasol de monitor<\/li>\n<li style=\"margin-bottom: 5px;\">Soporta hasta 4 c&aacute;maras<\/li>\n<li style=\"margin-bottom: 5px;\">1 A&ntilde;o de garant&iacute;a<\/li>\n<\/ul>\n<\/div>\n<\/div>\n<div style=\"flex: 1 1 250px; border: 1px solid rgba(150&comma; 150&comma; 150&comma; 0.4); border-radius: 8px; overflow: hidden; display: flex; flex-direction: column;\">\n<div style=\"padding: 15px; border-bottom: 1px solid rgba(150&comma; 150&comma; 150&comma; 0.2); font-weight: bold; font-size: 18px; color: inherit;\">Componentes del Kit<\/div>\n<div style=\"padding: 15px; color: inherit;\">\n<ul style=\"padding-left: 20px; margin: 0; font-size: 14px; list-style-type: disc;\">\n<li style=\"margin-bottom: 5px;\">Monitor de 7&#39; modelo EC7008-WM (1 pieza)<\/li>\n<li style=\"margin-bottom: 5px;\">C&aacute;mara modelo EC2030-WC (1 pieza)<\/li>\n<li style=\"margin-bottom: 5px;\">Fuente para Camara de 12 Vcc&comma; 1.5 Amp<\/li>\n<\/ul>\n<\/div>\n<\/div>\n<div style=\"flex: 1 1 250px; border: 1px solid rgba(150&comma; 150&comma; 150&comma; 0.4); border-radius: 8px; overflow: hidden; display: flex; flex-direction: column;\">\n<div style=\"padding: 15px; border-bottom: 1px solid rgba(150&comma; 150&comma; 150&comma; 0.2); font-weight: bold; font-size: 18px; color: inherit;\">Especificaciones t&eacute;cnicas<\/div>\n<div style=\"padding: 15px; color: inherit;\"><img decoding=\"async\" style=\"width: 100%; height: auto; border: 1px solid rgba(150&comma; 150&comma; 150&comma; 0.3); border-radius: 8px;\" src=\"http:\/\/ftp3.syscom.mx\/usuarios\/abelg\/ECCO\/ec7008wk.JPG\" alt=\"\" class=\"fr-fic fr-dii\"><\/p>\n<div style=\"margin-top: 15px; font-size: 14px;\">\n<p style=\"margin: 5px 0;\">C&aacute;mara&#8230;&#8230;&#8230;&#8230;&#8230;&#8230;&#8230;&#8230;&#8230;&#8230;&#8230;&#8230;&#8230;.. EC2030-WC<\/p>\n<p style=\"margin: 5px 0;\">Montaje &#8230;&#8230;&#8230;&#8230;&#8230;&#8230;&#8230;&#8230;&#8230;&#8230;&#8230;&#8230;&#8230; Magn&eacute;tico<\/p>\n<p style=\"margin: 5px 0;\">Color &#8230;&#8230;&#8230;&#8230;&#8230;&#8230;&#8230;&#8230;&#8230;&#8230;&#8230;&#8230;&#8230;&#8230;. S&iacute;<\/p>\n<p style=\"margin: 5px 0;\">Tiempo de descarga &#8230;&#8230;&#8230;&#8230;&#8230;&#8230;.. 10 hrs (trabajo continuo)<\/p>\n<p style=\"margin: 5px 0;\">Tiempo de carga &#8230;&#8230;&#8230;&#8230;&#8230;&#8230;&#8230;&#8230;. 6 hrs<\/p>\n<p style=\"margin: 5px 0;\">Sensor de luz d&iacute;a \/ noche &#8230;&#8230;&#8230;&#8230; S&iacute;<\/p>\n<p style=\"margin: 5px 0;\">Audio &#8230;&#8230;&#8230;&#8230;&#8230;&#8230;&#8230;&#8230;&#8230;&#8230;&#8230;&#8230;&#8230;&#8230; S&iacute;<\/p>\n<p style=\"margin: 5px 0;\">Peso &#8230;&#8230;&#8230;&#8230;&#8230;&#8230;&#8230;&#8230;&#8230;&#8230;&#8230;&#8230;&#8230;&#8230;.. 1.38 lbs<\/p>\n<p style=\"margin: 5px 0;\">Temperatura (F&ordm;) &#8230;&#8230;&#8230;&#8230;&#8230;&#8230;&#8230;&#8230; De -22&ordm;F a +158&ordm;F<\/p>\n<p style=\"margin: 5px 0;\">&Aacute;ngulo de lente &#8230;&#8230;&#8230;&#8230;&#8230;&#8230;&#8230;&#8230;.. 120&ordm;<\/p>\n<p style=\"margin: 5px 0;\">Rango de l&iacute;nea de visi&oacute;n &#8230;&#8230;&#8230;&#8230; 120 m<\/p>\n<p style=\"margin: 5px 0;\">LEDs infrarrojos &#8230;&#8230;&#8230;&#8230;&#8230;&#8230;&#8230;&#8230;. 4<\/p>\n<p style=\"margin: 5px 0;\">Frecuencia de operaci&oacute;n &#8230;&#8230;&#8230;&#8230;. 2400-2483.5 MHz<\/p>\n<p style=\"margin: 5px 0;\">Modo de espera &#8230;&#8230;&#8230;&#8230;&#8230;&#8230;&#8230;&#8230;.. 30 segundos de inactividad<\/p>\n<p style=\"margin: 5px 0;\">C&oacute;dec de v&iacute;deo &#8230;&#8230;&#8230;&#8230;&#8230;&#8230;&#8230;&#8230;&#8230; AVI<\/p>\n<\/div>\n<\/div>\n<\/div>\n<\/div>\n<hr style=\"border: 0; border-top: 1px solid rgba(150&comma; 150&comma; 150&comma; 0.3); margin: 30px 0;\"><\/div>\n","protected":false},"excerpt":{"rendered":"<p>Sistema inal\u00e1mbrico de reversa con c\u00e1mara infrarroja , im\u00e1n y monitor de 7&#8243; t\u00e1ctil<\/p>\n","protected":false},"featured_media":54424,"comment_status":"open","ping_status":"closed","template":"","meta":[],"product_brand":[],"product_cat":[438],"product_tag":[439,122,502],"class_list":{"0":"post-54425","1":"product","2":"type-product","3":"status-publish","4":"has-post-thumbnail","6":"product_cat-bala","7":"product_tag-bala","8":"product_tag-camaras-ip-y-nvrs","9":"product_tag-ecco","11":"first","12":"outofstock","13":"sale","14":"shipping-taxable","15":"purchasable","16":"product-type-simple"},"_links":{"self":[{"href":"https:\/\/soydeaqui.ddns.net\/pachuca\/index.php\/wp-json\/wp\/v2\/product\/54425","targetHints":{"allow":["GET"]}}],"collection":[{"href":"https:\/\/soydeaqui.ddns.net\/pachuca\/index.php\/wp-json\/wp\/v2\/product"}],"about":[{"href":"https:\/\/soydeaqui.ddns.net\/pachuca\/index.php\/wp-json\/wp\/v2\/types\/product"}],"replies":[{"embeddable":true,"href":"https:\/\/soydeaqui.ddns.net\/pachuca\/index.php\/wp-json\/wp\/v2\/comments?post=54425"}],"wp:featuredmedia":[{"embeddable":true,"href":"https:\/\/soydeaqui.ddns.net\/pachuca\/index.php\/wp-json\/wp\/v2\/media\/54424"}],"wp:attachment":[{"href":"https:\/\/soydeaqui.ddns.net\/pachuca\/index.php\/wp-json\/wp\/v2\/media?parent=54425"}],"wp:term":[{"taxonomy":"product_brand","embeddable":true,"href":"https:\/\/soydeaqui.ddns.net\/pachuca\/index.php\/wp-json\/wp\/v2\/product_brand?post=54425"},{"taxonomy":"product_cat","embeddable":true,"href":"https:\/\/soydeaqui.ddns.net\/pachuca\/index.php\/wp-json\/wp\/v2\/product_cat?post=54425"},{"taxonomy":"product_tag","embeddable":true,"href":"https:\/\/soydeaqui.ddns.net\/pachuca\/index.php\/wp-json\/wp\/v2\/product_tag?post=54425"}],"curies":[{"name":"wp","href":"https:\/\/api.w.org\/{rel}","templated":true}]}}