{"id":54422,"date":"2026-03-19T02:20:35","date_gmt":"2026-03-19T02:20:35","guid":{"rendered":"https:\/\/soydeaqui.ddns.net\/pachuca\/index.php\/producto\/camara-inalambrica-de-montaje-permanente-para-kit-ec7008-wk2\/"},"modified":"2026-03-19T02:20:36","modified_gmt":"2026-03-19T02:20:36","slug":"camara-inalambrica-de-montaje-permanente-para-kit-ec7008-wk2","status":"publish","type":"product","link":"https:\/\/soydeaqui.ddns.net\/pachuca\/index.php\/producto\/camara-inalambrica-de-montaje-permanente-para-kit-ec7008-wk2\/","title":{"rendered":"C\u00e1mara inal\u00e1mbrica de montaje permanente para kit EC7008-WK2"},"content":{"rendered":"<div style='width: 100%; max-width: 1200px; margin: 0 auto; font-family: sans-serif; line-height: 1.6; color: inherit; background-color: transparent;'>\n<div style='display: flex; flex-wrap: wrap; gap: 30px; margin-bottom: 30px;'>\n<div style='flex: 1 1 300px; min-width: 280px;'>\n<h3 style='font-size: 22px; border-bottom: 2px solid currentColor; padding-bottom: 5px; margin-top: 0; color: inherit; opacity: 0.8;'>Descripci\u00f3n general<\/h3>\n<p style='font-size: 15px; color: inherit; margin-bottom: 15px;'>El sistema de c\u00e1mara inal\u00e1mbrica utiliza el dise\u00f1o exclusivo de la c\u00e1mara de ECCO. El EC7008-WK2&comma; que incluye una c\u00e1mara de infrarrojos en color CMOS con m\u00faltiples funciones&comma; ofrece una excelente calidad de imagen incluso en condiciones de poca luz.<\/p>\n<p style='font-size: 15px; color: inherit; margin-bottom: 15px;'>Con un tiempo de carga corto&comma; una vida \u00fatil prolongada de la bater\u00eda y un montaje de im\u00e1n resistente&comma; esta c\u00e1mara es perfecta para una variedad de aplicaciones. La c\u00e1mara compacta permite una instalaci\u00f3n discreta sin comprometer el \u00e1rea visible.<\/p>\n<\/p><\/div>\n<\/p><\/div>\n<div style='display: flex; flex-wrap: wrap; gap: 20px; margin-bottom: 30px;'>\n<div style='flex: 1 1 250px; border: 1px solid rgba(150&comma; 150&comma; 150&comma; 0.4); border-radius: 8px; overflow: hidden; display: flex; flex-direction: column;'>\n<div style='padding: 15px; border-bottom: 1px solid rgba(150&comma; 150&comma; 150&comma; 0.2); font-weight: bold; font-size: 18px; color: inherit;'>Especificaciones<\/div>\n<div style='padding: 15px; color: inherit;'>\n<ul style='padding-left: 20px; margin: 0; font-size: 14px; list-style-type: disc;'>\n<li style='margin-bottom: 5px;'><strong>Aprobaciones:<\/strong> IP69K&comma; FCC&comma; CE&comma; RoHS&comma; EU-RED<\/li>\n<li style='margin-bottom: 5px;'><strong>Consumo de energ\u00eda:<\/strong> 1.7 W<\/li>\n<li style='margin-bottom: 5px;'><strong>\u00c1ngulo de la lente:<\/strong> 120\u00b0<\/li>\n<li style='margin-bottom: 5px;'><strong>LED infrarrojos:<\/strong> 4<\/li>\n<li style='margin-bottom: 5px;'><strong>Vibraci\u00f3n mec\u00e1nica:<\/strong> 10G<\/li>\n<\/ul><\/div>\n<\/p><\/div>\n<div style='flex: 1 1 250px; border: 1px solid rgba(150&comma; 150&comma; 150&comma; 0.4); border-radius: 8px; overflow: hidden; display: flex; flex-direction: column;'>\n<div style='padding: 15px; border-bottom: 1px solid rgba(150&comma; 150&comma; 150&comma; 0.2); font-weight: bold; font-size: 18px; color: inherit;'>Caracter\u00edsticas<\/div>\n<div style='padding: 15px; color: inherit;'>\n<ul style='padding-left: 20px; margin: 0; font-size: 14px; list-style-type: disc;'>\n<li style='margin-bottom: 5px;'>Color<\/li>\n<li style='margin-bottom: 5px;'>Modo de espera<\/li>\n<li style='margin-bottom: 5px;'>Micr\u00f3fono<\/li>\n<li style='margin-bottom: 5px;'>Sensor de luz d\u00eda \/ noche<\/li>\n<\/ul><\/div>\n<\/p><\/div>\n<\/p><\/div>\n<hr style='border: 0; border-top: 1px solid rgba(150&comma; 150&comma; 150&comma; 0.3); margin: 30px 0;'> <\/div>\n","protected":false},"excerpt":{"rendered":"<p>C\u00e1mara inal\u00e1mbrica de montaje permanente para kit EC7008-WK2<\/p>\n","protected":false},"featured_media":32,"comment_status":"open","ping_status":"closed","template":"","meta":[],"product_brand":[],"product_cat":[1410],"product_tag":[211,502,1344],"class_list":{"0":"post-54422","1":"product","2":"type-product","3":"status-publish","4":"has-post-thumbnail","6":"product_cat-camaras-videograbadoras-moviles-y-portatiles","7":"product_tag-camaras","8":"product_tag-ecco","9":"product_tag-videograbadoras-moviles-y-portatiles","11":"first","12":"outofstock","13":"sale","14":"shipping-taxable","15":"purchasable","16":"product-type-simple"},"_links":{"self":[{"href":"https:\/\/soydeaqui.ddns.net\/pachuca\/index.php\/wp-json\/wp\/v2\/product\/54422","targetHints":{"allow":["GET"]}}],"collection":[{"href":"https:\/\/soydeaqui.ddns.net\/pachuca\/index.php\/wp-json\/wp\/v2\/product"}],"about":[{"href":"https:\/\/soydeaqui.ddns.net\/pachuca\/index.php\/wp-json\/wp\/v2\/types\/product"}],"replies":[{"embeddable":true,"href":"https:\/\/soydeaqui.ddns.net\/pachuca\/index.php\/wp-json\/wp\/v2\/comments?post=54422"}],"wp:featuredmedia":[{"embeddable":true,"href":"https:\/\/soydeaqui.ddns.net\/pachuca\/index.php\/wp-json\/wp\/v2\/media\/32"}],"wp:attachment":[{"href":"https:\/\/soydeaqui.ddns.net\/pachuca\/index.php\/wp-json\/wp\/v2\/media?parent=54422"}],"wp:term":[{"taxonomy":"product_brand","embeddable":true,"href":"https:\/\/soydeaqui.ddns.net\/pachuca\/index.php\/wp-json\/wp\/v2\/product_brand?post=54422"},{"taxonomy":"product_cat","embeddable":true,"href":"https:\/\/soydeaqui.ddns.net\/pachuca\/index.php\/wp-json\/wp\/v2\/product_cat?post=54422"},{"taxonomy":"product_tag","embeddable":true,"href":"https:\/\/soydeaqui.ddns.net\/pachuca\/index.php\/wp-json\/wp\/v2\/product_tag?post=54422"}],"curies":[{"name":"wp","href":"https:\/\/api.w.org\/{rel}","templated":true}]}}