{"id":54386,"date":"2026-03-19T02:19:22","date_gmt":"2026-03-19T02:19:22","guid":{"rendered":"https:\/\/soydeaqui.ddns.net\/pachuca\/index.php\/producto\/luz-oculta-ultra-brillante-con-12-led-color-ambar\/"},"modified":"2026-03-19T02:19:29","modified_gmt":"2026-03-19T02:19:29","slug":"luz-oculta-ultra-brillante-con-12-led-color-ambar","status":"publish","type":"product","link":"https:\/\/soydeaqui.ddns.net\/pachuca\/index.php\/producto\/luz-oculta-ultra-brillante-con-12-led-color-ambar\/","title":{"rendered":"Luz Oculta Ultra Brillante con 12 LED, Color Ambar"},"content":{"rendered":"<div style='width: 100%; max-width: 1200px; margin: 0 auto; font-family: sans-serif; line-height: 1.6; color: inherit; background-color: transparent;'> <!-- Secci\u00f3n de descripci\u00f3n principal --> <\/p>\n<div style='margin-bottom: 30px;'>\n<p style='margin: 0 0 15px 0; color: inherit;'>Luz Oculta <em>X121<\/em><\/p>\n<p style='margin: 0 0 15px 0; color: inherit;'>Luz Oculta LED <em>X121<\/em> adopta la novedosa tecnolog\u00eda Gen III como fuente de luz con aspecto \u00fanico&comma; estructura compacta&comma; f\u00e1cil operaci\u00f3n y patrones de destello diversificados.<\/p>\n<p style='margin: 0 0 15px 0; color: inherit;'>Se caracteriza por la alta luminosidad&comma; baja intensidad de trabajo&comma; f\u00e1cil instalaci\u00f3n y un largo tiempo de servicio; adem\u00e1s est\u00e1n especialmente dise\u00f1ados para trabajar en todo tipo de veh\u00edculos de emergencia.<\/p>\n<\/p><\/div>\n<p> <!-- Secci\u00f3n de caracter\u00edsticas --> <\/p>\n<div style='display: flex; flex-wrap: wrap; gap: 30px; margin-bottom: 30px;'>\n<div style='flex: 1 1 300px; min-width: 280px;'>\n<h3 style='font-size: 22px; border-bottom: 2px solid currentColor; padding-bottom: 5px; margin-top: 0; color: inherit; opacity: 0.8;'>Caracter\u00edsticas<\/h3>\n<ul style='padding-left: 20px; font-size: 15px; color: inherit; list-style-type: disc;'>\n<li style='margin-bottom: 5px;'>Luz con 12 LED cada uno<\/li>\n<li style='margin-bottom: 5px;'>10 Vcc &#8211; 24Vcc<\/li>\n<li style='margin-bottom: 5px;'>Patrones de destello: 12<\/li>\n<li style='margin-bottom: 5px;'>Consumo: 1 A m\u00e1x.<\/li>\n<li style='margin-bottom: 5px;'>Montaje: Permanente<\/li>\n<li style='margin-bottom: 5px;'>Dimensiones: 3.2 cm X 1.8 cm<\/li>\n<\/ul><\/div>\n<\/p><\/div>\n<p> <!-- Secci\u00f3n de funciones adicionales --> <\/p>\n<div style='margin-bottom: 30px;'>\n<h3 style='font-size: 22px; border-bottom: 2px solid currentColor; padding-bottom: 5px; margin-top: 0; margin-bottom: 15px; color: inherit; opacity: 0.8;'>Funciones<\/h3>\n<p style='margin: 0; color: inherit;'><strong>Incluye funcion WIG WAG<\/strong><\/p>\n<\/p><\/div>\n<\/p><\/div>\n","protected":false},"excerpt":{"rendered":"<p>Luz Oculta Ultra Brillante con 12 LED, Color Ambar<\/p>\n","protected":false},"featured_media":54385,"comment_status":"open","ping_status":"closed","template":"","meta":[],"product_brand":[],"product_cat":[1376],"product_tag":[1237,500,1377],"class_list":{"0":"post-54386","1":"product","2":"type-product","3":"status-publish","4":"has-post-thumbnail","6":"product_cat-estrobos-ocultos","7":"product_tag-epcom-industrial-signaling","8":"product_tag-estrobos-burbujas-vehiculares","9":"product_tag-estrobos-ocultos","11":"first","12":"outofstock","13":"sale","14":"shipping-taxable","15":"purchasable","16":"product-type-simple"},"_links":{"self":[{"href":"https:\/\/soydeaqui.ddns.net\/pachuca\/index.php\/wp-json\/wp\/v2\/product\/54386","targetHints":{"allow":["GET"]}}],"collection":[{"href":"https:\/\/soydeaqui.ddns.net\/pachuca\/index.php\/wp-json\/wp\/v2\/product"}],"about":[{"href":"https:\/\/soydeaqui.ddns.net\/pachuca\/index.php\/wp-json\/wp\/v2\/types\/product"}],"replies":[{"embeddable":true,"href":"https:\/\/soydeaqui.ddns.net\/pachuca\/index.php\/wp-json\/wp\/v2\/comments?post=54386"}],"wp:featuredmedia":[{"embeddable":true,"href":"https:\/\/soydeaqui.ddns.net\/pachuca\/index.php\/wp-json\/wp\/v2\/media\/54385"}],"wp:attachment":[{"href":"https:\/\/soydeaqui.ddns.net\/pachuca\/index.php\/wp-json\/wp\/v2\/media?parent=54386"}],"wp:term":[{"taxonomy":"product_brand","embeddable":true,"href":"https:\/\/soydeaqui.ddns.net\/pachuca\/index.php\/wp-json\/wp\/v2\/product_brand?post=54386"},{"taxonomy":"product_cat","embeddable":true,"href":"https:\/\/soydeaqui.ddns.net\/pachuca\/index.php\/wp-json\/wp\/v2\/product_cat?post=54386"},{"taxonomy":"product_tag","embeddable":true,"href":"https:\/\/soydeaqui.ddns.net\/pachuca\/index.php\/wp-json\/wp\/v2\/product_tag?post=54386"}],"curies":[{"name":"wp","href":"https:\/\/api.w.org\/{rel}","templated":true}]}}