{"id":54374,"date":"2026-03-19T02:18:57","date_gmt":"2026-03-19T02:18:57","guid":{"rendered":"https:\/\/soydeaqui.ddns.net\/pachuca\/index.php\/producto\/kit-de-antena-omnidireccional-de-uso-externo-para-equpos-lora\/"},"modified":"2026-03-19T02:18:58","modified_gmt":"2026-03-19T02:18:58","slug":"kit-de-antena-omnidireccional-de-uso-externo-para-equpos-lora","status":"publish","type":"product","link":"https:\/\/soydeaqui.ddns.net\/pachuca\/index.php\/producto\/kit-de-antena-omnidireccional-de-uso-externo-para-equpos-lora\/","title":{"rendered":"Kit de Antena Omnidireccional de Uso Externo Para Equpos LoRa."},"content":{"rendered":"<div style='width: 100%; max-width: 1200px; margin: 0 auto; font-family: sans-serif; line-height: 1.6; color: inherit; background-color: transparent;'>\n<div style='display: flex; flex-wrap: wrap; gap: 30px; margin-bottom: 30px;'>\n<div style='flex: 1 1 300px; min-width: 280px;'>\n<h3 style='font-size: 22px; border-bottom: 2px solid currentColor; padding-bottom: 5px; margin-top: 0; color: inherit; opacity: 0.8;'>Caracter\u00edsticas<\/h3>\n<ul style='padding-left: 20px; font-size: 15px; color: inherit;'>\n<li style='margin-bottom: 5px;'>Antena exterior omnidireccional de 6dBi<\/li>\n<li style='margin-bottom: 5px;'>Protecci\u00f3n contra rayos DC<\/li>\n<li style='margin-bottom: 5px;'>Resistente al viento (hasta 150MPH)<\/li>\n<li style='margin-bottom: 5px;'>Clasificaci\u00f3n IP66K (protecci\u00f3n contra polvo y agua)<\/li>\n<li style='margin-bottom: 5px;'>Incluye soportes de montaje de m\u00e1stil inclinable y giratorio<\/li>\n<li style='margin-bottom: 5px;'>Incluye cable coaxial de 1 metro<\/li>\n<\/ul><\/div>\n<div style='flex: 1 1 300px; min-width: 280px;'>\n<h3 style='font-size: 22px; border-bottom: 2px solid currentColor; padding-bottom: 5px; margin-top: 0; color: inherit; opacity: 0.8;'>Aplicaciones<\/h3>\n<ul style='padding-left: 20px; font-size: 15px; color: inherit;'>\n<li style='margin-bottom: 5px;'>Comunicaciones LoRa en exteriores<\/li>\n<li style='margin-bottom: 5px;'>Redes de sensores inal\u00e1mbricos<\/li>\n<li style='margin-bottom: 5px;'>Aplicaciones industriales<\/li>\n<li style='margin-bottom: 5px;'>Monitoreo ambiental<\/li>\n<li style='margin-bottom: 5px;'>Automatizaci\u00f3n de edificios<\/li>\n<li style='margin-bottom: 5px;'>Infraestructura de red LoRa<\/li>\n<\/ul><\/div>\n<\/p><\/div>\n<div style='display: flex; flex-wrap: wrap; gap: 20px; margin-bottom: 30px;'>\n<div style='flex: 1 1 250px; border: 1px solid rgba(150&comma; 150&comma; 150&comma; 0.4); border-radius: 8px; overflow: hidden; display: flex; flex-direction: column;'>\n<div style='padding: 15px; border-bottom: 1px solid rgba(150&comma; 150&comma; 150&comma; 0.2); font-weight: bold; font-size: 18px; color: inherit;'>Especificaciones T\u00e9cnicas<\/div>\n<div style='padding: 15px; color: inherit;'>\n<ul style='padding-left: 20px; margin: 0; font-size: 14px; list-style-type: disc;'>\n<li style='margin-bottom: 5px;'><strong>Rango de frecuencia:<\/strong> 865MHz +\/- 5MHz 902MHz &#8211; 928MHz<\/li>\n<li style='margin-bottom: 5px;'><strong>Impedancia:<\/strong> 50 ohmios<\/li>\n<li style='margin-bottom: 5px;'><strong>Tecnolog\u00eda:<\/strong> Colineal&comma; arreglo dipolo<\/li>\n<li style='margin-bottom: 5px;'><strong>VSWR:<\/strong> <1.5:1 a 868MHz&comma; <1.5:1 a 915MHz<\/li>\n<li style='margin-bottom: 5px;'><strong>VSWR:<\/strong> <2.0:1 a 860-870MHz&comma; <2.0:1 a 902-928MHz<\/li>\n<li style='margin-bottom: 5px;'><strong>Ganancia m\u00e1xima:<\/strong> 6dBi<\/li>\n<li style='margin-bottom: 5px;'><strong>Polarizaci\u00f3n:<\/strong> Vertical<\/li>\n<li style='margin-bottom: 5px;'><strong>Ancho de haz vertical:<\/strong> 25\u00b0 17\u00b0<\/li>\n<\/ul><\/div>\n<\/p><\/div>\n<div style='flex: 1 1 250px; border: 1px solid rgba(150&comma; 150&comma; 150&comma; 0.4); border-radius: 8px; overflow: hidden; display: flex; flex-direction: column;'>\n<div style='padding: 15px; border-bottom: 1px solid rgba(150&comma; 150&comma; 150&comma; 0.2); font-weight: bold; font-size: 18px; color: inherit;'>Caracter\u00edsticas F\u00edsicas<\/div>\n<div style='padding: 15px; color: inherit;'>\n<ul style='padding-left: 20px; margin: 0; font-size: 14px; list-style-type: disc;'>\n<li style='margin-bottom: 5px;'><strong>Manejo de potencia:<\/strong> 50W<\/li>\n<li style='margin-bottom: 5px;'><strong>Tierra DC:<\/strong> S\u00ed<\/li>\n<li style='margin-bottom: 5px;'><strong>Material del l\u00e1tigo:<\/strong> Fibra de vidrio<\/li>\n<li style='margin-bottom: 5px;'><strong>Conector:<\/strong> Hembra N<\/li>\n<li style='margin-bottom: 5px;'><strong>Longitud:<\/strong> 110 cm<\/li>\n<li style='margin-bottom: 5px;'><strong>Peso:<\/strong> 540g<\/li>\n<li style='margin-bottom: 5px;'><strong>Kit de montaje:<\/strong> Acero inoxidable \/ Aluminio<\/li>\n<li style='margin-bottom: 5px;'><strong>Di\u00e1metro del m\u00e1stil (m\u00e1ximo):<\/strong> 48mm<\/li>\n<\/ul><\/div>\n<\/p><\/div>\n<div style='flex: 1 1 250px; border: 1px solid rgba(150&comma; 150&comma; 150&comma; 0.4); border-radius: 8px; overflow: hidden; display: flex; flex-direction: column;'>\n<div style='padding: 15px; border-bottom: 1px solid rgba(150&comma; 150&comma; 150&comma; 0.2); font-weight: bold; font-size: 18px; color: inherit;'>Condiciones Ambientales<\/div>\n<div style='padding: 15px; color: inherit;'>\n<ul style='padding-left: 20px; margin: 0; font-size: 14px; list-style-type: disc;'>\n<li style='margin-bottom: 5px;'><strong>Clasificaci\u00f3n IP:<\/strong> IP66K<\/li>\n<li style='margin-bottom: 5px;'><strong>Resistencia al impacto:<\/strong> IK08<\/li>\n<li style='margin-bottom: 5px;'><strong>Resistencia al viento:<\/strong> 150MPH<\/li>\n<li style='margin-bottom: 5px;'><strong>Rango de temperatura:<\/strong> -20\u00b0C a +60\u00b0C<\/li>\n<li style='margin-bottom: 5px;'><strong>Humedad:<\/strong> 10% a 80% sin condensaci\u00f3n<\/li>\n<li style='margin-bottom: 5px;'><strong>Resistencia a sal y niebla:<\/strong> EN 60068-2-52&comma; gravedad 1<\/li>\n<li style='margin-bottom: 5px;'><strong>Directiva RoHS:<\/strong> 2011\/65\/UE<\/li>\n<\/ul><\/div>\n<\/p><\/div>\n<div style='flex: 1 1 250px; border: 1px solid rgba(150&comma; 150&comma; 150&comma; 0.4); border-radius: 8px; overflow: hidden; display: flex; flex-direction: column;'>\n<div style='padding: 15px; border-bottom: 1px solid rgba(150&comma; 150&comma; 150&comma; 0.2); font-weight: bold; font-size: 18px; color: inherit;'>Conexi\u00f3n<\/div>\n<div style='padding: 15px; color: inherit;'>\n<ul style='padding-left: 20px; margin: 0; font-size: 14px; list-style-type: disc;'>\n<li style='margin-bottom: 5px;'><strong>Longitud del cable:<\/strong> 1m<\/li>\n<li style='margin-bottom: 5px;'><strong>Conectores:<\/strong> Macho N x2<\/li>\n<\/ul><\/div>\n<\/p><\/div>\n<\/p><\/div>\n<hr style='border: 0; border-top: 1px solid rgba(150&comma; 150&comma; 150&comma; 0.3); margin: 30px 0;'>\n<div style='display: flex; flex-wrap: wrap; gap: 30px; margin-bottom: 30px;'>\n<div style='flex: 1 1 300px; min-width: 280px;'>\n<h3 style='font-size: 22px; border-bottom: 2px solid currentColor; padding-bottom: 5px; margin-top: 0; color: inherit; opacity: 0.8;'>Patr\u00f3n de Radiaci\u00f3n<\/h3>\n<p style='font-size: 15px; color: inherit;'>\u00bfNo est\u00e1s seguro de c\u00f3mo se ver\u00e1 el patr\u00f3n de radiaci\u00f3n? No te preocupes&comma; hemos proporcionado una imagen clara para que puedas ver c\u00f3mo se distribuye la se\u00f1al en todas las direcciones.<\/p>\n<\/p><\/div>\n<\/p><\/div>\n<\/p><\/div>\n","protected":false},"excerpt":{"rendered":"<p>Kit de Antena Omnidireccional de Uso Externo Para Equpos LoRa.<\/p>\n","protected":false},"featured_media":54373,"comment_status":"open","ping_status":"closed","template":"","meta":[],"product_brand":[],"product_cat":[1403,1346],"product_tag":[1404,1350,1349,1471],"class_list":{"0":"post-54374","1":"product","2":"type-product","3":"status-publish","4":"has-post-thumbnail","6":"product_cat-antenas","7":"product_cat-iot","8":"product_tag-antenas","9":"product_tag-gps-y-telematica","10":"product_tag-iot","11":"product_tag-kerlink","13":"first","14":"outofstock","15":"sale","16":"shipping-taxable","17":"purchasable","18":"product-type-simple"},"_links":{"self":[{"href":"https:\/\/soydeaqui.ddns.net\/pachuca\/index.php\/wp-json\/wp\/v2\/product\/54374","targetHints":{"allow":["GET"]}}],"collection":[{"href":"https:\/\/soydeaqui.ddns.net\/pachuca\/index.php\/wp-json\/wp\/v2\/product"}],"about":[{"href":"https:\/\/soydeaqui.ddns.net\/pachuca\/index.php\/wp-json\/wp\/v2\/types\/product"}],"replies":[{"embeddable":true,"href":"https:\/\/soydeaqui.ddns.net\/pachuca\/index.php\/wp-json\/wp\/v2\/comments?post=54374"}],"wp:featuredmedia":[{"embeddable":true,"href":"https:\/\/soydeaqui.ddns.net\/pachuca\/index.php\/wp-json\/wp\/v2\/media\/54373"}],"wp:attachment":[{"href":"https:\/\/soydeaqui.ddns.net\/pachuca\/index.php\/wp-json\/wp\/v2\/media?parent=54374"}],"wp:term":[{"taxonomy":"product_brand","embeddable":true,"href":"https:\/\/soydeaqui.ddns.net\/pachuca\/index.php\/wp-json\/wp\/v2\/product_brand?post=54374"},{"taxonomy":"product_cat","embeddable":true,"href":"https:\/\/soydeaqui.ddns.net\/pachuca\/index.php\/wp-json\/wp\/v2\/product_cat?post=54374"},{"taxonomy":"product_tag","embeddable":true,"href":"https:\/\/soydeaqui.ddns.net\/pachuca\/index.php\/wp-json\/wp\/v2\/product_tag?post=54374"}],"curies":[{"name":"wp","href":"https:\/\/api.w.org\/{rel}","templated":true}]}}